{"id":9591,"date":"2013-05-27T10:30:48","date_gmt":"2013-05-27T10:30:48","guid":{"rendered":"https:\/\/www.terravision.eu\/?page_id=9591"},"modified":"2013-05-27T10:30:48","modified_gmt":"2013-05-27T10:30:48","slug":"revenue_manager_assistant","status":"publish","type":"page","link":"https:\/\/www.terravision.eu\/pl\/revenue_manager_assistant.html","title":{"rendered":"Asystent mened\u017cera ds. przychod\u00f3w (Assistant Revenue Manager)"},"content":{"rendered":"<p><strong>Grupa Terravision &#8211; oddzia\u0142: Rzym. <\/strong><\/p>\n<p>Wiod\u0105ca firm\u0105 w dziedzinie us\u0142ug transferowych szuka osoby na stanowisko Asystent mened\u017cera ds. przychod\u00f3w (Assistant Revenue Manager) do pracy w oddziale firmy zajmuj\u0105cym si\u0119 nieruchomo\u015bciami i turystyk\u0105. Minimalne wymagania: <\/p>\n<ul>\n<li>Miejsce sta\u0142ego zamieszkania: Rzym lub okolice <\/li>\n<li>Wiek 25 &#8211; 30 lat <\/li>\n<li>Wykszta\u0142cenie: tytu\u0142 magistra marketingu lub r\u00f3wnowa\u017cny. Wa\u017cnym atutem b\u0119dzie specjalizacja na kierunku hotelarstwo\/zarz\u0105dzanie przychodami. <\/li>\n<li>Bieg\u0142a znajomo\u015b\u0107 j\u0119zyka angielskiego i hiszpa\u0144skiego. <\/li>\n<li>Bardzo dobra znajomo\u015b\u0107 aplikacji systemu Windows. <\/li>\n<li>Doskona\u0142a znajomo\u015b\u0107 wiod\u0105cego oprogramowania do zarz\u0105dzania hotelami oraz portali rezerwacji hotelowych. <\/li>\n<li>Minimum 3 lata do\u015bwiadczenia w hotelu (rezerwacje, recepcja lub biuro) oraz w zarz\u0105dzaniu wydajno\u015bci\u0105 i przychodami w bran\u017cy turystycznej. <\/li>\n<li>Do\u015bwiadczenie zawodowe na arenie mi\u0119dzynarodowej. <\/li>\n<li>Dodatkowe wymagania: dok\u0142adno\u015b\u0107, metodyczno\u015b\u0107, doskona\u0142e umiej\u0119tno\u015bci organizacyjne i umiej\u0119tno\u015b\u0107 pracy w zespole. <\/li>\n<\/ul>\n<p><strong>Opis stanowiska<\/strong>:<br \/>\nKandydat b\u0119dzie pomaga\u0107 Mened\u017cerowi ds. przychod\u00f3w (Revenue Manager) w wykonywaniu codziennych funkcji sterowania, aktualizacji i zarz\u0105dzania sprzeda\u017c\u0105 kr\u00f3tkoterminow\u0105 i \u015brednioterminow\u0105, zorientowanych progresywnie na wzrost przychod\u00f3w oraz pracowa\u0107 z systemami rezerwacji, zarz\u0105dzeniem kana\u0142ami i partnerami IDS oraz zajmowa\u0107 si\u0119 planowaniem strategicznym. Implementacja analizy por\u00f3wnawczej i bada\u0144 rynku, identyfikacja nowych kana\u0142\u00f3w sprzeda\u017cy, procesy weryfikacji, aktualizacja i udoskonalanie tre\u015bci witryn internetowych i partnerskich. Udzia\u0142 w spotkaniach operacyjnych, sporz\u0105dzanie raport\u00f3w w programie Excel. <\/p>\n<p><strong>Oferujemy: <\/strong><\/p>\n<ul>\n<li>Do\u015bwiadczenie w renomowanej firmie europejskiej. <\/li>\n<li>Umowa o prac\u0119 zgodna z prawem. <\/li>\n<li>Wst\u0119pne i bie\u017c\u0105ce wsparcie firmy. <\/li>\n<li>Mo\u017cliwo\u015bci rozwoju w perspektywie \u015brednioterminowej. <\/li>\n<li>Mo\u017cliwo\u015b\u0107 pracy w m\u0142odym, dynamicznie rozwijaj\u0105cym si\u0119, wielokulturowym zespole z wizj\u0105 biznesu w skali europejskiej. <\/li>\n<\/ul>\n<p><strong>Prze\u015blij swoje CV na adres ricerche220@gmail.com (Ref. Rev Man 2013). Prosimy o przes\u0142anie CV tylko w przypadku, je\u015bli mo\u017cesz si\u0119 wykaza\u0107 bieg\u0142\u0105 znajomo\u015bci\u0105 j\u0119zyka hiszpa\u0144skiego w mowie i w pi\u015bmie.<\/strong><\/p>\n<p><em>Tutti i CV devono essere inviati comprensivi di autorizzazione al trattamento dei dati personali ex D.Lgs. 196\/2003 e saranno utilizzati esclusivamente per la selezione in corso.<br \/>\n<\/em><\/p>\n","protected":false},"excerpt":{"rendered":"<p>Grupa Terravision &#8211; oddzia\u0142: Rzym. Wiod\u0105ca firm\u0105 w dziedzinie us\u0142ug transferowych szuka osoby na stanowisko Asystent mened\u017cera ds. przychod\u00f3w (Assistant Revenue Manager) do pracy w oddziale firmy zajmuj\u0105cym si\u0119 nieruchomo\u015bciami i turystyk\u0105. Minimalne wymagania: Miejsce sta\u0142ego zamieszkania: Rzym lub okolice Wiek 25 &#8211; 30 lat Wykszta\u0142cenie: tytu\u0142 magistra marketingu lub r\u00f3wnowa\u017cny. Wa\u017cnym atutem b\u0119dzie specjalizacja [&hellip;]<\/p>\n","protected":false},"author":1,"featured_media":0,"parent":0,"menu_order":0,"comment_status":"open","ping_status":"open","template":"page-full.php","meta":{"footnotes":""},"class_list":["post-9591","page","type-page","status-publish","hentry"],"yoast_head":"<!-- This site is optimized with the Yoast SEO Premium plugin v24.4 (Yoast SEO v24.4) - https:\/\/yoast.com\/wordpress\/plugins\/seo\/ -->\n<title>Asystent mened?era ds. przychod\u00f3w (Assistant Revenue Manager) | Terravision<\/title>\n<meta name=\"robots\" content=\"index, follow, max-snippet:-1, max-image-preview:large, max-video-preview:-1\" \/>\n<link rel=\"canonical\" href=\"https:\/\/www.terravision.eu\/pl\/revenue_manager_assistant.html\" \/>\n<meta property=\"og:locale\" content=\"pl_PL\" \/>\n<meta property=\"og:type\" content=\"article\" \/>\n<meta property=\"og:title\" content=\"Asystent mened\u017cera ds. przychod\u00f3w (Assistant Revenue Manager)\" \/>\n<meta property=\"og:description\" content=\"Grupa Terravision &#8211; oddzia\u0142: Rzym. Wiod\u0105ca firm\u0105 w dziedzinie us\u0142ug transferowych szuka osoby na stanowisko Asystent mened\u017cera ds. przychod\u00f3w (Assistant Revenue Manager) do pracy w oddziale firmy zajmuj\u0105cym si\u0119 nieruchomo\u015bciami i turystyk\u0105. Minimalne wymagania: Miejsce sta\u0142ego zamieszkania: Rzym lub okolice Wiek 25 &#8211; 30 lat Wykszta\u0142cenie: tytu\u0142 magistra marketingu lub r\u00f3wnowa\u017cny. Wa\u017cnym atutem b\u0119dzie specjalizacja [&hellip;]\" \/>\n<meta property=\"og:url\" content=\"https:\/\/www.terravision.eu\/pl\/revenue_manager_assistant.html\" \/>\n<meta property=\"og:site_name\" content=\"Terravision Polska\" \/>\n<meta name=\"twitter:label1\" content=\"Szacowany czas czytania\" \/>\n\t<meta name=\"twitter:data1\" content=\"2 minutes\" \/>\n<script type=\"application\/ld+json\" class=\"yoast-schema-graph\">{\"@context\":\"https:\/\/schema.org\",\"@graph\":[{\"@type\":\"WebPage\",\"@id\":\"https:\/\/www.terravision.eu\/pl\/revenue_manager_assistant.html\",\"url\":\"https:\/\/www.terravision.eu\/pl\/revenue_manager_assistant.html\",\"name\":\"Asystent mened?era ds. przychod\u00f3w (Assistant Revenue Manager) | Terravision\",\"isPartOf\":{\"@id\":\"https:\/\/www.terravision.eu\/pl\/#website\"},\"datePublished\":\"2013-05-27T10:30:48+00:00\",\"breadcrumb\":{\"@id\":\"https:\/\/www.terravision.eu\/pl\/revenue_manager_assistant.html#breadcrumb\"},\"inLanguage\":\"pl-PL\",\"potentialAction\":[{\"@type\":\"ReadAction\",\"target\":[\"https:\/\/www.terravision.eu\/pl\/revenue_manager_assistant.html\"]}]},{\"@type\":\"BreadcrumbList\",\"@id\":\"https:\/\/www.terravision.eu\/pl\/revenue_manager_assistant.html#breadcrumb\",\"itemListElement\":[{\"@type\":\"ListItem\",\"position\":1,\"name\":\"Home\",\"item\":\"https:\/\/www.terravision.eu\/pl\/\"},{\"@type\":\"ListItem\",\"position\":2,\"name\":\"Asystent mened\u017cera ds. przychod\u00f3w (Assistant Revenue Manager)\"}]},{\"@type\":\"WebSite\",\"@id\":\"https:\/\/www.terravision.eu\/pl\/#website\",\"url\":\"https:\/\/www.terravision.eu\/pl\/\",\"name\":\"Terravision Polska\",\"description\":\"Tanie po\u0142\u0105czenia z\/do g\u0142\u00f3wnych lotnisk w Europie\",\"potentialAction\":[{\"@type\":\"SearchAction\",\"target\":{\"@type\":\"EntryPoint\",\"urlTemplate\":\"https:\/\/www.terravision.eu\/pl\/?s={search_term_string}\"},\"query-input\":{\"@type\":\"PropertyValueSpecification\",\"valueRequired\":true,\"valueName\":\"search_term_string\"}}],\"inLanguage\":\"pl-PL\"}]}<\/script>\n<!-- \/ Yoast SEO Premium plugin. -->","yoast_head_json":{"title":"Asystent mened?era ds. przychod\u00f3w (Assistant Revenue Manager) | Terravision","robots":{"index":"index","follow":"follow","max-snippet":"max-snippet:-1","max-image-preview":"max-image-preview:large","max-video-preview":"max-video-preview:-1"},"canonical":"https:\/\/www.terravision.eu\/pl\/revenue_manager_assistant.html","og_locale":"pl_PL","og_type":"article","og_title":"Asystent mened\u017cera ds. przychod\u00f3w (Assistant Revenue Manager)","og_description":"Grupa Terravision &#8211; oddzia\u0142: Rzym. Wiod\u0105ca firm\u0105 w dziedzinie us\u0142ug transferowych szuka osoby na stanowisko Asystent mened\u017cera ds. przychod\u00f3w (Assistant Revenue Manager) do pracy w oddziale firmy zajmuj\u0105cym si\u0119 nieruchomo\u015bciami i turystyk\u0105. Minimalne wymagania: Miejsce sta\u0142ego zamieszkania: Rzym lub okolice Wiek 25 &#8211; 30 lat Wykszta\u0142cenie: tytu\u0142 magistra marketingu lub r\u00f3wnowa\u017cny. Wa\u017cnym atutem b\u0119dzie specjalizacja [&hellip;]","og_url":"https:\/\/www.terravision.eu\/pl\/revenue_manager_assistant.html","og_site_name":"Terravision Polska","twitter_misc":{"Szacowany czas czytania":"2 minutes"},"schema":{"@context":"https:\/\/schema.org","@graph":[{"@type":"WebPage","@id":"https:\/\/www.terravision.eu\/pl\/revenue_manager_assistant.html","url":"https:\/\/www.terravision.eu\/pl\/revenue_manager_assistant.html","name":"Asystent mened?era ds. przychod\u00f3w (Assistant Revenue Manager) | Terravision","isPartOf":{"@id":"https:\/\/www.terravision.eu\/pl\/#website"},"datePublished":"2013-05-27T10:30:48+00:00","breadcrumb":{"@id":"https:\/\/www.terravision.eu\/pl\/revenue_manager_assistant.html#breadcrumb"},"inLanguage":"pl-PL","potentialAction":[{"@type":"ReadAction","target":["https:\/\/www.terravision.eu\/pl\/revenue_manager_assistant.html"]}]},{"@type":"BreadcrumbList","@id":"https:\/\/www.terravision.eu\/pl\/revenue_manager_assistant.html#breadcrumb","itemListElement":[{"@type":"ListItem","position":1,"name":"Home","item":"https:\/\/www.terravision.eu\/pl\/"},{"@type":"ListItem","position":2,"name":"Asystent mened\u017cera ds. przychod\u00f3w (Assistant Revenue Manager)"}]},{"@type":"WebSite","@id":"https:\/\/www.terravision.eu\/pl\/#website","url":"https:\/\/www.terravision.eu\/pl\/","name":"Terravision Polska","description":"Tanie po\u0142\u0105czenia z\/do g\u0142\u00f3wnych lotnisk w Europie","potentialAction":[{"@type":"SearchAction","target":{"@type":"EntryPoint","urlTemplate":"https:\/\/www.terravision.eu\/pl\/?s={search_term_string}"},"query-input":{"@type":"PropertyValueSpecification","valueRequired":true,"valueName":"search_term_string"}}],"inLanguage":"pl-PL"}]}},"_links":{"self":[{"href":"https:\/\/www.terravision.eu\/pl\/wp-json\/wp\/v2\/pages\/9591","targetHints":{"allow":["GET"]}}],"collection":[{"href":"https:\/\/www.terravision.eu\/pl\/wp-json\/wp\/v2\/pages"}],"about":[{"href":"https:\/\/www.terravision.eu\/pl\/wp-json\/wp\/v2\/types\/page"}],"author":[{"embeddable":true,"href":"https:\/\/www.terravision.eu\/pl\/wp-json\/wp\/v2\/users\/1"}],"replies":[{"embeddable":true,"href":"https:\/\/www.terravision.eu\/pl\/wp-json\/wp\/v2\/comments?post=9591"}],"version-history":[{"count":0,"href":"https:\/\/www.terravision.eu\/pl\/wp-json\/wp\/v2\/pages\/9591\/revisions"}],"wp:attachment":[{"href":"https:\/\/www.terravision.eu\/pl\/wp-json\/wp\/v2\/media?parent=9591"}],"curies":[{"name":"wp","href":"https:\/\/api.w.org\/{rel}","templated":true}]}}