{"id":108,"date":"2012-06-25T10:39:13","date_gmt":"2012-06-25T10:39:13","guid":{"rendered":"https:\/\/www.terravision.eu\/travel-london"},"modified":"2018-11-08T09:32:23","modified_gmt":"2018-11-08T09:32:23","slug":"travel_london","status":"publish","type":"page","link":"https:\/\/www.terravision.eu\/spagnolo\/travel_london.html","title":{"rendered":"Gu\u00eda de Londres"},"content":{"rendered":"<div id=\"article-single\">\nLondres es una localidad ideal ya sea para unas vacacciones o viaje de negocios y est\u00e1 entre las mejores destinaciones del mundo:<br \/>\n&#8211;\tEl centro mundial la economia junto Nueva York<br \/>\n&#8211;\tUna capital del mundo cultural, famosa por sus artes, su educaci\u00f3n y la moda.<br \/>\n&#8211;\tEntre las ciudades m\u00e1s variadas del mundo con m\u00e1s de 300 idiomas hablados<br \/>\n&#8211;\tDeclarado por la UNESCO como un sito de Patrimonio Mundial por sus monumentos hist\u00f3ricos como la Tower of London, the Keys Gardens, the Palace of Westminster y Greenwich<\/p>\n<p><strong>Las atracciones principales de Londres <\/strong><br \/>\n&#8211; El palacio de Westminter<br \/>\n&#8211; Big Ben<br \/>\n&#8211; The Houses of Parliament<br \/>\n&#8211; Buckingham Palace<br \/>\n&#8211; El London Eye<br \/>\n&#8211; Trafalgar Square<br \/>\n&#8211; Piccadilly Circus<br \/>\n&#8211; Oxford Circus<br \/>\n&#8211; El barrio de Soho<br \/>\n&#8211; Camden Town y el Mercado Camden<br \/>\n&#8211; Carnarby y Regent Street para los adictos a las compras  <\/p>\n<p><strong>Museos e instituciones principales de Londres <\/strong><br \/>\n&#8211; British Museum<br \/>\n&#8211; National Gallery<br \/>\n&#8211; Tate Modern<br \/>\n&#8211; British Library<\/p>\n<p><strong>London Fun Fact<\/strong><br \/>\nEl Metro de Londres es el metro m\u00e1s antiguo del mundo!\n<\/div>\n","protected":false},"excerpt":{"rendered":"<p>Londres es una localidad ideal ya sea para unas vacacciones o viaje de negocios y est\u00e1 entre las mejores destinaciones del mundo: &#8211; El centro mundial la economia junto Nueva York &#8211; Una capital del mundo cultural, famosa por sus artes, su educaci\u00f3n y la moda. &#8211; Entre las ciudades m\u00e1s variadas del mundo con [&hellip;]<\/p>\n","protected":false},"author":1,"featured_media":0,"parent":0,"menu_order":0,"comment_status":"open","ping_status":"open","template":"","meta":{"footnotes":""},"class_list":["post-108","page","type-page","status-publish","hentry"],"yoast_head":"<!-- This site is optimized with the Yoast SEO Premium plugin v24.4 (Yoast SEO v24.4) - https:\/\/yoast.com\/wordpress\/plugins\/seo\/ -->\n<title>Gu\u00eda de Londres | Terravision<\/title>\n<meta name=\"description\" content=\"Gu\u00eda de Londres. Gu\u00eda tur\u00edstica de Londres con museos, consejos para el viaje y las principales atracciones tur\u00edsticas de Londres.\" \/>\n<meta name=\"robots\" content=\"index, follow, max-snippet:-1, max-image-preview:large, max-video-preview:-1\" \/>\n<link rel=\"canonical\" href=\"https:\/\/www.terravision.eu\/spagnolo\/travel_london.html\" \/>\n<meta property=\"og:locale\" content=\"es_ES\" \/>\n<meta property=\"og:type\" content=\"article\" \/>\n<meta property=\"og:title\" content=\"Gu\u00eda de Londres\" \/>\n<meta property=\"og:description\" content=\"Gu\u00eda de Londres. Gu\u00eda tur\u00edstica de Londres con museos, consejos para el viaje y las principales atracciones tur\u00edsticas de Londres.\" \/>\n<meta property=\"og:url\" content=\"https:\/\/www.terravision.eu\/spagnolo\/travel_london.html\" \/>\n<meta property=\"og:site_name\" content=\"Terravision Espa\u00f1a\" \/>\n<meta property=\"article:modified_time\" content=\"2018-11-08T09:32:23+00:00\" \/>\n<meta name=\"twitter:label1\" content=\"Tiempo de lectura\" \/>\n\t<meta name=\"twitter:data1\" content=\"1 minute\" \/>\n<script type=\"application\/ld+json\" class=\"yoast-schema-graph\">{\"@context\":\"https:\/\/schema.org\",\"@graph\":[{\"@type\":\"WebPage\",\"@id\":\"https:\/\/www.terravision.eu\/spagnolo\/travel_london.html\",\"url\":\"https:\/\/www.terravision.eu\/spagnolo\/travel_london.html\",\"name\":\"Gu\u00eda de Londres | Terravision\",\"isPartOf\":{\"@id\":\"https:\/\/www.terravision.eu\/spagnolo\/#website\"},\"datePublished\":\"2012-06-25T10:39:13+00:00\",\"dateModified\":\"2018-11-08T09:32:23+00:00\",\"description\":\"Gu\u00eda de Londres. Gu\u00eda tur\u00edstica de Londres con museos, consejos para el viaje y las principales atracciones tur\u00edsticas de Londres.\",\"breadcrumb\":{\"@id\":\"https:\/\/www.terravision.eu\/spagnolo\/travel_london.html#breadcrumb\"},\"inLanguage\":\"es-ES\",\"potentialAction\":[{\"@type\":\"ReadAction\",\"target\":[\"https:\/\/www.terravision.eu\/spagnolo\/travel_london.html\"]}]},{\"@type\":\"BreadcrumbList\",\"@id\":\"https:\/\/www.terravision.eu\/spagnolo\/travel_london.html#breadcrumb\",\"itemListElement\":[{\"@type\":\"ListItem\",\"position\":1,\"name\":\"Home\",\"item\":\"https:\/\/www.terravision.eu\/spagnolo\/\"},{\"@type\":\"ListItem\",\"position\":2,\"name\":\"Gu\u00eda de Londres\"}]},{\"@type\":\"WebSite\",\"@id\":\"https:\/\/www.terravision.eu\/spagnolo\/#website\",\"url\":\"https:\/\/www.terravision.eu\/spagnolo\/\",\"name\":\"Terravision Espa\u00f1a\",\"description\":\"Conexiones low-cost desde\/hacia los principales aeropuertos europeos\",\"potentialAction\":[{\"@type\":\"SearchAction\",\"target\":{\"@type\":\"EntryPoint\",\"urlTemplate\":\"https:\/\/www.terravision.eu\/spagnolo\/?s={search_term_string}\"},\"query-input\":{\"@type\":\"PropertyValueSpecification\",\"valueRequired\":true,\"valueName\":\"search_term_string\"}}],\"inLanguage\":\"es-ES\"}]}<\/script>\n<!-- \/ Yoast SEO Premium plugin. -->","yoast_head_json":{"title":"Gu\u00eda de Londres | Terravision","description":"Gu\u00eda de Londres. Gu\u00eda tur\u00edstica de Londres con museos, consejos para el viaje y las principales atracciones tur\u00edsticas de Londres.","robots":{"index":"index","follow":"follow","max-snippet":"max-snippet:-1","max-image-preview":"max-image-preview:large","max-video-preview":"max-video-preview:-1"},"canonical":"https:\/\/www.terravision.eu\/spagnolo\/travel_london.html","og_locale":"es_ES","og_type":"article","og_title":"Gu\u00eda de Londres","og_description":"Gu\u00eda de Londres. Gu\u00eda tur\u00edstica de Londres con museos, consejos para el viaje y las principales atracciones tur\u00edsticas de Londres.","og_url":"https:\/\/www.terravision.eu\/spagnolo\/travel_london.html","og_site_name":"Terravision Espa\u00f1a","article_modified_time":"2018-11-08T09:32:23+00:00","twitter_misc":{"Tiempo de lectura":"1 minute"},"schema":{"@context":"https:\/\/schema.org","@graph":[{"@type":"WebPage","@id":"https:\/\/www.terravision.eu\/spagnolo\/travel_london.html","url":"https:\/\/www.terravision.eu\/spagnolo\/travel_london.html","name":"Gu\u00eda de Londres | Terravision","isPartOf":{"@id":"https:\/\/www.terravision.eu\/spagnolo\/#website"},"datePublished":"2012-06-25T10:39:13+00:00","dateModified":"2018-11-08T09:32:23+00:00","description":"Gu\u00eda de Londres. Gu\u00eda tur\u00edstica de Londres con museos, consejos para el viaje y las principales atracciones tur\u00edsticas de Londres.","breadcrumb":{"@id":"https:\/\/www.terravision.eu\/spagnolo\/travel_london.html#breadcrumb"},"inLanguage":"es-ES","potentialAction":[{"@type":"ReadAction","target":["https:\/\/www.terravision.eu\/spagnolo\/travel_london.html"]}]},{"@type":"BreadcrumbList","@id":"https:\/\/www.terravision.eu\/spagnolo\/travel_london.html#breadcrumb","itemListElement":[{"@type":"ListItem","position":1,"name":"Home","item":"https:\/\/www.terravision.eu\/spagnolo\/"},{"@type":"ListItem","position":2,"name":"Gu\u00eda de Londres"}]},{"@type":"WebSite","@id":"https:\/\/www.terravision.eu\/spagnolo\/#website","url":"https:\/\/www.terravision.eu\/spagnolo\/","name":"Terravision Espa\u00f1a","description":"Conexiones low-cost desde\/hacia los principales aeropuertos europeos","potentialAction":[{"@type":"SearchAction","target":{"@type":"EntryPoint","urlTemplate":"https:\/\/www.terravision.eu\/spagnolo\/?s={search_term_string}"},"query-input":{"@type":"PropertyValueSpecification","valueRequired":true,"valueName":"search_term_string"}}],"inLanguage":"es-ES"}]}},"_links":{"self":[{"href":"https:\/\/www.terravision.eu\/spagnolo\/wp-json\/wp\/v2\/pages\/108","targetHints":{"allow":["GET"]}}],"collection":[{"href":"https:\/\/www.terravision.eu\/spagnolo\/wp-json\/wp\/v2\/pages"}],"about":[{"href":"https:\/\/www.terravision.eu\/spagnolo\/wp-json\/wp\/v2\/types\/page"}],"author":[{"embeddable":true,"href":"https:\/\/www.terravision.eu\/spagnolo\/wp-json\/wp\/v2\/users\/1"}],"replies":[{"embeddable":true,"href":"https:\/\/www.terravision.eu\/spagnolo\/wp-json\/wp\/v2\/comments?post=108"}],"version-history":[{"count":1,"href":"https:\/\/www.terravision.eu\/spagnolo\/wp-json\/wp\/v2\/pages\/108\/revisions"}],"predecessor-version":[{"id":13275,"href":"https:\/\/www.terravision.eu\/spagnolo\/wp-json\/wp\/v2\/pages\/108\/revisions\/13275"}],"wp:attachment":[{"href":"https:\/\/www.terravision.eu\/spagnolo\/wp-json\/wp\/v2\/media?parent=108"}],"curies":[{"name":"wp","href":"https:\/\/api.w.org\/{rel}","templated":true}]}}