{"id":11175,"date":"2017-08-16T15:47:38","date_gmt":"2017-08-16T15:47:38","guid":{"rendered":"https:\/\/www.terravision.eu\/about-us-terravision\/"},"modified":"2025-04-24T12:51:31","modified_gmt":"2025-04-24T12:51:31","slug":"about","status":"publish","type":"page","link":"https:\/\/www.terravision.eu\/spagnolo\/about.html","title":{"rendered":"Sobre nosotros &#8211; Terravision Transfer"},"content":{"rendered":"<div class=\"bg-tertiary p-trv-1\">\n<div class=\"container\">\n<div class=\"row pb-60\" style=\"height: 100%;\">\n<div class=\"col align-self-center pr-0 pl-m-0\">\n<div class=\"overflow-hidden\">\n<div class=\"separator-trv-n z-index-1 p-relative mb-10\"><\/div>\n<div class=\"d-flex\" style=\"gap: 23px; margin-bottom: 30px;\">\n<h3 class=\"h3-Barlow-36pt-3\" style=\"margin-bottom: 0;\">Sobre nosotros &#8211; Terravision Transfer<\/h3>\n<\/div>\n<p class=\"text-standard\"><strong>Terravision Transfer<\/strong> es desde el 2002 leader en el sector del transporte tur\u00edstico en Europa. Con <strong>m\u00e1s de 70 millones<\/strong> de pasajeros transportados, con <strong>m\u00e1s de 50 servicios<\/strong> que cubren unos <strong>15 paises<\/strong> europeos y con una p\u00e1gina web disponible en 5 idiomas, Terravision es desde hace a\u00f1os emblema de garant\u00eda para los viajeros de las distintas capitales europeas.<\/p>\n<p class=\"text-standard\">Adem\u00e1s de nuestros traslados aeroportuarios, estamos presentes en el sector tur\u00edstico, ofrecemos servicio de parking aeroportuarios a <strong>precios muy competitivos.<\/strong><\/p>\n<p class=\"text-standard\">Nuestro objetivo es ofrecer nuestros servicios de transfer en toda Europa a <strong>precios justos y convenientes.<\/strong><\/p>\n<\/div>\n<\/div>\n<p>&nbsp;<\/p>\n<\/div>\n<div class=\"row gap-30 grid-3-1\">\n<div class=\"p-0 border-radius double-card p-relative\">\n<div class=\"row\" style=\"height: 100%;\">\n<div class=\"col align-self-end pl-30 pr-0 pl-m-0\">\n<div class=\"overflow-hidden\">\n<div class=\"d-flex justify-content-center align-items-center\" style=\"gap: 23px; margin-bottom: 30px; text-align: center;\">\n<h3 class=\"h3-Barlow-36pt-3 card-trv-3\" style=\"margin-bottom: 0;\">15<\/h3>\n<\/div>\n<h4 class=\"h5-Barlow-22pt-5\" style=\"text-align: center;\">15 Pa\u00edses Europeos atendidos<\/h4>\n<\/div>\n<\/div>\n<\/div>\n<\/div>\n<div class=\"p-0 border-radius double-card p-relative\">\n<div class=\"row\" style=\"height: 100%;\">\n<div class=\"col align-self-center pl-30 pr-0 pl-m-0\">\n<div class=\"overflow-hidden\">\n<div class=\"d-flex justify-content-center align-items-center\" style=\"gap: 23px; margin-bottom: 30px; text-align: center;\">\n<h3 class=\"h3-Barlow-36pt-3 card-trv-3\" style=\"margin-bottom: 0;\">50+<\/h3>\n<\/div>\n<h4 class=\"h5-Barlow-22pt-5\" style=\"text-align: center;\">los servicios que ofrecemos<\/h4>\n<\/div>\n<\/div>\n<\/div>\n<\/div>\n<div class=\"p-0 border-radius double-card p-relative\">\n<div class=\"row\" style=\"height: 100%;\">\n<div class=\"col align-self-center pl-30 pr-0 pl-m-0\">\n<div class=\"overflow-hidden\">\n<div class=\"d-flex justify-content-center align-items-center\" style=\"gap: 23px; margin-bottom: 30px; text-align: center;\">\n<h3 class=\"h3-Barlow-36pt-3 card-trv-3\" style=\"margin-bottom: 0;\">70 Millones<\/h3>\n<\/div>\n<h4 class=\"h5-Barlow-22pt-5\" style=\"text-align: center;\">pasajeros transportados<\/h4>\n<\/div>\n<\/div>\n<\/div>\n<\/div>\n<\/div>\n<\/div>\n","protected":false},"excerpt":{"rendered":"<p>Sobre nosotros &#8211; Terravision Transfer Terravision Transfer es desde el 2002 leader en el sector del transporte tur\u00edstico en Europa. Con m\u00e1s de 70 millones de pasajeros transportados, con m\u00e1s de 50 servicios que cubren unos 15 paises europeos y con una p\u00e1gina web disponible en 5 idiomas, Terravision es desde hace a\u00f1os emblema de [&hellip;]<\/p>\n","protected":false},"author":1,"featured_media":0,"parent":0,"menu_order":0,"comment_status":"open","ping_status":"open","template":"page-about.php","meta":{"footnotes":""},"class_list":["post-11175","page","type-page","status-publish","hentry"],"yoast_head":"<!-- This site is optimized with the Yoast SEO Premium plugin v24.4 (Yoast SEO v24.4) - https:\/\/yoast.com\/wordpress\/plugins\/seo\/ -->\n<title>Sobre nosotros - Terravision Transfer | Terravision Espa\u00f1a<\/title>\n<meta name=\"robots\" content=\"index, follow, max-snippet:-1, max-image-preview:large, max-video-preview:-1\" \/>\n<link rel=\"canonical\" href=\"https:\/\/www.terravision.eu\/spagnolo\/about.html\" \/>\n<meta property=\"og:locale\" content=\"es_ES\" \/>\n<meta property=\"og:type\" content=\"article\" \/>\n<meta property=\"og:title\" content=\"Sobre nosotros - Terravision Transfer\" \/>\n<meta property=\"og:description\" content=\"Sobre nosotros &#8211; Terravision Transfer Terravision Transfer es desde el 2002 leader en el sector del transporte tur\u00edstico en Europa. Con m\u00e1s de 70 millones de pasajeros transportados, con m\u00e1s de 50 servicios que cubren unos 15 paises europeos y con una p\u00e1gina web disponible en 5 idiomas, Terravision es desde hace a\u00f1os emblema de [&hellip;]\" \/>\n<meta property=\"og:url\" content=\"https:\/\/www.terravision.eu\/spagnolo\/about.html\" \/>\n<meta property=\"og:site_name\" content=\"Terravision Espa\u00f1a\" \/>\n<meta property=\"article:modified_time\" content=\"2025-04-24T12:51:31+00:00\" \/>\n<meta name=\"twitter:label1\" content=\"Tiempo de lectura\" \/>\n\t<meta name=\"twitter:data1\" content=\"1 minute\" \/>\n<script type=\"application\/ld+json\" class=\"yoast-schema-graph\">{\"@context\":\"https:\/\/schema.org\",\"@graph\":[{\"@type\":\"WebPage\",\"@id\":\"https:\/\/www.terravision.eu\/spagnolo\/about.html\",\"url\":\"https:\/\/www.terravision.eu\/spagnolo\/about.html\",\"name\":\"Sobre nosotros - Terravision Transfer | Terravision Espa\u00f1a\",\"isPartOf\":{\"@id\":\"https:\/\/www.terravision.eu\/spagnolo\/#website\"},\"datePublished\":\"2017-08-16T15:47:38+00:00\",\"dateModified\":\"2025-04-24T12:51:31+00:00\",\"breadcrumb\":{\"@id\":\"https:\/\/www.terravision.eu\/spagnolo\/about.html#breadcrumb\"},\"inLanguage\":\"es-ES\",\"potentialAction\":[{\"@type\":\"ReadAction\",\"target\":[\"https:\/\/www.terravision.eu\/spagnolo\/about.html\"]}]},{\"@type\":\"BreadcrumbList\",\"@id\":\"https:\/\/www.terravision.eu\/spagnolo\/about.html#breadcrumb\",\"itemListElement\":[{\"@type\":\"ListItem\",\"position\":1,\"name\":\"Home\",\"item\":\"https:\/\/www.terravision.eu\/spagnolo\/\"},{\"@type\":\"ListItem\",\"position\":2,\"name\":\"Sobre nosotros &#8211; Terravision Transfer\"}]},{\"@type\":\"WebSite\",\"@id\":\"https:\/\/www.terravision.eu\/spagnolo\/#website\",\"url\":\"https:\/\/www.terravision.eu\/spagnolo\/\",\"name\":\"Terravision Espa\u00f1a\",\"description\":\"Conexiones low-cost desde\/hacia los principales aeropuertos europeos\",\"potentialAction\":[{\"@type\":\"SearchAction\",\"target\":{\"@type\":\"EntryPoint\",\"urlTemplate\":\"https:\/\/www.terravision.eu\/spagnolo\/?s={search_term_string}\"},\"query-input\":{\"@type\":\"PropertyValueSpecification\",\"valueRequired\":true,\"valueName\":\"search_term_string\"}}],\"inLanguage\":\"es-ES\"}]}<\/script>\n<!-- \/ Yoast SEO Premium plugin. -->","yoast_head_json":{"title":"Sobre nosotros - Terravision Transfer | Terravision Espa\u00f1a","robots":{"index":"index","follow":"follow","max-snippet":"max-snippet:-1","max-image-preview":"max-image-preview:large","max-video-preview":"max-video-preview:-1"},"canonical":"https:\/\/www.terravision.eu\/spagnolo\/about.html","og_locale":"es_ES","og_type":"article","og_title":"Sobre nosotros - Terravision Transfer","og_description":"Sobre nosotros &#8211; Terravision Transfer Terravision Transfer es desde el 2002 leader en el sector del transporte tur\u00edstico en Europa. Con m\u00e1s de 70 millones de pasajeros transportados, con m\u00e1s de 50 servicios que cubren unos 15 paises europeos y con una p\u00e1gina web disponible en 5 idiomas, Terravision es desde hace a\u00f1os emblema de [&hellip;]","og_url":"https:\/\/www.terravision.eu\/spagnolo\/about.html","og_site_name":"Terravision Espa\u00f1a","article_modified_time":"2025-04-24T12:51:31+00:00","twitter_misc":{"Tiempo de lectura":"1 minute"},"schema":{"@context":"https:\/\/schema.org","@graph":[{"@type":"WebPage","@id":"https:\/\/www.terravision.eu\/spagnolo\/about.html","url":"https:\/\/www.terravision.eu\/spagnolo\/about.html","name":"Sobre nosotros - Terravision Transfer | Terravision Espa\u00f1a","isPartOf":{"@id":"https:\/\/www.terravision.eu\/spagnolo\/#website"},"datePublished":"2017-08-16T15:47:38+00:00","dateModified":"2025-04-24T12:51:31+00:00","breadcrumb":{"@id":"https:\/\/www.terravision.eu\/spagnolo\/about.html#breadcrumb"},"inLanguage":"es-ES","potentialAction":[{"@type":"ReadAction","target":["https:\/\/www.terravision.eu\/spagnolo\/about.html"]}]},{"@type":"BreadcrumbList","@id":"https:\/\/www.terravision.eu\/spagnolo\/about.html#breadcrumb","itemListElement":[{"@type":"ListItem","position":1,"name":"Home","item":"https:\/\/www.terravision.eu\/spagnolo\/"},{"@type":"ListItem","position":2,"name":"Sobre nosotros &#8211; Terravision Transfer"}]},{"@type":"WebSite","@id":"https:\/\/www.terravision.eu\/spagnolo\/#website","url":"https:\/\/www.terravision.eu\/spagnolo\/","name":"Terravision Espa\u00f1a","description":"Conexiones low-cost desde\/hacia los principales aeropuertos europeos","potentialAction":[{"@type":"SearchAction","target":{"@type":"EntryPoint","urlTemplate":"https:\/\/www.terravision.eu\/spagnolo\/?s={search_term_string}"},"query-input":{"@type":"PropertyValueSpecification","valueRequired":true,"valueName":"search_term_string"}}],"inLanguage":"es-ES"}]}},"_links":{"self":[{"href":"https:\/\/www.terravision.eu\/spagnolo\/wp-json\/wp\/v2\/pages\/11175","targetHints":{"allow":["GET"]}}],"collection":[{"href":"https:\/\/www.terravision.eu\/spagnolo\/wp-json\/wp\/v2\/pages"}],"about":[{"href":"https:\/\/www.terravision.eu\/spagnolo\/wp-json\/wp\/v2\/types\/page"}],"author":[{"embeddable":true,"href":"https:\/\/www.terravision.eu\/spagnolo\/wp-json\/wp\/v2\/users\/1"}],"replies":[{"embeddable":true,"href":"https:\/\/www.terravision.eu\/spagnolo\/wp-json\/wp\/v2\/comments?post=11175"}],"version-history":[{"count":14,"href":"https:\/\/www.terravision.eu\/spagnolo\/wp-json\/wp\/v2\/pages\/11175\/revisions"}],"predecessor-version":[{"id":20449,"href":"https:\/\/www.terravision.eu\/spagnolo\/wp-json\/wp\/v2\/pages\/11175\/revisions\/20449"}],"wp:attachment":[{"href":"https:\/\/www.terravision.eu\/spagnolo\/wp-json\/wp\/v2\/media?parent=11175"}],"curies":[{"name":"wp","href":"https:\/\/api.w.org\/{rel}","templated":true}]}}