{"id":119,"date":"2012-07-16T08:43:02","date_gmt":"2012-07-16T08:43:02","guid":{"rendered":"https:\/\/www.terravision.eu\/rome-travel-tips\/"},"modified":"2018-10-15T09:35:54","modified_gmt":"2018-10-15T09:35:54","slug":"travel_rome","status":"publish","type":"page","link":"https:\/\/www.terravision.eu\/spagnolo\/travel_rome.html","title":{"rendered":"Gu\u00eda de Roma"},"content":{"rendered":"<p>Viajar a Roma<\/p>\n<p>Roma es una ciudad \u00fanica \u2013   ha sido testimonio de distintas \u00e9pocas,  d\u00f3nde quedan maravillosos restos de la antig\u00fcedad asi como grandes obras maestras que van desde el tiempo del barroco hasta  nuestros d\u00edas.<\/p>\n<p><strong>\u00bfEst\u00e1s planeando ir a Roma? \u00a1Fant\u00e1stico!<\/strong><br \/>\nConsulta nuestra <strong>gu\u00eda y nuestra selecci\u00f3n de las mejores actividades tur\u00edsticas<\/strong> asi como nuestros <strong>consejos sobre la Ciudad Eterna<\/strong><\/p>\n<p>El Coliseo. El foro romano y la colina palatina. Castel Sant&#8217;Angelo. La Capilla Sixtina y los Museos Vaticanos. Galleria Borghese. Piazza Navona. El Panteon. Museos capitolinos. Fontana de Trevi. Trastevere..<\/p>\n<p>\u00a1Estos son solamente algunos de los lugares que no te puedes perder en tu visita a Roma! \u00bf No sabes por d\u00f3nde tendr\u00edas que empezar?<\/p>\n<p>Te aconsejamos empezar tu visita tur\u00edstica desde el Coliseo, unos de los lugares arqueol\u00f3giocs m\u00e1s apreciados de la Antig\u00fca <strong>Roma<\/strong> . Despu\u00e9s, puede pasear por <strong>los Jardines del Vaticano<\/strong> y admirar las obras maestras del Renacimiento en <strong>los Museos del Vaticano<\/strong>.. Para terminar, nada mejor que relajarse en las orillas de rio Tiber y dejarse llevar por las magnificas vistas desde <strong>Castel Sant\u2019Angelo<\/strong> (considerado por sus vistas como la azotea de la Ciudad Eterna).<\/p>\n<p><strong><center><span style=\"font-size:16px\"><FONT COLOR=\"#EC008C\">\u00a1Aqu\u00ed puedes reservar tus billetes!<\/strong><\/FONT><\/center><\/strong><\/p>\n<div data-tiqets-widget=\"discovery\" data-product-ids=\"973760,974488,974329\" data-language=\"es\" data-currency=\"EUR\" data-partner=\"terravision\" data-cards-layout=\"horizontal\"><\/div>\n<p><script defer src=\"https:\/\/widgets.tiqets.com\/loader.js\"><\/script><\/p>\n<p>\u00bfTe est\u00e1s pregustando c\u00f3mo aprovechar lo mejor posible el timepo si estas  pocos d\u00edas en Roma es? Nosotros te damos la mejor soluci\u00f3n:\u00a1con  <strong>un Pase todo inclu\u00eddo<\/strong>!<\/p>\n<p><center><\/p>\n<div data-tiqets-widget=\"availability\" data-product-id=\"975066\" data-product-ids=\"\" data-language=\"es\" data-currency=\"EUR\" data-partner=\"terravision\" data-cards-layout=\"horizontal\"><\/div>\n<p><script defer src=\"https:\/\/widgets.tiqets.com\/loader.js\"><\/script><\/center><\/p>\n<p>Con este maravilloso Pase podr\u00e1s aborra mucho tiempo y aprovechar al m\u00e1ximo tu estancia (\u00a1v\u00e1lido incluso para una estancia breve en la ciudad) ya que te consiente el <strong>acceso directo<\/strong> a los Museos Vaticanos, la Capilla Sixtina y la Bas\u00edlica de San Pedro. Adem\u00e1s, con tu pase puedes entrar en el Coliseo, el Foro Romano y la colina Palatina . No tienes ni que imprimir el billete, se aceptan en formato electr\u00f3nico.<\/p>\n<p><strong><a href=\"https:\/\/www.tiqets.com\/es\/roma-c71631\/lo-mejor-de-roma-acceso-completo-p975066?partner=terravision\">\u00a1Reserva ya tu Pase y ahorrate las largas colas de turistas!<\/a><\/strong><\/p>\n<p>\u00a1Para los amantes de la vida nocturna, hay una amplia gama de opzione para pasar una noche inolvidable en Roma!  \u00bfTe gustar\u00eda contemplar el aterdecer en la Ciudad Eterna con m\u00fasica  y una copa de vino? Si es as\u00ed, embarcate en el tour crucero por el Tiber con cena y disfrutar\u00e1s de una cena romantica con una selecci\u00f3n de aperitivos italianos como embutidos, quesos\u2026.<\/p>\n<p><strong><a href=\"https:\/\/www.terravision.eu\/spagnolo\/city_tour\/tour-en-barco-con-cena\/\"> \u00a1Reserva ya tu crucero con el tour &#8220;Tour en barco con cena\u201d !<\/a><\/strong><\/p>\n","protected":false},"excerpt":{"rendered":"<p>Viajar a Roma Roma es una ciudad \u00fanica \u2013 ha sido testimonio de distintas \u00e9pocas, d\u00f3nde quedan maravillosos restos de la antig\u00fcedad asi como grandes obras maestras que van desde el tiempo del barroco hasta nuestros d\u00edas. \u00bfEst\u00e1s planeando ir a Roma? \u00a1Fant\u00e1stico! Consulta nuestra gu\u00eda y nuestra selecci\u00f3n de las mejores actividades tur\u00edsticas asi [&hellip;]<\/p>\n","protected":false},"author":1,"featured_media":0,"parent":0,"menu_order":0,"comment_status":"open","ping_status":"open","template":"","meta":{"footnotes":""},"class_list":["post-119","page","type-page","status-publish","hentry"],"yoast_head":"<!-- This site is optimized with the Yoast SEO Premium plugin v24.4 (Yoast SEO v24.4) - https:\/\/yoast.com\/wordpress\/plugins\/seo\/ -->\n<title>Gu\u00eda de Roma | Terravision<\/title>\n<meta name=\"description\" content=\"Gu\u00eda de Roma. Gu\u00eda tur\u00edstica de Roma con museos, consejos para el viaje y las principales atracciones tur\u00edsticas de Roma.\" \/>\n<meta name=\"robots\" content=\"index, follow, max-snippet:-1, max-image-preview:large, max-video-preview:-1\" \/>\n<link rel=\"canonical\" href=\"https:\/\/www.terravision.eu\/spagnolo\/travel_rome.html\" \/>\n<meta property=\"og:locale\" content=\"es_ES\" \/>\n<meta property=\"og:type\" content=\"article\" \/>\n<meta property=\"og:title\" content=\"Gu\u00eda de Roma\" \/>\n<meta property=\"og:description\" content=\"Gu\u00eda de Roma. Gu\u00eda tur\u00edstica de Roma con museos, consejos para el viaje y las principales atracciones tur\u00edsticas de Roma.\" \/>\n<meta property=\"og:url\" content=\"https:\/\/www.terravision.eu\/spagnolo\/travel_rome.html\" \/>\n<meta property=\"og:site_name\" content=\"Terravision Espa\u00f1a\" \/>\n<meta property=\"article:modified_time\" content=\"2018-10-15T09:35:54+00:00\" \/>\n<meta name=\"twitter:label1\" content=\"Tiempo de lectura\" \/>\n\t<meta name=\"twitter:data1\" content=\"2 minutes\" \/>\n<script type=\"application\/ld+json\" class=\"yoast-schema-graph\">{\"@context\":\"https:\/\/schema.org\",\"@graph\":[{\"@type\":\"WebPage\",\"@id\":\"https:\/\/www.terravision.eu\/spagnolo\/travel_rome.html\",\"url\":\"https:\/\/www.terravision.eu\/spagnolo\/travel_rome.html\",\"name\":\"Gu\u00eda de Roma | Terravision\",\"isPartOf\":{\"@id\":\"https:\/\/www.terravision.eu\/spagnolo\/#website\"},\"datePublished\":\"2012-07-16T08:43:02+00:00\",\"dateModified\":\"2018-10-15T09:35:54+00:00\",\"description\":\"Gu\u00eda de Roma. Gu\u00eda tur\u00edstica de Roma con museos, consejos para el viaje y las principales atracciones tur\u00edsticas de Roma.\",\"breadcrumb\":{\"@id\":\"https:\/\/www.terravision.eu\/spagnolo\/travel_rome.html#breadcrumb\"},\"inLanguage\":\"es-ES\",\"potentialAction\":[{\"@type\":\"ReadAction\",\"target\":[\"https:\/\/www.terravision.eu\/spagnolo\/travel_rome.html\"]}]},{\"@type\":\"BreadcrumbList\",\"@id\":\"https:\/\/www.terravision.eu\/spagnolo\/travel_rome.html#breadcrumb\",\"itemListElement\":[{\"@type\":\"ListItem\",\"position\":1,\"name\":\"Home\",\"item\":\"https:\/\/www.terravision.eu\/spagnolo\/\"},{\"@type\":\"ListItem\",\"position\":2,\"name\":\"Gu\u00eda de Roma\"}]},{\"@type\":\"WebSite\",\"@id\":\"https:\/\/www.terravision.eu\/spagnolo\/#website\",\"url\":\"https:\/\/www.terravision.eu\/spagnolo\/\",\"name\":\"Terravision Espa\u00f1a\",\"description\":\"Conexiones low-cost desde\/hacia los principales aeropuertos europeos\",\"potentialAction\":[{\"@type\":\"SearchAction\",\"target\":{\"@type\":\"EntryPoint\",\"urlTemplate\":\"https:\/\/www.terravision.eu\/spagnolo\/?s={search_term_string}\"},\"query-input\":{\"@type\":\"PropertyValueSpecification\",\"valueRequired\":true,\"valueName\":\"search_term_string\"}}],\"inLanguage\":\"es-ES\"}]}<\/script>\n<!-- \/ Yoast SEO Premium plugin. -->","yoast_head_json":{"title":"Gu\u00eda de Roma | Terravision","description":"Gu\u00eda de Roma. Gu\u00eda tur\u00edstica de Roma con museos, consejos para el viaje y las principales atracciones tur\u00edsticas de Roma.","robots":{"index":"index","follow":"follow","max-snippet":"max-snippet:-1","max-image-preview":"max-image-preview:large","max-video-preview":"max-video-preview:-1"},"canonical":"https:\/\/www.terravision.eu\/spagnolo\/travel_rome.html","og_locale":"es_ES","og_type":"article","og_title":"Gu\u00eda de Roma","og_description":"Gu\u00eda de Roma. Gu\u00eda tur\u00edstica de Roma con museos, consejos para el viaje y las principales atracciones tur\u00edsticas de Roma.","og_url":"https:\/\/www.terravision.eu\/spagnolo\/travel_rome.html","og_site_name":"Terravision Espa\u00f1a","article_modified_time":"2018-10-15T09:35:54+00:00","twitter_misc":{"Tiempo de lectura":"2 minutes"},"schema":{"@context":"https:\/\/schema.org","@graph":[{"@type":"WebPage","@id":"https:\/\/www.terravision.eu\/spagnolo\/travel_rome.html","url":"https:\/\/www.terravision.eu\/spagnolo\/travel_rome.html","name":"Gu\u00eda de Roma | Terravision","isPartOf":{"@id":"https:\/\/www.terravision.eu\/spagnolo\/#website"},"datePublished":"2012-07-16T08:43:02+00:00","dateModified":"2018-10-15T09:35:54+00:00","description":"Gu\u00eda de Roma. Gu\u00eda tur\u00edstica de Roma con museos, consejos para el viaje y las principales atracciones tur\u00edsticas de Roma.","breadcrumb":{"@id":"https:\/\/www.terravision.eu\/spagnolo\/travel_rome.html#breadcrumb"},"inLanguage":"es-ES","potentialAction":[{"@type":"ReadAction","target":["https:\/\/www.terravision.eu\/spagnolo\/travel_rome.html"]}]},{"@type":"BreadcrumbList","@id":"https:\/\/www.terravision.eu\/spagnolo\/travel_rome.html#breadcrumb","itemListElement":[{"@type":"ListItem","position":1,"name":"Home","item":"https:\/\/www.terravision.eu\/spagnolo\/"},{"@type":"ListItem","position":2,"name":"Gu\u00eda de Roma"}]},{"@type":"WebSite","@id":"https:\/\/www.terravision.eu\/spagnolo\/#website","url":"https:\/\/www.terravision.eu\/spagnolo\/","name":"Terravision Espa\u00f1a","description":"Conexiones low-cost desde\/hacia los principales aeropuertos europeos","potentialAction":[{"@type":"SearchAction","target":{"@type":"EntryPoint","urlTemplate":"https:\/\/www.terravision.eu\/spagnolo\/?s={search_term_string}"},"query-input":{"@type":"PropertyValueSpecification","valueRequired":true,"valueName":"search_term_string"}}],"inLanguage":"es-ES"}]}},"_links":{"self":[{"href":"https:\/\/www.terravision.eu\/spagnolo\/wp-json\/wp\/v2\/pages\/119","targetHints":{"allow":["GET"]}}],"collection":[{"href":"https:\/\/www.terravision.eu\/spagnolo\/wp-json\/wp\/v2\/pages"}],"about":[{"href":"https:\/\/www.terravision.eu\/spagnolo\/wp-json\/wp\/v2\/types\/page"}],"author":[{"embeddable":true,"href":"https:\/\/www.terravision.eu\/spagnolo\/wp-json\/wp\/v2\/users\/1"}],"replies":[{"embeddable":true,"href":"https:\/\/www.terravision.eu\/spagnolo\/wp-json\/wp\/v2\/comments?post=119"}],"version-history":[{"count":8,"href":"https:\/\/www.terravision.eu\/spagnolo\/wp-json\/wp\/v2\/pages\/119\/revisions"}],"predecessor-version":[{"id":13261,"href":"https:\/\/www.terravision.eu\/spagnolo\/wp-json\/wp\/v2\/pages\/119\/revisions\/13261"}],"wp:attachment":[{"href":"https:\/\/www.terravision.eu\/spagnolo\/wp-json\/wp\/v2\/media?parent=119"}],"curies":[{"name":"wp","href":"https:\/\/api.w.org\/{rel}","templated":true}]}}