{"id":121,"date":"2012-07-16T08:56:18","date_gmt":"2012-07-16T08:56:18","guid":{"rendered":"https:\/\/www.terravision.eu\/rome-city-tour\/"},"modified":"2023-03-23T16:26:45","modified_gmt":"2023-03-23T16:26:45","slug":"orpnet","status":"publish","type":"page","link":"https:\/\/www.terravision.eu\/spagnolo\/city-tours-europe\/orpnet.html","title":{"rendered":"City Tours de Roma"},"content":{"rendered":"<div id=\"article-single\" class=\"citytours-list\">\n<ul class=\"boxes\">\n<li class=\"box\">\n<h1 style=\"text-align:center;\"> <font size=\"5\"><font color=\"#e5007e\"><strong> TOURS GRATUITOS EN ROMA<\/strong><\/font><\/font><br \/><\/h1>\n<p><img loading=\"lazy\" decoding=\"async\" alt=\"Rome City Tours\" src=\"https:\/\/www.terravision.eu\/wp-content\/blogs.dir\/9\/files\/2023\/02\/trevi-fountain-g96fc5264b_1920.jpg\" width=\"500\" height=\"300\">><\/p>\n<div class=\"description\">\n<span class=\"triangle\"><\/span><\/p>\n<p><font size=\"4\"> Reserva tu tour gratuito con gu\u00eda en Roma y decides tu cua\u00e1nto quieres pagar. En la mayoria de los tours se aplica la f\u00b4rmula \u201c decide tu cu\u00e1nto quieres pagar\u201d, \u00a1das la propina que quieras al gu\u00eda cuando termine el tour!<\/font><\/p>\n<p><a class=\"opener absolute\" href=\"https:\/\/www.freetour.com\/rome?referralID=QdkWhemneJqXBxn7&#038;campaign=Rome\"><strong><em>FREE GUIDED TOUR IN ROME <\/em><\/strong><\/a><br \/>\n<strong><span class=\"price\"><span class=\"currency\">\u20ac<\/span>0<span class=\"decimals\">.00<\/span><\/span><\/strong><\/p>\n<div class=\"subtitle\">\n<div class=\"vendor\"> En colaboraci\u00f3n con FREE TOURS <\/div>\n<\/div>\n<\/li>\n<div id=\"article-single\" class=\"citytours-list\">\n<ul class=\"boxes\">\n<li class=\"box\">\n<h1 style=\"text-align:center;\"> <font size=\"5\"><font color=\"#e5007e\"><strong> MONOPATINES EL\u00c9CTRICOS &#038; ALQUILERES <\/strong><\/font><\/font><br \/><\/h1>\n<p><img loading=\"lazy\" decoding=\"async\" alt=\"Rome City Tours\" src=\"https:\/\/www.terravision.eu\/wp-content\/blogs.dir\/9\/files\/2023\/02\/rome-ga64b9a33d_1920.jpg\" width=\"500\" height=\"300\">><\/p>\n<div class=\"description\">\n<span class=\"triangle\"><\/span><\/p>\n<p><font size=\"4\"> Discubre la Roma Antigua en un modo diferente: con el monopatin el\u00e9ctrico podr\u00e1s visitor en un modo r\u00e1pido todos los puntos de mayor inter\u00e9s de Roma. \u00a1Respeta el ambiente y divi\u00e9rtete al mismo tiempo!<\/font><\/p>\n<p><a class=\"opener absolute\" href=\" https:\/\/www.terravision.eu\/spagnolo\/city_tour\/alquiler-de-monopatin-electrico-en-roma\/\"><strong><em> ALQUILER DE MONOPATIN EL\u00c9CTRICO <\/em><\/strong><\/a><br \/>\n<span class=\"price\"><span class=\"currency\">\u20ac<\/span>19<span class=\"decimals\">.00<\/span><\/span><\/p>\n<p><a class=\"opener absolute\" href=\" https:\/\/www.terravision.eu\/spagnolo\/city_tour\/tour-barroco-por-roma-en-monopatin-electricco\/\"><strong><em> TOUR BARROCO POR ROMA CON MONOPATIN ELCTRICO<\/em><\/strong><\/a><br \/>\n<span class=\"price\"><span class=\"currency\">\u20ac<\/span>39<span class=\"decimals\">.00<\/span><\/span><\/p>\n<p><a class=\"opener absolute\" href=\" https:\/\/www.terravision.eu\/spagnolo\/city_tour\/tour-barroco-por-roma-con-guia-en-segway-2-horas\/\"><strong><em> TOUR BARROCO CON GU\u00cdA POR ROMA CON SEGWAY<\/em><\/strong><\/a><br \/>\n<span class=\"price\"><span class=\"currency\">\u20ac<\/span>49<span class=\"decimals\">.00<\/span><\/span><\/p>\n<p><a class=\"opener absolute\" href=\" https:\/\/www.terravision.eu\/spagnolo\/city_tour\/tour-imperial-por-roma-en-monopatin-electricco-2-horas\/\"><strong><em> TOUR IMPERIAL POR ROMA CON MONOPATIN EL\u00c9CTRICO<\/em><\/strong><\/a><br \/>\n<span class=\"price\"><span class=\"currency\">\u20ac<\/span>39<span class=\"decimals\">.00<\/span><\/span><\/p>\n<p><a class=\"opener absolute\" href=\" https:\/\/www.terravision.eu\/spagnolo\/city_tour\/tour-imperial-por-roma-en-segway-2-horas\/\"><strong><em> TOUR IMPERIAL POR ROMA CON SEGWAY<\/em><\/strong><\/a><br \/>\n<span class=\"price\"><span class=\"currency\">\u20ac<\/span>49<span class=\"decimals\">.00<\/span><\/span><\/p>\n<div class=\"subtitle\">\n<div class=\"vendor\"> En colaboraci\u00f3n con WE GO TOUR <\/div>\n<\/div>\n<\/li>\n<li class=\"box\">\n<h1 style=\"text-align:center;\"> <font size=\"5\"><font color=\"#e5007e\"><strong> CLASES DE COCINA <\/strong><\/font><\/font><br \/><\/h1>\n<p><img loading=\"lazy\" decoding=\"async\" alt=\"Rome City Tours\" src=\"https:\/\/www.terravision.eu\/wp-content\/blogs.dir\/9\/files\/2022\/09\/corso-pizza_4869_res.jpg\" width=\"500\" height=\"300\">><\/p>\n<div class=\"description\">\n<span class=\"triangle\"><\/span><\/p>\n<p><font size=\"4\"> Diviertete mientras aprendes a cocinar los tipicos platos de la cocina italiana: pizza, pasta, ravioli y  tiramisu guiados por un Chef . El curso es adapto tambi\u00e9n para ni\u00f1os.<\/font><\/p>\n<p><a class=\"opener absolute\" href=\" https:\/\/www.terravision.eu\/spagnolo\/city_tour\/1-hora-pizza-class\/\"><strong><em>1 HORA DE PIZZA CLASS<\/em><\/strong><\/a><br \/>\n<span class=\"price\"><span class=\"currency\">\u20ac<\/span>51<span class=\"decimals\">.00<\/span><\/span><\/p>\n<p><a class=\"opener absolute\" href=\" https:\/\/www.terravision.eu\/spagnolo\/city_tour\/pasta-ravioli-tiramusu-class\/\"><strong><em> PASTA, RAVIOLI, TIRAMISU CLASS<\/em><\/strong><\/a><br \/>\n<span class=\"price\"><span class=\"currency\">\u20ac<\/span>81<span class=\"decimals\">.00<\/span><\/span><\/p>\n<div class=\"subtitle\">\n<div class=\"vendor\">In collaborazione con INSIDEAT <\/div>\n<\/div>\n<\/li>\n<\/ul>\n<\/div>\n","protected":false},"excerpt":{"rendered":"<p>TOURS GRATUITOS EN ROMA > Reserva tu tour gratuito con gu\u00eda en Roma y decides tu cua\u00e1nto quieres pagar. En la mayoria de los tours se aplica la f\u00b4rmula \u201c decide tu cu\u00e1nto quieres pagar\u201d, \u00a1das la propina que quieras al gu\u00eda cuando termine el tour! FREE GUIDED TOUR IN ROME \u20ac0.00 En colaboraci\u00f3n con [&hellip;]<\/p>\n","protected":false},"author":1,"featured_media":0,"parent":8651,"menu_order":0,"comment_status":"open","ping_status":"open","template":"","meta":{"footnotes":""},"class_list":["post-121","page","type-page","status-publish","hentry"],"yoast_head":"<!-- This site is optimized with the Yoast SEO Premium plugin v24.4 (Yoast SEO v24.4) - https:\/\/yoast.com\/wordpress\/plugins\/seo\/ -->\n<title>City Tours de Roma - Bus hop-on hop-off en Roma | Terravision<\/title>\n<meta name=\"description\" content=\"City Tours de Roma. Bus hop-on hop-off en Roma, tour de las Basilicas y pases tur\u00edsticos. \u00a1Reserva online tu tour en bus en Roma y ahorra!\" \/>\n<meta name=\"robots\" content=\"index, follow, max-snippet:-1, max-image-preview:large, max-video-preview:-1\" \/>\n<link rel=\"canonical\" href=\"https:\/\/www.terravision.eu\/spagnolo\/city-tours-europe\/orpnet.html\" \/>\n<meta property=\"og:locale\" content=\"es_ES\" \/>\n<meta property=\"og:type\" content=\"article\" \/>\n<meta property=\"og:title\" content=\"City Tours de Roma\" \/>\n<meta property=\"og:description\" content=\"City Tours de Roma. Bus hop-on hop-off en Roma, tour de las Basilicas y pases tur\u00edsticos. \u00a1Reserva online tu tour en bus en Roma y ahorra!\" \/>\n<meta property=\"og:url\" content=\"https:\/\/www.terravision.eu\/spagnolo\/city-tours-europe\/orpnet.html\" \/>\n<meta property=\"og:site_name\" content=\"Terravision Espa\u00f1a\" \/>\n<meta property=\"article:modified_time\" content=\"2023-03-23T16:26:45+00:00\" \/>\n<meta property=\"og:image\" content=\"https:\/\/www.terravision.eu\/wp-content\/blogs.dir\/9\/files\/2023\/02\/trevi-fountain-g96fc5264b_1920.jpg\" \/>\n<meta name=\"twitter:label1\" content=\"Tiempo de lectura\" \/>\n\t<meta name=\"twitter:data1\" content=\"1 minute\" \/>\n<script type=\"application\/ld+json\" class=\"yoast-schema-graph\">{\"@context\":\"https:\/\/schema.org\",\"@graph\":[{\"@type\":\"WebPage\",\"@id\":\"https:\/\/www.terravision.eu\/spagnolo\/city-tours-europe\/orpnet.html\",\"url\":\"https:\/\/www.terravision.eu\/spagnolo\/city-tours-europe\/orpnet.html\",\"name\":\"City Tours de Roma - Bus hop-on hop-off en Roma | Terravision\",\"isPartOf\":{\"@id\":\"https:\/\/www.terravision.eu\/spagnolo\/#website\"},\"primaryImageOfPage\":{\"@id\":\"https:\/\/www.terravision.eu\/spagnolo\/city-tours-europe\/orpnet.html#primaryimage\"},\"image\":{\"@id\":\"https:\/\/www.terravision.eu\/spagnolo\/city-tours-europe\/orpnet.html#primaryimage\"},\"thumbnailUrl\":\"https:\/\/www.terravision.eu\/wp-content\/blogs.dir\/9\/files\/2023\/02\/trevi-fountain-g96fc5264b_1920.jpg\",\"datePublished\":\"2012-07-16T08:56:18+00:00\",\"dateModified\":\"2023-03-23T16:26:45+00:00\",\"description\":\"City Tours de Roma. Bus hop-on hop-off en Roma, tour de las Basilicas y pases tur\u00edsticos. \u00a1Reserva online tu tour en bus en Roma y ahorra!\",\"breadcrumb\":{\"@id\":\"https:\/\/www.terravision.eu\/spagnolo\/city-tours-europe\/orpnet.html#breadcrumb\"},\"inLanguage\":\"es-ES\",\"potentialAction\":[{\"@type\":\"ReadAction\",\"target\":[\"https:\/\/www.terravision.eu\/spagnolo\/city-tours-europe\/orpnet.html\"]}]},{\"@type\":\"ImageObject\",\"inLanguage\":\"es-ES\",\"@id\":\"https:\/\/www.terravision.eu\/spagnolo\/city-tours-europe\/orpnet.html#primaryimage\",\"url\":\"https:\/\/www.terravision.eu\/wp-content\/blogs.dir\/9\/files\/2023\/02\/trevi-fountain-g96fc5264b_1920.jpg\",\"contentUrl\":\"https:\/\/www.terravision.eu\/wp-content\/blogs.dir\/9\/files\/2023\/02\/trevi-fountain-g96fc5264b_1920.jpg\"},{\"@type\":\"BreadcrumbList\",\"@id\":\"https:\/\/www.terravision.eu\/spagnolo\/city-tours-europe\/orpnet.html#breadcrumb\",\"itemListElement\":[{\"@type\":\"ListItem\",\"position\":1,\"name\":\"Home\",\"item\":\"https:\/\/www.terravision.eu\/spagnolo\/\"},{\"@type\":\"ListItem\",\"position\":2,\"name\":\"City Tours en Europa\",\"item\":\"https:\/\/www.terravision.eu\/spagnolo\/city-tours-europe.html\"},{\"@type\":\"ListItem\",\"position\":3,\"name\":\"City Tours de Roma\"}]},{\"@type\":\"WebSite\",\"@id\":\"https:\/\/www.terravision.eu\/spagnolo\/#website\",\"url\":\"https:\/\/www.terravision.eu\/spagnolo\/\",\"name\":\"Terravision Espa\u00f1a\",\"description\":\"Conexiones low-cost desde\/hacia los principales aeropuertos europeos\",\"potentialAction\":[{\"@type\":\"SearchAction\",\"target\":{\"@type\":\"EntryPoint\",\"urlTemplate\":\"https:\/\/www.terravision.eu\/spagnolo\/?s={search_term_string}\"},\"query-input\":{\"@type\":\"PropertyValueSpecification\",\"valueRequired\":true,\"valueName\":\"search_term_string\"}}],\"inLanguage\":\"es-ES\"}]}<\/script>\n<!-- \/ Yoast SEO Premium plugin. -->","yoast_head_json":{"title":"City Tours de Roma - Bus hop-on hop-off en Roma | Terravision","description":"City Tours de Roma. Bus hop-on hop-off en Roma, tour de las Basilicas y pases tur\u00edsticos. \u00a1Reserva online tu tour en bus en Roma y ahorra!","robots":{"index":"index","follow":"follow","max-snippet":"max-snippet:-1","max-image-preview":"max-image-preview:large","max-video-preview":"max-video-preview:-1"},"canonical":"https:\/\/www.terravision.eu\/spagnolo\/city-tours-europe\/orpnet.html","og_locale":"es_ES","og_type":"article","og_title":"City Tours de Roma","og_description":"City Tours de Roma. Bus hop-on hop-off en Roma, tour de las Basilicas y pases tur\u00edsticos. \u00a1Reserva online tu tour en bus en Roma y ahorra!","og_url":"https:\/\/www.terravision.eu\/spagnolo\/city-tours-europe\/orpnet.html","og_site_name":"Terravision Espa\u00f1a","article_modified_time":"2023-03-23T16:26:45+00:00","og_image":[{"url":"https:\/\/www.terravision.eu\/wp-content\/blogs.dir\/9\/files\/2023\/02\/trevi-fountain-g96fc5264b_1920.jpg","type":"","width":"","height":""}],"twitter_misc":{"Tiempo de lectura":"1 minute"},"schema":{"@context":"https:\/\/schema.org","@graph":[{"@type":"WebPage","@id":"https:\/\/www.terravision.eu\/spagnolo\/city-tours-europe\/orpnet.html","url":"https:\/\/www.terravision.eu\/spagnolo\/city-tours-europe\/orpnet.html","name":"City Tours de Roma - Bus hop-on hop-off en Roma | Terravision","isPartOf":{"@id":"https:\/\/www.terravision.eu\/spagnolo\/#website"},"primaryImageOfPage":{"@id":"https:\/\/www.terravision.eu\/spagnolo\/city-tours-europe\/orpnet.html#primaryimage"},"image":{"@id":"https:\/\/www.terravision.eu\/spagnolo\/city-tours-europe\/orpnet.html#primaryimage"},"thumbnailUrl":"https:\/\/www.terravision.eu\/wp-content\/blogs.dir\/9\/files\/2023\/02\/trevi-fountain-g96fc5264b_1920.jpg","datePublished":"2012-07-16T08:56:18+00:00","dateModified":"2023-03-23T16:26:45+00:00","description":"City Tours de Roma. Bus hop-on hop-off en Roma, tour de las Basilicas y pases tur\u00edsticos. \u00a1Reserva online tu tour en bus en Roma y ahorra!","breadcrumb":{"@id":"https:\/\/www.terravision.eu\/spagnolo\/city-tours-europe\/orpnet.html#breadcrumb"},"inLanguage":"es-ES","potentialAction":[{"@type":"ReadAction","target":["https:\/\/www.terravision.eu\/spagnolo\/city-tours-europe\/orpnet.html"]}]},{"@type":"ImageObject","inLanguage":"es-ES","@id":"https:\/\/www.terravision.eu\/spagnolo\/city-tours-europe\/orpnet.html#primaryimage","url":"https:\/\/www.terravision.eu\/wp-content\/blogs.dir\/9\/files\/2023\/02\/trevi-fountain-g96fc5264b_1920.jpg","contentUrl":"https:\/\/www.terravision.eu\/wp-content\/blogs.dir\/9\/files\/2023\/02\/trevi-fountain-g96fc5264b_1920.jpg"},{"@type":"BreadcrumbList","@id":"https:\/\/www.terravision.eu\/spagnolo\/city-tours-europe\/orpnet.html#breadcrumb","itemListElement":[{"@type":"ListItem","position":1,"name":"Home","item":"https:\/\/www.terravision.eu\/spagnolo\/"},{"@type":"ListItem","position":2,"name":"City Tours en Europa","item":"https:\/\/www.terravision.eu\/spagnolo\/city-tours-europe.html"},{"@type":"ListItem","position":3,"name":"City Tours de Roma"}]},{"@type":"WebSite","@id":"https:\/\/www.terravision.eu\/spagnolo\/#website","url":"https:\/\/www.terravision.eu\/spagnolo\/","name":"Terravision Espa\u00f1a","description":"Conexiones low-cost desde\/hacia los principales aeropuertos europeos","potentialAction":[{"@type":"SearchAction","target":{"@type":"EntryPoint","urlTemplate":"https:\/\/www.terravision.eu\/spagnolo\/?s={search_term_string}"},"query-input":{"@type":"PropertyValueSpecification","valueRequired":true,"valueName":"search_term_string"}}],"inLanguage":"es-ES"}]}},"_links":{"self":[{"href":"https:\/\/www.terravision.eu\/spagnolo\/wp-json\/wp\/v2\/pages\/121","targetHints":{"allow":["GET"]}}],"collection":[{"href":"https:\/\/www.terravision.eu\/spagnolo\/wp-json\/wp\/v2\/pages"}],"about":[{"href":"https:\/\/www.terravision.eu\/spagnolo\/wp-json\/wp\/v2\/types\/page"}],"author":[{"embeddable":true,"href":"https:\/\/www.terravision.eu\/spagnolo\/wp-json\/wp\/v2\/users\/1"}],"replies":[{"embeddable":true,"href":"https:\/\/www.terravision.eu\/spagnolo\/wp-json\/wp\/v2\/comments?post=121"}],"version-history":[{"count":2,"href":"https:\/\/www.terravision.eu\/spagnolo\/wp-json\/wp\/v2\/pages\/121\/revisions"}],"predecessor-version":[{"id":14189,"href":"https:\/\/www.terravision.eu\/spagnolo\/wp-json\/wp\/v2\/pages\/121\/revisions\/14189"}],"up":[{"embeddable":true,"href":"https:\/\/www.terravision.eu\/spagnolo\/wp-json\/wp\/v2\/pages\/8651"}],"wp:attachment":[{"href":"https:\/\/www.terravision.eu\/spagnolo\/wp-json\/wp\/v2\/media?parent=121"}],"curies":[{"name":"wp","href":"https:\/\/api.w.org\/{rel}","templated":true}]}}