{"id":13732,"date":"2020-02-25T10:11:41","date_gmt":"2020-02-25T10:11:41","guid":{"rendered":"https:\/\/www.terravision.eu\/spagnolo\/?page_id=13732"},"modified":"2020-02-25T10:11:41","modified_gmt":"2020-02-25T10:11:41","slug":"deposito-de-equipaje","status":"publish","type":"page","link":"https:\/\/www.terravision.eu\/spagnolo\/deposito-de-equipaje.html","title":{"rendered":"Deposito de equipaje"},"content":{"rendered":"<p>\u00a1Te damos un buen consejo para disfrutar de tu viaje sin tener que ir cargando con el equipaje por la ciudad!<\/p>\n<p>Nuestro colaborador Stow your Bags <a href=\"https:\/\/www.terravision.eu\/wp-content\/blogs.dir\/9\/files\/2020\/02\/logo_syb.jpg\"><img decoding=\"async\" src=\"https:\/\/www.terravision.eu\/wp-content\/blogs.dir\/9\/files\/2020\/02\/logo_syb.jpg\"  class=\"alignnone\" \/><\/a> ofrece un servicio de<strong> casilleros self-service <\/strong> disponibles para unas horas o para periodos m\u00e1s largos, 365 d\u00edas al a\u00f1o.<\/p>\n<p>Los dep\u00f3sitos de equipajes son <strong>seguros y asegurados, <\/strong> vigilados constantemente con un sistema de video vigilancia.\u00a1 En cualquier momento puedes contactar a un operador a trav\u00e9s de un intercomunicador!<\/p>\n<p><font color=\"#1e90ff\"><strong>\u00bfC\u00f3mo funciona? <\/strong><\/font><br \/>\n\u00a1Puedes reservar  online o directamente en el lugar d\u00f3nde est\u00e1n los casilleros!<br \/>\n<strong><a href=\"https:\/\/www.stowyourbags.com\/\">Haz click aqu\u00ed para reservar online<\/a><\/strong><\/p>\n<p>1.\tElija el casilllero en el lugar que prefiera<br \/>\n2.\tIntroduzca la informaci\u00f3n solicitada: hora y fecha de la llegada, duraci\u00f3n, n\u00famero de casilleros que necesita.<br \/>\n3.\tSe puede pagar con t\u00e1rjeta de cr\u00e9dito o PayPal.<br \/>\nEn pocos segundos recibir\u00e1s un correo elctr\u00f3nico de confirmaci\u00f3n y el c\u00f3digo del casillero.. <\/p>\n<p><strong> \u00a1 Tambi\u00e9n puedes reservar  directamente  el dep\u00f3sito de equipaje <\/strong>!<br \/>\nReserva directamente tu casillero mediante la pantalla t\u00e1ctil: selecciona los detalles de tu reserva y procede con el pago mediante t\u00e1rjeta de cr\u00e9dito.<br \/>\nRecibir\u00e1s un correo elctr\u00f3nico que te confirmar\u00e1 la reserva y se te mandar\u00e1 el c\u00f3digo de tu casillero.<\/p>\n<div style=\"border: 1px solid black; outline: 5px dotted red;\">Obten un 5%  de descuento con este c\u00f3digo: <strong>351166<\/strong><\/div>\n<p>\u00a1Listo! &#10004; <\/p>\n<p>Ya puedes empezar tu viaje con las &#8220;manos vac\u00edas &#8221; y sin preocuparte de nada \ud83d\ude0a<\/p>\n<p><a href=\"https:\/\/www.terravision.eu\/wp-content\/blogs.dir\/9\/files\/2020\/02\/yourbags_1.jpg\"><img decoding=\"async\" src=\"https:\/\/www.terravision.eu\/wp-content\/blogs.dir\/9\/files\/2020\/02\/yourbags_1-300x240.jpg\"  class=\"alignnone\" \/> <\/a><a href=\"https:\/\/www.terravision.eu\/wp-content\/blogs.dir\/9\/files\/2020\/02\/yourbags_2.jpg\"><img decoding=\"async\" src=\"https:\/\/www.terravision.eu\/wp-content\/blogs.dir\/9\/files\/2020\/02\/yourbags_2-300x240.jpg\"  class=\"alignnone\" \/><\/a><\/p>\n","protected":false},"excerpt":{"rendered":"<p>\u00a1Te damos un buen consejo para disfrutar de tu viaje sin tener que ir cargando con el equipaje por la ciudad! Nuestro colaborador Stow your Bags ofrece un servicio de casilleros self-service disponibles para unas horas o para periodos m\u00e1s largos, 365 d\u00edas al a\u00f1o. Los dep\u00f3sitos de equipajes son seguros y asegurados, vigilados constantemente [&hellip;]<\/p>\n","protected":false},"author":131,"featured_media":0,"parent":0,"menu_order":0,"comment_status":"closed","ping_status":"closed","template":"","meta":{"footnotes":""},"class_list":["post-13732","page","type-page","status-publish","hentry"],"yoast_head":"<!-- This site is optimized with the Yoast SEO Premium plugin v24.4 (Yoast SEO v24.4) - https:\/\/yoast.com\/wordpress\/plugins\/seo\/ -->\n<title>Deposito de equipaje | Terravision Espa\u00f1a<\/title>\n<meta name=\"robots\" content=\"index, follow, max-snippet:-1, max-image-preview:large, max-video-preview:-1\" \/>\n<link rel=\"canonical\" href=\"https:\/\/www.terravision.eu\/spagnolo\/deposito-de-equipaje.html\" \/>\n<meta property=\"og:locale\" content=\"es_ES\" \/>\n<meta property=\"og:type\" content=\"article\" \/>\n<meta property=\"og:title\" content=\"Deposito de equipaje\" \/>\n<meta property=\"og:description\" content=\"\u00a1Te damos un buen consejo para disfrutar de tu viaje sin tener que ir cargando con el equipaje por la ciudad! Nuestro colaborador Stow your Bags ofrece un servicio de casilleros self-service disponibles para unas horas o para periodos m\u00e1s largos, 365 d\u00edas al a\u00f1o. Los dep\u00f3sitos de equipajes son seguros y asegurados, vigilados constantemente [&hellip;]\" \/>\n<meta property=\"og:url\" content=\"https:\/\/www.terravision.eu\/spagnolo\/deposito-de-equipaje.html\" \/>\n<meta property=\"og:site_name\" content=\"Terravision Espa\u00f1a\" \/>\n<meta property=\"og:image\" content=\"https:\/\/www.terravision.eu\/wp-content\/blogs.dir\/9\/files\/2020\/02\/logo_syb.jpg\" \/>\n<meta name=\"twitter:label1\" content=\"Tiempo de lectura\" \/>\n\t<meta name=\"twitter:data1\" content=\"1 minute\" \/>\n<script type=\"application\/ld+json\" class=\"yoast-schema-graph\">{\"@context\":\"https:\/\/schema.org\",\"@graph\":[{\"@type\":\"WebPage\",\"@id\":\"https:\/\/www.terravision.eu\/spagnolo\/deposito-de-equipaje.html\",\"url\":\"https:\/\/www.terravision.eu\/spagnolo\/deposito-de-equipaje.html\",\"name\":\"Deposito de equipaje | Terravision Espa\u00f1a\",\"isPartOf\":{\"@id\":\"https:\/\/www.terravision.eu\/spagnolo\/#website\"},\"primaryImageOfPage\":{\"@id\":\"https:\/\/www.terravision.eu\/spagnolo\/deposito-de-equipaje.html#primaryimage\"},\"image\":{\"@id\":\"https:\/\/www.terravision.eu\/spagnolo\/deposito-de-equipaje.html#primaryimage\"},\"thumbnailUrl\":\"https:\/\/www.terravision.eu\/wp-content\/blogs.dir\/9\/files\/2020\/02\/logo_syb.jpg\",\"datePublished\":\"2020-02-25T10:11:41+00:00\",\"breadcrumb\":{\"@id\":\"https:\/\/www.terravision.eu\/spagnolo\/deposito-de-equipaje.html#breadcrumb\"},\"inLanguage\":\"es-ES\",\"potentialAction\":[{\"@type\":\"ReadAction\",\"target\":[\"https:\/\/www.terravision.eu\/spagnolo\/deposito-de-equipaje.html\"]}]},{\"@type\":\"ImageObject\",\"inLanguage\":\"es-ES\",\"@id\":\"https:\/\/www.terravision.eu\/spagnolo\/deposito-de-equipaje.html#primaryimage\",\"url\":\"https:\/\/www.terravision.eu\/wp-content\/blogs.dir\/9\/files\/2020\/02\/logo_syb.jpg\",\"contentUrl\":\"https:\/\/www.terravision.eu\/wp-content\/blogs.dir\/9\/files\/2020\/02\/logo_syb.jpg\"},{\"@type\":\"BreadcrumbList\",\"@id\":\"https:\/\/www.terravision.eu\/spagnolo\/deposito-de-equipaje.html#breadcrumb\",\"itemListElement\":[{\"@type\":\"ListItem\",\"position\":1,\"name\":\"Home\",\"item\":\"https:\/\/www.terravision.eu\/spagnolo\/\"},{\"@type\":\"ListItem\",\"position\":2,\"name\":\"Deposito de equipaje\"}]},{\"@type\":\"WebSite\",\"@id\":\"https:\/\/www.terravision.eu\/spagnolo\/#website\",\"url\":\"https:\/\/www.terravision.eu\/spagnolo\/\",\"name\":\"Terravision Espa\u00f1a\",\"description\":\"Conexiones low-cost desde\/hacia los principales aeropuertos europeos\",\"potentialAction\":[{\"@type\":\"SearchAction\",\"target\":{\"@type\":\"EntryPoint\",\"urlTemplate\":\"https:\/\/www.terravision.eu\/spagnolo\/?s={search_term_string}\"},\"query-input\":{\"@type\":\"PropertyValueSpecification\",\"valueRequired\":true,\"valueName\":\"search_term_string\"}}],\"inLanguage\":\"es-ES\"}]}<\/script>\n<!-- \/ Yoast SEO Premium plugin. -->","yoast_head_json":{"title":"Deposito de equipaje | Terravision Espa\u00f1a","robots":{"index":"index","follow":"follow","max-snippet":"max-snippet:-1","max-image-preview":"max-image-preview:large","max-video-preview":"max-video-preview:-1"},"canonical":"https:\/\/www.terravision.eu\/spagnolo\/deposito-de-equipaje.html","og_locale":"es_ES","og_type":"article","og_title":"Deposito de equipaje","og_description":"\u00a1Te damos un buen consejo para disfrutar de tu viaje sin tener que ir cargando con el equipaje por la ciudad! Nuestro colaborador Stow your Bags ofrece un servicio de casilleros self-service disponibles para unas horas o para periodos m\u00e1s largos, 365 d\u00edas al a\u00f1o. Los dep\u00f3sitos de equipajes son seguros y asegurados, vigilados constantemente [&hellip;]","og_url":"https:\/\/www.terravision.eu\/spagnolo\/deposito-de-equipaje.html","og_site_name":"Terravision Espa\u00f1a","og_image":[{"url":"https:\/\/www.terravision.eu\/wp-content\/blogs.dir\/9\/files\/2020\/02\/logo_syb.jpg","type":"","width":"","height":""}],"twitter_misc":{"Tiempo de lectura":"1 minute"},"schema":{"@context":"https:\/\/schema.org","@graph":[{"@type":"WebPage","@id":"https:\/\/www.terravision.eu\/spagnolo\/deposito-de-equipaje.html","url":"https:\/\/www.terravision.eu\/spagnolo\/deposito-de-equipaje.html","name":"Deposito de equipaje | Terravision Espa\u00f1a","isPartOf":{"@id":"https:\/\/www.terravision.eu\/spagnolo\/#website"},"primaryImageOfPage":{"@id":"https:\/\/www.terravision.eu\/spagnolo\/deposito-de-equipaje.html#primaryimage"},"image":{"@id":"https:\/\/www.terravision.eu\/spagnolo\/deposito-de-equipaje.html#primaryimage"},"thumbnailUrl":"https:\/\/www.terravision.eu\/wp-content\/blogs.dir\/9\/files\/2020\/02\/logo_syb.jpg","datePublished":"2020-02-25T10:11:41+00:00","breadcrumb":{"@id":"https:\/\/www.terravision.eu\/spagnolo\/deposito-de-equipaje.html#breadcrumb"},"inLanguage":"es-ES","potentialAction":[{"@type":"ReadAction","target":["https:\/\/www.terravision.eu\/spagnolo\/deposito-de-equipaje.html"]}]},{"@type":"ImageObject","inLanguage":"es-ES","@id":"https:\/\/www.terravision.eu\/spagnolo\/deposito-de-equipaje.html#primaryimage","url":"https:\/\/www.terravision.eu\/wp-content\/blogs.dir\/9\/files\/2020\/02\/logo_syb.jpg","contentUrl":"https:\/\/www.terravision.eu\/wp-content\/blogs.dir\/9\/files\/2020\/02\/logo_syb.jpg"},{"@type":"BreadcrumbList","@id":"https:\/\/www.terravision.eu\/spagnolo\/deposito-de-equipaje.html#breadcrumb","itemListElement":[{"@type":"ListItem","position":1,"name":"Home","item":"https:\/\/www.terravision.eu\/spagnolo\/"},{"@type":"ListItem","position":2,"name":"Deposito de equipaje"}]},{"@type":"WebSite","@id":"https:\/\/www.terravision.eu\/spagnolo\/#website","url":"https:\/\/www.terravision.eu\/spagnolo\/","name":"Terravision Espa\u00f1a","description":"Conexiones low-cost desde\/hacia los principales aeropuertos europeos","potentialAction":[{"@type":"SearchAction","target":{"@type":"EntryPoint","urlTemplate":"https:\/\/www.terravision.eu\/spagnolo\/?s={search_term_string}"},"query-input":{"@type":"PropertyValueSpecification","valueRequired":true,"valueName":"search_term_string"}}],"inLanguage":"es-ES"}]}},"_links":{"self":[{"href":"https:\/\/www.terravision.eu\/spagnolo\/wp-json\/wp\/v2\/pages\/13732","targetHints":{"allow":["GET"]}}],"collection":[{"href":"https:\/\/www.terravision.eu\/spagnolo\/wp-json\/wp\/v2\/pages"}],"about":[{"href":"https:\/\/www.terravision.eu\/spagnolo\/wp-json\/wp\/v2\/types\/page"}],"author":[{"embeddable":true,"href":"https:\/\/www.terravision.eu\/spagnolo\/wp-json\/wp\/v2\/users\/131"}],"replies":[{"embeddable":true,"href":"https:\/\/www.terravision.eu\/spagnolo\/wp-json\/wp\/v2\/comments?post=13732"}],"version-history":[{"count":2,"href":"https:\/\/www.terravision.eu\/spagnolo\/wp-json\/wp\/v2\/pages\/13732\/revisions"}],"predecessor-version":[{"id":13734,"href":"https:\/\/www.terravision.eu\/spagnolo\/wp-json\/wp\/v2\/pages\/13732\/revisions\/13734"}],"wp:attachment":[{"href":"https:\/\/www.terravision.eu\/spagnolo\/wp-json\/wp\/v2\/media?parent=13732"}],"curies":[{"name":"wp","href":"https:\/\/api.w.org\/{rel}","templated":true}]}}