{"id":14498,"date":"2024-10-03T13:19:48","date_gmt":"2024-10-03T13:19:48","guid":{"rendered":"https:\/\/www.terravision.eu\/spagnolo\/?page_id=14498"},"modified":"2024-10-10T09:02:08","modified_gmt":"2024-10-10T09:02:08","slug":"viaja-con-terravision-de-forma-ecologica","status":"publish","type":"page","link":"https:\/\/www.terravision.eu\/spagnolo\/viaja-con-terravision-de-forma-ecologica.html","title":{"rendered":"Viaja con Terravision de forma ecol\u00f3gica"},"content":{"rendered":"<p><a href=\"https:\/\/www.terravision.eu\/italiano\/files\/2023\/04\/Protect-Environment_canva.png\"><img loading=\"lazy\" decoding=\"async\" class=\"alignnone\" src=\"https:\/\/www.terravision.eu\/italiano\/files\/2023\/04\/Protect-Environment_canva.png\" width=\"800\" height=\"671\" \/><\/a><\/p>\n<p>&nbsp;<\/p>\n<p>&nbsp;<\/p>\n<p><strong>Viaja con Terravision de forma ecol\u00f3gica<\/strong><\/p>\n<p>\u00bfSab\u00edas que si viajas con Terravision contribuyes a reducir el impacto\u00a0 negativo medio ambiental de los medios de transporte?<\/p>\n<p>Viajar implica moverse, para ellos se require un medio de transporte. Lamentablemente, el transporte contribuye a la contaminaci\u00f3n atmosf\u00e9rica a trav\u00e9s de la contaminaci\u00f3n ac\u00fastica, de los humos de los tubos de escape, con la congestion del tr\u00e1fico, con los accidents, con la emission de part\u00edculas finas, siendo todo ello una de las amenazas m\u00e1s peligorsas para nuestro medio ambiente.<\/p>\n<p>\u00bfC\u00f3mo podemos contribuir para resolver este problema si queremos seguir viajando ( incluso a largas distancias)y al mismo tiempo respetar el medio ambiente?<\/p>\n<p>La respuesta es viajar de la forma m\u00e1s ecol\u00f3gica posible y ser consciente que todos podemos dejar de forma individual un impacto medioambiental. La primera cosa eue Podemos hacer es optar por el transporte p\u00fablico. Al compartir tu viaje con otros pasajeros, reduces el n\u00famero de veh\u00edculos en la carretera, disminuyendo as\u00ed la contaminaci\u00f3n. \u00a1Si intervenimos todos con peque\u00f1as acciones ello ayuda a marcar la diferencia!<\/p>\n<p><strong><span style=\"font-size: x-large;\"><span style=\"color: #32a836;\">Ir al aeropuerto en autob\u00fas: es una elecci\u00f3n responsable con la que se ahorra CO2.<\/span><\/span><\/strong><\/p>\n<p>Los dr\u00e1sticos cambios clim\u00e1ticos que se est\u00e1n produciendo a nivel mundial afectar\u00e1n cada vez m\u00e1s a la sociedad, desde el estilo de vida hasta la movilidad. Ante este preocupante panorama, es necesario que ayudemos de forma colectiva en vez de quedarnos sin actuar. \u00a0Muchos de estos problemas se puede ir solucionado con la adopci\u00f3n de conductas responsables, como lo\u00a0 recomiendan ampliamente los expertos en la materia. Si desea leer el art\u00edculo completo vaya al enlace &gt;&gt;&gt;( link pdf)<\/p>\n","protected":false},"excerpt":{"rendered":"<p>&nbsp; &nbsp; Viaja con Terravision de forma ecol\u00f3gica \u00bfSab\u00edas que si viajas con Terravision contribuyes a reducir el impacto\u00a0 negativo medio ambiental de los medios de transporte? Viajar implica moverse, para ellos se require un medio de transporte. Lamentablemente, el transporte contribuye a la contaminaci\u00f3n atmosf\u00e9rica a trav\u00e9s de la contaminaci\u00f3n ac\u00fastica, de los humos [&hellip;]<\/p>\n","protected":false},"author":135,"featured_media":0,"parent":0,"menu_order":0,"comment_status":"closed","ping_status":"closed","template":"","meta":{"footnotes":""},"class_list":["post-14498","page","type-page","status-publish","hentry"],"yoast_head":"<!-- This site is optimized with the Yoast SEO Premium plugin v24.4 (Yoast SEO v24.4) - https:\/\/yoast.com\/wordpress\/plugins\/seo\/ -->\n<title>Viaja con Terravision de forma ecol\u00f3gica | Terravision Espa\u00f1a<\/title>\n<meta name=\"robots\" content=\"index, follow, max-snippet:-1, max-image-preview:large, max-video-preview:-1\" \/>\n<link rel=\"canonical\" href=\"https:\/\/www.terravision.eu\/spagnolo\/viaja-con-terravision-de-forma-ecologica.html\" \/>\n<meta property=\"og:locale\" content=\"es_ES\" \/>\n<meta property=\"og:type\" content=\"article\" \/>\n<meta property=\"og:title\" content=\"Viaja con Terravision de forma ecol\u00f3gica\" \/>\n<meta property=\"og:description\" content=\"&nbsp; &nbsp; Viaja con Terravision de forma ecol\u00f3gica \u00bfSab\u00edas que si viajas con Terravision contribuyes a reducir el impacto\u00a0 negativo medio ambiental de los medios de transporte? Viajar implica moverse, para ellos se require un medio de transporte. Lamentablemente, el transporte contribuye a la contaminaci\u00f3n atmosf\u00e9rica a trav\u00e9s de la contaminaci\u00f3n ac\u00fastica, de los humos [&hellip;]\" \/>\n<meta property=\"og:url\" content=\"https:\/\/www.terravision.eu\/spagnolo\/viaja-con-terravision-de-forma-ecologica.html\" \/>\n<meta property=\"og:site_name\" content=\"Terravision Espa\u00f1a\" \/>\n<meta property=\"article:modified_time\" content=\"2024-10-10T09:02:08+00:00\" \/>\n<meta property=\"og:image\" content=\"https:\/\/www.terravision.eu\/italiano\/files\/2023\/04\/Protect-Environment_canva.png\" \/>\n<meta name=\"twitter:label1\" content=\"Tiempo de lectura\" \/>\n\t<meta name=\"twitter:data1\" content=\"1 minute\" \/>\n<script type=\"application\/ld+json\" class=\"yoast-schema-graph\">{\"@context\":\"https:\/\/schema.org\",\"@graph\":[{\"@type\":\"WebPage\",\"@id\":\"https:\/\/www.terravision.eu\/spagnolo\/viaja-con-terravision-de-forma-ecologica.html\",\"url\":\"https:\/\/www.terravision.eu\/spagnolo\/viaja-con-terravision-de-forma-ecologica.html\",\"name\":\"Viaja con Terravision de forma ecol\u00f3gica | Terravision Espa\u00f1a\",\"isPartOf\":{\"@id\":\"https:\/\/www.terravision.eu\/spagnolo\/#website\"},\"primaryImageOfPage\":{\"@id\":\"https:\/\/www.terravision.eu\/spagnolo\/viaja-con-terravision-de-forma-ecologica.html#primaryimage\"},\"image\":{\"@id\":\"https:\/\/www.terravision.eu\/spagnolo\/viaja-con-terravision-de-forma-ecologica.html#primaryimage\"},\"thumbnailUrl\":\"https:\/\/www.terravision.eu\/italiano\/files\/2023\/04\/Protect-Environment_canva.png\",\"datePublished\":\"2024-10-03T13:19:48+00:00\",\"dateModified\":\"2024-10-10T09:02:08+00:00\",\"breadcrumb\":{\"@id\":\"https:\/\/www.terravision.eu\/spagnolo\/viaja-con-terravision-de-forma-ecologica.html#breadcrumb\"},\"inLanguage\":\"es-ES\",\"potentialAction\":[{\"@type\":\"ReadAction\",\"target\":[\"https:\/\/www.terravision.eu\/spagnolo\/viaja-con-terravision-de-forma-ecologica.html\"]}]},{\"@type\":\"ImageObject\",\"inLanguage\":\"es-ES\",\"@id\":\"https:\/\/www.terravision.eu\/spagnolo\/viaja-con-terravision-de-forma-ecologica.html#primaryimage\",\"url\":\"https:\/\/www.terravision.eu\/italiano\/files\/2023\/04\/Protect-Environment_canva.png\",\"contentUrl\":\"https:\/\/www.terravision.eu\/italiano\/files\/2023\/04\/Protect-Environment_canva.png\"},{\"@type\":\"BreadcrumbList\",\"@id\":\"https:\/\/www.terravision.eu\/spagnolo\/viaja-con-terravision-de-forma-ecologica.html#breadcrumb\",\"itemListElement\":[{\"@type\":\"ListItem\",\"position\":1,\"name\":\"Home\",\"item\":\"https:\/\/www.terravision.eu\/spagnolo\/\"},{\"@type\":\"ListItem\",\"position\":2,\"name\":\"Viaja con Terravision de forma ecol\u00f3gica\"}]},{\"@type\":\"WebSite\",\"@id\":\"https:\/\/www.terravision.eu\/spagnolo\/#website\",\"url\":\"https:\/\/www.terravision.eu\/spagnolo\/\",\"name\":\"Terravision Espa\u00f1a\",\"description\":\"Conexiones low-cost desde\/hacia los principales aeropuertos europeos\",\"potentialAction\":[{\"@type\":\"SearchAction\",\"target\":{\"@type\":\"EntryPoint\",\"urlTemplate\":\"https:\/\/www.terravision.eu\/spagnolo\/?s={search_term_string}\"},\"query-input\":{\"@type\":\"PropertyValueSpecification\",\"valueRequired\":true,\"valueName\":\"search_term_string\"}}],\"inLanguage\":\"es-ES\"}]}<\/script>\n<!-- \/ Yoast SEO Premium plugin. -->","yoast_head_json":{"title":"Viaja con Terravision de forma ecol\u00f3gica | Terravision Espa\u00f1a","robots":{"index":"index","follow":"follow","max-snippet":"max-snippet:-1","max-image-preview":"max-image-preview:large","max-video-preview":"max-video-preview:-1"},"canonical":"https:\/\/www.terravision.eu\/spagnolo\/viaja-con-terravision-de-forma-ecologica.html","og_locale":"es_ES","og_type":"article","og_title":"Viaja con Terravision de forma ecol\u00f3gica","og_description":"&nbsp; &nbsp; Viaja con Terravision de forma ecol\u00f3gica \u00bfSab\u00edas que si viajas con Terravision contribuyes a reducir el impacto\u00a0 negativo medio ambiental de los medios de transporte? Viajar implica moverse, para ellos se require un medio de transporte. Lamentablemente, el transporte contribuye a la contaminaci\u00f3n atmosf\u00e9rica a trav\u00e9s de la contaminaci\u00f3n ac\u00fastica, de los humos [&hellip;]","og_url":"https:\/\/www.terravision.eu\/spagnolo\/viaja-con-terravision-de-forma-ecologica.html","og_site_name":"Terravision Espa\u00f1a","article_modified_time":"2024-10-10T09:02:08+00:00","og_image":[{"url":"https:\/\/www.terravision.eu\/italiano\/files\/2023\/04\/Protect-Environment_canva.png","type":"","width":"","height":""}],"twitter_misc":{"Tiempo de lectura":"1 minute"},"schema":{"@context":"https:\/\/schema.org","@graph":[{"@type":"WebPage","@id":"https:\/\/www.terravision.eu\/spagnolo\/viaja-con-terravision-de-forma-ecologica.html","url":"https:\/\/www.terravision.eu\/spagnolo\/viaja-con-terravision-de-forma-ecologica.html","name":"Viaja con Terravision de forma ecol\u00f3gica | Terravision Espa\u00f1a","isPartOf":{"@id":"https:\/\/www.terravision.eu\/spagnolo\/#website"},"primaryImageOfPage":{"@id":"https:\/\/www.terravision.eu\/spagnolo\/viaja-con-terravision-de-forma-ecologica.html#primaryimage"},"image":{"@id":"https:\/\/www.terravision.eu\/spagnolo\/viaja-con-terravision-de-forma-ecologica.html#primaryimage"},"thumbnailUrl":"https:\/\/www.terravision.eu\/italiano\/files\/2023\/04\/Protect-Environment_canva.png","datePublished":"2024-10-03T13:19:48+00:00","dateModified":"2024-10-10T09:02:08+00:00","breadcrumb":{"@id":"https:\/\/www.terravision.eu\/spagnolo\/viaja-con-terravision-de-forma-ecologica.html#breadcrumb"},"inLanguage":"es-ES","potentialAction":[{"@type":"ReadAction","target":["https:\/\/www.terravision.eu\/spagnolo\/viaja-con-terravision-de-forma-ecologica.html"]}]},{"@type":"ImageObject","inLanguage":"es-ES","@id":"https:\/\/www.terravision.eu\/spagnolo\/viaja-con-terravision-de-forma-ecologica.html#primaryimage","url":"https:\/\/www.terravision.eu\/italiano\/files\/2023\/04\/Protect-Environment_canva.png","contentUrl":"https:\/\/www.terravision.eu\/italiano\/files\/2023\/04\/Protect-Environment_canva.png"},{"@type":"BreadcrumbList","@id":"https:\/\/www.terravision.eu\/spagnolo\/viaja-con-terravision-de-forma-ecologica.html#breadcrumb","itemListElement":[{"@type":"ListItem","position":1,"name":"Home","item":"https:\/\/www.terravision.eu\/spagnolo\/"},{"@type":"ListItem","position":2,"name":"Viaja con Terravision de forma ecol\u00f3gica"}]},{"@type":"WebSite","@id":"https:\/\/www.terravision.eu\/spagnolo\/#website","url":"https:\/\/www.terravision.eu\/spagnolo\/","name":"Terravision Espa\u00f1a","description":"Conexiones low-cost desde\/hacia los principales aeropuertos europeos","potentialAction":[{"@type":"SearchAction","target":{"@type":"EntryPoint","urlTemplate":"https:\/\/www.terravision.eu\/spagnolo\/?s={search_term_string}"},"query-input":{"@type":"PropertyValueSpecification","valueRequired":true,"valueName":"search_term_string"}}],"inLanguage":"es-ES"}]}},"_links":{"self":[{"href":"https:\/\/www.terravision.eu\/spagnolo\/wp-json\/wp\/v2\/pages\/14498","targetHints":{"allow":["GET"]}}],"collection":[{"href":"https:\/\/www.terravision.eu\/spagnolo\/wp-json\/wp\/v2\/pages"}],"about":[{"href":"https:\/\/www.terravision.eu\/spagnolo\/wp-json\/wp\/v2\/types\/page"}],"author":[{"embeddable":true,"href":"https:\/\/www.terravision.eu\/spagnolo\/wp-json\/wp\/v2\/users\/135"}],"replies":[{"embeddable":true,"href":"https:\/\/www.terravision.eu\/spagnolo\/wp-json\/wp\/v2\/comments?post=14498"}],"version-history":[{"count":1,"href":"https:\/\/www.terravision.eu\/spagnolo\/wp-json\/wp\/v2\/pages\/14498\/revisions"}],"predecessor-version":[{"id":14499,"href":"https:\/\/www.terravision.eu\/spagnolo\/wp-json\/wp\/v2\/pages\/14498\/revisions\/14499"}],"wp:attachment":[{"href":"https:\/\/www.terravision.eu\/spagnolo\/wp-json\/wp\/v2\/media?parent=14498"}],"curies":[{"name":"wp","href":"https:\/\/api.w.org\/{rel}","templated":true}]}}