{"id":170,"date":"2012-08-09T13:08:02","date_gmt":"2012-08-09T13:08:02","guid":{"rendered":"https:\/\/www.terravision.eu\/how-to-get-to-london\/"},"modified":"2020-04-01T05:36:53","modified_gmt":"2020-04-01T05:36:53","slug":"como_llegar_londres","status":"publish","type":"page","link":"https:\/\/www.terravision.eu\/spagnolo\/como_llegar_londres.html","title":{"rendered":"C\u00f3mo llegar a Londres"},"content":{"rendered":"<p><strong>En avi\u00f3n<\/strong> Desde los distintos puntos de Europa o del mundo se puede llegar hasta Londres en avi\u00f3n , eligiendo uno de sus aeropuertos como: &#8211; Los aeropuertos Internacionales de Heathrow o Gatwick &#8211; Los aeropuertos Lowcost de Luton o Stransted <strong>En coche<\/strong> Llegar hasta Londres en coche es f\u00e1cil gracias a su desarrollado sistema de autopistas como son : M1- M2 \u2013 M3 \u2013 M4 \u2013 M11 \u2013 M20 \u2013 M23 \u2013 M25 y la M40 y las llamadas A-roads. Cada una de ellas ofrece un f\u00e1cil acceso a la ciudad. <strong>En tren<\/strong> Si se viene desde Europa : Eurostar y Eurotunnel Si por el contrario los desplazamientos son en el interior del Reino Unido, Gales o Escocia encontrar\u00e1s un sistema ferroviario excepcional muy a la vanguardia. Distancia respecto a las principales ciudades: &#8211; Birmingham: 1 hora y 30 minutos &#8211; Manchester: 2 horas y 15 minutos &#8211; Newcastle: 3 horas &#8211; Edinburgo: 4 horas y30 minutos &#8211; Glasgow: 5 horas <strong>En barco<\/strong> Tambi\u00e9n se puede llegar hasta Londre con el transporte mar\u00edtimo, junto los desplazamientos necesarios en tren o autob\u00fas para llegar desde la costa hasta el centro de la ciudad. Los nombre m\u00e1s conocidos en el sector mar\u00edtimo son: Dover, Folkestone, Harwich, Ramsgate, Newhaven. <strong>Consejos para un viaje lowcost<\/strong> Compra la Oyster Card cuando llegues a Londres, de esta forma, conseguir\u00e1s ahorrar tiempo y dinero a diario en los transportes urbanos, ya sean autobuses o en el metro.<\/p>\n","protected":false},"excerpt":{"rendered":"<p>En avi\u00f3n Desde los distintos puntos de Europa o del mundo se puede llegar hasta Londres en avi\u00f3n , eligiendo uno de sus aeropuertos como: &#8211; Los aeropuertos Internacionales de Heathrow o Gatwick &#8211; Los aeropuertos Lowcost de Luton o Stransted En coche Llegar hasta Londres en coche es f\u00e1cil gracias a su desarrollado sistema [&hellip;]<\/p>\n","protected":false},"author":1,"featured_media":0,"parent":0,"menu_order":0,"comment_status":"open","ping_status":"open","template":"","meta":{"footnotes":""},"class_list":["post-170","page","type-page","status-publish","hentry"],"yoast_head":"<!-- This site is optimized with the Yoast SEO Premium plugin v24.4 (Yoast SEO v24.4) - https:\/\/yoast.com\/wordpress\/plugins\/seo\/ -->\n<title>C\u00f3mo llegar a Londres | Terravision<\/title>\n<meta name=\"description\" content=\"C\u00f3mo llegar a Londres. Informaci\u00f3n sobre c\u00f3mo llegar a Londres en avi\u00f3n, tren, coche o autobus; las soluciones m\u00e1s r\u00e1pidas y econ\u00f3micas.\" \/>\n<meta name=\"robots\" content=\"index, follow, max-snippet:-1, max-image-preview:large, max-video-preview:-1\" \/>\n<link rel=\"canonical\" href=\"https:\/\/www.terravision.eu\/spagnolo\/como_llegar_londres.html\" \/>\n<meta property=\"og:locale\" content=\"es_ES\" \/>\n<meta property=\"og:type\" content=\"article\" \/>\n<meta property=\"og:title\" content=\"C\u00f3mo llegar a Londres\" \/>\n<meta property=\"og:description\" content=\"C\u00f3mo llegar a Londres. Informaci\u00f3n sobre c\u00f3mo llegar a Londres en avi\u00f3n, tren, coche o autobus; las soluciones m\u00e1s r\u00e1pidas y econ\u00f3micas.\" \/>\n<meta property=\"og:url\" content=\"https:\/\/www.terravision.eu\/spagnolo\/como_llegar_londres.html\" \/>\n<meta property=\"og:site_name\" content=\"Terravision Espa\u00f1a\" \/>\n<meta property=\"article:modified_time\" content=\"2020-04-01T05:36:53+00:00\" \/>\n<meta name=\"twitter:label1\" content=\"Tiempo de lectura\" \/>\n\t<meta name=\"twitter:data1\" content=\"1 minute\" \/>\n<script type=\"application\/ld+json\" class=\"yoast-schema-graph\">{\"@context\":\"https:\/\/schema.org\",\"@graph\":[{\"@type\":\"WebPage\",\"@id\":\"https:\/\/www.terravision.eu\/spagnolo\/como_llegar_londres.html\",\"url\":\"https:\/\/www.terravision.eu\/spagnolo\/como_llegar_londres.html\",\"name\":\"C\u00f3mo llegar a Londres | Terravision\",\"isPartOf\":{\"@id\":\"https:\/\/www.terravision.eu\/spagnolo\/#website\"},\"datePublished\":\"2012-08-09T13:08:02+00:00\",\"dateModified\":\"2020-04-01T05:36:53+00:00\",\"description\":\"C\u00f3mo llegar a Londres. Informaci\u00f3n sobre c\u00f3mo llegar a Londres en avi\u00f3n, tren, coche o autobus; las soluciones m\u00e1s r\u00e1pidas y econ\u00f3micas.\",\"breadcrumb\":{\"@id\":\"https:\/\/www.terravision.eu\/spagnolo\/como_llegar_londres.html#breadcrumb\"},\"inLanguage\":\"es-ES\",\"potentialAction\":[{\"@type\":\"ReadAction\",\"target\":[\"https:\/\/www.terravision.eu\/spagnolo\/como_llegar_londres.html\"]}]},{\"@type\":\"BreadcrumbList\",\"@id\":\"https:\/\/www.terravision.eu\/spagnolo\/como_llegar_londres.html#breadcrumb\",\"itemListElement\":[{\"@type\":\"ListItem\",\"position\":1,\"name\":\"Home\",\"item\":\"https:\/\/www.terravision.eu\/spagnolo\/\"},{\"@type\":\"ListItem\",\"position\":2,\"name\":\"C\u00f3mo llegar a Londres\"}]},{\"@type\":\"WebSite\",\"@id\":\"https:\/\/www.terravision.eu\/spagnolo\/#website\",\"url\":\"https:\/\/www.terravision.eu\/spagnolo\/\",\"name\":\"Terravision Espa\u00f1a\",\"description\":\"Conexiones low-cost desde\/hacia los principales aeropuertos europeos\",\"potentialAction\":[{\"@type\":\"SearchAction\",\"target\":{\"@type\":\"EntryPoint\",\"urlTemplate\":\"https:\/\/www.terravision.eu\/spagnolo\/?s={search_term_string}\"},\"query-input\":{\"@type\":\"PropertyValueSpecification\",\"valueRequired\":true,\"valueName\":\"search_term_string\"}}],\"inLanguage\":\"es-ES\"}]}<\/script>\n<!-- \/ Yoast SEO Premium plugin. -->","yoast_head_json":{"title":"C\u00f3mo llegar a Londres | Terravision","description":"C\u00f3mo llegar a Londres. Informaci\u00f3n sobre c\u00f3mo llegar a Londres en avi\u00f3n, tren, coche o autobus; las soluciones m\u00e1s r\u00e1pidas y econ\u00f3micas.","robots":{"index":"index","follow":"follow","max-snippet":"max-snippet:-1","max-image-preview":"max-image-preview:large","max-video-preview":"max-video-preview:-1"},"canonical":"https:\/\/www.terravision.eu\/spagnolo\/como_llegar_londres.html","og_locale":"es_ES","og_type":"article","og_title":"C\u00f3mo llegar a Londres","og_description":"C\u00f3mo llegar a Londres. Informaci\u00f3n sobre c\u00f3mo llegar a Londres en avi\u00f3n, tren, coche o autobus; las soluciones m\u00e1s r\u00e1pidas y econ\u00f3micas.","og_url":"https:\/\/www.terravision.eu\/spagnolo\/como_llegar_londres.html","og_site_name":"Terravision Espa\u00f1a","article_modified_time":"2020-04-01T05:36:53+00:00","twitter_misc":{"Tiempo de lectura":"1 minute"},"schema":{"@context":"https:\/\/schema.org","@graph":[{"@type":"WebPage","@id":"https:\/\/www.terravision.eu\/spagnolo\/como_llegar_londres.html","url":"https:\/\/www.terravision.eu\/spagnolo\/como_llegar_londres.html","name":"C\u00f3mo llegar a Londres | Terravision","isPartOf":{"@id":"https:\/\/www.terravision.eu\/spagnolo\/#website"},"datePublished":"2012-08-09T13:08:02+00:00","dateModified":"2020-04-01T05:36:53+00:00","description":"C\u00f3mo llegar a Londres. Informaci\u00f3n sobre c\u00f3mo llegar a Londres en avi\u00f3n, tren, coche o autobus; las soluciones m\u00e1s r\u00e1pidas y econ\u00f3micas.","breadcrumb":{"@id":"https:\/\/www.terravision.eu\/spagnolo\/como_llegar_londres.html#breadcrumb"},"inLanguage":"es-ES","potentialAction":[{"@type":"ReadAction","target":["https:\/\/www.terravision.eu\/spagnolo\/como_llegar_londres.html"]}]},{"@type":"BreadcrumbList","@id":"https:\/\/www.terravision.eu\/spagnolo\/como_llegar_londres.html#breadcrumb","itemListElement":[{"@type":"ListItem","position":1,"name":"Home","item":"https:\/\/www.terravision.eu\/spagnolo\/"},{"@type":"ListItem","position":2,"name":"C\u00f3mo llegar a Londres"}]},{"@type":"WebSite","@id":"https:\/\/www.terravision.eu\/spagnolo\/#website","url":"https:\/\/www.terravision.eu\/spagnolo\/","name":"Terravision Espa\u00f1a","description":"Conexiones low-cost desde\/hacia los principales aeropuertos europeos","potentialAction":[{"@type":"SearchAction","target":{"@type":"EntryPoint","urlTemplate":"https:\/\/www.terravision.eu\/spagnolo\/?s={search_term_string}"},"query-input":{"@type":"PropertyValueSpecification","valueRequired":true,"valueName":"search_term_string"}}],"inLanguage":"es-ES"}]}},"_links":{"self":[{"href":"https:\/\/www.terravision.eu\/spagnolo\/wp-json\/wp\/v2\/pages\/170","targetHints":{"allow":["GET"]}}],"collection":[{"href":"https:\/\/www.terravision.eu\/spagnolo\/wp-json\/wp\/v2\/pages"}],"about":[{"href":"https:\/\/www.terravision.eu\/spagnolo\/wp-json\/wp\/v2\/types\/page"}],"author":[{"embeddable":true,"href":"https:\/\/www.terravision.eu\/spagnolo\/wp-json\/wp\/v2\/users\/1"}],"replies":[{"embeddable":true,"href":"https:\/\/www.terravision.eu\/spagnolo\/wp-json\/wp\/v2\/comments?post=170"}],"version-history":[{"count":2,"href":"https:\/\/www.terravision.eu\/spagnolo\/wp-json\/wp\/v2\/pages\/170\/revisions"}],"predecessor-version":[{"id":13759,"href":"https:\/\/www.terravision.eu\/spagnolo\/wp-json\/wp\/v2\/pages\/170\/revisions\/13759"}],"wp:attachment":[{"href":"https:\/\/www.terravision.eu\/spagnolo\/wp-json\/wp\/v2\/media?parent=170"}],"curies":[{"name":"wp","href":"https:\/\/api.w.org\/{rel}","templated":true}]}}