{"id":190,"date":"2012-08-10T10:44:06","date_gmt":"2012-08-10T10:44:06","guid":{"rendered":"https:\/\/www.terravision.eu\/how-to-get-to-florence\/"},"modified":"2012-08-10T10:44:06","modified_gmt":"2012-08-10T10:44:06","slug":"como_llegar_florencia","status":"publish","type":"page","link":"https:\/\/www.terravision.eu\/spagnolo\/como_llegar_florencia.html","title":{"rendered":"C\u00f3mo llegar a  Florencia"},"content":{"rendered":"<div id=\"article-single\">\n<strong>En Avi\u00f3n <\/strong>(Con transfer en autobus)<br \/>\nPrincipal aeropuerto internacional: Aeropuerto de Florencia Vespucci<br \/>\nAeropuerto lowcost: el Aeropuerto de Pisa \u2013 Galileo Galilei<\/p>\n<p><strong>En Coche<\/strong><br \/>\nCarretera principal:  la A1 conecta Florencia con el nord y el sud de Italia con cuatro salidas por la ciudad Carretera alternative: Florencia &#8211; Pisa &#8211; Livorno, que conecta la ciudad con la costa este. <\/p>\n<p><strong>En Tr\u00e9n <\/strong><br \/>\nLa Estaci\u00f3n Ferroviaria de Florencia: La estaci\u00f3n de Santa Maria Novella dispone de un servizio regular de trenes adem\u00e1s de trenes TAV (de alta velocidad) y conecta Florencia con todas la ciudades principales de Italia.\n<\/div>\n","protected":false},"excerpt":{"rendered":"<p>En Avi\u00f3n (Con transfer en autobus) Principal aeropuerto internacional: Aeropuerto de Florencia Vespucci Aeropuerto lowcost: el Aeropuerto de Pisa \u2013 Galileo Galilei En Coche Carretera principal: la A1 conecta Florencia con el nord y el sud de Italia con cuatro salidas por la ciudad Carretera alternative: Florencia &#8211; Pisa &#8211; Livorno, que conecta la ciudad [&hellip;]<\/p>\n","protected":false},"author":1,"featured_media":0,"parent":0,"menu_order":0,"comment_status":"open","ping_status":"open","template":"","meta":{"footnotes":""},"class_list":["post-190","page","type-page","status-publish","hentry"],"yoast_head":"<!-- This site is optimized with the Yoast SEO Premium plugin v24.4 (Yoast SEO v24.4) - https:\/\/yoast.com\/wordpress\/plugins\/seo\/ -->\n<title>C\u00f3mo llegar a Florencia | Terravision<\/title>\n<meta name=\"description\" content=\"C\u00f3mo llegar a Florencia. Informaci\u00f3n sobre c\u00f3mo llegar a Florencia en avi\u00f3n, tren, coche o autobus; las soluciones m\u00e1s r\u00e1pidas y econ\u00f3micas.\" \/>\n<meta name=\"robots\" content=\"index, follow, max-snippet:-1, max-image-preview:large, max-video-preview:-1\" \/>\n<link rel=\"canonical\" href=\"https:\/\/www.terravision.eu\/spagnolo\/como_llegar_florencia.html\" \/>\n<meta property=\"og:locale\" content=\"es_ES\" \/>\n<meta property=\"og:type\" content=\"article\" \/>\n<meta property=\"og:title\" content=\"C\u00f3mo llegar a Florencia\" \/>\n<meta property=\"og:description\" content=\"C\u00f3mo llegar a Florencia. Informaci\u00f3n sobre c\u00f3mo llegar a Florencia en avi\u00f3n, tren, coche o autobus; las soluciones m\u00e1s r\u00e1pidas y econ\u00f3micas.\" \/>\n<meta property=\"og:url\" content=\"https:\/\/www.terravision.eu\/spagnolo\/como_llegar_florencia.html\" \/>\n<meta property=\"og:site_name\" content=\"Terravision Espa\u00f1a\" \/>\n<meta name=\"twitter:label1\" content=\"Tiempo de lectura\" \/>\n\t<meta name=\"twitter:data1\" content=\"1 minute\" \/>\n<script type=\"application\/ld+json\" class=\"yoast-schema-graph\">{\"@context\":\"https:\/\/schema.org\",\"@graph\":[{\"@type\":\"WebPage\",\"@id\":\"https:\/\/www.terravision.eu\/spagnolo\/como_llegar_florencia.html\",\"url\":\"https:\/\/www.terravision.eu\/spagnolo\/como_llegar_florencia.html\",\"name\":\"C\u00f3mo llegar a Florencia | Terravision\",\"isPartOf\":{\"@id\":\"https:\/\/www.terravision.eu\/spagnolo\/#website\"},\"datePublished\":\"2012-08-10T10:44:06+00:00\",\"description\":\"C\u00f3mo llegar a Florencia. Informaci\u00f3n sobre c\u00f3mo llegar a Florencia en avi\u00f3n, tren, coche o autobus; las soluciones m\u00e1s r\u00e1pidas y econ\u00f3micas.\",\"breadcrumb\":{\"@id\":\"https:\/\/www.terravision.eu\/spagnolo\/como_llegar_florencia.html#breadcrumb\"},\"inLanguage\":\"es-ES\",\"potentialAction\":[{\"@type\":\"ReadAction\",\"target\":[\"https:\/\/www.terravision.eu\/spagnolo\/como_llegar_florencia.html\"]}]},{\"@type\":\"BreadcrumbList\",\"@id\":\"https:\/\/www.terravision.eu\/spagnolo\/como_llegar_florencia.html#breadcrumb\",\"itemListElement\":[{\"@type\":\"ListItem\",\"position\":1,\"name\":\"Home\",\"item\":\"https:\/\/www.terravision.eu\/spagnolo\/\"},{\"@type\":\"ListItem\",\"position\":2,\"name\":\"C\u00f3mo llegar a Florencia\"}]},{\"@type\":\"WebSite\",\"@id\":\"https:\/\/www.terravision.eu\/spagnolo\/#website\",\"url\":\"https:\/\/www.terravision.eu\/spagnolo\/\",\"name\":\"Terravision Espa\u00f1a\",\"description\":\"Conexiones low-cost desde\/hacia los principales aeropuertos europeos\",\"potentialAction\":[{\"@type\":\"SearchAction\",\"target\":{\"@type\":\"EntryPoint\",\"urlTemplate\":\"https:\/\/www.terravision.eu\/spagnolo\/?s={search_term_string}\"},\"query-input\":{\"@type\":\"PropertyValueSpecification\",\"valueRequired\":true,\"valueName\":\"search_term_string\"}}],\"inLanguage\":\"es-ES\"}]}<\/script>\n<!-- \/ Yoast SEO Premium plugin. -->","yoast_head_json":{"title":"C\u00f3mo llegar a Florencia | Terravision","description":"C\u00f3mo llegar a Florencia. Informaci\u00f3n sobre c\u00f3mo llegar a Florencia en avi\u00f3n, tren, coche o autobus; las soluciones m\u00e1s r\u00e1pidas y econ\u00f3micas.","robots":{"index":"index","follow":"follow","max-snippet":"max-snippet:-1","max-image-preview":"max-image-preview:large","max-video-preview":"max-video-preview:-1"},"canonical":"https:\/\/www.terravision.eu\/spagnolo\/como_llegar_florencia.html","og_locale":"es_ES","og_type":"article","og_title":"C\u00f3mo llegar a Florencia","og_description":"C\u00f3mo llegar a Florencia. Informaci\u00f3n sobre c\u00f3mo llegar a Florencia en avi\u00f3n, tren, coche o autobus; las soluciones m\u00e1s r\u00e1pidas y econ\u00f3micas.","og_url":"https:\/\/www.terravision.eu\/spagnolo\/como_llegar_florencia.html","og_site_name":"Terravision Espa\u00f1a","twitter_misc":{"Tiempo de lectura":"1 minute"},"schema":{"@context":"https:\/\/schema.org","@graph":[{"@type":"WebPage","@id":"https:\/\/www.terravision.eu\/spagnolo\/como_llegar_florencia.html","url":"https:\/\/www.terravision.eu\/spagnolo\/como_llegar_florencia.html","name":"C\u00f3mo llegar a Florencia | Terravision","isPartOf":{"@id":"https:\/\/www.terravision.eu\/spagnolo\/#website"},"datePublished":"2012-08-10T10:44:06+00:00","description":"C\u00f3mo llegar a Florencia. Informaci\u00f3n sobre c\u00f3mo llegar a Florencia en avi\u00f3n, tren, coche o autobus; las soluciones m\u00e1s r\u00e1pidas y econ\u00f3micas.","breadcrumb":{"@id":"https:\/\/www.terravision.eu\/spagnolo\/como_llegar_florencia.html#breadcrumb"},"inLanguage":"es-ES","potentialAction":[{"@type":"ReadAction","target":["https:\/\/www.terravision.eu\/spagnolo\/como_llegar_florencia.html"]}]},{"@type":"BreadcrumbList","@id":"https:\/\/www.terravision.eu\/spagnolo\/como_llegar_florencia.html#breadcrumb","itemListElement":[{"@type":"ListItem","position":1,"name":"Home","item":"https:\/\/www.terravision.eu\/spagnolo\/"},{"@type":"ListItem","position":2,"name":"C\u00f3mo llegar a Florencia"}]},{"@type":"WebSite","@id":"https:\/\/www.terravision.eu\/spagnolo\/#website","url":"https:\/\/www.terravision.eu\/spagnolo\/","name":"Terravision Espa\u00f1a","description":"Conexiones low-cost desde\/hacia los principales aeropuertos europeos","potentialAction":[{"@type":"SearchAction","target":{"@type":"EntryPoint","urlTemplate":"https:\/\/www.terravision.eu\/spagnolo\/?s={search_term_string}"},"query-input":{"@type":"PropertyValueSpecification","valueRequired":true,"valueName":"search_term_string"}}],"inLanguage":"es-ES"}]}},"_links":{"self":[{"href":"https:\/\/www.terravision.eu\/spagnolo\/wp-json\/wp\/v2\/pages\/190","targetHints":{"allow":["GET"]}}],"collection":[{"href":"https:\/\/www.terravision.eu\/spagnolo\/wp-json\/wp\/v2\/pages"}],"about":[{"href":"https:\/\/www.terravision.eu\/spagnolo\/wp-json\/wp\/v2\/types\/page"}],"author":[{"embeddable":true,"href":"https:\/\/www.terravision.eu\/spagnolo\/wp-json\/wp\/v2\/users\/1"}],"replies":[{"embeddable":true,"href":"https:\/\/www.terravision.eu\/spagnolo\/wp-json\/wp\/v2\/comments?post=190"}],"version-history":[{"count":0,"href":"https:\/\/www.terravision.eu\/spagnolo\/wp-json\/wp\/v2\/pages\/190\/revisions"}],"wp:attachment":[{"href":"https:\/\/www.terravision.eu\/spagnolo\/wp-json\/wp\/v2\/media?parent=190"}],"curies":[{"name":"wp","href":"https:\/\/api.w.org\/{rel}","templated":true}]}}