{"id":20381,"date":"2025-03-19T08:59:45","date_gmt":"2025-03-19T08:59:45","guid":{"rendered":"https:\/\/www.terravision.eu\/spagnolo\/?page_id=20381"},"modified":"2025-09-24T14:10:16","modified_gmt":"2025-09-24T14:10:16","slug":"programa-de-fidelizacion","status":"publish","type":"page","link":"https:\/\/www.terravision.eu\/spagnolo\/programa-de-fidelizacion.html","title":{"rendered":"Programa de fidelizaci\u00f3n"},"content":{"rendered":"<p>&nbsp;<\/p>\n<div class=\"d-grid main-point\">\n<div class=\"overflow-hidden elem-left\">\n<div class=\"separator-trv-n z-index-1 p-relative mb-10\"><\/div>\n<div class=\"d-flex\" style=\"gap: 23px; margin-bottom: 30px;\">\n<h3 class=\"h3-Barlow-36pt-3\" style=\"margin-bottom: 0;\"><strong>\u00bfC\u00f3mo funciona?<\/strong><\/h3>\n<\/div>\n<p class=\"text-standard\">\u00a1Registrate gratis y acumula puntos cada vez que viajes!<br \/>\nA cada titular de una cuenta de Terravision se le inscribe automaticamente en el Programa de Fidelidad y cada vez que realiza una compra se le van acumulando automaticamente puntos<\/p>\n<div class=\"row gap-30 grid-max-content mt-30\">\n<div class=\"p-0 border-radius single-card p-relative\">\n<div class=\"row\" style=\"height: 100%;\">\n<div class=\"col align-self-center pr-0 pl-m-0\">\n<div class=\"overflow-hidden\">\n<div class=\"d-flex justify-content-center\" style=\"gap: 23px;\">\n<h3 class=\"h1-Barlow-60pt-3\" style=\"margin-bottom: 0;\">1\u20ac = <span class=\"h1-Barlow-60pt-4\">1 <strong>punto<\/strong><\/span><\/h3>\n<\/div>\n<\/div>\n<\/div>\n<\/div>\n<\/div>\n<\/div>\n<p><a class=\"btn btn-primary-trv z-index-1 position-relative mt-25\" href=\"https:\/\/www.terravision.eu\/tedesco\/files\/2025\/03\/TERRAVISION-LOYALTY-PROGRAM_updated-Terms-and-Conditions_nov22.pdf\">Regulaciones<\/a><\/p>\n<div class=\"separator-trv-n z-index-1 p-relative mb-10 mt-60\"><\/div>\n<div class=\"d-flex\" style=\"gap: 23px; margin-bottom: 30px;\">\n<h3 class=\"h3-Barlow-36pt-3\" style=\"margin-bottom: 0;\"><strong>\u00bf C\u00f3mo recuperar tus puntos?<\/strong><\/h3>\n<\/div>\n<p class=\"text-standard\">Para controlar los puntos que tienes lo puedes hacer directamente desde tu cuenta de Terravision:<br \/>\nAccede a tu zona reservada y recupera los puntos que has acumulado: cuando hayas recuperado los puntos, se te mandar\u00e1 un c\u00f3digo de descuento que tendr\u00e1 una validez de 8 meses.<\/p>\n<p>Si tiene alguna pregunta, p\u00f3ngase en contacto con nosotros escribi\u00e9ndonos a <a href=\"mailto:loyaltyprogram@terravision.eu\">loyaltyprogram@terravision.eu<\/a>.<\/p>\n<p><span class=\"small-Barlow-14pt-8\"><br \/>\n*Por favor, recuerde que el programa de fidelizaci\u00f3n est\u00e1 dirigdo a los usuarios que tengan una cuenta en en el sitio web de Terravision. Los usuarios de cuentas de agentes o de afliados no podr\u00e1n formar parte de dicho programa.<br \/>\n<\/span><\/p>\n<\/div>\n<div class=\"overflow-hidden elem-right\">\n<div class=\"d-grid laterl-info\">\n<div class=\"row\">\n<div class=\"col-lg-12\">\n<div class=\"bg-light bradius-25 overflow-hidden cont-table\">\n<table class=\"table-bordered table-trv text-center table-trv-t\">\n<thead>\n<tr>\n<th class=\"pt-15 pb-15\" style=\"width: 50%;\"><span class=\"btn-Barlow-16pt p-l-r-t text-uppercase\"><strong>Tus puntos<\/strong><\/span><\/th>\n<th class=\"pt-15 pb-15\" style=\"width: 50%;\"><span class=\"btn-Barlow-16pt p-l-r-t text-uppercase\">Tus descuentos<br \/>\n<\/span><\/th>\n<\/tr>\n<\/thead>\n<tbody>\n<tr class=\"border-table\">\n<td class=\"pt-15 pb-15\">\n<div>\n<p><span class=\"h5-Barlow-22pt-4\">25<\/span><\/p>\n<p class=\"small-Barlow-14pt-6\">puntos<\/p>\n<\/div>\n<\/td>\n<td class=\"pt-15 pb-15\"><span class=\"h5-Barlow-22pt-4\">5%<\/span><\/p>\n<p class=\"small-Barlow-14pt-6\"><span class=\"btn-Barlow-16pt p-l-r-t text-uppercase\">\u00a0descuento<\/span><\/p>\n<\/td>\n<\/tr>\n<tr class=\"border-table\">\n<td class=\"pt-15 pb-15\"><span class=\"h5-Barlow-22pt-4\">50<\/span><\/p>\n<p class=\"small-Barlow-14pt-6\">puntos<\/p>\n<\/td>\n<td class=\"pt-15 pb-15\"><span class=\"h5-Barlow-22pt-4\">10%<\/span><\/p>\n<p class=\"small-Barlow-14pt-6\"><span class=\"btn-Barlow-16pt p-l-r-t text-uppercase\">\u00a0descuento<\/span><\/p>\n<\/td>\n<\/tr>\n<tr class=\"border-table\">\n<td class=\"pt-15 pb-15\"><span class=\"h5-Barlow-22pt-4\">80<\/span><\/p>\n<p class=\"small-Barlow-14pt-6\">puntos<\/p>\n<\/td>\n<td class=\"pt-15 pb-15\"><span class=\"h5-Barlow-22pt-4\">15%<\/span><\/p>\n<p class=\"small-Barlow-14pt-6\"><span class=\"btn-Barlow-16pt p-l-r-t text-uppercase\">\u00a0descuento<\/span><\/p>\n<\/td>\n<\/tr>\n<tr class=\"border-table\">\n<td class=\"pt-15 pb-15\"><span class=\"h5-Barlow-22pt-4\">100<\/span><\/p>\n<p class=\"small-Barlow-14pt-6\">puntos<\/p>\n<\/td>\n<td class=\"pt-15 pb-15\"><span class=\"h5-Barlow-22pt-4\">25%<\/span><\/p>\n<p class=\"small-Barlow-14pt-6\"><span class=\"btn-Barlow-16pt p-l-r-t text-uppercase\">\u00a0descuento<\/span><\/p>\n<\/td>\n<\/tr>\n<\/tbody>\n<\/table>\n<\/div>\n<\/div>\n<\/div>\n<\/div>\n<\/div>\n<\/div>\n","protected":false},"excerpt":{"rendered":"<p>&nbsp; \u00bfC\u00f3mo funciona? \u00a1Registrate gratis y acumula puntos cada vez que viajes! A cada titular de una cuenta de Terravision se le inscribe automaticamente en el Programa de Fidelidad y cada vez que realiza una compra se le van acumulando automaticamente puntos 1\u20ac = 1 punto Regulaciones \u00bf C\u00f3mo recuperar tus puntos? Para controlar los [&hellip;]<\/p>\n","protected":false},"author":135,"featured_media":0,"parent":0,"menu_order":0,"comment_status":"closed","ping_status":"closed","template":"page-terravision-loyalty-program.php","meta":{"footnotes":""},"class_list":["post-20381","page","type-page","status-publish","hentry"],"yoast_head":"<!-- This site is optimized with the Yoast SEO Premium plugin v24.4 (Yoast SEO v24.4) - https:\/\/yoast.com\/wordpress\/plugins\/seo\/ -->\n<title>Programa de fidelizaci\u00f3n | Terravision Espa\u00f1a<\/title>\n<meta name=\"robots\" content=\"index, follow, max-snippet:-1, max-image-preview:large, max-video-preview:-1\" \/>\n<link rel=\"canonical\" href=\"https:\/\/www.terravision.eu\/spagnolo\/programa-de-fidelizacion.html\" \/>\n<meta property=\"og:locale\" content=\"es_ES\" \/>\n<meta property=\"og:type\" content=\"article\" \/>\n<meta property=\"og:title\" content=\"Programa de fidelizaci\u00f3n\" \/>\n<meta property=\"og:description\" content=\"&nbsp; \u00bfC\u00f3mo funciona? \u00a1Registrate gratis y acumula puntos cada vez que viajes! A cada titular de una cuenta de Terravision se le inscribe automaticamente en el Programa de Fidelidad y cada vez que realiza una compra se le van acumulando automaticamente puntos 1\u20ac = 1 punto Regulaciones \u00bf C\u00f3mo recuperar tus puntos? Para controlar los [&hellip;]\" \/>\n<meta property=\"og:url\" content=\"https:\/\/www.terravision.eu\/spagnolo\/programa-de-fidelizacion.html\" \/>\n<meta property=\"og:site_name\" content=\"Terravision Espa\u00f1a\" \/>\n<meta property=\"article:modified_time\" content=\"2025-09-24T14:10:16+00:00\" \/>\n<meta name=\"twitter:label1\" content=\"Tiempo de lectura\" \/>\n\t<meta name=\"twitter:data1\" content=\"1 minute\" \/>\n<script type=\"application\/ld+json\" class=\"yoast-schema-graph\">{\"@context\":\"https:\/\/schema.org\",\"@graph\":[{\"@type\":\"WebPage\",\"@id\":\"https:\/\/www.terravision.eu\/spagnolo\/programa-de-fidelizacion.html\",\"url\":\"https:\/\/www.terravision.eu\/spagnolo\/programa-de-fidelizacion.html\",\"name\":\"Programa de fidelizaci\u00f3n | Terravision Espa\u00f1a\",\"isPartOf\":{\"@id\":\"https:\/\/www.terravision.eu\/spagnolo\/#website\"},\"datePublished\":\"2025-03-19T08:59:45+00:00\",\"dateModified\":\"2025-09-24T14:10:16+00:00\",\"breadcrumb\":{\"@id\":\"https:\/\/www.terravision.eu\/spagnolo\/programa-de-fidelizacion.html#breadcrumb\"},\"inLanguage\":\"es-ES\",\"potentialAction\":[{\"@type\":\"ReadAction\",\"target\":[\"https:\/\/www.terravision.eu\/spagnolo\/programa-de-fidelizacion.html\"]}]},{\"@type\":\"BreadcrumbList\",\"@id\":\"https:\/\/www.terravision.eu\/spagnolo\/programa-de-fidelizacion.html#breadcrumb\",\"itemListElement\":[{\"@type\":\"ListItem\",\"position\":1,\"name\":\"Home\",\"item\":\"https:\/\/www.terravision.eu\/spagnolo\/\"},{\"@type\":\"ListItem\",\"position\":2,\"name\":\"Programa de fidelizaci\u00f3n\"}]},{\"@type\":\"WebSite\",\"@id\":\"https:\/\/www.terravision.eu\/spagnolo\/#website\",\"url\":\"https:\/\/www.terravision.eu\/spagnolo\/\",\"name\":\"Terravision Espa\u00f1a\",\"description\":\"Conexiones low-cost desde\/hacia los principales aeropuertos europeos\",\"potentialAction\":[{\"@type\":\"SearchAction\",\"target\":{\"@type\":\"EntryPoint\",\"urlTemplate\":\"https:\/\/www.terravision.eu\/spagnolo\/?s={search_term_string}\"},\"query-input\":{\"@type\":\"PropertyValueSpecification\",\"valueRequired\":true,\"valueName\":\"search_term_string\"}}],\"inLanguage\":\"es-ES\"}]}<\/script>\n<!-- \/ Yoast SEO Premium plugin. -->","yoast_head_json":{"title":"Programa de fidelizaci\u00f3n | Terravision Espa\u00f1a","robots":{"index":"index","follow":"follow","max-snippet":"max-snippet:-1","max-image-preview":"max-image-preview:large","max-video-preview":"max-video-preview:-1"},"canonical":"https:\/\/www.terravision.eu\/spagnolo\/programa-de-fidelizacion.html","og_locale":"es_ES","og_type":"article","og_title":"Programa de fidelizaci\u00f3n","og_description":"&nbsp; \u00bfC\u00f3mo funciona? \u00a1Registrate gratis y acumula puntos cada vez que viajes! A cada titular de una cuenta de Terravision se le inscribe automaticamente en el Programa de Fidelidad y cada vez que realiza una compra se le van acumulando automaticamente puntos 1\u20ac = 1 punto Regulaciones \u00bf C\u00f3mo recuperar tus puntos? Para controlar los [&hellip;]","og_url":"https:\/\/www.terravision.eu\/spagnolo\/programa-de-fidelizacion.html","og_site_name":"Terravision Espa\u00f1a","article_modified_time":"2025-09-24T14:10:16+00:00","twitter_misc":{"Tiempo de lectura":"1 minute"},"schema":{"@context":"https:\/\/schema.org","@graph":[{"@type":"WebPage","@id":"https:\/\/www.terravision.eu\/spagnolo\/programa-de-fidelizacion.html","url":"https:\/\/www.terravision.eu\/spagnolo\/programa-de-fidelizacion.html","name":"Programa de fidelizaci\u00f3n | Terravision Espa\u00f1a","isPartOf":{"@id":"https:\/\/www.terravision.eu\/spagnolo\/#website"},"datePublished":"2025-03-19T08:59:45+00:00","dateModified":"2025-09-24T14:10:16+00:00","breadcrumb":{"@id":"https:\/\/www.terravision.eu\/spagnolo\/programa-de-fidelizacion.html#breadcrumb"},"inLanguage":"es-ES","potentialAction":[{"@type":"ReadAction","target":["https:\/\/www.terravision.eu\/spagnolo\/programa-de-fidelizacion.html"]}]},{"@type":"BreadcrumbList","@id":"https:\/\/www.terravision.eu\/spagnolo\/programa-de-fidelizacion.html#breadcrumb","itemListElement":[{"@type":"ListItem","position":1,"name":"Home","item":"https:\/\/www.terravision.eu\/spagnolo\/"},{"@type":"ListItem","position":2,"name":"Programa de fidelizaci\u00f3n"}]},{"@type":"WebSite","@id":"https:\/\/www.terravision.eu\/spagnolo\/#website","url":"https:\/\/www.terravision.eu\/spagnolo\/","name":"Terravision Espa\u00f1a","description":"Conexiones low-cost desde\/hacia los principales aeropuertos europeos","potentialAction":[{"@type":"SearchAction","target":{"@type":"EntryPoint","urlTemplate":"https:\/\/www.terravision.eu\/spagnolo\/?s={search_term_string}"},"query-input":{"@type":"PropertyValueSpecification","valueRequired":true,"valueName":"search_term_string"}}],"inLanguage":"es-ES"}]}},"_links":{"self":[{"href":"https:\/\/www.terravision.eu\/spagnolo\/wp-json\/wp\/v2\/pages\/20381","targetHints":{"allow":["GET"]}}],"collection":[{"href":"https:\/\/www.terravision.eu\/spagnolo\/wp-json\/wp\/v2\/pages"}],"about":[{"href":"https:\/\/www.terravision.eu\/spagnolo\/wp-json\/wp\/v2\/types\/page"}],"author":[{"embeddable":true,"href":"https:\/\/www.terravision.eu\/spagnolo\/wp-json\/wp\/v2\/users\/135"}],"replies":[{"embeddable":true,"href":"https:\/\/www.terravision.eu\/spagnolo\/wp-json\/wp\/v2\/comments?post=20381"}],"version-history":[{"count":13,"href":"https:\/\/www.terravision.eu\/spagnolo\/wp-json\/wp\/v2\/pages\/20381\/revisions"}],"predecessor-version":[{"id":20868,"href":"https:\/\/www.terravision.eu\/spagnolo\/wp-json\/wp\/v2\/pages\/20381\/revisions\/20868"}],"wp:attachment":[{"href":"https:\/\/www.terravision.eu\/spagnolo\/wp-json\/wp\/v2\/media?parent=20381"}],"curies":[{"name":"wp","href":"https:\/\/api.w.org\/{rel}","templated":true}]}}