{"id":20651,"date":"2025-07-09T07:44:34","date_gmt":"2025-07-09T07:44:34","guid":{"rendered":"https:\/\/www.terravision.eu\/spagnolo\/?page_id=20651"},"modified":"2026-01-27T08:43:39","modified_gmt":"2026-01-27T08:43:39","slug":"terravision-extras","status":"publish","type":"page","link":"https:\/\/www.terravision.eu\/spagnolo\/terravision-extras.html","title":{"rendered":"Terravision Extras"},"content":{"rendered":"<p>\u00a1Viaja con Terravision y aprovecha al m\u00e1ximo todas las oportunidades que te ofrecen nuestras entidades convencionadas!<\/p>\n<p>&nbsp;<\/p>\n<ul>\n<li>\n<h3><a href=\"https:\/\/affiliates.bigbuspartners.com\/?r=terravision\"><img loading=\"lazy\" decoding=\"async\" class=\"alignnone wp-image-20867\" src=\"https:\/\/www.terravision.eu\/italiano\/files\/2025\/10\/bigbustour.jpg\" alt=\"\" width=\"120\" height=\"26\" \/><img loading=\"lazy\" decoding=\"async\" class=\"alignnone wp-image-20867\" src=\"https:\/\/www.terravision.eu\/italiano\/files\/2026\/01\/LOGO_TOURISTATION-002.jpg\" alt=\"\" width=\"120\" height=\"26\" \/><\/a><strong> \u2013 \u00a1Descubre la Ciudad Eterna a tu ritmo!<\/strong><\/h3>\n<\/li>\n<\/ul>\n<p>\u00a1Descubre la magia de la Ciudad Eterna desde un autob\u00fas panor\u00e1mico de dos pisos! Disfruta de las magn\u00edficas vistas de los lugares m\u00e1s emblem\u00e1ticos de Roma: el <strong>Coliseo<\/strong> y la <strong>Piazza<\/strong> <strong>Venezia<\/strong>, la <strong>Bas\u00edlica de San Pedro<\/strong> y muchos otros tesoros que hacen de Roma una ciudad \u00fanica en el mundo. Con los autobuses <strong>Hop-On Hop-Off<\/strong>, puedes <strong>bajar en cualquier parada <\/strong>para visitar los monumentos o lugares que prefieras y volver <strong>a subir a bordo cuando quieras,<\/strong> permiti\u00e9ndote descubrir Roma a tu propio ritmo.<\/p>\n<p><strong>\u00bfC\u00f3mo funziona?:<\/strong><\/p>\n<p>1 <a href=\"https:\/\/affiliates.bigbuspartners.com\/?r=terravision\" target=\"_blank\" rel=\"noopener\"> Haz click<\/a> en el enlace para consultar las tipolog\u00edas de billetes disponibles y selecciona tu billete Big Bus<br \/>\n2 Ense\u00f1a tu billete en cualquiera de las paradas de Big Bus para convalidarlo e inicia tu aventura.<\/p>\n<p>&nbsp;<\/p>\n<p>&nbsp;<\/p>\n<ul>\n<li>\n<h3><a href=\"https:\/\/www.mcarthurglen.com\/en\/outlets\/it\/designer-outlet-castel-romano\/plan-your-visit\/#tab=0\" target=\"_blank\" rel=\"noopener\"><strong><img loading=\"lazy\" decoding=\"async\" class=\"alignnone wp-image-20867\" src=\"https:\/\/www.terravision.eu\/italiano\/files\/2025\/12\/MGDO_logo.jpg\" alt=\"\" width=\"120\" height=\"26\" \/> <\/strong><\/a><strong>\u2013 Castel Romano Outlet<\/strong><\/h3>\n<\/li>\n<\/ul>\n<p>No pierdas la oportunidad de ir de compras en el outlet m\u00e1s grande del centro de Italia.<\/p>\n<p>Situado a solo 30 minutos del centro de Roma, <strong>Castel Romano Designer Outlet \u2014con m\u00e1s de 150 boutiques de las mejores firmas de la moda internacional y descuentos de hasta el 70%\u2014 te ofrece un descuento exclusivo del 10%.<\/strong><\/p>\n<p><strong>C\u00f3mo funciona:<\/strong> presenta tu billete de viaje de Terravision en Guest Services para obtener la Tarjeta Privilege.<\/p>\n<p>&nbsp;<\/p>\n<p>&nbsp;<\/p>\n<p>&nbsp;<\/p>\n<ul>\n<li><a href=\"https:\/\/www.terravision.eu\/italiano\/files\/2025\/06\/wayla.png\"><img loading=\"lazy\" decoding=\"async\" class=\"alignleft wp-image-20842\" src=\"https:\/\/www.terravision.eu\/italiano\/files\/2025\/06\/wayla-300x96.png\" alt=\"\" width=\"150\" height=\"48\" \/><\/a><br \/>\n<h3><strong><strong>\u00a0 \u2013 Wayla \u2013 Servicio puerta a puerta a Mil\u00e1n desde la Estaci\u00f3n Central<\/strong><\/strong><\/h3>\n<\/li>\n<\/ul>\n<p>&nbsp;<\/p>\n<p>&nbsp;<\/p>\n<p>Terravision y Wayla Italia unen sus fuerzas para ofrecerte una movilidad urbana m\u00e1s sencilla, segura y sostenible. Gracias a esta colaboraci\u00f3n, podr\u00e1s llegar c\u00f3modamente a la Estaci\u00f3n Central de Mil\u00e1n desde tu casa o desde tu hotel con las furgonetas de Wayla y, despu\u00e9s, seguir sin estr\u00e9s con el traslado directo a los aeropuertos de B\u00e9rgamo Orio al Serio o de Mil\u00e1n Malpensa<br \/>\n<strong>\u00bfC\u00f3mo funciona?<\/strong><br \/>\nCompra online el billete de Terravision desde\/hacia Mil\u00e1n y recibir\u00e1s un descuento del 10% para los servicios de Wayla. Utiliza el c\u00f3digo de descuento cuando reserves en la aplicaci\u00f3n de Wayla.<\/p>\n<ul>\n<li><a href=\"https:\/\/www.terravision.eu\/italiano\/files\/2025\/06\/Moovit_logo.png\"><img loading=\"lazy\" decoding=\"async\" class=\"alignleft wp-image-20848\" src=\"https:\/\/www.terravision.eu\/italiano\/files\/2025\/06\/Moovit_logo-300x86.png\" alt=\"\" width=\"150\" height=\"43\" \/><\/a><br \/>\n<h3><strong><strong>\u00a0 \u2013 La aplicaci\u00f3n leader en la movilidad urbana<\/strong><\/strong><\/h3>\n<\/li>\n<\/ul>\n<p>&nbsp;<\/p>\n<p>&nbsp;<\/p>\n<p>u\u00e9vete de forma inteligente por la ciudad con Moovit, la aplicaci\u00f3n que te ofrece informaci\u00f3n en tiempo real sobre autobuses, trenes, metro, bicicletas compartidas y m\u00e1s. Disponible en m\u00e1s de 3500 ciudades de todo el mundo, Moovit te ayuda a planificar la mejor ruta y a recibir actualizaciones en tiempo real para que puedas viajar sin preocupaciones.<br \/>\n<strong>\u00bfC\u00f3mo funciona?<\/strong><br \/>\n\u00a1La aplicaci\u00f3n Moovit es un gran aliado moverte con los transportes p\u00fablicos por la ciudad!. Te indicar\u00e1 cuales son las mejores opciones para moverte ya sea en autob\u00fas urbanos o extraurbanos, tranv\u00edas, metro, trenes regionales, taxis, coches compartidos o en patinetes elel\u00e9ctricos.<\/p>\n<p><script>\n(function(d, s, id) { var js, fjs = d.getElementsByTagName(s)[0]; js = d.createElement(s); js.id = id; js.src = 'https:\/\/widgets.moovit.com\/wtp\/en'; fjs.parentNode.insertBefore(js, fjs); }(document, 'script', 'moovit-jsw')); <\/script><\/p>\n<div class=\"mv-wtp\" data-metro=\"61\" data-lang=\"\" data-customer=\"hlmgFZCocFaF3UvjvNSfvw\"><\/div>\n<ul>\n<li><a href=\"https:\/\/www.terravision.eu\/italiano\/files\/2025\/06\/wox.jpg\"><img loading=\"lazy\" decoding=\"async\" class=\"alignleft wp-image-20850\" src=\"https:\/\/www.terravision.eu\/italiano\/files\/2025\/06\/wox-300x210.jpg\" alt=\"\" width=\"100\" height=\"70\" \/><\/a><br \/>\n<h3><strong><strong>\u00a0 \u00a0\u2013 Tour con audio gu\u00eda para descubrei Mil\u00e1n<\/strong><\/strong><\/h3>\n<\/li>\n<\/ul>\n<p>Vox Group es l\u00edder mundial en soluciones tecnol\u00f3gicas para el turismo y la cultura, con m\u00e1s de 25 millones de tours digitales distribuidos con car\u00e1cter naula en m\u00e1s de 150 pa\u00edses. A trav\u00e9s de dispositivos digitales, aplicaciones y contenido multiling\u00fce, Vox ofrece experiencias inmersivas y accesibles para todos los viajeros.<br \/>\n<strong>\u00bfC\u00f3mo funciona?<\/strong><br \/>\nSi compras un traslado aeroportuario desde \/hacia los aeropuertos de Orio al Serio o Malpensa con Terravision, recibir\u00e1s gratis el acceso a una audiogu\u00eda guiada por Mil\u00e1n.<br \/>\nLas credenciales para acceder al tour las encontrar\u00e1s directamente en el billete.<\/p>\n<p>&nbsp;<\/p>\n<ul>\n<li><strong><strong><strong><strong><a href=\"https:\/\/www.terravision.eu\/italiano\/files\/2025\/06\/WeRoad.png\"><img loading=\"lazy\" decoding=\"async\" class=\"alignleft wp-image-20864\" src=\"https:\/\/www.terravision.eu\/italiano\/files\/2025\/06\/WeRoad-300x118.png\" alt=\"\" width=\"150\" height=\"59\" \/><\/a><br \/>\n\u2013<\/strong><\/strong><\/strong><\/strong><\/p>\n<h3><strong> Viajes de grupo como experiencia aut\u00e9ntica<\/strong><\/h3>\n<\/li>\n<\/ul>\n<p>WeRoad te acompa\u00f1a en tu viaje por el mundo con aventuras en m\u00e1s de 90 destinaciones, promoviendo intercambios culturales aut\u00e9nticos. Tanto si quieres explorar destinos lejanos como participar en eventos locales, WeRoad te ofrece una nueva forma de viajar.<br \/>\n<strong>\u00bfC\u00f3mo funciona?<\/strong><br \/>\nConsigue 50 \u20ac de descuento en tu pr\u00f3ximo viaje: Visita weroad.it elige tu destino e introduce el c\u00f3digo TERRAWR50* al terminar la compra y obtendr\u00e1s de un ahorro exclusivo.<br \/>\n* V\u00e1lido para nuevos usuarios en todos los viajes, excepto Express y Weekend. Oferta v\u00e1lida hasta el 31 de diciembre de 2025<\/p>\n<p>&nbsp;<\/p>\n<ul>\n<li>\n<h3><strong><strong><a href=\"https:\/\/www.terravision.eu\/italiano\/files\/2025\/06\/1738606344_Logo_compatto_nero.png\"><img loading=\"lazy\" decoding=\"async\" class=\"alignleft wp-image-20871\" src=\"https:\/\/www.terravision.eu\/italiano\/files\/2025\/06\/1738606344_Logo_compatto_nero-300x150.png\" alt=\"\" width=\"120\" height=\"60\" \/><\/a> \u2013 Dep\u00f3sito de equipaje seguro y conveniente<\/strong><\/strong><\/h3>\n<\/li>\n<\/ul>\n<p>\u00bfTe gustar\u00eda visitar la ciudad sin ir cargando con tus maletas? Stow Your Bags ofrece consigna de equipaje de autoservicio, disponible por horas o para alquiler a largo plazo, los 365 d\u00edas del a\u00f1o.<br \/>\n\u2022 Casilleros seguros, videovigilados y asegurados<br \/>\n\u2022 Asistencia continuada a trav\u00e9s el telefonillo<br \/>\n\u2022 Reservas f\u00e1ciles y r\u00e1pidas online<br \/>\n<strong>\u00bfC\u00f3mo funciona?<\/strong><br \/>\nReserva online en <a href=\"https:\/\/www.stowyourbags.com\/es\/\">www.stowyourbags.com<\/a> utilizando el c\u00f3digo T3RR4V y tendr\u00e1s un descuento del 10%.<br \/>\nElige el casillero que m\u00e1s te convenga, introduce tus datos y paga de forma segura con tarjeta o PayPal. \u00a1Recibir\u00e1s el c\u00f3digo del casillero por correo electr\u00f3nico en segundos!<\/p>\n<p>&nbsp;<\/p>\n<ul>\n<li>\n<h3><strong><strong>\u00a0 <a href=\"https:\/\/www.terravision.eu\/italiano\/files\/2025\/06\/Revolut_logo.svg_.png\"><img loading=\"lazy\" decoding=\"async\" class=\"alignnone wp-image-20867\" src=\"https:\/\/www.terravision.eu\/italiano\/files\/2025\/06\/Revolut_logo.svg_-300x66.png\" alt=\"\" width=\"120\" height=\"26\" \/><\/a> <\/strong><\/strong><strong><strong>\u2013 Revolut \u2013 La super-app para controlar tu dinero durante tu viaje<\/strong><\/strong><\/h3>\n<\/li>\n<\/ul>\n<p>Revolut es un nuevo concepto en la gesti\u00f3n financiera con cuentas multidivisa, tarjetas inteligentes, inversiones y seguros, todo ello en una \u00fanica aplicaci\u00f3n digital. Con m\u00e1s de 52 millones de usuarios, es la soluci\u00f3n ideal para quienes viajan y quieren hacerlo en libertad, seguridad.<br \/>\n<strong>\u00bfC\u00f3mo funciona?<\/strong><br \/>\n\u2022 Recibe \u20ac20 en un bono de bienvenida si abres una cuenta a trav\u00e9s del <a href=\"https:\/\/imp.i251749.net\/c\/2365171\/1757610\/11378 ES\" target=\"_blank\" rel=\"noopener\">siguiente enlace link speciale<\/a><br \/>\n\u2022 Gana hasta 10 RevPoints por cada \u20ac1 que gastes con la oferta exclusiva destinada a los pasajeros de Terravision<\/p>\n<p>Para mayor informaci\u00f3n o asistencia, p\u00f3ngase en contacto con nosotros en customerservices@terravision.eu<\/p>\n<p>&nbsp;<\/p>\n","protected":false},"excerpt":{"rendered":"<p>\u00a1Viaja con Terravision y aprovecha al m\u00e1ximo todas las oportunidades que te ofrecen nuestras entidades convencionadas! &nbsp; \u2013 \u00a1Descubre la Ciudad Eterna a tu ritmo! \u00a1Descubre la magia de la Ciudad Eterna desde un autob\u00fas panor\u00e1mico de dos pisos! Disfruta de las magn\u00edficas vistas de los lugares m\u00e1s emblem\u00e1ticos de Roma: el Coliseo y la [&hellip;]<\/p>\n","protected":false},"author":131,"featured_media":0,"parent":0,"menu_order":0,"comment_status":"closed","ping_status":"closed","template":"","meta":{"footnotes":""},"class_list":["post-20651","page","type-page","status-publish","hentry"],"yoast_head":"<!-- This site is optimized with the Yoast SEO Premium plugin v24.4 (Yoast SEO v24.4) - https:\/\/yoast.com\/wordpress\/plugins\/seo\/ -->\n<title>Terravision Extras | Terravision Espa\u00f1a<\/title>\n<meta name=\"robots\" content=\"index, follow, max-snippet:-1, max-image-preview:large, max-video-preview:-1\" \/>\n<link rel=\"canonical\" href=\"https:\/\/www.terravision.eu\/spagnolo\/terravision-extras.html\" \/>\n<meta property=\"og:locale\" content=\"es_ES\" \/>\n<meta property=\"og:type\" content=\"article\" \/>\n<meta property=\"og:title\" content=\"Terravision Extras\" \/>\n<meta property=\"og:description\" content=\"\u00a1Viaja con Terravision y aprovecha al m\u00e1ximo todas las oportunidades que te ofrecen nuestras entidades convencionadas! &nbsp; \u2013 \u00a1Descubre la Ciudad Eterna a tu ritmo! \u00a1Descubre la magia de la Ciudad Eterna desde un autob\u00fas panor\u00e1mico de dos pisos! Disfruta de las magn\u00edficas vistas de los lugares m\u00e1s emblem\u00e1ticos de Roma: el Coliseo y la [&hellip;]\" \/>\n<meta property=\"og:url\" content=\"https:\/\/www.terravision.eu\/spagnolo\/terravision-extras.html\" \/>\n<meta property=\"og:site_name\" content=\"Terravision Espa\u00f1a\" \/>\n<meta property=\"article:modified_time\" content=\"2026-01-27T08:43:39+00:00\" \/>\n<meta property=\"og:image\" content=\"https:\/\/www.terravision.eu\/italiano\/files\/2025\/10\/bigbustour.jpg\" \/>\n<meta name=\"twitter:label1\" content=\"Est. reading time\" \/>\n\t<meta name=\"twitter:data1\" content=\"6 minutes\" \/>\n<script type=\"application\/ld+json\" class=\"yoast-schema-graph\">{\"@context\":\"https:\/\/schema.org\",\"@graph\":[{\"@type\":\"WebPage\",\"@id\":\"https:\/\/www.terravision.eu\/spagnolo\/terravision-extras.html\",\"url\":\"https:\/\/www.terravision.eu\/spagnolo\/terravision-extras.html\",\"name\":\"Terravision Extras | Terravision Espa\u00f1a\",\"isPartOf\":{\"@id\":\"https:\/\/www.terravision.eu\/spagnolo\/#website\"},\"primaryImageOfPage\":{\"@id\":\"https:\/\/www.terravision.eu\/spagnolo\/terravision-extras.html#primaryimage\"},\"image\":{\"@id\":\"https:\/\/www.terravision.eu\/spagnolo\/terravision-extras.html#primaryimage\"},\"thumbnailUrl\":\"https:\/\/www.terravision.eu\/italiano\/files\/2025\/10\/bigbustour.jpg\",\"datePublished\":\"2025-07-09T07:44:34+00:00\",\"dateModified\":\"2026-01-27T08:43:39+00:00\",\"breadcrumb\":{\"@id\":\"https:\/\/www.terravision.eu\/spagnolo\/terravision-extras.html#breadcrumb\"},\"inLanguage\":\"es-ES\",\"potentialAction\":[{\"@type\":\"ReadAction\",\"target\":[\"https:\/\/www.terravision.eu\/spagnolo\/terravision-extras.html\"]}]},{\"@type\":\"ImageObject\",\"inLanguage\":\"es-ES\",\"@id\":\"https:\/\/www.terravision.eu\/spagnolo\/terravision-extras.html#primaryimage\",\"url\":\"https:\/\/www.terravision.eu\/italiano\/files\/2025\/10\/bigbustour.jpg\",\"contentUrl\":\"https:\/\/www.terravision.eu\/italiano\/files\/2025\/10\/bigbustour.jpg\"},{\"@type\":\"BreadcrumbList\",\"@id\":\"https:\/\/www.terravision.eu\/spagnolo\/terravision-extras.html#breadcrumb\",\"itemListElement\":[{\"@type\":\"ListItem\",\"position\":1,\"name\":\"Home\",\"item\":\"https:\/\/www.terravision.eu\/spagnolo\/\"},{\"@type\":\"ListItem\",\"position\":2,\"name\":\"Terravision Extras\"}]},{\"@type\":\"WebSite\",\"@id\":\"https:\/\/www.terravision.eu\/spagnolo\/#website\",\"url\":\"https:\/\/www.terravision.eu\/spagnolo\/\",\"name\":\"Terravision Espa\u00f1a\",\"description\":\"Conexiones low-cost desde\/hacia los principales aeropuertos europeos\",\"potentialAction\":[{\"@type\":\"SearchAction\",\"target\":{\"@type\":\"EntryPoint\",\"urlTemplate\":\"https:\/\/www.terravision.eu\/spagnolo\/?s={search_term_string}\"},\"query-input\":{\"@type\":\"PropertyValueSpecification\",\"valueRequired\":true,\"valueName\":\"search_term_string\"}}],\"inLanguage\":\"es-ES\"}]}<\/script>\n<!-- \/ Yoast SEO Premium plugin. -->","yoast_head_json":{"title":"Terravision Extras | Terravision Espa\u00f1a","robots":{"index":"index","follow":"follow","max-snippet":"max-snippet:-1","max-image-preview":"max-image-preview:large","max-video-preview":"max-video-preview:-1"},"canonical":"https:\/\/www.terravision.eu\/spagnolo\/terravision-extras.html","og_locale":"es_ES","og_type":"article","og_title":"Terravision Extras","og_description":"\u00a1Viaja con Terravision y aprovecha al m\u00e1ximo todas las oportunidades que te ofrecen nuestras entidades convencionadas! &nbsp; \u2013 \u00a1Descubre la Ciudad Eterna a tu ritmo! \u00a1Descubre la magia de la Ciudad Eterna desde un autob\u00fas panor\u00e1mico de dos pisos! Disfruta de las magn\u00edficas vistas de los lugares m\u00e1s emblem\u00e1ticos de Roma: el Coliseo y la [&hellip;]","og_url":"https:\/\/www.terravision.eu\/spagnolo\/terravision-extras.html","og_site_name":"Terravision Espa\u00f1a","article_modified_time":"2026-01-27T08:43:39+00:00","og_image":[{"url":"https:\/\/www.terravision.eu\/italiano\/files\/2025\/10\/bigbustour.jpg","type":"","width":"","height":""}],"twitter_misc":{"Est. reading time":"6 minutes"},"schema":{"@context":"https:\/\/schema.org","@graph":[{"@type":"WebPage","@id":"https:\/\/www.terravision.eu\/spagnolo\/terravision-extras.html","url":"https:\/\/www.terravision.eu\/spagnolo\/terravision-extras.html","name":"Terravision Extras | Terravision Espa\u00f1a","isPartOf":{"@id":"https:\/\/www.terravision.eu\/spagnolo\/#website"},"primaryImageOfPage":{"@id":"https:\/\/www.terravision.eu\/spagnolo\/terravision-extras.html#primaryimage"},"image":{"@id":"https:\/\/www.terravision.eu\/spagnolo\/terravision-extras.html#primaryimage"},"thumbnailUrl":"https:\/\/www.terravision.eu\/italiano\/files\/2025\/10\/bigbustour.jpg","datePublished":"2025-07-09T07:44:34+00:00","dateModified":"2026-01-27T08:43:39+00:00","breadcrumb":{"@id":"https:\/\/www.terravision.eu\/spagnolo\/terravision-extras.html#breadcrumb"},"inLanguage":"es-ES","potentialAction":[{"@type":"ReadAction","target":["https:\/\/www.terravision.eu\/spagnolo\/terravision-extras.html"]}]},{"@type":"ImageObject","inLanguage":"es-ES","@id":"https:\/\/www.terravision.eu\/spagnolo\/terravision-extras.html#primaryimage","url":"https:\/\/www.terravision.eu\/italiano\/files\/2025\/10\/bigbustour.jpg","contentUrl":"https:\/\/www.terravision.eu\/italiano\/files\/2025\/10\/bigbustour.jpg"},{"@type":"BreadcrumbList","@id":"https:\/\/www.terravision.eu\/spagnolo\/terravision-extras.html#breadcrumb","itemListElement":[{"@type":"ListItem","position":1,"name":"Home","item":"https:\/\/www.terravision.eu\/spagnolo\/"},{"@type":"ListItem","position":2,"name":"Terravision Extras"}]},{"@type":"WebSite","@id":"https:\/\/www.terravision.eu\/spagnolo\/#website","url":"https:\/\/www.terravision.eu\/spagnolo\/","name":"Terravision Espa\u00f1a","description":"Conexiones low-cost desde\/hacia los principales aeropuertos europeos","potentialAction":[{"@type":"SearchAction","target":{"@type":"EntryPoint","urlTemplate":"https:\/\/www.terravision.eu\/spagnolo\/?s={search_term_string}"},"query-input":{"@type":"PropertyValueSpecification","valueRequired":true,"valueName":"search_term_string"}}],"inLanguage":"es-ES"}]}},"_links":{"self":[{"href":"https:\/\/www.terravision.eu\/spagnolo\/wp-json\/wp\/v2\/pages\/20651","targetHints":{"allow":["GET"]}}],"collection":[{"href":"https:\/\/www.terravision.eu\/spagnolo\/wp-json\/wp\/v2\/pages"}],"about":[{"href":"https:\/\/www.terravision.eu\/spagnolo\/wp-json\/wp\/v2\/types\/page"}],"author":[{"embeddable":true,"href":"https:\/\/www.terravision.eu\/spagnolo\/wp-json\/wp\/v2\/users\/131"}],"replies":[{"embeddable":true,"href":"https:\/\/www.terravision.eu\/spagnolo\/wp-json\/wp\/v2\/comments?post=20651"}],"version-history":[{"count":22,"href":"https:\/\/www.terravision.eu\/spagnolo\/wp-json\/wp\/v2\/pages\/20651\/revisions"}],"predecessor-version":[{"id":20713,"href":"https:\/\/www.terravision.eu\/spagnolo\/wp-json\/wp\/v2\/pages\/20651\/revisions\/20713"}],"wp:attachment":[{"href":"https:\/\/www.terravision.eu\/spagnolo\/wp-json\/wp\/v2\/media?parent=20651"}],"curies":[{"name":"wp","href":"https:\/\/api.w.org\/{rel}","templated":true}]}}