{"id":219,"date":"2012-08-10T15:22:01","date_gmt":"2012-08-10T15:22:01","guid":{"rendered":"https:\/\/www.terravision.eu\/flights-to-trapanipalermo\/"},"modified":"2020-10-05T13:01:41","modified_gmt":"2020-10-05T13:01:41","slug":"vuelos_palermo","status":"publish","type":"page","link":"https:\/\/www.terravision.eu\/spagnolo\/vuelos_palermo.html","title":{"rendered":"Vuelos a Palermo"},"content":{"rendered":"<div id=\"article-single\">\n<div class=\"title\">Consejos para los vuelos low cost desde o hacia <span class=\"strong\"><strong>Trapani y Palermo<\/strong><\/span><\/div>\n<p>\u00bfEst\u00e1s buscando un vuelo desde\/hacia Trapani o Palermo? Los aeropuertos de Trapani Birgi y Palermo ofrecen una amplia gama de vuelos ya sean regulares o low cost.<\/p>\n<p>Reserva tus vuelos desde\/hacia <strong>Trapani y Palermo<\/strong> desde unos de sus aeropuertos a precios muy convenientes. A continuaci\u00f3n te proponemos una lista con algunos buscadores de vuelos low cost.<\/p>\n<p>El tr\u00e1fico a\u00e9reo directo a Sicilia est\u00e1 repartido entre sus dos aeropuertos principales: el <strong>Aeropuerto de Trapani Birgi<\/strong> y el <strong>Aeropuerto de Palermo<\/strong>. Palermo es el un aeropuerto internacional y tines mayor n\u00famero de vuelos regulares. El aeropuerto de Trapani Birgi sin embargo es m\u00e1s importante por la presencia de las compa\u00f1\u00edas aereas low cost como Ryanair y Easyjet.<\/p>\n<p>Para tus desplazamientos desde el aeropuerto de Trapani Birgi al centro de Palermo descubre las tarifas de Terravision, leader en Europa en los transfers aereoportuarios low cost. \u00a1Busca nuestras promociones y los descuentos que te ofrecemos comprando online!<\/p>\n<p>var uri = &#8216;http:\/\/impes.tradedoubler.com\/imp?type(iframe)g(17372202)a(1737158)&#8217; + new String (Math.random()).substring (2, 11);<br \/>\ndocument.write(&#8221;);<\/p>\n<p>var uri = &#8216;http:\/\/impit.tradedoubler.com\/imp?type(iframe)g(18832128)a(1722324)&#8217; + new String (Math.random()).substring (2, 11);<br \/>\ndocument.write(&#8221;);<\/p>\n<\/div>\n","protected":false},"excerpt":{"rendered":"<p>Consejos para los vuelos low cost desde o hacia Trapani y Palermo \u00bfEst\u00e1s buscando un vuelo desde\/hacia Trapani o Palermo? Los aeropuertos de Trapani Birgi y Palermo ofrecen una amplia gama de vuelos ya sean regulares o low cost. Reserva tus vuelos desde\/hacia Trapani y Palermo desde unos de sus aeropuertos a precios muy convenientes. [&hellip;]<\/p>\n","protected":false},"author":1,"featured_media":0,"parent":0,"menu_order":0,"comment_status":"open","ping_status":"open","template":"","meta":{"footnotes":""},"class_list":["post-219","page","type-page","status-publish","hentry"],"yoast_head":"<!-- This site is optimized with the Yoast SEO Premium plugin v24.4 (Yoast SEO v24.4) - https:\/\/yoast.com\/wordpress\/plugins\/seo\/ -->\n<title>Vuelos a Palermo | Terravision<\/title>\n<meta name=\"description\" content=\"Vuelos Palermo. Vuelos desde\/hacia el aeropuerto de Palermo, compara las mejores tarifas y compra tu billete aereo para Palermo.\" \/>\n<meta name=\"robots\" content=\"index, follow, max-snippet:-1, max-image-preview:large, max-video-preview:-1\" \/>\n<link rel=\"canonical\" href=\"https:\/\/www.terravision.eu\/spagnolo\/vuelos_palermo.html\" \/>\n<meta property=\"og:locale\" content=\"es_ES\" \/>\n<meta property=\"og:type\" content=\"article\" \/>\n<meta property=\"og:title\" content=\"Vuelos a Palermo\" \/>\n<meta property=\"og:description\" content=\"Vuelos Palermo. Vuelos desde\/hacia el aeropuerto de Palermo, compara las mejores tarifas y compra tu billete aereo para Palermo.\" \/>\n<meta property=\"og:url\" content=\"https:\/\/www.terravision.eu\/spagnolo\/vuelos_palermo.html\" \/>\n<meta property=\"og:site_name\" content=\"Terravision Espa\u00f1a\" \/>\n<meta property=\"article:modified_time\" content=\"2020-10-05T13:01:41+00:00\" \/>\n<meta name=\"twitter:label1\" content=\"Tiempo de lectura\" \/>\n\t<meta name=\"twitter:data1\" content=\"1 minute\" \/>\n<script type=\"application\/ld+json\" class=\"yoast-schema-graph\">{\"@context\":\"https:\/\/schema.org\",\"@graph\":[{\"@type\":\"WebPage\",\"@id\":\"https:\/\/www.terravision.eu\/spagnolo\/vuelos_palermo.html\",\"url\":\"https:\/\/www.terravision.eu\/spagnolo\/vuelos_palermo.html\",\"name\":\"Vuelos a Palermo | Terravision\",\"isPartOf\":{\"@id\":\"https:\/\/www.terravision.eu\/spagnolo\/#website\"},\"datePublished\":\"2012-08-10T15:22:01+00:00\",\"dateModified\":\"2020-10-05T13:01:41+00:00\",\"description\":\"Vuelos Palermo. Vuelos desde\/hacia el aeropuerto de Palermo, compara las mejores tarifas y compra tu billete aereo para Palermo.\",\"breadcrumb\":{\"@id\":\"https:\/\/www.terravision.eu\/spagnolo\/vuelos_palermo.html#breadcrumb\"},\"inLanguage\":\"es-ES\",\"potentialAction\":[{\"@type\":\"ReadAction\",\"target\":[\"https:\/\/www.terravision.eu\/spagnolo\/vuelos_palermo.html\"]}]},{\"@type\":\"BreadcrumbList\",\"@id\":\"https:\/\/www.terravision.eu\/spagnolo\/vuelos_palermo.html#breadcrumb\",\"itemListElement\":[{\"@type\":\"ListItem\",\"position\":1,\"name\":\"Home\",\"item\":\"https:\/\/www.terravision.eu\/spagnolo\/\"},{\"@type\":\"ListItem\",\"position\":2,\"name\":\"Vuelos a Palermo\"}]},{\"@type\":\"WebSite\",\"@id\":\"https:\/\/www.terravision.eu\/spagnolo\/#website\",\"url\":\"https:\/\/www.terravision.eu\/spagnolo\/\",\"name\":\"Terravision Espa\u00f1a\",\"description\":\"Conexiones low-cost desde\/hacia los principales aeropuertos europeos\",\"potentialAction\":[{\"@type\":\"SearchAction\",\"target\":{\"@type\":\"EntryPoint\",\"urlTemplate\":\"https:\/\/www.terravision.eu\/spagnolo\/?s={search_term_string}\"},\"query-input\":{\"@type\":\"PropertyValueSpecification\",\"valueRequired\":true,\"valueName\":\"search_term_string\"}}],\"inLanguage\":\"es-ES\"}]}<\/script>\n<!-- \/ Yoast SEO Premium plugin. -->","yoast_head_json":{"title":"Vuelos a Palermo | Terravision","description":"Vuelos Palermo. Vuelos desde\/hacia el aeropuerto de Palermo, compara las mejores tarifas y compra tu billete aereo para Palermo.","robots":{"index":"index","follow":"follow","max-snippet":"max-snippet:-1","max-image-preview":"max-image-preview:large","max-video-preview":"max-video-preview:-1"},"canonical":"https:\/\/www.terravision.eu\/spagnolo\/vuelos_palermo.html","og_locale":"es_ES","og_type":"article","og_title":"Vuelos a Palermo","og_description":"Vuelos Palermo. Vuelos desde\/hacia el aeropuerto de Palermo, compara las mejores tarifas y compra tu billete aereo para Palermo.","og_url":"https:\/\/www.terravision.eu\/spagnolo\/vuelos_palermo.html","og_site_name":"Terravision Espa\u00f1a","article_modified_time":"2020-10-05T13:01:41+00:00","twitter_misc":{"Tiempo de lectura":"1 minute"},"schema":{"@context":"https:\/\/schema.org","@graph":[{"@type":"WebPage","@id":"https:\/\/www.terravision.eu\/spagnolo\/vuelos_palermo.html","url":"https:\/\/www.terravision.eu\/spagnolo\/vuelos_palermo.html","name":"Vuelos a Palermo | Terravision","isPartOf":{"@id":"https:\/\/www.terravision.eu\/spagnolo\/#website"},"datePublished":"2012-08-10T15:22:01+00:00","dateModified":"2020-10-05T13:01:41+00:00","description":"Vuelos Palermo. Vuelos desde\/hacia el aeropuerto de Palermo, compara las mejores tarifas y compra tu billete aereo para Palermo.","breadcrumb":{"@id":"https:\/\/www.terravision.eu\/spagnolo\/vuelos_palermo.html#breadcrumb"},"inLanguage":"es-ES","potentialAction":[{"@type":"ReadAction","target":["https:\/\/www.terravision.eu\/spagnolo\/vuelos_palermo.html"]}]},{"@type":"BreadcrumbList","@id":"https:\/\/www.terravision.eu\/spagnolo\/vuelos_palermo.html#breadcrumb","itemListElement":[{"@type":"ListItem","position":1,"name":"Home","item":"https:\/\/www.terravision.eu\/spagnolo\/"},{"@type":"ListItem","position":2,"name":"Vuelos a Palermo"}]},{"@type":"WebSite","@id":"https:\/\/www.terravision.eu\/spagnolo\/#website","url":"https:\/\/www.terravision.eu\/spagnolo\/","name":"Terravision Espa\u00f1a","description":"Conexiones low-cost desde\/hacia los principales aeropuertos europeos","potentialAction":[{"@type":"SearchAction","target":{"@type":"EntryPoint","urlTemplate":"https:\/\/www.terravision.eu\/spagnolo\/?s={search_term_string}"},"query-input":{"@type":"PropertyValueSpecification","valueRequired":true,"valueName":"search_term_string"}}],"inLanguage":"es-ES"}]}},"_links":{"self":[{"href":"https:\/\/www.terravision.eu\/spagnolo\/wp-json\/wp\/v2\/pages\/219","targetHints":{"allow":["GET"]}}],"collection":[{"href":"https:\/\/www.terravision.eu\/spagnolo\/wp-json\/wp\/v2\/pages"}],"about":[{"href":"https:\/\/www.terravision.eu\/spagnolo\/wp-json\/wp\/v2\/types\/page"}],"author":[{"embeddable":true,"href":"https:\/\/www.terravision.eu\/spagnolo\/wp-json\/wp\/v2\/users\/1"}],"replies":[{"embeddable":true,"href":"https:\/\/www.terravision.eu\/spagnolo\/wp-json\/wp\/v2\/comments?post=219"}],"version-history":[{"count":1,"href":"https:\/\/www.terravision.eu\/spagnolo\/wp-json\/wp\/v2\/pages\/219\/revisions"}],"predecessor-version":[{"id":13665,"href":"https:\/\/www.terravision.eu\/spagnolo\/wp-json\/wp\/v2\/pages\/219\/revisions\/13665"}],"wp:attachment":[{"href":"https:\/\/www.terravision.eu\/spagnolo\/wp-json\/wp\/v2\/media?parent=219"}],"curies":[{"name":"wp","href":"https:\/\/api.w.org\/{rel}","templated":true}]}}