{"id":253,"date":"2012-08-13T15:10:00","date_gmt":"2012-08-13T15:10:00","guid":{"rendered":"https:\/\/www.terravision.eu\/how-to-get-to-the-dolomites\/"},"modified":"2012-08-13T15:10:00","modified_gmt":"2012-08-13T15:10:00","slug":"llegar_dolomitas","status":"publish","type":"page","link":"https:\/\/www.terravision.eu\/spagnolo\/llegar_dolomitas.html","title":{"rendered":"C\u00f3mo llegar a las  Dolomitas"},"content":{"rendered":"<div id=\"article-single\">\n<strong>En Avi\u00f3n<\/strong> (con transfer en autobus)<br \/>\nEs muy simple llegar a las Dolomitas desde los siguentes aeropuertos:<br \/>\nInnsbruck Kranebitten<br \/>\nVerona Valerio Catullo<br \/>\nBergamo Orio al Serio<br \/>\nEn Coche<br \/>\nDistancia en coche desde las ciudades principales:<br \/>\nDesde Mil\u00e1n \u2013 4h<br \/>\nDesde Munich \u2013 3h30<br \/>\nDesde Venezia \u2013 1h30<br \/>\nCarretera principal: A22 Brennero, going from the north to the south of the Dolomites, con salidas para todos los centros tur\u00edsticos principales  <\/p>\n<p><strong>En Tr\u00e9n<\/strong><br \/>\nLa ruta ferroviaria principal es Verona-Trento-Brennero-Munich.<br \/>\nRutas alternativas:<br \/>\n Trento \u2013 Mal\u00e8 Marilleva, Trento-Primolano-Bassano del Grappa<br \/>\nBolzano-Merano-Val Venosta<br \/>\nFortezza-Brunico-San Candido-Lienz\n<\/div>\n","protected":false},"excerpt":{"rendered":"<p>En Avi\u00f3n (con transfer en autobus) Es muy simple llegar a las Dolomitas desde los siguentes aeropuertos: Innsbruck Kranebitten Verona Valerio Catullo Bergamo Orio al Serio En Coche Distancia en coche desde las ciudades principales: Desde Mil\u00e1n \u2013 4h Desde Munich \u2013 3h30 Desde Venezia \u2013 1h30 Carretera principal: A22 Brennero, going from the north [&hellip;]<\/p>\n","protected":false},"author":1,"featured_media":0,"parent":0,"menu_order":0,"comment_status":"open","ping_status":"open","template":"","meta":{"footnotes":""},"class_list":["post-253","page","type-page","status-publish","hentry"],"yoast_head":"<!-- This site is optimized with the Yoast SEO Premium plugin v24.4 (Yoast SEO v24.4) - https:\/\/yoast.com\/wordpress\/plugins\/seo\/ -->\n<title>C\u00f3mo llegar a las Dolomitas | Terravision<\/title>\n<meta name=\"description\" content=\"C\u00f3mo llegar a las Dolomitas. Informaci\u00f3n sobre c\u00f3mo llegar a las Dolomitas en avi\u00f3n, tren, coche o autobus; las soluciones m\u00e1s r\u00e1pidas y econ\u00f3micas.\" \/>\n<meta name=\"robots\" content=\"index, follow, max-snippet:-1, max-image-preview:large, max-video-preview:-1\" \/>\n<link rel=\"canonical\" href=\"https:\/\/www.terravision.eu\/spagnolo\/llegar_dolomitas.html\" \/>\n<meta property=\"og:locale\" content=\"es_ES\" \/>\n<meta property=\"og:type\" content=\"article\" \/>\n<meta property=\"og:title\" content=\"C\u00f3mo llegar a las Dolomitas\" \/>\n<meta property=\"og:description\" content=\"C\u00f3mo llegar a las Dolomitas. Informaci\u00f3n sobre c\u00f3mo llegar a las Dolomitas en avi\u00f3n, tren, coche o autobus; las soluciones m\u00e1s r\u00e1pidas y econ\u00f3micas.\" \/>\n<meta property=\"og:url\" content=\"https:\/\/www.terravision.eu\/spagnolo\/llegar_dolomitas.html\" \/>\n<meta property=\"og:site_name\" content=\"Terravision Espa\u00f1a\" \/>\n<script type=\"application\/ld+json\" class=\"yoast-schema-graph\">{\"@context\":\"https:\/\/schema.org\",\"@graph\":[{\"@type\":\"WebPage\",\"@id\":\"https:\/\/www.terravision.eu\/spagnolo\/llegar_dolomitas.html\",\"url\":\"https:\/\/www.terravision.eu\/spagnolo\/llegar_dolomitas.html\",\"name\":\"C\u00f3mo llegar a las Dolomitas | Terravision\",\"isPartOf\":{\"@id\":\"https:\/\/www.terravision.eu\/spagnolo\/#website\"},\"datePublished\":\"2012-08-13T15:10:00+00:00\",\"description\":\"C\u00f3mo llegar a las Dolomitas. Informaci\u00f3n sobre c\u00f3mo llegar a las Dolomitas en avi\u00f3n, tren, coche o autobus; las soluciones m\u00e1s r\u00e1pidas y econ\u00f3micas.\",\"breadcrumb\":{\"@id\":\"https:\/\/www.terravision.eu\/spagnolo\/llegar_dolomitas.html#breadcrumb\"},\"inLanguage\":\"es-ES\",\"potentialAction\":[{\"@type\":\"ReadAction\",\"target\":[\"https:\/\/www.terravision.eu\/spagnolo\/llegar_dolomitas.html\"]}]},{\"@type\":\"BreadcrumbList\",\"@id\":\"https:\/\/www.terravision.eu\/spagnolo\/llegar_dolomitas.html#breadcrumb\",\"itemListElement\":[{\"@type\":\"ListItem\",\"position\":1,\"name\":\"Home\",\"item\":\"https:\/\/www.terravision.eu\/spagnolo\/\"},{\"@type\":\"ListItem\",\"position\":2,\"name\":\"C\u00f3mo llegar a las Dolomitas\"}]},{\"@type\":\"WebSite\",\"@id\":\"https:\/\/www.terravision.eu\/spagnolo\/#website\",\"url\":\"https:\/\/www.terravision.eu\/spagnolo\/\",\"name\":\"Terravision Espa\u00f1a\",\"description\":\"Conexiones low-cost desde\/hacia los principales aeropuertos europeos\",\"potentialAction\":[{\"@type\":\"SearchAction\",\"target\":{\"@type\":\"EntryPoint\",\"urlTemplate\":\"https:\/\/www.terravision.eu\/spagnolo\/?s={search_term_string}\"},\"query-input\":{\"@type\":\"PropertyValueSpecification\",\"valueRequired\":true,\"valueName\":\"search_term_string\"}}],\"inLanguage\":\"es-ES\"}]}<\/script>\n<!-- \/ Yoast SEO Premium plugin. -->","yoast_head_json":{"title":"C\u00f3mo llegar a las Dolomitas | Terravision","description":"C\u00f3mo llegar a las Dolomitas. Informaci\u00f3n sobre c\u00f3mo llegar a las Dolomitas en avi\u00f3n, tren, coche o autobus; las soluciones m\u00e1s r\u00e1pidas y econ\u00f3micas.","robots":{"index":"index","follow":"follow","max-snippet":"max-snippet:-1","max-image-preview":"max-image-preview:large","max-video-preview":"max-video-preview:-1"},"canonical":"https:\/\/www.terravision.eu\/spagnolo\/llegar_dolomitas.html","og_locale":"es_ES","og_type":"article","og_title":"C\u00f3mo llegar a las Dolomitas","og_description":"C\u00f3mo llegar a las Dolomitas. Informaci\u00f3n sobre c\u00f3mo llegar a las Dolomitas en avi\u00f3n, tren, coche o autobus; las soluciones m\u00e1s r\u00e1pidas y econ\u00f3micas.","og_url":"https:\/\/www.terravision.eu\/spagnolo\/llegar_dolomitas.html","og_site_name":"Terravision Espa\u00f1a","schema":{"@context":"https:\/\/schema.org","@graph":[{"@type":"WebPage","@id":"https:\/\/www.terravision.eu\/spagnolo\/llegar_dolomitas.html","url":"https:\/\/www.terravision.eu\/spagnolo\/llegar_dolomitas.html","name":"C\u00f3mo llegar a las Dolomitas | Terravision","isPartOf":{"@id":"https:\/\/www.terravision.eu\/spagnolo\/#website"},"datePublished":"2012-08-13T15:10:00+00:00","description":"C\u00f3mo llegar a las Dolomitas. Informaci\u00f3n sobre c\u00f3mo llegar a las Dolomitas en avi\u00f3n, tren, coche o autobus; las soluciones m\u00e1s r\u00e1pidas y econ\u00f3micas.","breadcrumb":{"@id":"https:\/\/www.terravision.eu\/spagnolo\/llegar_dolomitas.html#breadcrumb"},"inLanguage":"es-ES","potentialAction":[{"@type":"ReadAction","target":["https:\/\/www.terravision.eu\/spagnolo\/llegar_dolomitas.html"]}]},{"@type":"BreadcrumbList","@id":"https:\/\/www.terravision.eu\/spagnolo\/llegar_dolomitas.html#breadcrumb","itemListElement":[{"@type":"ListItem","position":1,"name":"Home","item":"https:\/\/www.terravision.eu\/spagnolo\/"},{"@type":"ListItem","position":2,"name":"C\u00f3mo llegar a las Dolomitas"}]},{"@type":"WebSite","@id":"https:\/\/www.terravision.eu\/spagnolo\/#website","url":"https:\/\/www.terravision.eu\/spagnolo\/","name":"Terravision Espa\u00f1a","description":"Conexiones low-cost desde\/hacia los principales aeropuertos europeos","potentialAction":[{"@type":"SearchAction","target":{"@type":"EntryPoint","urlTemplate":"https:\/\/www.terravision.eu\/spagnolo\/?s={search_term_string}"},"query-input":{"@type":"PropertyValueSpecification","valueRequired":true,"valueName":"search_term_string"}}],"inLanguage":"es-ES"}]}},"_links":{"self":[{"href":"https:\/\/www.terravision.eu\/spagnolo\/wp-json\/wp\/v2\/pages\/253","targetHints":{"allow":["GET"]}}],"collection":[{"href":"https:\/\/www.terravision.eu\/spagnolo\/wp-json\/wp\/v2\/pages"}],"about":[{"href":"https:\/\/www.terravision.eu\/spagnolo\/wp-json\/wp\/v2\/types\/page"}],"author":[{"embeddable":true,"href":"https:\/\/www.terravision.eu\/spagnolo\/wp-json\/wp\/v2\/users\/1"}],"replies":[{"embeddable":true,"href":"https:\/\/www.terravision.eu\/spagnolo\/wp-json\/wp\/v2\/comments?post=253"}],"version-history":[{"count":0,"href":"https:\/\/www.terravision.eu\/spagnolo\/wp-json\/wp\/v2\/pages\/253\/revisions"}],"wp:attachment":[{"href":"https:\/\/www.terravision.eu\/spagnolo\/wp-json\/wp\/v2\/media?parent=253"}],"curies":[{"name":"wp","href":"https:\/\/api.w.org\/{rel}","templated":true}]}}