{"id":286,"date":"2012-08-14T15:38:05","date_gmt":"2012-08-14T15:38:05","guid":{"rendered":"https:\/\/www.terravision.eu\/porto-travel-tips\/"},"modified":"2020-03-09T09:16:25","modified_gmt":"2020-03-09T09:16:25","slug":"viajes_porto","status":"publish","type":"page","link":"https:\/\/www.terravision.eu\/spagnolo\/viajes_porto.html","title":{"rendered":"Gu\u00eda de Oporto"},"content":{"rendered":"<p><strong>Porto<\/strong> es la segunda ciudad de<strong> Portugal<\/strong> despu\u00e9s de Lisboa y ahora es una destinaci\u00f3n muy de moda en Europa. Gracias a su carisma y sus monumentos excepcionales el centro hist\u00f3rico de Porto fue declarado un <strong>Sitio de Patrimonio Cultural UNESCO<\/strong> en 1996. Esta ciudad tiene mucho que ofrecer si vienes para un fin de semana, una semana entera o incluso para un viaje de negocios! Con influencias romanas, moriscas y del Imperio brit\u00e1nico, el barrio antiguo de Porto tiene un ambiente \u00fanico &#8211; por no hablar de los Cais de Gaias, las bodegas de oporto famosas en todo el mundo!<\/p>\n<p><strong>Las atracciones principales de Porto <\/strong><\/p>\n<ul>\n<li>Cais de Gaias , las bodegas de Oporto<\/li>\n<li>La Iglesia de Sao Louren\u00e7o<\/li>\n<li>El barrio de Ribeira<\/li>\n<li>El Torre de Clerigos<\/li>\n<li>El Estaci\u00f3n de trenes de Sao Bento<\/li>\n<li>El Puente de Dom Luis (costruido hace mas de 120 a\u00f1os!)<\/li>\n<li>Las obras de los Azulejos<\/li>\n<li>La Biblioteca Lello<\/li>\n<\/ul>\n<p><strong>Consejos y eventos de Porto <\/strong><br \/>\nPorto es una ciudad animada donde siempre puedes encontrar exhibiciones de prima categor\u00eda (al Museo de Serralves) y espect\u00e1culos de m\u00fasica (a la Casa da Musica), y muchos otros festivals y eventos.<\/p>\n","protected":false},"excerpt":{"rendered":"<p>Porto es la segunda ciudad de Portugal despu\u00e9s de Lisboa y ahora es una destinaci\u00f3n muy de moda en Europa. Gracias a su carisma y sus monumentos excepcionales el centro hist\u00f3rico de Porto fue declarado un Sitio de Patrimonio Cultural UNESCO en 1996. Esta ciudad tiene mucho que ofrecer si vienes para un fin de [&hellip;]<\/p>\n","protected":false},"author":1,"featured_media":0,"parent":0,"menu_order":0,"comment_status":"open","ping_status":"open","template":"","meta":{"footnotes":""},"class_list":["post-286","page","type-page","status-publish","hentry"],"yoast_head":"<!-- This site is optimized with the Yoast SEO Premium plugin v24.4 (Yoast SEO v24.4) - https:\/\/yoast.com\/wordpress\/plugins\/seo\/ -->\n<title>Gu\u00eda de Oporto | Terravision<\/title>\n<meta name=\"description\" content=\"Gu\u00eda de Oporto. Gu\u00eda tur\u00edstica de Oporto con museos, consejos de viaje y las principales atracciones tur\u00edsticas de Oporto.\" \/>\n<meta name=\"robots\" content=\"index, follow, max-snippet:-1, max-image-preview:large, max-video-preview:-1\" \/>\n<link rel=\"canonical\" href=\"https:\/\/www.terravision.eu\/spagnolo\/viajes_porto.html\" \/>\n<meta property=\"og:locale\" content=\"es_ES\" \/>\n<meta property=\"og:type\" content=\"article\" \/>\n<meta property=\"og:title\" content=\"Gu\u00eda de Oporto\" \/>\n<meta property=\"og:description\" content=\"Gu\u00eda de Oporto. Gu\u00eda tur\u00edstica de Oporto con museos, consejos de viaje y las principales atracciones tur\u00edsticas de Oporto.\" \/>\n<meta property=\"og:url\" content=\"https:\/\/www.terravision.eu\/spagnolo\/viajes_porto.html\" \/>\n<meta property=\"og:site_name\" content=\"Terravision Espa\u00f1a\" \/>\n<meta property=\"article:modified_time\" content=\"2020-03-09T09:16:25+00:00\" \/>\n<meta name=\"twitter:label1\" content=\"Tiempo de lectura\" \/>\n\t<meta name=\"twitter:data1\" content=\"1 minute\" \/>\n<script type=\"application\/ld+json\" class=\"yoast-schema-graph\">{\"@context\":\"https:\/\/schema.org\",\"@graph\":[{\"@type\":\"WebPage\",\"@id\":\"https:\/\/www.terravision.eu\/spagnolo\/viajes_porto.html\",\"url\":\"https:\/\/www.terravision.eu\/spagnolo\/viajes_porto.html\",\"name\":\"Gu\u00eda de Oporto | Terravision\",\"isPartOf\":{\"@id\":\"https:\/\/www.terravision.eu\/spagnolo\/#website\"},\"datePublished\":\"2012-08-14T15:38:05+00:00\",\"dateModified\":\"2020-03-09T09:16:25+00:00\",\"description\":\"Gu\u00eda de Oporto. Gu\u00eda tur\u00edstica de Oporto con museos, consejos de viaje y las principales atracciones tur\u00edsticas de Oporto.\",\"breadcrumb\":{\"@id\":\"https:\/\/www.terravision.eu\/spagnolo\/viajes_porto.html#breadcrumb\"},\"inLanguage\":\"es-ES\",\"potentialAction\":[{\"@type\":\"ReadAction\",\"target\":[\"https:\/\/www.terravision.eu\/spagnolo\/viajes_porto.html\"]}]},{\"@type\":\"BreadcrumbList\",\"@id\":\"https:\/\/www.terravision.eu\/spagnolo\/viajes_porto.html#breadcrumb\",\"itemListElement\":[{\"@type\":\"ListItem\",\"position\":1,\"name\":\"Home\",\"item\":\"https:\/\/www.terravision.eu\/spagnolo\/\"},{\"@type\":\"ListItem\",\"position\":2,\"name\":\"Gu\u00eda de Oporto\"}]},{\"@type\":\"WebSite\",\"@id\":\"https:\/\/www.terravision.eu\/spagnolo\/#website\",\"url\":\"https:\/\/www.terravision.eu\/spagnolo\/\",\"name\":\"Terravision Espa\u00f1a\",\"description\":\"Conexiones low-cost desde\/hacia los principales aeropuertos europeos\",\"potentialAction\":[{\"@type\":\"SearchAction\",\"target\":{\"@type\":\"EntryPoint\",\"urlTemplate\":\"https:\/\/www.terravision.eu\/spagnolo\/?s={search_term_string}\"},\"query-input\":{\"@type\":\"PropertyValueSpecification\",\"valueRequired\":true,\"valueName\":\"search_term_string\"}}],\"inLanguage\":\"es-ES\"}]}<\/script>\n<!-- \/ Yoast SEO Premium plugin. -->","yoast_head_json":{"title":"Gu\u00eda de Oporto | Terravision","description":"Gu\u00eda de Oporto. Gu\u00eda tur\u00edstica de Oporto con museos, consejos de viaje y las principales atracciones tur\u00edsticas de Oporto.","robots":{"index":"index","follow":"follow","max-snippet":"max-snippet:-1","max-image-preview":"max-image-preview:large","max-video-preview":"max-video-preview:-1"},"canonical":"https:\/\/www.terravision.eu\/spagnolo\/viajes_porto.html","og_locale":"es_ES","og_type":"article","og_title":"Gu\u00eda de Oporto","og_description":"Gu\u00eda de Oporto. Gu\u00eda tur\u00edstica de Oporto con museos, consejos de viaje y las principales atracciones tur\u00edsticas de Oporto.","og_url":"https:\/\/www.terravision.eu\/spagnolo\/viajes_porto.html","og_site_name":"Terravision Espa\u00f1a","article_modified_time":"2020-03-09T09:16:25+00:00","twitter_misc":{"Tiempo de lectura":"1 minute"},"schema":{"@context":"https:\/\/schema.org","@graph":[{"@type":"WebPage","@id":"https:\/\/www.terravision.eu\/spagnolo\/viajes_porto.html","url":"https:\/\/www.terravision.eu\/spagnolo\/viajes_porto.html","name":"Gu\u00eda de Oporto | Terravision","isPartOf":{"@id":"https:\/\/www.terravision.eu\/spagnolo\/#website"},"datePublished":"2012-08-14T15:38:05+00:00","dateModified":"2020-03-09T09:16:25+00:00","description":"Gu\u00eda de Oporto. Gu\u00eda tur\u00edstica de Oporto con museos, consejos de viaje y las principales atracciones tur\u00edsticas de Oporto.","breadcrumb":{"@id":"https:\/\/www.terravision.eu\/spagnolo\/viajes_porto.html#breadcrumb"},"inLanguage":"es-ES","potentialAction":[{"@type":"ReadAction","target":["https:\/\/www.terravision.eu\/spagnolo\/viajes_porto.html"]}]},{"@type":"BreadcrumbList","@id":"https:\/\/www.terravision.eu\/spagnolo\/viajes_porto.html#breadcrumb","itemListElement":[{"@type":"ListItem","position":1,"name":"Home","item":"https:\/\/www.terravision.eu\/spagnolo\/"},{"@type":"ListItem","position":2,"name":"Gu\u00eda de Oporto"}]},{"@type":"WebSite","@id":"https:\/\/www.terravision.eu\/spagnolo\/#website","url":"https:\/\/www.terravision.eu\/spagnolo\/","name":"Terravision Espa\u00f1a","description":"Conexiones low-cost desde\/hacia los principales aeropuertos europeos","potentialAction":[{"@type":"SearchAction","target":{"@type":"EntryPoint","urlTemplate":"https:\/\/www.terravision.eu\/spagnolo\/?s={search_term_string}"},"query-input":{"@type":"PropertyValueSpecification","valueRequired":true,"valueName":"search_term_string"}}],"inLanguage":"es-ES"}]}},"_links":{"self":[{"href":"https:\/\/www.terravision.eu\/spagnolo\/wp-json\/wp\/v2\/pages\/286","targetHints":{"allow":["GET"]}}],"collection":[{"href":"https:\/\/www.terravision.eu\/spagnolo\/wp-json\/wp\/v2\/pages"}],"about":[{"href":"https:\/\/www.terravision.eu\/spagnolo\/wp-json\/wp\/v2\/types\/page"}],"author":[{"embeddable":true,"href":"https:\/\/www.terravision.eu\/spagnolo\/wp-json\/wp\/v2\/users\/1"}],"replies":[{"embeddable":true,"href":"https:\/\/www.terravision.eu\/spagnolo\/wp-json\/wp\/v2\/comments?post=286"}],"version-history":[{"count":1,"href":"https:\/\/www.terravision.eu\/spagnolo\/wp-json\/wp\/v2\/pages\/286\/revisions"}],"predecessor-version":[{"id":13282,"href":"https:\/\/www.terravision.eu\/spagnolo\/wp-json\/wp\/v2\/pages\/286\/revisions\/13282"}],"wp:attachment":[{"href":"https:\/\/www.terravision.eu\/spagnolo\/wp-json\/wp\/v2\/media?parent=286"}],"curies":[{"name":"wp","href":"https:\/\/api.w.org\/{rel}","templated":true}]}}