{"id":291,"date":"2012-08-14T16:12:03","date_gmt":"2012-08-14T16:12:03","guid":{"rendered":"https:\/\/www.terravision.eu\/how-to-get-to-porto\/"},"modified":"2020-03-09T09:07:30","modified_gmt":"2020-03-09T09:07:30","slug":"llegar_porto","status":"publish","type":"page","link":"https:\/\/www.terravision.eu\/spagnolo\/llegar_porto.html","title":{"rendered":"C\u00f3mo llegar a  Oporto"},"content":{"rendered":"<p><strong>En Avi\u00f3n <\/strong><br \/>\nPorto est\u00e1 muy bien conectada con el resto de Europa y con las principales ciudades del mundo gracias a su aeropuerto internacional, Francisco S\u00e1 Carneiro (OPO).<\/p>\n<p><strong>En Coche <\/strong><br \/>\nLas principales carreteras para llegar a Porto:<\/p>\n<ul>\n<li>A1, desde Lisboa<\/li>\n<li>A3, desde Minho<\/li>\n<li>A4, desde Tr\u00e1s-os-Montes<\/li>\n<li>IC1\/A28 desde Valen\u00e7a (sin peaje)<\/li>\n<\/ul>\n<p><strong>En Tren <\/strong><br \/>\nPorto dispone de dos estaciones de tren principales:<\/p>\n<ul>\n<li>Esta\u00e7\u00e3o de Campanh\u00e3 que conecta Porto con destinaciones internacionales y con Lisboa, Douro y Minho<\/li>\n<li>Esta\u00e7\u00e3o de S. Bento que conecta Porto con Galicia, Douro, Minho, Aveiro y Coimbra<\/li>\n<\/ul>\n","protected":false},"excerpt":{"rendered":"<p>En Avi\u00f3n Porto est\u00e1 muy bien conectada con el resto de Europa y con las principales ciudades del mundo gracias a su aeropuerto internacional, Francisco S\u00e1 Carneiro (OPO). En Coche Las principales carreteras para llegar a Porto: A1, desde Lisboa A3, desde Minho A4, desde Tr\u00e1s-os-Montes IC1\/A28 desde Valen\u00e7a (sin peaje) En Tren Porto dispone [&hellip;]<\/p>\n","protected":false},"author":1,"featured_media":0,"parent":0,"menu_order":0,"comment_status":"open","ping_status":"open","template":"","meta":{"footnotes":""},"class_list":["post-291","page","type-page","status-publish","hentry"],"yoast_head":"<!-- This site is optimized with the Yoast SEO Premium plugin v24.4 (Yoast SEO v24.4) - https:\/\/yoast.com\/wordpress\/plugins\/seo\/ -->\n<title>C\u00f3mo llegar a Oporto | Terravision<\/title>\n<meta name=\"description\" content=\"C\u00f3mo llegar a Oporto. Informaci\u00f3n sobre c\u00f3mo llegar a Oporto en avi\u00f3n, tren, coche o autobus; las soluciones m\u00e1s r\u00e1pidas y econ\u00f3micas.\" \/>\n<meta name=\"robots\" content=\"index, follow, max-snippet:-1, max-image-preview:large, max-video-preview:-1\" \/>\n<link rel=\"canonical\" href=\"https:\/\/www.terravision.eu\/spagnolo\/llegar_porto.html\" \/>\n<meta property=\"og:locale\" content=\"es_ES\" \/>\n<meta property=\"og:type\" content=\"article\" \/>\n<meta property=\"og:title\" content=\"C\u00f3mo llegar a Oporto\" \/>\n<meta property=\"og:description\" content=\"C\u00f3mo llegar a Oporto. Informaci\u00f3n sobre c\u00f3mo llegar a Oporto en avi\u00f3n, tren, coche o autobus; las soluciones m\u00e1s r\u00e1pidas y econ\u00f3micas.\" \/>\n<meta property=\"og:url\" content=\"https:\/\/www.terravision.eu\/spagnolo\/llegar_porto.html\" \/>\n<meta property=\"og:site_name\" content=\"Terravision Espa\u00f1a\" \/>\n<meta property=\"article:modified_time\" content=\"2020-03-09T09:07:30+00:00\" \/>\n<script type=\"application\/ld+json\" class=\"yoast-schema-graph\">{\"@context\":\"https:\/\/schema.org\",\"@graph\":[{\"@type\":\"WebPage\",\"@id\":\"https:\/\/www.terravision.eu\/spagnolo\/llegar_porto.html\",\"url\":\"https:\/\/www.terravision.eu\/spagnolo\/llegar_porto.html\",\"name\":\"C\u00f3mo llegar a Oporto | Terravision\",\"isPartOf\":{\"@id\":\"https:\/\/www.terravision.eu\/spagnolo\/#website\"},\"datePublished\":\"2012-08-14T16:12:03+00:00\",\"dateModified\":\"2020-03-09T09:07:30+00:00\",\"description\":\"C\u00f3mo llegar a Oporto. Informaci\u00f3n sobre c\u00f3mo llegar a Oporto en avi\u00f3n, tren, coche o autobus; las soluciones m\u00e1s r\u00e1pidas y econ\u00f3micas.\",\"breadcrumb\":{\"@id\":\"https:\/\/www.terravision.eu\/spagnolo\/llegar_porto.html#breadcrumb\"},\"inLanguage\":\"es-ES\",\"potentialAction\":[{\"@type\":\"ReadAction\",\"target\":[\"https:\/\/www.terravision.eu\/spagnolo\/llegar_porto.html\"]}]},{\"@type\":\"BreadcrumbList\",\"@id\":\"https:\/\/www.terravision.eu\/spagnolo\/llegar_porto.html#breadcrumb\",\"itemListElement\":[{\"@type\":\"ListItem\",\"position\":1,\"name\":\"Home\",\"item\":\"https:\/\/www.terravision.eu\/spagnolo\/\"},{\"@type\":\"ListItem\",\"position\":2,\"name\":\"C\u00f3mo llegar a Oporto\"}]},{\"@type\":\"WebSite\",\"@id\":\"https:\/\/www.terravision.eu\/spagnolo\/#website\",\"url\":\"https:\/\/www.terravision.eu\/spagnolo\/\",\"name\":\"Terravision Espa\u00f1a\",\"description\":\"Conexiones low-cost desde\/hacia los principales aeropuertos europeos\",\"potentialAction\":[{\"@type\":\"SearchAction\",\"target\":{\"@type\":\"EntryPoint\",\"urlTemplate\":\"https:\/\/www.terravision.eu\/spagnolo\/?s={search_term_string}\"},\"query-input\":{\"@type\":\"PropertyValueSpecification\",\"valueRequired\":true,\"valueName\":\"search_term_string\"}}],\"inLanguage\":\"es-ES\"}]}<\/script>\n<!-- \/ Yoast SEO Premium plugin. -->","yoast_head_json":{"title":"C\u00f3mo llegar a Oporto | Terravision","description":"C\u00f3mo llegar a Oporto. Informaci\u00f3n sobre c\u00f3mo llegar a Oporto en avi\u00f3n, tren, coche o autobus; las soluciones m\u00e1s r\u00e1pidas y econ\u00f3micas.","robots":{"index":"index","follow":"follow","max-snippet":"max-snippet:-1","max-image-preview":"max-image-preview:large","max-video-preview":"max-video-preview:-1"},"canonical":"https:\/\/www.terravision.eu\/spagnolo\/llegar_porto.html","og_locale":"es_ES","og_type":"article","og_title":"C\u00f3mo llegar a Oporto","og_description":"C\u00f3mo llegar a Oporto. Informaci\u00f3n sobre c\u00f3mo llegar a Oporto en avi\u00f3n, tren, coche o autobus; las soluciones m\u00e1s r\u00e1pidas y econ\u00f3micas.","og_url":"https:\/\/www.terravision.eu\/spagnolo\/llegar_porto.html","og_site_name":"Terravision Espa\u00f1a","article_modified_time":"2020-03-09T09:07:30+00:00","schema":{"@context":"https:\/\/schema.org","@graph":[{"@type":"WebPage","@id":"https:\/\/www.terravision.eu\/spagnolo\/llegar_porto.html","url":"https:\/\/www.terravision.eu\/spagnolo\/llegar_porto.html","name":"C\u00f3mo llegar a Oporto | Terravision","isPartOf":{"@id":"https:\/\/www.terravision.eu\/spagnolo\/#website"},"datePublished":"2012-08-14T16:12:03+00:00","dateModified":"2020-03-09T09:07:30+00:00","description":"C\u00f3mo llegar a Oporto. Informaci\u00f3n sobre c\u00f3mo llegar a Oporto en avi\u00f3n, tren, coche o autobus; las soluciones m\u00e1s r\u00e1pidas y econ\u00f3micas.","breadcrumb":{"@id":"https:\/\/www.terravision.eu\/spagnolo\/llegar_porto.html#breadcrumb"},"inLanguage":"es-ES","potentialAction":[{"@type":"ReadAction","target":["https:\/\/www.terravision.eu\/spagnolo\/llegar_porto.html"]}]},{"@type":"BreadcrumbList","@id":"https:\/\/www.terravision.eu\/spagnolo\/llegar_porto.html#breadcrumb","itemListElement":[{"@type":"ListItem","position":1,"name":"Home","item":"https:\/\/www.terravision.eu\/spagnolo\/"},{"@type":"ListItem","position":2,"name":"C\u00f3mo llegar a Oporto"}]},{"@type":"WebSite","@id":"https:\/\/www.terravision.eu\/spagnolo\/#website","url":"https:\/\/www.terravision.eu\/spagnolo\/","name":"Terravision Espa\u00f1a","description":"Conexiones low-cost desde\/hacia los principales aeropuertos europeos","potentialAction":[{"@type":"SearchAction","target":{"@type":"EntryPoint","urlTemplate":"https:\/\/www.terravision.eu\/spagnolo\/?s={search_term_string}"},"query-input":{"@type":"PropertyValueSpecification","valueRequired":true,"valueName":"search_term_string"}}],"inLanguage":"es-ES"}]}},"_links":{"self":[{"href":"https:\/\/www.terravision.eu\/spagnolo\/wp-json\/wp\/v2\/pages\/291","targetHints":{"allow":["GET"]}}],"collection":[{"href":"https:\/\/www.terravision.eu\/spagnolo\/wp-json\/wp\/v2\/pages"}],"about":[{"href":"https:\/\/www.terravision.eu\/spagnolo\/wp-json\/wp\/v2\/types\/page"}],"author":[{"embeddable":true,"href":"https:\/\/www.terravision.eu\/spagnolo\/wp-json\/wp\/v2\/users\/1"}],"replies":[{"embeddable":true,"href":"https:\/\/www.terravision.eu\/spagnolo\/wp-json\/wp\/v2\/comments?post=291"}],"version-history":[{"count":1,"href":"https:\/\/www.terravision.eu\/spagnolo\/wp-json\/wp\/v2\/pages\/291\/revisions"}],"predecessor-version":[{"id":13281,"href":"https:\/\/www.terravision.eu\/spagnolo\/wp-json\/wp\/v2\/pages\/291\/revisions\/13281"}],"wp:attachment":[{"href":"https:\/\/www.terravision.eu\/spagnolo\/wp-json\/wp\/v2\/media?parent=291"}],"curies":[{"name":"wp","href":"https:\/\/api.w.org\/{rel}","templated":true}]}}