{"id":331,"date":"2017-08-16T16:38:48","date_gmt":"2017-08-16T16:38:48","guid":{"rendered":"https:\/\/www.terravision.eu\/group-transfers-terravision\/"},"modified":"2025-11-18T09:50:25","modified_gmt":"2025-11-18T09:50:25","slug":"group_transfer","status":"publish","type":"page","link":"https:\/\/www.terravision.eu\/spagnolo\/group_transfer.html","title":{"rendered":"Reserva de grupo"},"content":{"rendered":"<p>&nbsp;<\/p>\n<div class=\"row\">\n<div class=\"col mb-30\">\n<div class=\"overflow-hidden\">\n<div class=\"separator-trv-n z-index-1 p-relative mb-10\"><\/div>\n<h3 class=\"h3-Barlow-36pt-3\" style=\"margin-bottom: 15px;\">\u00bfViaja en grupo? Le ofrecemos un traslado a su medida.<\/h3>\n<p class=\"text-standard\">Le ofrecemos la posibilidad de reservar un traslado privado, c\u00f3modo y r\u00e1pido que le llevar\u00e1 directamente al destino elegido. Disponemos de una amplia gama de veh\u00edculos nuevos y confortables para garantizarle un viaje con el m\u00e1ximo confort y seguridad.<\/p>\n<\/div>\n<\/div>\n<\/div>\n<div class=\"row gap-30 grid-2-1\">\n<div class=\"p-0 border-radius double-card p-relative\">\n<div class=\"row\" style=\"height: 100%;\">\n<div class=\"col align-self-center pl-30 pr-0 pl-m-0\">\n<div class=\"overflow-hidden\">\n<div class=\"separator-trv-n z-index-1 p-relative mb-10\"><\/div>\n<div class=\"d-flex\" style=\"gap: 23px; margin-bottom: 30px;\">\n<h3 class=\"h3-Barlow-36pt-3\" style=\"margin-bottom: 0;\">Transfer de grupo<\/h3>\n<\/div>\n<p>\u00bfViajas en grupo de un m\u00ednimo 5 personas? Reserva con nosotros tu transfer hasta tu hotel. Te dejamos algunos de los trasfer m\u00e1s solicitados:<\/p>\n<ul>\n<li>\n<h4>Aeropuertos de Fiumicino\/Ciampino &#8211; Roma<\/h4>\n<\/li>\n<li>\n<h4>Aeropuertos de Fiumicino\/Ciampino &#8211; Civitavecchia<\/h4>\n<\/li>\n<li>\n<h4>Aeropuerto de Treviso \u2013 destino a elegir<\/h4>\n<\/li>\n<li>\n<h4>Aeropuerto de Venecia \u2013 destino a elegir<\/h4>\n<\/li>\n<li>\n<h4>Aeropuerto de Beauvais\/Charles De Gaulle\/Orly \u2013 Par\u00eds (destino a elegir)<\/h4>\n<\/li>\n<\/ul>\n<p>Para mandar tu solicitud, rellena el siguiente formulario. Nuestro personal te contestar\u00e1 lo antes posible!<\/p>\n<\/div>\n<\/div>\n<\/div>\n<\/div>\n<div class=\"p-0 border-radius double-card p-relative\">\n<div class=\"row\" style=\"height: 100%;\">\n<div class=\"col align-self-center pl-30 pr-0 pl-m-0\">\n<div class=\"overflow-hidden\">\n<div class=\"separator-trv-n z-index-1 p-relative mb-10\"><\/div>\n<div class=\"d-flex\" style=\"gap: 23px; margin-bottom: 30px;\">\n<h3 class=\"h3-Barlow-36pt-3\" style=\"margin-bottom: 0;\">Solicitudes especiales<\/h3>\n<\/div>\n<p class=\"text-standard\">\u00bfTienes alguna exigencia en particular al reservar tu transfer? (necesidad de autob\u00fas con plataforma para subir, espacio extra para equipaje especial o equipaje extra etc\u2026)?<br \/>\n\u00a1Escribe todo en la secci\u00f3n \u201cDestinaci\u00f3n\u201d!<br \/>\nEn caso de emergencia, cont\u00e1ctanos en nuestros canales de Facebook y de Instagram.<\/p>\n<ul>\n<li class=\"list-inline-item text-color-dark me-md-4 mb-0\"><a class=\"social-top\" href=\"https:\/\/www.facebook.com\/terravision.eu\" target=\"_blank\" rel=\"noopener\"><img decoding=\"async\" class=\"icon-facebook_white\" src=\"https:\/\/www.terravision.eu\/italiano\/files\/2025\/03\/icon-facebook_chi_siamo.png\" \/><\/a><\/li>\n<li class=\"list-inline-item text-color-dark me-md-4 mb-0\"><a class=\"social-top\" href=\"https:\/\/www.instagram.com\/terravision.eu\/\" target=\"_blank\" rel=\"noopener\"><img decoding=\"async\" class=\"icon-facebook_white\" src=\"https:\/\/www.terravision.eu\/italiano\/files\/2025\/03\/icon-instagram_chi_siamo.png\" \/><\/a><\/li>\n<\/ul>\n<\/div>\n<\/div>\n<\/div>\n<\/div>\n<\/div>\n","protected":false},"excerpt":{"rendered":"<p>&nbsp; \u00bfViaja en grupo? Le ofrecemos un traslado a su medida. Le ofrecemos la posibilidad de reservar un traslado privado, c\u00f3modo y r\u00e1pido que le llevar\u00e1 directamente al destino elegido. Disponemos de una amplia gama de veh\u00edculos nuevos y confortables para garantizarle un viaje con el m\u00e1ximo confort y seguridad. Transfer de grupo \u00bfViajas en [&hellip;]<\/p>\n","protected":false},"author":1,"featured_media":12956,"parent":0,"menu_order":0,"comment_status":"open","ping_status":"open","template":"","meta":{"footnotes":""},"class_list":["post-331","page","type-page","status-publish","has-post-thumbnail","hentry","cities-roma"],"yoast_head":"<!-- This site is optimized with the Yoast SEO Premium plugin v24.4 (Yoast SEO v24.4) - https:\/\/yoast.com\/wordpress\/plugins\/seo\/ -->\n<title>Transfer de grupos | Terravision<\/title>\n<meta name=\"description\" content=\"Transfer de grupos en bus y en minibus desde o hacia los Aeropuertos de Fiumicino y Ciampino, Puerto de Civitavecchia y Roma centro ciudad. \u00a1Reserva ya!\" \/>\n<meta name=\"robots\" content=\"index, follow, max-snippet:-1, max-image-preview:large, max-video-preview:-1\" \/>\n<link rel=\"canonical\" href=\"https:\/\/www.terravision.eu\/spagnolo\/group_transfer.html\" \/>\n<meta property=\"og:locale\" content=\"es_ES\" \/>\n<meta property=\"og:type\" content=\"article\" \/>\n<meta property=\"og:title\" content=\"Reserva de grupo\" \/>\n<meta property=\"og:description\" content=\"Transfer de grupos en bus y en minibus desde o hacia los Aeropuertos de Fiumicino y Ciampino, Puerto de Civitavecchia y Roma centro ciudad. \u00a1Reserva ya!\" \/>\n<meta property=\"og:url\" content=\"https:\/\/www.terravision.eu\/spagnolo\/group_transfer.html\" \/>\n<meta property=\"og:site_name\" content=\"Terravision Espa\u00f1a\" \/>\n<meta property=\"article:modified_time\" content=\"2025-11-18T09:50:25+00:00\" \/>\n<meta property=\"og:image\" content=\"https:\/\/www.terravision.eu\/spagnolo\/files\/2012\/08\/gruppi.jpg\" \/>\n\t<meta property=\"og:image:width\" content=\"2880\" \/>\n\t<meta property=\"og:image:height\" content=\"1620\" \/>\n\t<meta property=\"og:image:type\" content=\"image\/jpeg\" \/>\n<meta name=\"twitter:label1\" content=\"Tiempo de lectura\" \/>\n\t<meta name=\"twitter:data1\" content=\"2 minutes\" \/>\n<script type=\"application\/ld+json\" class=\"yoast-schema-graph\">{\"@context\":\"https:\/\/schema.org\",\"@graph\":[{\"@type\":\"WebPage\",\"@id\":\"https:\/\/www.terravision.eu\/spagnolo\/group_transfer.html\",\"url\":\"https:\/\/www.terravision.eu\/spagnolo\/group_transfer.html\",\"name\":\"Transfer de grupos | Terravision\",\"isPartOf\":{\"@id\":\"https:\/\/www.terravision.eu\/spagnolo\/#website\"},\"primaryImageOfPage\":{\"@id\":\"https:\/\/www.terravision.eu\/spagnolo\/group_transfer.html#primaryimage\"},\"image\":{\"@id\":\"https:\/\/www.terravision.eu\/spagnolo\/group_transfer.html#primaryimage\"},\"thumbnailUrl\":\"https:\/\/www.terravision.eu\/spagnolo\/files\/2012\/08\/gruppi.jpg\",\"datePublished\":\"2017-08-16T16:38:48+00:00\",\"dateModified\":\"2025-11-18T09:50:25+00:00\",\"description\":\"Transfer de grupos en bus y en minibus desde o hacia los Aeropuertos de Fiumicino y Ciampino, Puerto de Civitavecchia y Roma centro ciudad. \u00a1Reserva ya!\",\"breadcrumb\":{\"@id\":\"https:\/\/www.terravision.eu\/spagnolo\/group_transfer.html#breadcrumb\"},\"inLanguage\":\"es-ES\",\"potentialAction\":[{\"@type\":\"ReadAction\",\"target\":[\"https:\/\/www.terravision.eu\/spagnolo\/group_transfer.html\"]}]},{\"@type\":\"ImageObject\",\"inLanguage\":\"es-ES\",\"@id\":\"https:\/\/www.terravision.eu\/spagnolo\/group_transfer.html#primaryimage\",\"url\":\"https:\/\/www.terravision.eu\/spagnolo\/files\/2012\/08\/gruppi.jpg\",\"contentUrl\":\"https:\/\/www.terravision.eu\/spagnolo\/files\/2012\/08\/gruppi.jpg\",\"width\":2880,\"height\":1620},{\"@type\":\"BreadcrumbList\",\"@id\":\"https:\/\/www.terravision.eu\/spagnolo\/group_transfer.html#breadcrumb\",\"itemListElement\":[{\"@type\":\"ListItem\",\"position\":1,\"name\":\"Home\",\"item\":\"https:\/\/www.terravision.eu\/spagnolo\/\"},{\"@type\":\"ListItem\",\"position\":2,\"name\":\"Reserva de grupo\"}]},{\"@type\":\"WebSite\",\"@id\":\"https:\/\/www.terravision.eu\/spagnolo\/#website\",\"url\":\"https:\/\/www.terravision.eu\/spagnolo\/\",\"name\":\"Terravision Espa\u00f1a\",\"description\":\"Conexiones low-cost desde\/hacia los principales aeropuertos europeos\",\"potentialAction\":[{\"@type\":\"SearchAction\",\"target\":{\"@type\":\"EntryPoint\",\"urlTemplate\":\"https:\/\/www.terravision.eu\/spagnolo\/?s={search_term_string}\"},\"query-input\":{\"@type\":\"PropertyValueSpecification\",\"valueRequired\":true,\"valueName\":\"search_term_string\"}}],\"inLanguage\":\"es-ES\"}]}<\/script>\n<!-- \/ Yoast SEO Premium plugin. -->","yoast_head_json":{"title":"Transfer de grupos | Terravision","description":"Transfer de grupos en bus y en minibus desde o hacia los Aeropuertos de Fiumicino y Ciampino, Puerto de Civitavecchia y Roma centro ciudad. \u00a1Reserva ya!","robots":{"index":"index","follow":"follow","max-snippet":"max-snippet:-1","max-image-preview":"max-image-preview:large","max-video-preview":"max-video-preview:-1"},"canonical":"https:\/\/www.terravision.eu\/spagnolo\/group_transfer.html","og_locale":"es_ES","og_type":"article","og_title":"Reserva de grupo","og_description":"Transfer de grupos en bus y en minibus desde o hacia los Aeropuertos de Fiumicino y Ciampino, Puerto de Civitavecchia y Roma centro ciudad. \u00a1Reserva ya!","og_url":"https:\/\/www.terravision.eu\/spagnolo\/group_transfer.html","og_site_name":"Terravision Espa\u00f1a","article_modified_time":"2025-11-18T09:50:25+00:00","og_image":[{"width":2880,"height":1620,"url":"https:\/\/www.terravision.eu\/spagnolo\/files\/2012\/08\/gruppi.jpg","type":"image\/jpeg"}],"twitter_misc":{"Tiempo de lectura":"2 minutes"},"schema":{"@context":"https:\/\/schema.org","@graph":[{"@type":"WebPage","@id":"https:\/\/www.terravision.eu\/spagnolo\/group_transfer.html","url":"https:\/\/www.terravision.eu\/spagnolo\/group_transfer.html","name":"Transfer de grupos | Terravision","isPartOf":{"@id":"https:\/\/www.terravision.eu\/spagnolo\/#website"},"primaryImageOfPage":{"@id":"https:\/\/www.terravision.eu\/spagnolo\/group_transfer.html#primaryimage"},"image":{"@id":"https:\/\/www.terravision.eu\/spagnolo\/group_transfer.html#primaryimage"},"thumbnailUrl":"https:\/\/www.terravision.eu\/spagnolo\/files\/2012\/08\/gruppi.jpg","datePublished":"2017-08-16T16:38:48+00:00","dateModified":"2025-11-18T09:50:25+00:00","description":"Transfer de grupos en bus y en minibus desde o hacia los Aeropuertos de Fiumicino y Ciampino, Puerto de Civitavecchia y Roma centro ciudad. \u00a1Reserva ya!","breadcrumb":{"@id":"https:\/\/www.terravision.eu\/spagnolo\/group_transfer.html#breadcrumb"},"inLanguage":"es-ES","potentialAction":[{"@type":"ReadAction","target":["https:\/\/www.terravision.eu\/spagnolo\/group_transfer.html"]}]},{"@type":"ImageObject","inLanguage":"es-ES","@id":"https:\/\/www.terravision.eu\/spagnolo\/group_transfer.html#primaryimage","url":"https:\/\/www.terravision.eu\/spagnolo\/files\/2012\/08\/gruppi.jpg","contentUrl":"https:\/\/www.terravision.eu\/spagnolo\/files\/2012\/08\/gruppi.jpg","width":2880,"height":1620},{"@type":"BreadcrumbList","@id":"https:\/\/www.terravision.eu\/spagnolo\/group_transfer.html#breadcrumb","itemListElement":[{"@type":"ListItem","position":1,"name":"Home","item":"https:\/\/www.terravision.eu\/spagnolo\/"},{"@type":"ListItem","position":2,"name":"Reserva de grupo"}]},{"@type":"WebSite","@id":"https:\/\/www.terravision.eu\/spagnolo\/#website","url":"https:\/\/www.terravision.eu\/spagnolo\/","name":"Terravision Espa\u00f1a","description":"Conexiones low-cost desde\/hacia los principales aeropuertos europeos","potentialAction":[{"@type":"SearchAction","target":{"@type":"EntryPoint","urlTemplate":"https:\/\/www.terravision.eu\/spagnolo\/?s={search_term_string}"},"query-input":{"@type":"PropertyValueSpecification","valueRequired":true,"valueName":"search_term_string"}}],"inLanguage":"es-ES"}]}},"_links":{"self":[{"href":"https:\/\/www.terravision.eu\/spagnolo\/wp-json\/wp\/v2\/pages\/331","targetHints":{"allow":["GET"]}}],"collection":[{"href":"https:\/\/www.terravision.eu\/spagnolo\/wp-json\/wp\/v2\/pages"}],"about":[{"href":"https:\/\/www.terravision.eu\/spagnolo\/wp-json\/wp\/v2\/types\/page"}],"author":[{"embeddable":true,"href":"https:\/\/www.terravision.eu\/spagnolo\/wp-json\/wp\/v2\/users\/1"}],"replies":[{"embeddable":true,"href":"https:\/\/www.terravision.eu\/spagnolo\/wp-json\/wp\/v2\/comments?post=331"}],"version-history":[{"count":15,"href":"https:\/\/www.terravision.eu\/spagnolo\/wp-json\/wp\/v2\/pages\/331\/revisions"}],"predecessor-version":[{"id":20918,"href":"https:\/\/www.terravision.eu\/spagnolo\/wp-json\/wp\/v2\/pages\/331\/revisions\/20918"}],"wp:featuredmedia":[{"embeddable":true,"href":"https:\/\/www.terravision.eu\/spagnolo\/wp-json\/wp\/v2\/media\/12956"}],"wp:attachment":[{"href":"https:\/\/www.terravision.eu\/spagnolo\/wp-json\/wp\/v2\/media?parent=331"}],"curies":[{"name":"wp","href":"https:\/\/api.w.org\/{rel}","templated":true}]}}