{"id":332,"date":"2012-08-16T16:47:53","date_gmt":"2012-08-16T16:47:53","guid":{"rendered":"https:\/\/www.terravision.eu\/contact-us-terravision\/"},"modified":"2026-03-06T14:37:09","modified_gmt":"2026-03-06T14:37:09","slug":"contact","status":"publish","type":"page","link":"https:\/\/www.terravision.eu\/spagnolo\/contact.html","title":{"rendered":"Cont\u00e1ctanos | Terravision"},"content":{"rendered":"<p>&nbsp;<\/p>\n<div class=\"p-0 border-radius double-card p-relative\">\n<div class=\"row\" style=\"height: 100%;\">\n<div class=\"col align-self-center pl-30 pr-0 pl-m-0\">\n<div class=\"overflow-hidden\">\n<div class=\"separator-trv-n z-index-1 p-relative mb-10\"><\/div>\n<div class=\"d-flex\" style=\"gap: 23px; margin-bottom: 30px;\">\n<p><img decoding=\"async\" src=\"https:\/\/www.terravision.eu\/italiano\/files\/2025\/03\/icon-info_chi_siamo.png\" \/><\/p>\n<h3 class=\"h3-Barlow-36pt-3\" style=\"margin-bottom: 0;\">Helpdesk Online<\/h3>\n<\/div>\n<p><strong>\u00bfEst\u00e1s buscando informaci\u00f3n? \u00a1Quiz\u00e1s tenemos la respuesta que necesitas!<\/strong><\/p>\n<p>Pera informaci\u00f3n de car\u00e1cter general sobre Terravision, nuestros servicios, las reservas online, las formas de pago o cualquier otro problema de car\u00e1cter t\u00e9cnico, te invitamos a \u00a0<a href=\"https:\/\/www.terravision.eu\/italiano\/faq_informazioni_aziendali.html\">consultar las FAQ.<\/a>.<\/p>\n<\/div>\n<p><strong>\u00bfTienes preguntas sobre nuestros servicios? \u00bfNecesitas ayuda con el billete?<\/strong><\/p>\n<p>Para cualquier informaci\u00f3n o duda sobre tu reserva, puedes contactar con nosotros a trav\u00e9s de tu zona personal en la zona de \u201cNueva pregunta\u201d.<br \/>\n\u00bfA\u00fan no te has inscrito? <a href=\"http:\/\/book.terravision.eu\/it\/register\">\u00a1Haz click aqu\u00ed!<\/a><\/p>\n<div class=\"overflow-hidden\"><\/div>\n<\/div>\n<\/div>\n<\/div>\n<div class=\"p-0 border-radius double-card p-relative\">\n<div class=\"row\" style=\"height: 100%;\">\n<div class=\"col align-self-center pl-30 pr-0 pl-m-0\">\n<div class=\"overflow-hidden\">\n<div class=\"separator-trv-n z-index-1 p-relative mb-10\"><\/div>\n<div class=\"d-flex\" style=\"gap: 23px; margin-bottom: 30px;\">\n<p><img decoding=\"async\" class=\"icon-plane\" src=\"https:\/\/www.terravision.eu\/italiano\/files\/2025\/03\/icon-help_chi_siamo.png\" \/><\/p>\n<h3 class=\"h3-Barlow-36pt-3\" style=\"margin-bottom: 0;\">Social<\/h3>\n<\/div>\n<p><strong>\u00a1Habla con nosotros!<\/strong>\u00a0\u2013 Da tu opini\u00f3n o tus sugerencias.<br \/>\n<strong>\u00a1Mantente siempre al d\u00eda!<\/strong>\u00a0\u2013 \u00a1Puedes ser el primero en conocer nuestras novedades y nuestras ofertas!<br \/>\n<strong>\u00a1Deja que te aconsejemos! <\/strong>\u00a0\u2013 Podr\u00e1s encontrar ideas y consejos para tus viajes low cost y organizar mejor tus vacaciones en Europa.<\/p>\n<p>&nbsp;<\/p>\n<p><strong>\u00a1Mantengamos el contacto!<\/strong><\/p>\n<p>\u00a1\u00danete a nuestra comunidad online! S\u00edguenos en nuestras redes sociales:<\/p>\n<div class=\"mb-lg-0 mt-25\">\n<ul class=\"list list-unstyled list-inline mb-0\">\n<li class=\"list-inline-item text-color-dark me-md-4 mb-0\"><a class=\"social-top\" href=\"https:\/\/www.facebook.com\/terravision.eu\" target=\"_blank\" rel=\"noopener\"><img decoding=\"async\" class=\"icon-facebook_white\" src=\"https:\/\/www.terravision.eu\/italiano\/files\/2025\/03\/icon-facebook_chi_siamo.png\" \/><\/a><\/li>\n<li class=\"list-inline-item text-color-dark me-md-4 mb-0\"><a class=\"social-top\" href=\"https:\/\/www.instagram.com\/terravision.eu\/\" target=\"_blank\" rel=\"noopener\"><img decoding=\"async\" class=\"icon-facebook_white\" src=\"https:\/\/www.terravision.eu\/italiano\/files\/2025\/03\/icon-instagram_chi_siamo.png\" \/><\/a><\/li>\n<\/ul>\n<\/div>\n<\/div>\n<\/div>\n<\/div>\n<\/div>\n","protected":false},"excerpt":{"rendered":"<p>&nbsp; Helpdesk Online \u00bfEst\u00e1s buscando informaci\u00f3n? \u00a1Quiz\u00e1s tenemos la respuesta que necesitas! Pera informaci\u00f3n de car\u00e1cter general sobre Terravision, nuestros servicios, las reservas online, las formas de pago o cualquier otro problema de car\u00e1cter t\u00e9cnico, te invitamos a \u00a0consultar las FAQ.. \u00bfTienes preguntas sobre nuestros servicios? \u00bfNecesitas ayuda con el billete? Para cualquier informaci\u00f3n o [&hellip;]<\/p>\n","protected":false},"author":1,"featured_media":0,"parent":0,"menu_order":0,"comment_status":"open","ping_status":"open","template":"","meta":{"footnotes":""},"class_list":["post-332","page","type-page","status-publish","hentry"],"yoast_head":"<!-- This site is optimized with the Yoast SEO Premium plugin v24.4 (Yoast SEO v24.4) - https:\/\/yoast.com\/wordpress\/plugins\/seo\/ -->\n<title>Atenci\u00f3n Terravision \u2013 FAQ, Billetes y Soporte Online<\/title>\n<meta name=\"description\" content=\"\u00bfNecesitas asistencia de Terravision? FAQ, reservas y soporte de billetes \u2708\ufe0f todo desde el Helpdesk online o en nuestras redes sociales \ud83d\udcf1.\" \/>\n<meta name=\"robots\" content=\"index, follow, max-snippet:-1, max-image-preview:large, max-video-preview:-1\" \/>\n<link rel=\"canonical\" href=\"https:\/\/www.terravision.eu\/spagnolo\/contact.html\" \/>\n<meta property=\"og:locale\" content=\"es_ES\" \/>\n<meta property=\"og:type\" content=\"article\" \/>\n<meta property=\"og:title\" content=\"Cont\u00e1ctanos | Terravision\" \/>\n<meta property=\"og:description\" content=\"\u00bfNecesitas asistencia de Terravision? FAQ, reservas y soporte de billetes \u2708\ufe0f todo desde el Helpdesk online o en nuestras redes sociales \ud83d\udcf1.\" \/>\n<meta property=\"og:url\" content=\"https:\/\/www.terravision.eu\/spagnolo\/contact.html\" \/>\n<meta property=\"og:site_name\" content=\"Terravision Espa\u00f1a\" \/>\n<meta property=\"article:modified_time\" content=\"2026-03-06T14:37:09+00:00\" \/>\n<meta property=\"og:image\" content=\"https:\/\/www.terravision.eu\/italiano\/files\/2025\/03\/icon-info_chi_siamo.png\" \/>\n<meta name=\"twitter:label1\" content=\"Tiempo de lectura\" \/>\n\t<meta name=\"twitter:data1\" content=\"2 minutes\" \/>\n<script type=\"application\/ld+json\" class=\"yoast-schema-graph\">{\"@context\":\"https:\/\/schema.org\",\"@graph\":[{\"@type\":\"WebPage\",\"@id\":\"https:\/\/www.terravision.eu\/spagnolo\/contact.html\",\"url\":\"https:\/\/www.terravision.eu\/spagnolo\/contact.html\",\"name\":\"Atenci\u00f3n Terravision \u2013 FAQ, Billetes y Soporte Online\",\"isPartOf\":{\"@id\":\"https:\/\/www.terravision.eu\/spagnolo\/#website\"},\"primaryImageOfPage\":{\"@id\":\"https:\/\/www.terravision.eu\/spagnolo\/contact.html#primaryimage\"},\"image\":{\"@id\":\"https:\/\/www.terravision.eu\/spagnolo\/contact.html#primaryimage\"},\"thumbnailUrl\":\"https:\/\/www.terravision.eu\/italiano\/files\/2025\/03\/icon-info_chi_siamo.png\",\"datePublished\":\"2012-08-16T16:47:53+00:00\",\"dateModified\":\"2026-03-06T14:37:09+00:00\",\"description\":\"\u00bfNecesitas asistencia de Terravision? FAQ, reservas y soporte de billetes \u2708\ufe0f todo desde el Helpdesk online o en nuestras redes sociales \ud83d\udcf1.\",\"breadcrumb\":{\"@id\":\"https:\/\/www.terravision.eu\/spagnolo\/contact.html#breadcrumb\"},\"inLanguage\":\"es-ES\",\"potentialAction\":[{\"@type\":\"ReadAction\",\"target\":[\"https:\/\/www.terravision.eu\/spagnolo\/contact.html\"]}]},{\"@type\":\"ImageObject\",\"inLanguage\":\"es-ES\",\"@id\":\"https:\/\/www.terravision.eu\/spagnolo\/contact.html#primaryimage\",\"url\":\"https:\/\/www.terravision.eu\/italiano\/files\/2025\/03\/icon-info_chi_siamo.png\",\"contentUrl\":\"https:\/\/www.terravision.eu\/italiano\/files\/2025\/03\/icon-info_chi_siamo.png\"},{\"@type\":\"BreadcrumbList\",\"@id\":\"https:\/\/www.terravision.eu\/spagnolo\/contact.html#breadcrumb\",\"itemListElement\":[{\"@type\":\"ListItem\",\"position\":1,\"name\":\"Home\",\"item\":\"https:\/\/www.terravision.eu\/spagnolo\/\"},{\"@type\":\"ListItem\",\"position\":2,\"name\":\"Cont\u00e1ctanos | Terravision\"}]},{\"@type\":\"WebSite\",\"@id\":\"https:\/\/www.terravision.eu\/spagnolo\/#website\",\"url\":\"https:\/\/www.terravision.eu\/spagnolo\/\",\"name\":\"Terravision Espa\u00f1a\",\"description\":\"Conexiones low-cost desde\/hacia los principales aeropuertos europeos\",\"potentialAction\":[{\"@type\":\"SearchAction\",\"target\":{\"@type\":\"EntryPoint\",\"urlTemplate\":\"https:\/\/www.terravision.eu\/spagnolo\/?s={search_term_string}\"},\"query-input\":{\"@type\":\"PropertyValueSpecification\",\"valueRequired\":true,\"valueName\":\"search_term_string\"}}],\"inLanguage\":\"es-ES\"}]}<\/script>\n<!-- \/ Yoast SEO Premium plugin. -->","yoast_head_json":{"title":"Atenci\u00f3n Terravision \u2013 FAQ, Billetes y Soporte Online","description":"\u00bfNecesitas asistencia de Terravision? FAQ, reservas y soporte de billetes \u2708\ufe0f todo desde el Helpdesk online o en nuestras redes sociales \ud83d\udcf1.","robots":{"index":"index","follow":"follow","max-snippet":"max-snippet:-1","max-image-preview":"max-image-preview:large","max-video-preview":"max-video-preview:-1"},"canonical":"https:\/\/www.terravision.eu\/spagnolo\/contact.html","og_locale":"es_ES","og_type":"article","og_title":"Cont\u00e1ctanos | Terravision","og_description":"\u00bfNecesitas asistencia de Terravision? FAQ, reservas y soporte de billetes \u2708\ufe0f todo desde el Helpdesk online o en nuestras redes sociales \ud83d\udcf1.","og_url":"https:\/\/www.terravision.eu\/spagnolo\/contact.html","og_site_name":"Terravision Espa\u00f1a","article_modified_time":"2026-03-06T14:37:09+00:00","og_image":[{"url":"https:\/\/www.terravision.eu\/italiano\/files\/2025\/03\/icon-info_chi_siamo.png","type":"","width":"","height":""}],"twitter_misc":{"Tiempo de lectura":"2 minutes"},"schema":{"@context":"https:\/\/schema.org","@graph":[{"@type":"WebPage","@id":"https:\/\/www.terravision.eu\/spagnolo\/contact.html","url":"https:\/\/www.terravision.eu\/spagnolo\/contact.html","name":"Atenci\u00f3n Terravision \u2013 FAQ, Billetes y Soporte Online","isPartOf":{"@id":"https:\/\/www.terravision.eu\/spagnolo\/#website"},"primaryImageOfPage":{"@id":"https:\/\/www.terravision.eu\/spagnolo\/contact.html#primaryimage"},"image":{"@id":"https:\/\/www.terravision.eu\/spagnolo\/contact.html#primaryimage"},"thumbnailUrl":"https:\/\/www.terravision.eu\/italiano\/files\/2025\/03\/icon-info_chi_siamo.png","datePublished":"2012-08-16T16:47:53+00:00","dateModified":"2026-03-06T14:37:09+00:00","description":"\u00bfNecesitas asistencia de Terravision? FAQ, reservas y soporte de billetes \u2708\ufe0f todo desde el Helpdesk online o en nuestras redes sociales \ud83d\udcf1.","breadcrumb":{"@id":"https:\/\/www.terravision.eu\/spagnolo\/contact.html#breadcrumb"},"inLanguage":"es-ES","potentialAction":[{"@type":"ReadAction","target":["https:\/\/www.terravision.eu\/spagnolo\/contact.html"]}]},{"@type":"ImageObject","inLanguage":"es-ES","@id":"https:\/\/www.terravision.eu\/spagnolo\/contact.html#primaryimage","url":"https:\/\/www.terravision.eu\/italiano\/files\/2025\/03\/icon-info_chi_siamo.png","contentUrl":"https:\/\/www.terravision.eu\/italiano\/files\/2025\/03\/icon-info_chi_siamo.png"},{"@type":"BreadcrumbList","@id":"https:\/\/www.terravision.eu\/spagnolo\/contact.html#breadcrumb","itemListElement":[{"@type":"ListItem","position":1,"name":"Home","item":"https:\/\/www.terravision.eu\/spagnolo\/"},{"@type":"ListItem","position":2,"name":"Cont\u00e1ctanos | Terravision"}]},{"@type":"WebSite","@id":"https:\/\/www.terravision.eu\/spagnolo\/#website","url":"https:\/\/www.terravision.eu\/spagnolo\/","name":"Terravision Espa\u00f1a","description":"Conexiones low-cost desde\/hacia los principales aeropuertos europeos","potentialAction":[{"@type":"SearchAction","target":{"@type":"EntryPoint","urlTemplate":"https:\/\/www.terravision.eu\/spagnolo\/?s={search_term_string}"},"query-input":{"@type":"PropertyValueSpecification","valueRequired":true,"valueName":"search_term_string"}}],"inLanguage":"es-ES"}]}},"_links":{"self":[{"href":"https:\/\/www.terravision.eu\/spagnolo\/wp-json\/wp\/v2\/pages\/332","targetHints":{"allow":["GET"]}}],"collection":[{"href":"https:\/\/www.terravision.eu\/spagnolo\/wp-json\/wp\/v2\/pages"}],"about":[{"href":"https:\/\/www.terravision.eu\/spagnolo\/wp-json\/wp\/v2\/types\/page"}],"author":[{"embeddable":true,"href":"https:\/\/www.terravision.eu\/spagnolo\/wp-json\/wp\/v2\/users\/1"}],"replies":[{"embeddable":true,"href":"https:\/\/www.terravision.eu\/spagnolo\/wp-json\/wp\/v2\/comments?post=332"}],"version-history":[{"count":14,"href":"https:\/\/www.terravision.eu\/spagnolo\/wp-json\/wp\/v2\/pages\/332\/revisions"}],"predecessor-version":[{"id":20450,"href":"https:\/\/www.terravision.eu\/spagnolo\/wp-json\/wp\/v2\/pages\/332\/revisions\/20450"}],"wp:attachment":[{"href":"https:\/\/www.terravision.eu\/spagnolo\/wp-json\/wp\/v2\/media?parent=332"}],"curies":[{"name":"wp","href":"https:\/\/api.w.org\/{rel}","templated":true}]}}