{"id":340,"date":"2012-08-27T13:30:39","date_gmt":"2012-08-27T13:30:39","guid":{"rendered":"https:\/\/www.terravision.eu\/?page_id=5541"},"modified":"2012-08-27T13:30:39","modified_gmt":"2012-08-27T13:30:39","slug":"faq_payment","status":"publish","type":"page","link":"https:\/\/www.terravision.eu\/spagnolo\/faq_payment.html","title":{"rendered":"Info sobre el sistema de pago"},"content":{"rendered":"<p><strong><a href=\"#C\u00f3mo puedo pagar online?\">C\u00f3mo puedo pagar online?<\/a><\/strong><\/p>\n<p><strong> <a href=\"#\u00bfC\u00f3mo funciona la cesta de la compra?\">\u00bfC\u00f3mo funciona la cesta de la compra?<\/a><\/strong><\/p>\n<p><strong> <a href=\"#\u00bfQu\u00e9 debo hacer si no puedo reservar debido a problemas con el pago?\">\u00bfQu\u00e9 debo hacer si no puedo reservar debido a problemas con el pago?<\/a><\/strong><\/p>\n<p><strong><\/strong><br \/>\n<strong><a id=\"C\u00f3mo puedo pagar online?\">\u00bfC\u00f3mo puedo pagar online?<\/a><\/strong><br \/>\nSi compras online puedes pagar ya sea con tarjeta de cr\u00e8dito o con cuenta Paypal, sin embargo en el box el sistema m\u00e1s com\u00fan es el pago en met\u00e1lico, en algunos box, sobre todo en el de los principales aeropuertos, se puede tambi\u00e9n pagar con tarjeta de credito. Si quieres mayor informaci\u00f3n cont\u00e1cta el servicio de atenci\u00f2n al cliente a helpdesk@terravision.eu.<br \/>\nPara comprar el billete online tienes que tener una tarjeta de cr\u00e9dito que luego en el gateway de pago se te<br \/>\npedir\u00e1n algunos datos que tendr\u00e1s que proporcionar, o si eres titular de una cuenta (prepagada) Paypal puedes introducir tus datos identificativos y proceder de una manera m\u00e1s r\u00e1pida.<\/p>\n<p><strong><a id=\"\u00bfC\u00f3mo funciona la cesta de la compra?\">\u00bfC\u00f3mo funciona la cesta de la compra?<\/a><\/strong><br \/>\nEn www.terravision.eu es posible pagar con las principales tarjetas de cr\u00e9dito, tambi\u00e9n mediante una cuenta Paypal, el pago se realiza con toda seguridad para el usuario, a trav\u00e9s de un server protegido. Terravision ofrece dos posibilidades para realizar el pago: Con Tarjeta de cr\u00e9dito<br \/>\nTerravision dispone de un gateway de pago integrado a trav\u00e9s del cual se puede comprar servicios y productos de forma segura y r\u00e1pida. El proceso de pago es muy sencillo, basta con rellenar un formulario online con los datos de la tarjeta de cr\u00e9dito y enviar la solicitud. El gateway de pago viene dado por Optimal Payments\u00ae. <\/p>\n<p>Pago con Paypal<br \/>\nSi tienes una cuenta Paypal basta con introducir tus datos y proceder a la compra deseada, si por el contrario no tienes una cuenta Paypal puedes registrarte y obtenerla gratuitamente, en un instante, o pagar con una de las tarjetas que nuestro sistema acepta. Invitamos a los clientes a dirigirse directamente a la entidad bancaria para resolver los problemas sobre la cuenta o problemas especificos sobre el pago, ya que es una informaci\u00f3n reservada entre el cliente y el sistema de la entidad del pago. PayPal es una sociedad que pertenece al grupo eBay es un leader mundial en lo que respecta a la forma de pago online. El pago viene \u00edntegramente organizado por Paypal, tanto si se paga con una tarjeta de cr\u00e9dito como si se paga con una cuenta Paypal, recuerda siempre que conviene verificar la email d\u00f3nde viene el recibo delcobro efectuado y sin embargo controlar la email recibida por parte de Terravision para la informaci\u00f3n que concierne al servicio.<\/p>\n<p><strong><a id=\"\u00bfQu\u00e9 debo hacer si no puedo reservar debido a problemas con el pago?\">\u00bfQu\u00e9 debo hacer si no puedo reservar debido a problemas con el pago?<\/a><\/strong><\/p>\n<p>Por lo que respecta a los problemas relacionados con el sistema de pago r\u00e1pido, nos puedes enviar una descripci\u00f3n del problema rellenando el m\u00f3dulo de cont\u00e0cto que encuentras cuando entras con tus credenciales en My Terravision. Nuestro servicio de atenci\u00f2n al cliente tomar\u00e0 nota de tu solicitud en breve plazo. Si el sistema Paypal no te permite hacer el pago envianos un mensaje con el problema, pero recuerda que en este caso es Paypal es qui\u00e9n debe resolver el problema ya que nosotros no podemos intervenir debido a la privacy ya que estos servicios de pago nos impiden tener acceso a cualquier informaci\u00f2n relativa a los pago individuales de los clientes. Rogamos por tanto, en estos casos que notifique a Paypal la disconformidad del servicio y envianos tambi\u00e9n a nosotros una copia (mediante el modulo) se\u00f1alando el motivo de vuestros problemas para poder aconsejarte alguna alternativa (como la compra directa en un punto de Terravision o el uso de una tarjeta distinta&#8230;)<\/p>\n","protected":false},"excerpt":{"rendered":"<p>C\u00f3mo puedo pagar online? \u00bfC\u00f3mo funciona la cesta de la compra? \u00bfQu\u00e9 debo hacer si no puedo reservar debido a problemas con el pago? \u00bfC\u00f3mo puedo pagar online? Si compras online puedes pagar ya sea con tarjeta de cr\u00e8dito o con cuenta Paypal, sin embargo en el box el sistema m\u00e1s com\u00fan es el pago [&hellip;]<\/p>\n","protected":false},"author":1,"featured_media":0,"parent":0,"menu_order":0,"comment_status":"open","ping_status":"open","template":"","meta":{"footnotes":""},"class_list":["post-340","page","type-page","status-publish","hentry"],"yoast_head":"<!-- This site is optimized with the Yoast SEO Premium plugin v24.4 (Yoast SEO v24.4) - https:\/\/yoast.com\/wordpress\/plugins\/seo\/ -->\n<title>Info sobre el sistema de pago | Terravision Espa\u00f1a<\/title>\n<meta name=\"robots\" content=\"index, follow, max-snippet:-1, max-image-preview:large, max-video-preview:-1\" \/>\n<link rel=\"canonical\" href=\"https:\/\/www.terravision.eu\/spagnolo\/faq_payment.html\" \/>\n<meta property=\"og:locale\" content=\"es_ES\" \/>\n<meta property=\"og:type\" content=\"article\" \/>\n<meta property=\"og:title\" content=\"Info sobre el sistema de pago\" \/>\n<meta property=\"og:description\" content=\"C\u00f3mo puedo pagar online? \u00bfC\u00f3mo funciona la cesta de la compra? \u00bfQu\u00e9 debo hacer si no puedo reservar debido a problemas con el pago? \u00bfC\u00f3mo puedo pagar online? Si compras online puedes pagar ya sea con tarjeta de cr\u00e8dito o con cuenta Paypal, sin embargo en el box el sistema m\u00e1s com\u00fan es el pago [&hellip;]\" \/>\n<meta property=\"og:url\" content=\"https:\/\/www.terravision.eu\/spagnolo\/faq_payment.html\" \/>\n<meta property=\"og:site_name\" content=\"Terravision Espa\u00f1a\" \/>\n<meta name=\"twitter:label1\" content=\"Tiempo de lectura\" \/>\n\t<meta name=\"twitter:data1\" content=\"3 minutes\" \/>\n<script type=\"application\/ld+json\" class=\"yoast-schema-graph\">{\"@context\":\"https:\/\/schema.org\",\"@graph\":[{\"@type\":\"WebPage\",\"@id\":\"https:\/\/www.terravision.eu\/spagnolo\/faq_payment.html\",\"url\":\"https:\/\/www.terravision.eu\/spagnolo\/faq_payment.html\",\"name\":\"Info sobre el sistema de pago | Terravision Espa\u00f1a\",\"isPartOf\":{\"@id\":\"https:\/\/www.terravision.eu\/spagnolo\/#website\"},\"datePublished\":\"2012-08-27T13:30:39+00:00\",\"breadcrumb\":{\"@id\":\"https:\/\/www.terravision.eu\/spagnolo\/faq_payment.html#breadcrumb\"},\"inLanguage\":\"es-ES\",\"potentialAction\":[{\"@type\":\"ReadAction\",\"target\":[\"https:\/\/www.terravision.eu\/spagnolo\/faq_payment.html\"]}]},{\"@type\":\"BreadcrumbList\",\"@id\":\"https:\/\/www.terravision.eu\/spagnolo\/faq_payment.html#breadcrumb\",\"itemListElement\":[{\"@type\":\"ListItem\",\"position\":1,\"name\":\"Home\",\"item\":\"https:\/\/www.terravision.eu\/spagnolo\/\"},{\"@type\":\"ListItem\",\"position\":2,\"name\":\"Info sobre el sistema de pago\"}]},{\"@type\":\"WebSite\",\"@id\":\"https:\/\/www.terravision.eu\/spagnolo\/#website\",\"url\":\"https:\/\/www.terravision.eu\/spagnolo\/\",\"name\":\"Terravision Espa\u00f1a\",\"description\":\"Conexiones low-cost desde\/hacia los principales aeropuertos europeos\",\"potentialAction\":[{\"@type\":\"SearchAction\",\"target\":{\"@type\":\"EntryPoint\",\"urlTemplate\":\"https:\/\/www.terravision.eu\/spagnolo\/?s={search_term_string}\"},\"query-input\":{\"@type\":\"PropertyValueSpecification\",\"valueRequired\":true,\"valueName\":\"search_term_string\"}}],\"inLanguage\":\"es-ES\"}]}<\/script>\n<!-- \/ Yoast SEO Premium plugin. -->","yoast_head_json":{"title":"Info sobre el sistema de pago | Terravision Espa\u00f1a","robots":{"index":"index","follow":"follow","max-snippet":"max-snippet:-1","max-image-preview":"max-image-preview:large","max-video-preview":"max-video-preview:-1"},"canonical":"https:\/\/www.terravision.eu\/spagnolo\/faq_payment.html","og_locale":"es_ES","og_type":"article","og_title":"Info sobre el sistema de pago","og_description":"C\u00f3mo puedo pagar online? \u00bfC\u00f3mo funciona la cesta de la compra? \u00bfQu\u00e9 debo hacer si no puedo reservar debido a problemas con el pago? \u00bfC\u00f3mo puedo pagar online? Si compras online puedes pagar ya sea con tarjeta de cr\u00e8dito o con cuenta Paypal, sin embargo en el box el sistema m\u00e1s com\u00fan es el pago [&hellip;]","og_url":"https:\/\/www.terravision.eu\/spagnolo\/faq_payment.html","og_site_name":"Terravision Espa\u00f1a","twitter_misc":{"Tiempo de lectura":"3 minutes"},"schema":{"@context":"https:\/\/schema.org","@graph":[{"@type":"WebPage","@id":"https:\/\/www.terravision.eu\/spagnolo\/faq_payment.html","url":"https:\/\/www.terravision.eu\/spagnolo\/faq_payment.html","name":"Info sobre el sistema de pago | Terravision Espa\u00f1a","isPartOf":{"@id":"https:\/\/www.terravision.eu\/spagnolo\/#website"},"datePublished":"2012-08-27T13:30:39+00:00","breadcrumb":{"@id":"https:\/\/www.terravision.eu\/spagnolo\/faq_payment.html#breadcrumb"},"inLanguage":"es-ES","potentialAction":[{"@type":"ReadAction","target":["https:\/\/www.terravision.eu\/spagnolo\/faq_payment.html"]}]},{"@type":"BreadcrumbList","@id":"https:\/\/www.terravision.eu\/spagnolo\/faq_payment.html#breadcrumb","itemListElement":[{"@type":"ListItem","position":1,"name":"Home","item":"https:\/\/www.terravision.eu\/spagnolo\/"},{"@type":"ListItem","position":2,"name":"Info sobre el sistema de pago"}]},{"@type":"WebSite","@id":"https:\/\/www.terravision.eu\/spagnolo\/#website","url":"https:\/\/www.terravision.eu\/spagnolo\/","name":"Terravision Espa\u00f1a","description":"Conexiones low-cost desde\/hacia los principales aeropuertos europeos","potentialAction":[{"@type":"SearchAction","target":{"@type":"EntryPoint","urlTemplate":"https:\/\/www.terravision.eu\/spagnolo\/?s={search_term_string}"},"query-input":{"@type":"PropertyValueSpecification","valueRequired":true,"valueName":"search_term_string"}}],"inLanguage":"es-ES"}]}},"_links":{"self":[{"href":"https:\/\/www.terravision.eu\/spagnolo\/wp-json\/wp\/v2\/pages\/340","targetHints":{"allow":["GET"]}}],"collection":[{"href":"https:\/\/www.terravision.eu\/spagnolo\/wp-json\/wp\/v2\/pages"}],"about":[{"href":"https:\/\/www.terravision.eu\/spagnolo\/wp-json\/wp\/v2\/types\/page"}],"author":[{"embeddable":true,"href":"https:\/\/www.terravision.eu\/spagnolo\/wp-json\/wp\/v2\/users\/1"}],"replies":[{"embeddable":true,"href":"https:\/\/www.terravision.eu\/spagnolo\/wp-json\/wp\/v2\/comments?post=340"}],"version-history":[{"count":0,"href":"https:\/\/www.terravision.eu\/spagnolo\/wp-json\/wp\/v2\/pages\/340\/revisions"}],"wp:attachment":[{"href":"https:\/\/www.terravision.eu\/spagnolo\/wp-json\/wp\/v2\/media?parent=340"}],"curies":[{"name":"wp","href":"https:\/\/api.w.org\/{rel}","templated":true}]}}