{"id":409,"date":"2012-08-28T13:12:50","date_gmt":"2012-08-28T13:12:50","guid":{"rendered":"https:\/\/www.terravision.eu\/franchising-2"},"modified":"2025-06-19T13:24:36","modified_gmt":"2025-06-19T13:24:36","slug":"franchising","status":"publish","type":"page","link":"https:\/\/www.terravision.eu\/spagnolo\/franchising.html","title":{"rendered":"Franquicia"},"content":{"rendered":"<p>\u00a1Convi\u00e9rtase en parte del Grupo Terravision, descubra las oportunidades de franquiciamiento con Terravision!<\/p>\n<p><strong>Franquiciamiento de Terravision<\/strong><\/p>\n<p><strong>Terravision est\u00e1 buscando socios europeos, para franquiciar el servicio de lanzadera con autob\u00fas, desde el aeropuerto al centro de las ciudades a trav\u00e9s de Europa.<\/strong><\/p>\n<p>Trabajar con Terravision significa:<br \/>\n<strong>1)<\/strong> formar parte de un equipo que ya es el socio preferido de las principales Aerol\u00edneas de bajo costo.<br \/>\n<strong>2)<\/strong> aprovechar la gran visibilidad on-line que ofrece, a trav\u00e9s de www.terravision.eu, que tiene m\u00e1s de 800,000 visitantes mensuales<br \/>\n<strong>3)<\/strong> hacer uso de un motor efectivo de ventas y reservas en la web, a trav\u00e9s de una red integrada de socios que poseen sus propios sitios web y portales en todo el mundo<br \/>\n<strong>4)<\/strong> beneficiarse de las ventajas de estar asociado con la marca Terravision, el l\u00edder del mercado en transferencias aeroportuarias a nivel europeo.<br \/>\nSi est\u00e1 interesado, env\u00edenos un correo electr\u00f3nico a <a href=\"mailto:marketing@terravision.eu\"> marketing@terravision.eu <\/a>.<\/p>\n","protected":false},"excerpt":{"rendered":"<p>\u00a1Convi\u00e9rtase en parte del Grupo Terravision, descubra las oportunidades de franquiciamiento con Terravision! Franquiciamiento de Terravision Terravision est\u00e1 buscando socios europeos, para franquiciar el servicio de lanzadera con autob\u00fas, desde el aeropuerto al centro de las ciudades a trav\u00e9s de Europa. Trabajar con Terravision significa: 1) formar parte de un equipo que ya es el [&hellip;]<\/p>\n","protected":false},"author":1,"featured_media":0,"parent":0,"menu_order":0,"comment_status":"open","ping_status":"open","template":"","meta":{"footnotes":""},"class_list":["post-409","page","type-page","status-publish","hentry"],"yoast_head":"<!-- This site is optimized with the Yoast SEO Premium plugin v24.4 (Yoast SEO v24.4) - https:\/\/yoast.com\/wordpress\/plugins\/seo\/ -->\n<title>Franquicia | Terravision Espa\u00f1a<\/title>\n<meta name=\"robots\" content=\"index, follow, max-snippet:-1, max-image-preview:large, max-video-preview:-1\" \/>\n<link rel=\"canonical\" href=\"https:\/\/www.terravision.eu\/spagnolo\/franchising.html\" \/>\n<meta property=\"og:locale\" content=\"es_ES\" \/>\n<meta property=\"og:type\" content=\"article\" \/>\n<meta property=\"og:title\" content=\"Franquicia\" \/>\n<meta property=\"og:description\" content=\"\u00a1Convi\u00e9rtase en parte del Grupo Terravision, descubra las oportunidades de franquiciamiento con Terravision! Franquiciamiento de Terravision Terravision est\u00e1 buscando socios europeos, para franquiciar el servicio de lanzadera con autob\u00fas, desde el aeropuerto al centro de las ciudades a trav\u00e9s de Europa. Trabajar con Terravision significa: 1) formar parte de un equipo que ya es el [&hellip;]\" \/>\n<meta property=\"og:url\" content=\"https:\/\/www.terravision.eu\/spagnolo\/franchising.html\" \/>\n<meta property=\"og:site_name\" content=\"Terravision Espa\u00f1a\" \/>\n<meta property=\"article:modified_time\" content=\"2025-06-19T13:24:36+00:00\" \/>\n<meta name=\"twitter:label1\" content=\"Tiempo de lectura\" \/>\n\t<meta name=\"twitter:data1\" content=\"1 minute\" \/>\n<script type=\"application\/ld+json\" class=\"yoast-schema-graph\">{\"@context\":\"https:\/\/schema.org\",\"@graph\":[{\"@type\":\"WebPage\",\"@id\":\"https:\/\/www.terravision.eu\/spagnolo\/franchising.html\",\"url\":\"https:\/\/www.terravision.eu\/spagnolo\/franchising.html\",\"name\":\"Franquicia | Terravision Espa\u00f1a\",\"isPartOf\":{\"@id\":\"https:\/\/www.terravision.eu\/spagnolo\/#website\"},\"datePublished\":\"2012-08-28T13:12:50+00:00\",\"dateModified\":\"2025-06-19T13:24:36+00:00\",\"breadcrumb\":{\"@id\":\"https:\/\/www.terravision.eu\/spagnolo\/franchising.html#breadcrumb\"},\"inLanguage\":\"es-ES\",\"potentialAction\":[{\"@type\":\"ReadAction\",\"target\":[\"https:\/\/www.terravision.eu\/spagnolo\/franchising.html\"]}]},{\"@type\":\"BreadcrumbList\",\"@id\":\"https:\/\/www.terravision.eu\/spagnolo\/franchising.html#breadcrumb\",\"itemListElement\":[{\"@type\":\"ListItem\",\"position\":1,\"name\":\"Home\",\"item\":\"https:\/\/www.terravision.eu\/spagnolo\/\"},{\"@type\":\"ListItem\",\"position\":2,\"name\":\"Franquicia\"}]},{\"@type\":\"WebSite\",\"@id\":\"https:\/\/www.terravision.eu\/spagnolo\/#website\",\"url\":\"https:\/\/www.terravision.eu\/spagnolo\/\",\"name\":\"Terravision Espa\u00f1a\",\"description\":\"Conexiones low-cost desde\/hacia los principales aeropuertos europeos\",\"potentialAction\":[{\"@type\":\"SearchAction\",\"target\":{\"@type\":\"EntryPoint\",\"urlTemplate\":\"https:\/\/www.terravision.eu\/spagnolo\/?s={search_term_string}\"},\"query-input\":{\"@type\":\"PropertyValueSpecification\",\"valueRequired\":true,\"valueName\":\"search_term_string\"}}],\"inLanguage\":\"es-ES\"}]}<\/script>\n<!-- \/ Yoast SEO Premium plugin. -->","yoast_head_json":{"title":"Franquicia | Terravision Espa\u00f1a","robots":{"index":"index","follow":"follow","max-snippet":"max-snippet:-1","max-image-preview":"max-image-preview:large","max-video-preview":"max-video-preview:-1"},"canonical":"https:\/\/www.terravision.eu\/spagnolo\/franchising.html","og_locale":"es_ES","og_type":"article","og_title":"Franquicia","og_description":"\u00a1Convi\u00e9rtase en parte del Grupo Terravision, descubra las oportunidades de franquiciamiento con Terravision! Franquiciamiento de Terravision Terravision est\u00e1 buscando socios europeos, para franquiciar el servicio de lanzadera con autob\u00fas, desde el aeropuerto al centro de las ciudades a trav\u00e9s de Europa. Trabajar con Terravision significa: 1) formar parte de un equipo que ya es el [&hellip;]","og_url":"https:\/\/www.terravision.eu\/spagnolo\/franchising.html","og_site_name":"Terravision Espa\u00f1a","article_modified_time":"2025-06-19T13:24:36+00:00","twitter_misc":{"Tiempo de lectura":"1 minute"},"schema":{"@context":"https:\/\/schema.org","@graph":[{"@type":"WebPage","@id":"https:\/\/www.terravision.eu\/spagnolo\/franchising.html","url":"https:\/\/www.terravision.eu\/spagnolo\/franchising.html","name":"Franquicia | Terravision Espa\u00f1a","isPartOf":{"@id":"https:\/\/www.terravision.eu\/spagnolo\/#website"},"datePublished":"2012-08-28T13:12:50+00:00","dateModified":"2025-06-19T13:24:36+00:00","breadcrumb":{"@id":"https:\/\/www.terravision.eu\/spagnolo\/franchising.html#breadcrumb"},"inLanguage":"es-ES","potentialAction":[{"@type":"ReadAction","target":["https:\/\/www.terravision.eu\/spagnolo\/franchising.html"]}]},{"@type":"BreadcrumbList","@id":"https:\/\/www.terravision.eu\/spagnolo\/franchising.html#breadcrumb","itemListElement":[{"@type":"ListItem","position":1,"name":"Home","item":"https:\/\/www.terravision.eu\/spagnolo\/"},{"@type":"ListItem","position":2,"name":"Franquicia"}]},{"@type":"WebSite","@id":"https:\/\/www.terravision.eu\/spagnolo\/#website","url":"https:\/\/www.terravision.eu\/spagnolo\/","name":"Terravision Espa\u00f1a","description":"Conexiones low-cost desde\/hacia los principales aeropuertos europeos","potentialAction":[{"@type":"SearchAction","target":{"@type":"EntryPoint","urlTemplate":"https:\/\/www.terravision.eu\/spagnolo\/?s={search_term_string}"},"query-input":{"@type":"PropertyValueSpecification","valueRequired":true,"valueName":"search_term_string"}}],"inLanguage":"es-ES"}]}},"_links":{"self":[{"href":"https:\/\/www.terravision.eu\/spagnolo\/wp-json\/wp\/v2\/pages\/409","targetHints":{"allow":["GET"]}}],"collection":[{"href":"https:\/\/www.terravision.eu\/spagnolo\/wp-json\/wp\/v2\/pages"}],"about":[{"href":"https:\/\/www.terravision.eu\/spagnolo\/wp-json\/wp\/v2\/types\/page"}],"author":[{"embeddable":true,"href":"https:\/\/www.terravision.eu\/spagnolo\/wp-json\/wp\/v2\/users\/1"}],"replies":[{"embeddable":true,"href":"https:\/\/www.terravision.eu\/spagnolo\/wp-json\/wp\/v2\/comments?post=409"}],"version-history":[{"count":13,"href":"https:\/\/www.terravision.eu\/spagnolo\/wp-json\/wp\/v2\/pages\/409\/revisions"}],"predecessor-version":[{"id":20416,"href":"https:\/\/www.terravision.eu\/spagnolo\/wp-json\/wp\/v2\/pages\/409\/revisions\/20416"}],"wp:attachment":[{"href":"https:\/\/www.terravision.eu\/spagnolo\/wp-json\/wp\/v2\/media?parent=409"}],"curies":[{"name":"wp","href":"https:\/\/api.w.org\/{rel}","templated":true}]}}