{"id":410,"date":"2012-08-28T13:58:16","date_gmt":"2012-08-28T13:58:16","guid":{"rendered":"https:\/\/www.terravision.eu\/privacy-policy-2"},"modified":"2024-04-19T08:38:21","modified_gmt":"2024-04-19T08:38:21","slug":"privacy-policy","status":"publish","type":"page","link":"https:\/\/www.terravision.eu\/spagnolo\/privacy-policy.html","title":{"rendered":"Politica de Privacidad"},"content":{"rendered":"<p><a name=\"nome-elemento\"><\/a><strong>INFORMACI\u00d3N SOBRE EL TRATAMIENTO DE LOS DATOS PERSONALES<\/strong><br \/>\nLe informamos sobre el uso y la finalidad de los datos personales que usted ha proporcionado a Terravision ( desde este momento denoninada \u201cSociedad\u201d) para su participaci\u00f3n en el sitio web www.terravision.eu ( desde ahora tambi\u00e9n \u201cSitio\u201d).<br \/>\nLa finalidad y duraci\u00f3n del tratamiento de sus datos est\u00e1n vinculados estrictamente a su participaci\u00f3n en el Sitio web.<br \/>\nLa Sociedad podr\u00e1 utilizar los datos que usted ha proporcionado para todas las finalidades derivadas de su participaci\u00f3n el en sitio, incluida la posibilidad de acceder a todos los servicios previstos en nuestro sitio. La Sociedad se reserva el derecho para poder utilizar sus datos incluso para otras actividades relacionadas con dicha actividad.<br \/>\nSi sirviese, Terravision se reserva el derecho para poder modificar la presente Directiva de la Privacidad por motivos de nuevas iniciativas en el sector o por modificaci\u00f3n de la legislaci\u00f3n ,en cuanto a la modalidad de uso de los datos personales, por la funcionalidad del servicio o por motivos de tecnol\u00f3gia.<br \/>\nDichas modificaciones ser\u00e1n v\u00e1lidas a partir del momento en que la Sociedad las publique en el sitio web.<br \/>\nEn el momento que el cliente continue utilizando los servicios de Terravision, una vez publicada una versi\u00f3n actualizada de las directivas de la Privacidad, se entiende que el usuario ha aceptado de manera t\u00e1cita la nueva Directiva de la Privacidad con sus modificaciones. Por ello, es importante que el cliente lea de forma peri\u00f3dica las Directivas de la Privacidad , para estar al corriente de las eventuales modificaciones. En el supuesto de modificaciones sustanciales respecto al modo de recopilaci\u00f3n y uso de los datos personales por parte de Terravision, las gesti\u00f3n de los datos quedar\u00e1n sujetos a la directivas de la Privacidad , en base a la cual se recogieron los datos, a menos que el usuario haya sido informado y haya manifestado alguna objeci\u00f3n.<br \/>\nEn particular, la Sociedad podr\u00e1:<br \/>\na) utilizar los datos proporcionados para realizar an\u00e1lisis de mercado o estad\u00edsticas con la finalidad de ver el grado de satisfaci\u00f3n por parte de los usuarios asi como el nivel de preferencia en los servicios objeto de nuestra Sociedad;<br \/>\nb) elaborar los datos que nos ha proporcionado y de los que deriven de la navegaci\u00f3n en el sitio web para poder individualizar el perfil comercial del usuario o el uso de estos datos con finalidad de marketing, publicidad, para promociones o actividades comerciales; en cuyo caso la Societ\u00e0 podr\u00e1 utilizar las cookies e incluso porciones de archivos almacenados en su PC para monitorizar sus movimientos dentro del sitio web;<br \/>\nc) comunicarle las novedades del sitio web, y de modo generalizado, las actividades desempe\u00f1adas por la Sociedad.<br \/>\nPara la finalidad del tratamiento de datos como se ha descrito anteriormente, y dentro de l\u00edmite de los mismos, todos los datos podr\u00e1n comunicarse incluso a terceros, ya sean p\u00fablicos o privados, o a sociedades que se dedican a realizar an\u00e1lisis del mercato o estad\u00edsticas, a sociedades que se dedican al marketing, a la publicidad ya sea con fines publicitarios o de comercializaci\u00f3n.<br \/>\nLa concesi\u00f3n de los datos y su consentimiento para la utilizaci\u00f3n de los mismos, asi como la comunicaci\u00f3n y el trasferimiento de los datos personales, a los efectos mencionados anteriormente, son de car\u00e1cter obligatorio para participar en el Proyecto. La negativa a proporcionar los datos solicitados y dar su consentimiento para el uso de los mismos, dar\u00eda lugar a la falta de participaci\u00f3n en el Proyecto y el imposible cumplimiento de las obligaciones relacionadas con el Proyecto.<br \/>\nEl tratamiento de sus datos personales se llevar\u00e1 a cabo de forma autom\u00e1tica, ya sea on line o no, por los empleados de la empresa, por colaboradores o por asesores de la Sociedad.<\/p>\n<p>El Sitio web puede contener algunos enlances los cuales le llevar\u00e1n a otros sitios web diferentes. Estos enlances que se encuentran en www.terravision.eu no est\u00e1n bajo el control de la Sociedad y puede ser que tengan una pol\u00edtica sobre las normas de privacidad distintas a las anteriormente descritas. Como consecuencia de ello , no se podr\u00e1 considerar a la Sociedad como responsable de cualquier violaci\u00f3n al derecho de intimidad que tenga lugar fuera del sitio web www.terravision.eu.<br \/>\nAdem\u00e1s , la Sociedad no ser\u00e1 considerada en ning\u00fan momento responsable por la comunicaci\u00f3n de sus datos personales, confidenciales o de cualquier otra \u00edndole, que se produzcan en las secciones del sitio dedicado a Foros. La Sociedad se reserva el derecho de transferir los datos facilitados por usted a terceros compradores de la Sociedad o de una parte de la misma.<br \/>\nPodr\u00e1 hacer valer sus derechos para conocer el origen de los datos personales, aclaraciones sobre la modalidad y la finalidad del uso de los datos, en el caso del tratamiento de los datos por v\u00eda telem\u00e1tica la l\u00f3gica utilizada para el tratamiento de los mismos, asi como el derecho a solicitar la identificaci\u00f3n del titular o de los sujetos o categorias de sujetos a los cuales se les ha podido o se les puede comunicar los datos, la actualizaci\u00f3n, la rectificaci\u00f3n, la cancelaci\u00f3n, la modificaci\u00f3n de los datos e incluso solicitar la suspensi\u00f3n del tratamiento si se ha hecho violando la ley- dirigiendose al Titular del tratamiento de los datos a la direcci\u00f3n indicada a continuaci\u00f3n:<br \/>\nTerravision London Finance, por medio de e-mail a dpo@terravision.eu \u2013 sede legal:<br \/>\nTerravision London Finance Ltd.<br \/>\n260-270 Butterfield, Great Marlings, Luton LU2 8DL<\/p>\n<p>La presente nota informativa sobre la privacy podr\u00e1 sufrir modificaciones . Las posibles modificaciones vendr\u00e1n publicadas en esta p\u00e1gina.<\/p>\n<p><a name=\"nome-elemento\"><\/a><strong>POL\u00cdTICA EN MATERIA DE COOKIES<\/strong><br \/>\nTerravision (en adelante, \u201cTerravision\u201d o la \u201cCompa\u00f1\u00eda\u201d) quiere asegurarse de que su visita al sitio Web de la Compa\u00f1\u00eda sea lo m\u00e1s fluida, fiable y \u00fatil posible. Para ello, Terravision utiliza cookies y tecnolog\u00edas an\u00e1logas (conjuntamente referidas como \u201ccookies\u201d en esta pol\u00edtica).<br \/>\nAl visitar el sitio Web de la Compa\u00f1\u00eda por primera vez, Terravision le informa del uso de cookies mediante un cartel que aparece en la parte superior de la p\u00e1gina. Al seguir usando el sitio Web usted autoriza a la Compa\u00f1\u00eda a usar cookies.<\/p>\n<p><strong>Qu\u00e9 son las cookies?<\/strong><\/p>\n<p>Las cookies son peque\u00f1os ficheros de texto colocados autom\u00e1ticamente en su ordenador o dispositivo m\u00f3vil cuando usted visita pr\u00e1cticamente cualquier sitio web. Las cookies se guardan en su navegador de Internet y contienen informaci\u00f3n b\u00e1sica sobre su uso de la Red, aunque no le identifican a usted personalmente. Su navegador reenv\u00eda dichas cookies al sitio cada vez que lo visita de forma que el sitio reconoce su ordenador o dispositivo m\u00f3vil y personaliza y mejora su experiencia.<br \/>\nPor ejemplo, el sitio web de Terravision usa cookies para recordar sus datos de acceso para que no tenga que introducirlos repetidamente durante su visita al sitio. Otras cookies sirven para que Terravision conozca sus preferencias para as\u00ed poder facilitarle servicios m\u00e1s adecuados y \u00fatiles para usted en su pr\u00f3xima visita al sitio. La Compa\u00f1\u00eda tambi\u00e9n usa cookies para medir la eficacia de la publicidad incluida en su sitio web y el uso que de ella hacen quienes la visitan.<br \/>\nTerravision colabora con terceros anunciantes para que usted pueda acceder a contenidos interesantes en materia de viajes a trav\u00e9s del sitio web de la Compa\u00f1\u00eda. As\u00ed que, adem\u00e1s de generar sus propias cookies &#8211; &#8220;cookies de origen&#8221;, Terravision tambi\u00e9n permite a algunos anunciantes que muestran anuncios en el sitio web de la Compa\u00f1\u00eda generar \u201ccookies de terceros\u201d, que registran informaci\u00f3n sobre el uso que usted hace de los anuncios. Ello ayuda a los anunciantes a mostrarle los anuncios que probablemente m\u00e1s le interesen y contribuye a mejorar su experiencia online.<br \/>\nAlgunas cookies, llamadas &#8220;cookies de sesi\u00f3n\u201d permanecen en su ordenador pero solo mientras su navegador est\u00e1 abierto (es decir, se borran autom\u00e1ticamente cuando usted cierra su navegador). Otras cookies, llamadas &#8220;cookies persistentes&#8221;, permanecen en su ordenador o dispositivo m\u00f3vil incluso despu\u00e9s de cerrar su navegador, lo que permite a los sitios web reconocer su ordenador o dispositivo m\u00f3vil cuando usted vuelve a abrir el navegador para ofrecerle una experiencia fluida.<br \/>\nTenga en cuenta que el uso que haga Terravision de la informaci\u00f3n que recopila sobre usted a trav\u00e9s del uso de cookies se halla sujeta a la Pol\u00edtica de Privacidad de la Compa\u00f1\u00eda, accesible mediante un enlace en la parte inferior de cada p\u00e1gina.<\/p>\n<p><strong>Qu\u00e9 tipo de cookies utiliza Terravision?<\/strong><\/p>\n<p>Las cookies que utiliza Terravision son de tres clases. Todas se describen a continuaci\u00f3n, aunque usted puede encontrar m\u00e1s informaci\u00f3n sobre cada una accediendo a la Herramienta de Consentimiento del uso de Cookies.<\/p>\n<p><strong>\u2018Cookies\u2019 esenciales<\/strong><\/p>\n<p>Estas cookies le ayudan a acceder y a desplazarse por el sitio web de Terravision y a usar sus prestaciones esenciales. Sin ellas, el sitio web de la Compa\u00f1\u00eda no funcionar\u00eda correctamente y usted no podr\u00eda usar prestaciones importantes. Por ejemplo, Terravision usa una cookie para mantenerle conectado durante su visita con el fin de que el sitio no le exija entrar repetidamente para acceder a diferentes p\u00e1ginas. La Compa\u00f1\u00eda tambi\u00e9n usa cookies esenciales con fines de detecci\u00f3n y prevenci\u00f3n del fraude.<br \/>\nUsted ver\u00e1 que no puede desactivar las cookies esenciales a trav\u00e9s de la Herramienta de Consentimiento del uso de Cookies, ya que son necesarias para que pueda acceder y usar el contenido y las prestaciones del sitio web.<\/p>\n<p><strong>Cookies de an\u00e1lisis y de personalizaci\u00f3n<\/strong><\/p>\n<p>Terravision desea que su experiencia a la hora de visitar el sitio web de la Compa\u00f1\u00eda sea lo m\u00e1s fluida y agradable para usted que sea posible. Terravision usa cookies para saber c\u00f3mo se usa su sitio Web y c\u00f3mo se puede mejorar su experiencia al visitarlo. Las cookies pueden facilitar informaci\u00f3n an\u00f3nima para ayudar a la Compa\u00f1\u00eda a comprender qu\u00e9 partes de su sitio web interesan m\u00e1s a sus visitantes y si estos experimentan alg\u00fan fallo. Terravision usa cookies para probar dise\u00f1os y caracter\u00edsticas diferentes para sus sitios y para hacer un seguimiento sobre c\u00f3mo los internautas llegan a los sitios web de la Compa\u00f1\u00eda.<br \/>\nTerravision tambi\u00e9n emplea cookies para guardar su configuraci\u00f3n y sus preferencias, como por ejemplo el idioma e informaci\u00f3n introducida por usted al buscar opciones de viaje. Algunas cookies de personalizaci\u00f3n son esenciales si usted desea usar ciertas prestaciones del sitio web.<br \/>\n<strong><br \/>\n\u2018Cookies\u2019 de publicidad<\/strong><\/p>\n<p>Las cookies de publicidad ayudan a garantizar que los anuncios que usted ve en el sitio web de Terravision sean lo m\u00e1s adecuados para usted que sea posible. Por ejemplo, algunas cookies de publicidad permiten seleccionar anuncios basados en sus intereses, mientras que otras impiden la repetici\u00f3n continuada del mismo anuncio.<br \/>\nLa Compa\u00f1\u00eda tambi\u00e9n desea que compartir contenidos de Terravision con sus amigos a trav\u00e9s de sus redes sociales favoritas sea lo m\u00e1s f\u00e1cil posible para usted. Por esta raz\u00f3n, las cookies de publicidad incluyen cookies generadas por sitios de redes sociales, que permiten que compartir contenidos sea f\u00e1cil y fluido.<br \/>\nGesti\u00f3n de cookies<\/p>\n<p><strong><br \/>\n\u00bfQu\u00e9 pasa si no permito la instalaci\u00f3n de cookies?<\/strong><\/p>\n<p>Si no se activan las cookies en tu ordenador, tableta o m\u00f3vil (&#8220;dispositivo&#8221;), tu experiencia en el sitio web puede ser limitada (por ejemplo, puede que no puedas navegar total y libremente o a\u00f1adir productos a su cesta de la compra y comprarlos).<br \/>\n\u00bfC\u00f3mo desactivo\/activo las cookies?<br \/>\nPara desactivar\/activar cookies de su dispositivo, tendr\u00e1s que hacerlo a trav\u00e9s de tu navegador de Internet. A continuaci\u00f3n te explicamos c\u00f3mo puedes gestionar las cookies en tu ordenador por medio de los principales navegadores. Si deseas informaci\u00f3n sobre c\u00f3mo gestionar cookies en tu tableta y\/o m\u00f3vil, consulta su documentaci\u00f3n o archivos de ayuda online.<\/p>\n<p><strong>Google Chrome<\/strong><br \/>\n&#8211; En el men\u00fa de configuraci\u00f3n, selecciona &#8216;mostrar configuraci\u00f3n avanzada&#8217; en la parte inferior de la p\u00e1gina<br \/>\n&#8211; Selecciona la tecla de &#8216;configuraci\u00f3n de contenido&#8217; en la secci\u00f3n de privacidad<br \/>\n&#8211; La secci\u00f3n de la parte superior de la p\u00e1gina que aparece te da informaci\u00f3n sobre las cookies y te permite fijar las cookies que quieres. Tambi\u00e9n te permite borrar cualquier cookie que tengas almacenada en ese momento.<\/p>\n<p><strong>Mozilla Firefox<\/strong><br \/>\n&#8211; En el men\u00fa de herramientas, selecciona &#8216;opciones&#8217;<br \/>\n&#8211; Selecciona la etiqueta de privacidad en el recuadro de opciones<br \/>\n&#8211; Del men\u00fa desplegable elige &#8216;usar configuraci\u00f3n personalizada para el historial&#8217;. Esto mostrar\u00e1 las opciones de cookies y podr\u00e1s optar por activarlas o desactivarlas marcando la casilla correspondiente.<\/p>\n<p><strong>Internet Explorer 6+<\/strong><br \/>\n&#8211; En el men\u00fa de herramientas, selecciona &#8216;Opciones de Internet&#8217;<br \/>\n&#8211; Haz clic en la pesta\u00f1a de privacidad<br \/>\n&#8211; Ver\u00e1s un cursor de desplazamiento para configurar la privacidad que tiene seis posiciones que te permiten controlar la cantidad de cookies que se instalar\u00e1n: Bloquear todas las cookies, Alta, Media Alto, Media (nivel por defecto), Baja, y Aceptar todas las cookies.<\/p>\n<p><strong><br \/>\nSafari browser<\/strong><br \/>\n&#8211; En el men\u00fa de configuraci\u00f3n, selecciona la opci\u00f3n de &#8216;preferencias&#8217;<br \/>\n&#8211; Abre la pesta\u00f1a de privacidad<br \/>\n&#8211; Selecciona la opci\u00f3n que quiera de la secci\u00f3n de &#8216;bloquear cookies&#8217;<\/p>\n<p><strong>Todos los dem\u00e1s navegadores<\/strong><br \/>\nSi deseas obtener informaci\u00f3n sobre c\u00f3mo gestionar las cookies por medio de otros navegadores, por favor, consulta su documentaci\u00f3n o archivos de ayuda online.<br \/>\n<strong><br \/>\n\u00bfC\u00f3mo desactivo\/activo las cookies de terceros?<\/strong><br \/>\nLas cookies de terceros no las instalamos nosotros. Por lo tanto sugerimos que mires en los sitios web de esos terceros para obtener informaci\u00f3n sobre las cookies que instalan y c\u00f3mo las puedes gestionar.<\/p>\n","protected":false},"excerpt":{"rendered":"<p>INFORMACI\u00d3N SOBRE EL TRATAMIENTO DE LOS DATOS PERSONALES Le informamos sobre el uso y la finalidad de los datos personales que usted ha proporcionado a Terravision ( desde este momento denoninada \u201cSociedad\u201d) para su participaci\u00f3n en el sitio web www.terravision.eu ( desde ahora tambi\u00e9n \u201cSitio\u201d). La finalidad y duraci\u00f3n del tratamiento de sus datos est\u00e1n [&hellip;]<\/p>\n","protected":false},"author":1,"featured_media":0,"parent":0,"menu_order":0,"comment_status":"open","ping_status":"open","template":"","meta":{"footnotes":""},"class_list":["post-410","page","type-page","status-publish","hentry"],"yoast_head":"<!-- This site is optimized with the Yoast SEO Premium plugin v24.4 (Yoast SEO v24.4) - https:\/\/yoast.com\/wordpress\/plugins\/seo\/ -->\n<title>Politica de Privacidad | Terravision Espa\u00f1a<\/title>\n<meta name=\"robots\" content=\"index, follow, max-snippet:-1, max-image-preview:large, max-video-preview:-1\" \/>\n<link rel=\"canonical\" href=\"https:\/\/www.terravision.eu\/spagnolo\/privacy-policy.html\" \/>\n<meta property=\"og:locale\" content=\"es_ES\" \/>\n<meta property=\"og:type\" content=\"article\" \/>\n<meta property=\"og:title\" content=\"Politica de Privacidad\" \/>\n<meta property=\"og:description\" content=\"INFORMACI\u00d3N SOBRE EL TRATAMIENTO DE LOS DATOS PERSONALES Le informamos sobre el uso y la finalidad de los datos personales que usted ha proporcionado a Terravision ( desde este momento denoninada \u201cSociedad\u201d) para su participaci\u00f3n en el sitio web www.terravision.eu ( desde ahora tambi\u00e9n \u201cSitio\u201d). La finalidad y duraci\u00f3n del tratamiento de sus datos est\u00e1n [&hellip;]\" \/>\n<meta property=\"og:url\" content=\"https:\/\/www.terravision.eu\/spagnolo\/privacy-policy.html\" \/>\n<meta property=\"og:site_name\" content=\"Terravision Espa\u00f1a\" \/>\n<meta property=\"article:modified_time\" content=\"2024-04-19T08:38:21+00:00\" \/>\n<meta name=\"twitter:label1\" content=\"Tiempo de lectura\" \/>\n\t<meta name=\"twitter:data1\" content=\"12 minutes\" \/>\n<script type=\"application\/ld+json\" class=\"yoast-schema-graph\">{\"@context\":\"https:\/\/schema.org\",\"@graph\":[{\"@type\":\"WebPage\",\"@id\":\"https:\/\/www.terravision.eu\/spagnolo\/privacy-policy.html\",\"url\":\"https:\/\/www.terravision.eu\/spagnolo\/privacy-policy.html\",\"name\":\"Politica de Privacidad | Terravision Espa\u00f1a\",\"isPartOf\":{\"@id\":\"https:\/\/www.terravision.eu\/spagnolo\/#website\"},\"datePublished\":\"2012-08-28T13:58:16+00:00\",\"dateModified\":\"2024-04-19T08:38:21+00:00\",\"breadcrumb\":{\"@id\":\"https:\/\/www.terravision.eu\/spagnolo\/privacy-policy.html#breadcrumb\"},\"inLanguage\":\"es-ES\",\"potentialAction\":[{\"@type\":\"ReadAction\",\"target\":[\"https:\/\/www.terravision.eu\/spagnolo\/privacy-policy.html\"]}]},{\"@type\":\"BreadcrumbList\",\"@id\":\"https:\/\/www.terravision.eu\/spagnolo\/privacy-policy.html#breadcrumb\",\"itemListElement\":[{\"@type\":\"ListItem\",\"position\":1,\"name\":\"Home\",\"item\":\"https:\/\/www.terravision.eu\/spagnolo\/\"},{\"@type\":\"ListItem\",\"position\":2,\"name\":\"Politica de Privacidad\"}]},{\"@type\":\"WebSite\",\"@id\":\"https:\/\/www.terravision.eu\/spagnolo\/#website\",\"url\":\"https:\/\/www.terravision.eu\/spagnolo\/\",\"name\":\"Terravision Espa\u00f1a\",\"description\":\"Conexiones low-cost desde\/hacia los principales aeropuertos europeos\",\"potentialAction\":[{\"@type\":\"SearchAction\",\"target\":{\"@type\":\"EntryPoint\",\"urlTemplate\":\"https:\/\/www.terravision.eu\/spagnolo\/?s={search_term_string}\"},\"query-input\":{\"@type\":\"PropertyValueSpecification\",\"valueRequired\":true,\"valueName\":\"search_term_string\"}}],\"inLanguage\":\"es-ES\"}]}<\/script>\n<!-- \/ Yoast SEO Premium plugin. -->","yoast_head_json":{"title":"Politica de Privacidad | Terravision Espa\u00f1a","robots":{"index":"index","follow":"follow","max-snippet":"max-snippet:-1","max-image-preview":"max-image-preview:large","max-video-preview":"max-video-preview:-1"},"canonical":"https:\/\/www.terravision.eu\/spagnolo\/privacy-policy.html","og_locale":"es_ES","og_type":"article","og_title":"Politica de Privacidad","og_description":"INFORMACI\u00d3N SOBRE EL TRATAMIENTO DE LOS DATOS PERSONALES Le informamos sobre el uso y la finalidad de los datos personales que usted ha proporcionado a Terravision ( desde este momento denoninada \u201cSociedad\u201d) para su participaci\u00f3n en el sitio web www.terravision.eu ( desde ahora tambi\u00e9n \u201cSitio\u201d). La finalidad y duraci\u00f3n del tratamiento de sus datos est\u00e1n [&hellip;]","og_url":"https:\/\/www.terravision.eu\/spagnolo\/privacy-policy.html","og_site_name":"Terravision Espa\u00f1a","article_modified_time":"2024-04-19T08:38:21+00:00","twitter_misc":{"Tiempo de lectura":"12 minutes"},"schema":{"@context":"https:\/\/schema.org","@graph":[{"@type":"WebPage","@id":"https:\/\/www.terravision.eu\/spagnolo\/privacy-policy.html","url":"https:\/\/www.terravision.eu\/spagnolo\/privacy-policy.html","name":"Politica de Privacidad | Terravision Espa\u00f1a","isPartOf":{"@id":"https:\/\/www.terravision.eu\/spagnolo\/#website"},"datePublished":"2012-08-28T13:58:16+00:00","dateModified":"2024-04-19T08:38:21+00:00","breadcrumb":{"@id":"https:\/\/www.terravision.eu\/spagnolo\/privacy-policy.html#breadcrumb"},"inLanguage":"es-ES","potentialAction":[{"@type":"ReadAction","target":["https:\/\/www.terravision.eu\/spagnolo\/privacy-policy.html"]}]},{"@type":"BreadcrumbList","@id":"https:\/\/www.terravision.eu\/spagnolo\/privacy-policy.html#breadcrumb","itemListElement":[{"@type":"ListItem","position":1,"name":"Home","item":"https:\/\/www.terravision.eu\/spagnolo\/"},{"@type":"ListItem","position":2,"name":"Politica de Privacidad"}]},{"@type":"WebSite","@id":"https:\/\/www.terravision.eu\/spagnolo\/#website","url":"https:\/\/www.terravision.eu\/spagnolo\/","name":"Terravision Espa\u00f1a","description":"Conexiones low-cost desde\/hacia los principales aeropuertos europeos","potentialAction":[{"@type":"SearchAction","target":{"@type":"EntryPoint","urlTemplate":"https:\/\/www.terravision.eu\/spagnolo\/?s={search_term_string}"},"query-input":{"@type":"PropertyValueSpecification","valueRequired":true,"valueName":"search_term_string"}}],"inLanguage":"es-ES"}]}},"_links":{"self":[{"href":"https:\/\/www.terravision.eu\/spagnolo\/wp-json\/wp\/v2\/pages\/410","targetHints":{"allow":["GET"]}}],"collection":[{"href":"https:\/\/www.terravision.eu\/spagnolo\/wp-json\/wp\/v2\/pages"}],"about":[{"href":"https:\/\/www.terravision.eu\/spagnolo\/wp-json\/wp\/v2\/types\/page"}],"author":[{"embeddable":true,"href":"https:\/\/www.terravision.eu\/spagnolo\/wp-json\/wp\/v2\/users\/1"}],"replies":[{"embeddable":true,"href":"https:\/\/www.terravision.eu\/spagnolo\/wp-json\/wp\/v2\/comments?post=410"}],"version-history":[{"count":3,"href":"https:\/\/www.terravision.eu\/spagnolo\/wp-json\/wp\/v2\/pages\/410\/revisions"}],"predecessor-version":[{"id":14381,"href":"https:\/\/www.terravision.eu\/spagnolo\/wp-json\/wp\/v2\/pages\/410\/revisions\/14381"}],"wp:attachment":[{"href":"https:\/\/www.terravision.eu\/spagnolo\/wp-json\/wp\/v2\/media?parent=410"}],"curies":[{"name":"wp","href":"https:\/\/api.w.org\/{rel}","templated":true}]}}