{"id":6736,"date":"2012-10-23T08:03:09","date_gmt":"2012-10-23T08:03:09","guid":{"rendered":"https:\/\/www.terravision.eu\/spagnolo\/?page_id=6736"},"modified":"2025-07-22T15:17:45","modified_gmt":"2025-07-22T15:17:45","slug":"trabajas_con_nosotros","status":"publish","type":"page","link":"https:\/\/www.terravision.eu\/spagnolo\/trabajas_con_nosotros.html","title":{"rendered":"Trabajas con nosotros"},"content":{"rendered":"<div class=\"bg-tertiary p-trv-1\">\n<div class=\"container\">\n<div class=\"row\" style=\"height: 100%;\">\n<div class=\"col align-self-center pr-0 pl-m-0\">\n<div class=\"overflow-hidden\">\n<div class=\"separator-trv-n z-index-1 p-relative mb-10\"><\/div>\n<div class=\"d-flex\" style=\"gap: 23px; margin-bottom: 30px;\">\n<h3 class=\"h3-Barlow-36pt-3\" style=\"margin-bottom: 0;\">Oportunidad de trabajo<\/h3>\n<\/div>\n<p class=\"text-standard\">Si tienes talento y motivaci\u00f3n puedes formar parte de Terravision , estamos siempre est\u00e1 dispuestos a contratar a nuevas personas para ampliar nuestra plantilla.<\/p>\n<\/div>\n<\/div>\n<\/div>\n<div class=\"row pt-60\" style=\"height: 100%;\">\n<div class=\"col align-self-center pr-0 pl-m-0 grid-2-1 gap-30\">\n<div class=\"overflow-hidden\">\n<div class=\"d-flex\" style=\"gap: 23px; margin-bottom: 30px;\">\n<h3 class=\"h3-Barlow-36pt-3\" style=\"margin-bottom: 0;\">Que Ofrecemos<\/h3>\n<\/div>\n<div class=\"grid-list-icon\" style=\"gap: 23px; margin-bottom: 30px;\">\n<p><img decoding=\"async\" src=\"https:\/\/www.terravision.eu\/wp-content\/blogs.dir\/9\/files\/2025\/03\/icon-check-list.png\" \/><\/p>\n<p class=\"h5-Barlow-22pt\" style=\"margin-bottom: 0;\">Un ambiente estimulante y din\u00e1mico<\/p>\n<\/div>\n<div class=\"grid-list-icon\" style=\"gap: 23px; margin-bottom: 30px;\">\n<p><img decoding=\"async\" src=\"https:\/\/www.terravision.eu\/wp-content\/blogs.dir\/9\/files\/2025\/03\/icon-check-list.png\" \/><\/p>\n<p class=\"h5-Barlow-22pt\" style=\"margin-bottom: 0;\">Equipo multicultural<\/p>\n<\/div>\n<div class=\"grid-list-icon\" style=\"gap: 23px; margin-bottom: 30px;\">\n<p><img decoding=\"async\" src=\"https:\/\/www.terravision.eu\/wp-content\/blogs.dir\/9\/files\/2025\/03\/icon-check-list.png\" \/><\/p>\n<p class=\"h5-Barlow-22pt\" style=\"margin-bottom: 0;\">Un amplio abanico de puestos de trabajo, que van desde el trabajo en nuestras oficinas (marketing, ventas, comunicaci\u00f3n y publicidad, RH) hasta el trabajo &#8220;en las zonas d\u00f3nde estamos presentes&#8221; como recepcionistas en el aeropuerto, conductores, promotores de ventas.<\/p>\n<\/div>\n<\/div>\n<div class=\"overflow-hidden\">\n<div class=\"d-flex\" style=\"gap: 23px; margin-bottom: 30px;\">\n<h3 class=\"h3-Barlow-36pt-3\" style=\"margin-bottom: 0;\">A qui\u00e9n buscamos<\/h3>\n<\/div>\n<div class=\"grid-list-icon\" style=\"gap: 23px; margin-bottom: 30px;\">\n<p><img decoding=\"async\" src=\"https:\/\/www.terravision.eu\/wp-content\/blogs.dir\/9\/files\/2025\/03\/icon-check-list.png\" \/><\/p>\n<p class=\"h5-Barlow-22pt\" style=\"margin-bottom: 0;\">Proactividad<\/p>\n<\/div>\n<div class=\"grid-list-icon\" style=\"gap: 23px; margin-bottom: 30px;\">\n<p><img decoding=\"async\" src=\"https:\/\/www.terravision.eu\/wp-content\/blogs.dir\/9\/files\/2025\/03\/icon-check-list.png\" \/><\/p>\n<p class=\"h5-Barlow-22pt\" style=\"margin-bottom: 0;\">Entusiasmo<\/p>\n<\/div>\n<div class=\"grid-list-icon\" style=\"gap: 23px; margin-bottom: 30px;\">\n<p><img decoding=\"async\" src=\"https:\/\/www.terravision.eu\/wp-content\/blogs.dir\/9\/files\/2025\/03\/icon-check-list.png\" \/><\/p>\n<p class=\"h5-Barlow-22pt\" style=\"margin-bottom: 0;\">Dinamismo<\/p>\n<\/div>\n<div class=\"grid-list-icon\" style=\"gap: 23px; margin-bottom: 30px;\">\n<p><img decoding=\"async\" src=\"https:\/\/www.terravision.eu\/wp-content\/blogs.dir\/9\/files\/2025\/03\/icon-check-list.png\" \/><\/p>\n<p class=\"h5-Barlow-22pt\" style=\"margin-bottom: 0;\">Pasi\u00f3n por los viajes y por el turismo<\/p>\n<\/div>\n<div class=\"grid-list-icon\" style=\"gap: 23px; margin-bottom: 30px;\">\n<p><img decoding=\"async\" src=\"https:\/\/www.terravision.eu\/wp-content\/blogs.dir\/9\/files\/2025\/03\/icon-check-list.png\" \/><\/p>\n<p class=\"h5-Barlow-22pt\" style=\"margin-bottom: 0;\">Tener conocimiento de uno o m\u00e1s idiomas europeos es un punto a tu favor.<\/p>\n<\/div>\n<\/div>\n<\/div>\n<\/div>\n<\/div>\n<\/div>\n<div class=\"bg-light p-trv-1\">\n<div class=\"container\">\n<div class=\"row\" style=\"height: 100%;\">\n<div class=\"col align-self-center pr-0 pl-m-0\">\n<div class=\"overflow-hidden\">\n<div class=\"separator-trv-n z-index-1 p-relative mb-10\"><\/div>\n<div class=\"d-flex\" style=\"gap: 23px; margin-bottom: 30px;\">\n<h3 class=\"h3-Barlow-36pt-3\" style=\"margin-bottom: 0;\">C\u00f3mo mandar mi candidatura<\/h3>\n<\/div>\n<p class=\"text-standard\">Si te identificas con esta descripci\u00f3n, \u00a1cont\u00e1ctanos ahora!<br \/>\nEnv\u00eda tu CV (en PDF, Word u otro formato de texto) a: <a href=\"mailto:jobs@terravision.eu\">jobs@terravision.eu<\/a>, especificando los idiomas que hablas y el nivel.<br \/>\nEn LinkedIn tambi\u00e9n puedes consultar las candidaturas disponibles.<\/p>\n<p><a class=\"btn btn-primary-trv z-index-1 position-relative mt-25\" href=\"https:\/\/www.linkedin.com\/company\/terravision-eu\/\" target=\"_blank\" rel=\"noopener\">Consulta el perfil en Linkedin<\/a><\/p>\n<\/div>\n<\/div>\n<\/div>\n<\/div>\n<\/div>\n<div class=\"bg-tertiary p-trv-1\">\n<div class=\"container\">\n<div class=\"row\">\n<div class=\"col mb-30\">\n<div class=\"overflow-hidden\">\n<div class=\"separator-trv-n z-index-1 p-relative mb-10\"><\/div>\n<h3 class=\"h3-Barlow-36pt-3\" style=\"margin-bottom: 15px;\">Ofertas de trabajo disponibles<\/h3>\n<\/div>\n<\/div>\n<\/div>\n<div class=\"row gap-30 grid-2-1\">\n<div class=\"p-0 border-radius double-card p-relative\">\n<div class=\"row\" style=\"height: 100%;\">\n<div class=\"col align-self-center pl-30 pr-0 pl-m-0\">\n<div class=\"overflow-hidden\">\n<div class=\"separator-trv-n z-index-1 p-relative mb-10\"><\/div>\n<div class=\"d-flex\" style=\"gap: 23px;\">\n<h2 class=\"jobsearch-JobInfoHeader-title css-1td7gjs e1tiznh50\" dir=\"ltr\" lang=\"it\" data-testid=\"jobsearch-JobInfoHeader-title\">Conductor Carnet de conducir D + CQC (Roma)<\/h2>\n<\/div>\n<p class=\"text-standard\">Estamos buscando conductores con carnet D + CQC para formar parte de nuestro equipo en Roma.<\/p>\n<div class=\"grid-max-content-2 gap-30\">\n<div>\n<div id=\"largeModal\" class=\"modal fade\" tabindex=\"-1\" role=\"dialog\" aria-labelledby=\"largeModalLabel\" aria-hidden=\"true\">\n<div class=\"modal-dialog modal-lg\">\n<div class=\"modal-content bradius-25\">\n<div class=\"modal-header modal-header-w-2\">\n<div class=\"card-services-header\">\n<div class=\"d-flex\" style=\"gap: 23px; margin-bottom: 30px;\">\n<h3 class=\"h3-Barlow-36pt-3\" style=\"margin-bottom: 0;\">Come inviare la tua candidatura<\/h3>\n<\/div>\n<\/div>\n<p><button class=\"btn-close\" style=\"padding-right: 30px;\" type=\"button\" data-bs-dismiss=\"modal\" aria-hidden=\"true\">\u00d7<\/button><\/p>\n<\/div>\n<div class=\"modal-body modal-body-w\"><\/div>\n<div class=\"modal-footer\">\n<div style=\"width: 100%; margin: 0;\"><a class=\"btn btn-primary-trv z-index-1 position-relative\" style=\"width: 100%; padding-top: 19px; padding-bottom: 19px;\" href=\"https:\/\/it.indeed.com\/viewjob?jk=7152373e4cbac19d&amp;from=shareddesktop_copy\">Candidati Ora<\/a><\/div>\n<\/div>\n<\/div>\n<\/div>\n<\/div>\n<\/div>\n<div><a class=\"btn btn-primary-trv z-index-1 position-relative mt-25\" href=\"https:\/\/it.indeed.com\/viewjob?jk=7152373e4cbac19d&amp;from=shareddesktop_copy\"><span data-teams=\"true\">Pres\u00e9ntate <\/span>ahora<\/a><\/div>\n<div><\/div>\n<\/div>\n<div>\n<div class=\"d-flex\" style=\"gap: 23px;\">\n<h2 class=\"jobsearch-JobInfoHeader-title css-1td7gjs e1tiznh50\" dir=\"ltr\" lang=\"it\" data-testid=\"jobsearch-JobInfoHeader-title\">Personal de Ventas (Aeropuerto de B\u00e9rgamo)<\/h2>\n<\/div>\n<p class=\"text-standard\">Estamos buscando personal para nuestra parada en el Aeropuerto de B\u00e9rgamo &#8220;Orio al Serio&#8221; .<\/p>\n<div class=\"grid-max-content-2 gap-30\">\n<div>\n<div id=\"largeModal\" class=\"modal fade\" tabindex=\"-1\" role=\"dialog\" aria-labelledby=\"largeModalLabel\" aria-hidden=\"true\">\n<div class=\"modal-dialog modal-lg\">\n<div class=\"modal-content bradius-25\">\n<div class=\"modal-header modal-header-w-2\">\n<div class=\"card-services-header\">\n<div class=\"d-flex\" style=\"gap: 23px; margin-bottom: 30px;\">\n<h3 class=\"h3-Barlow-36pt-3\" style=\"margin-bottom: 0;\">Come inviare la tua candidatura<\/h3>\n<\/div>\n<\/div>\n<p><button class=\"btn-close\" style=\"padding-right: 30px;\" type=\"button\" data-bs-dismiss=\"modal\" aria-hidden=\"true\">\u00d7<\/button><\/p>\n<\/div>\n<div class=\"modal-body modal-body-w\"><\/div>\n<div class=\"modal-footer\">\n<div style=\"width: 100%; margin: 0;\"><a class=\"btn btn-primary-trv z-index-1 position-relative\" style=\"width: 100%; padding-top: 19px; padding-bottom: 19px;\" href=\"https:\/\/it.indeed.com\/viewjob?jk=7152373e4cbac19d&amp;from=shareddesktop_copy\">Candidati Ora<\/a><\/div>\n<\/div>\n<\/div>\n<\/div>\n<\/div>\n<\/div>\n<div><a class=\"btn btn-primary-trv z-index-1 position-relative mt-25\" href=\"https:\/\/it.indeed.com\/viewjob?jk=8c7d4d2ce85687e1&amp;from=shareddesktop_copy\"><span data-teams=\"true\">Pres\u00e9ntate <\/span>ahora<\/a><\/div>\n<\/div>\n<\/div>\n<\/div>\n<\/div>\n<\/div>\n<\/div>\n<\/div>\n<\/div>\n<\/div>\n","protected":false},"excerpt":{"rendered":"<p>Oportunidad de trabajo Si tienes talento y motivaci\u00f3n puedes formar parte de Terravision , estamos siempre est\u00e1 dispuestos a contratar a nuevas personas para ampliar nuestra plantilla. Que Ofrecemos Un ambiente estimulante y din\u00e1mico Equipo multicultural Un amplio abanico de puestos de trabajo, que van desde el trabajo en nuestras oficinas (marketing, ventas, comunicaci\u00f3n y [&hellip;]<\/p>\n","protected":false},"author":1,"featured_media":0,"parent":0,"menu_order":0,"comment_status":"open","ping_status":"open","template":"","meta":{"footnotes":""},"class_list":["post-6736","page","type-page","status-publish","hentry"],"yoast_head":"<!-- This site is optimized with the Yoast SEO Premium plugin v24.4 (Yoast SEO v24.4) - https:\/\/yoast.com\/wordpress\/plugins\/seo\/ -->\n<title>Trabajas con nosotros | Terravision Espa\u00f1a<\/title>\n<meta name=\"robots\" content=\"index, follow, max-snippet:-1, max-image-preview:large, max-video-preview:-1\" \/>\n<link rel=\"canonical\" href=\"https:\/\/www.terravision.eu\/spagnolo\/trabajas_con_nosotros.html\" \/>\n<meta property=\"og:locale\" content=\"es_ES\" \/>\n<meta property=\"og:type\" content=\"article\" \/>\n<meta property=\"og:title\" content=\"Trabajas con nosotros\" \/>\n<meta property=\"og:description\" content=\"Oportunidad de trabajo Si tienes talento y motivaci\u00f3n puedes formar parte de Terravision , estamos siempre est\u00e1 dispuestos a contratar a nuevas personas para ampliar nuestra plantilla. Que Ofrecemos Un ambiente estimulante y din\u00e1mico Equipo multicultural Un amplio abanico de puestos de trabajo, que van desde el trabajo en nuestras oficinas (marketing, ventas, comunicaci\u00f3n y [&hellip;]\" \/>\n<meta property=\"og:url\" content=\"https:\/\/www.terravision.eu\/spagnolo\/trabajas_con_nosotros.html\" \/>\n<meta property=\"og:site_name\" content=\"Terravision Espa\u00f1a\" \/>\n<meta property=\"article:modified_time\" content=\"2025-07-22T15:17:45+00:00\" \/>\n<meta property=\"og:image\" content=\"https:\/\/www.terravision.eu\/wp-content\/blogs.dir\/9\/files\/2025\/03\/icon-check-list.png\" \/>\n<meta name=\"twitter:label1\" content=\"Tiempo de lectura\" \/>\n\t<meta name=\"twitter:data1\" content=\"3 minutes\" \/>\n<script type=\"application\/ld+json\" class=\"yoast-schema-graph\">{\"@context\":\"https:\/\/schema.org\",\"@graph\":[{\"@type\":\"WebPage\",\"@id\":\"https:\/\/www.terravision.eu\/spagnolo\/trabajas_con_nosotros.html\",\"url\":\"https:\/\/www.terravision.eu\/spagnolo\/trabajas_con_nosotros.html\",\"name\":\"Trabajas con nosotros | Terravision Espa\u00f1a\",\"isPartOf\":{\"@id\":\"https:\/\/www.terravision.eu\/spagnolo\/#website\"},\"primaryImageOfPage\":{\"@id\":\"https:\/\/www.terravision.eu\/spagnolo\/trabajas_con_nosotros.html#primaryimage\"},\"image\":{\"@id\":\"https:\/\/www.terravision.eu\/spagnolo\/trabajas_con_nosotros.html#primaryimage\"},\"thumbnailUrl\":\"https:\/\/www.terravision.eu\/wp-content\/blogs.dir\/9\/files\/2025\/03\/icon-check-list.png\",\"datePublished\":\"2012-10-23T08:03:09+00:00\",\"dateModified\":\"2025-07-22T15:17:45+00:00\",\"breadcrumb\":{\"@id\":\"https:\/\/www.terravision.eu\/spagnolo\/trabajas_con_nosotros.html#breadcrumb\"},\"inLanguage\":\"es-ES\",\"potentialAction\":[{\"@type\":\"ReadAction\",\"target\":[\"https:\/\/www.terravision.eu\/spagnolo\/trabajas_con_nosotros.html\"]}]},{\"@type\":\"ImageObject\",\"inLanguage\":\"es-ES\",\"@id\":\"https:\/\/www.terravision.eu\/spagnolo\/trabajas_con_nosotros.html#primaryimage\",\"url\":\"https:\/\/www.terravision.eu\/wp-content\/blogs.dir\/9\/files\/2025\/03\/icon-check-list.png\",\"contentUrl\":\"https:\/\/www.terravision.eu\/wp-content\/blogs.dir\/9\/files\/2025\/03\/icon-check-list.png\"},{\"@type\":\"BreadcrumbList\",\"@id\":\"https:\/\/www.terravision.eu\/spagnolo\/trabajas_con_nosotros.html#breadcrumb\",\"itemListElement\":[{\"@type\":\"ListItem\",\"position\":1,\"name\":\"Home\",\"item\":\"https:\/\/www.terravision.eu\/spagnolo\/\"},{\"@type\":\"ListItem\",\"position\":2,\"name\":\"Trabajas con nosotros\"}]},{\"@type\":\"WebSite\",\"@id\":\"https:\/\/www.terravision.eu\/spagnolo\/#website\",\"url\":\"https:\/\/www.terravision.eu\/spagnolo\/\",\"name\":\"Terravision Espa\u00f1a\",\"description\":\"Conexiones low-cost desde\/hacia los principales aeropuertos europeos\",\"potentialAction\":[{\"@type\":\"SearchAction\",\"target\":{\"@type\":\"EntryPoint\",\"urlTemplate\":\"https:\/\/www.terravision.eu\/spagnolo\/?s={search_term_string}\"},\"query-input\":{\"@type\":\"PropertyValueSpecification\",\"valueRequired\":true,\"valueName\":\"search_term_string\"}}],\"inLanguage\":\"es-ES\"}]}<\/script>\n<!-- \/ Yoast SEO Premium plugin. -->","yoast_head_json":{"title":"Trabajas con nosotros | Terravision Espa\u00f1a","robots":{"index":"index","follow":"follow","max-snippet":"max-snippet:-1","max-image-preview":"max-image-preview:large","max-video-preview":"max-video-preview:-1"},"canonical":"https:\/\/www.terravision.eu\/spagnolo\/trabajas_con_nosotros.html","og_locale":"es_ES","og_type":"article","og_title":"Trabajas con nosotros","og_description":"Oportunidad de trabajo Si tienes talento y motivaci\u00f3n puedes formar parte de Terravision , estamos siempre est\u00e1 dispuestos a contratar a nuevas personas para ampliar nuestra plantilla. Que Ofrecemos Un ambiente estimulante y din\u00e1mico Equipo multicultural Un amplio abanico de puestos de trabajo, que van desde el trabajo en nuestras oficinas (marketing, ventas, comunicaci\u00f3n y [&hellip;]","og_url":"https:\/\/www.terravision.eu\/spagnolo\/trabajas_con_nosotros.html","og_site_name":"Terravision Espa\u00f1a","article_modified_time":"2025-07-22T15:17:45+00:00","og_image":[{"url":"https:\/\/www.terravision.eu\/wp-content\/blogs.dir\/9\/files\/2025\/03\/icon-check-list.png","type":"","width":"","height":""}],"twitter_misc":{"Tiempo de lectura":"3 minutes"},"schema":{"@context":"https:\/\/schema.org","@graph":[{"@type":"WebPage","@id":"https:\/\/www.terravision.eu\/spagnolo\/trabajas_con_nosotros.html","url":"https:\/\/www.terravision.eu\/spagnolo\/trabajas_con_nosotros.html","name":"Trabajas con nosotros | Terravision Espa\u00f1a","isPartOf":{"@id":"https:\/\/www.terravision.eu\/spagnolo\/#website"},"primaryImageOfPage":{"@id":"https:\/\/www.terravision.eu\/spagnolo\/trabajas_con_nosotros.html#primaryimage"},"image":{"@id":"https:\/\/www.terravision.eu\/spagnolo\/trabajas_con_nosotros.html#primaryimage"},"thumbnailUrl":"https:\/\/www.terravision.eu\/wp-content\/blogs.dir\/9\/files\/2025\/03\/icon-check-list.png","datePublished":"2012-10-23T08:03:09+00:00","dateModified":"2025-07-22T15:17:45+00:00","breadcrumb":{"@id":"https:\/\/www.terravision.eu\/spagnolo\/trabajas_con_nosotros.html#breadcrumb"},"inLanguage":"es-ES","potentialAction":[{"@type":"ReadAction","target":["https:\/\/www.terravision.eu\/spagnolo\/trabajas_con_nosotros.html"]}]},{"@type":"ImageObject","inLanguage":"es-ES","@id":"https:\/\/www.terravision.eu\/spagnolo\/trabajas_con_nosotros.html#primaryimage","url":"https:\/\/www.terravision.eu\/wp-content\/blogs.dir\/9\/files\/2025\/03\/icon-check-list.png","contentUrl":"https:\/\/www.terravision.eu\/wp-content\/blogs.dir\/9\/files\/2025\/03\/icon-check-list.png"},{"@type":"BreadcrumbList","@id":"https:\/\/www.terravision.eu\/spagnolo\/trabajas_con_nosotros.html#breadcrumb","itemListElement":[{"@type":"ListItem","position":1,"name":"Home","item":"https:\/\/www.terravision.eu\/spagnolo\/"},{"@type":"ListItem","position":2,"name":"Trabajas con nosotros"}]},{"@type":"WebSite","@id":"https:\/\/www.terravision.eu\/spagnolo\/#website","url":"https:\/\/www.terravision.eu\/spagnolo\/","name":"Terravision Espa\u00f1a","description":"Conexiones low-cost desde\/hacia los principales aeropuertos europeos","potentialAction":[{"@type":"SearchAction","target":{"@type":"EntryPoint","urlTemplate":"https:\/\/www.terravision.eu\/spagnolo\/?s={search_term_string}"},"query-input":{"@type":"PropertyValueSpecification","valueRequired":true,"valueName":"search_term_string"}}],"inLanguage":"es-ES"}]}},"_links":{"self":[{"href":"https:\/\/www.terravision.eu\/spagnolo\/wp-json\/wp\/v2\/pages\/6736","targetHints":{"allow":["GET"]}}],"collection":[{"href":"https:\/\/www.terravision.eu\/spagnolo\/wp-json\/wp\/v2\/pages"}],"about":[{"href":"https:\/\/www.terravision.eu\/spagnolo\/wp-json\/wp\/v2\/types\/page"}],"author":[{"embeddable":true,"href":"https:\/\/www.terravision.eu\/spagnolo\/wp-json\/wp\/v2\/users\/1"}],"replies":[{"embeddable":true,"href":"https:\/\/www.terravision.eu\/spagnolo\/wp-json\/wp\/v2\/comments?post=6736"}],"version-history":[{"count":11,"href":"https:\/\/www.terravision.eu\/spagnolo\/wp-json\/wp\/v2\/pages\/6736\/revisions"}],"predecessor-version":[{"id":20764,"href":"https:\/\/www.terravision.eu\/spagnolo\/wp-json\/wp\/v2\/pages\/6736\/revisions\/20764"}],"wp:attachment":[{"href":"https:\/\/www.terravision.eu\/spagnolo\/wp-json\/wp\/v2\/media?parent=6736"}],"curies":[{"name":"wp","href":"https:\/\/api.w.org\/{rel}","templated":true}]}}