{"id":7175,"date":"2013-01-17T15:36:32","date_gmt":"2013-01-17T15:36:32","guid":{"rendered":"https:\/\/www.terravision.eu\/spagnolo\/?page_id=7175"},"modified":"2014-09-15T10:35:24","modified_gmt":"2014-09-15T10:35:24","slug":"turin_caselle","status":"publish","type":"page","link":"https:\/\/www.terravision.eu\/spagnolo\/turin_caselle.html","title":{"rendered":"Bus Aeropuerto de Tur\u00edn Caselle"},"content":{"rendered":"<div id=\"article-single-airport\">\n<div class=\"title\">\n<h2 style=\"font-size:18px;font-weight:normal\">Bus Aeropuerto de Caselle hasta el centro de <span class=\"strong\">Tur\u00edn<\/span><\/h2>\n<\/div>\n<div class=\"content\">\n<p>Terravision ofrece un servicio de autob\u00fas entre el aeropuerto de Caselle y Tur\u00edn centro, con paradas estrat\u00e9gicas situadas en el coraz\u00f3n de la ciudad.<\/p>\n<p>Trayectos Disponibles:<span class=\"routes\">Bus desde el Aeropuerto de Tur\u00edn Caselle hasta <strong>Tur\u00edn<\/strong><\/span><\/p>\n<p><span class=\"light\">Duraci\u00f3n del viaje: 1h05<\/span><\/p>\n<div id=\"direction67\">\n<div class=\"line\">\n<div class=\"direction-1-7\">Aeropuerto de <br \/> Tur\u00edn<\/div>\n<div class=\"direction-2-7\">Via Botticelli<br \/>\/ang. P.zza Rebaudengo<\/div>\n<div class=\"direction-3-7\">via Botticelli<br \/>217<\/div>\n<div class=\"direction-4-7\">C.so Casale <br \/>44 <\/div>\n<\/p><\/div>\n<div class=\"line\">\n<div class=\"direction-5-7\">Sala de Exposiciones<br \/> de Tur\u00edn<\/div>\n<div class=\"direction-6-7\">Via <br \/> G.Bruno <br \/>29<\/div>\n<div class=\"direction-7-7\">Estaci\u00f3n <br \/> Lingotto F.S.<\/div>\n<\/p><\/div>\n<\/div>\n<\/div>\n<\/div>\n<div style=\"overflow: hidden;float: right;height: 150px\">\n<div class=\"content-right 1\"><span class=\"from\"><\/span><br \/>\n<span class=\"price\">5<\/span><span class=\"valuta\">.50 \u20ac<\/span><\/div>\n<\/div>\n<div class=\"information\">En colaboraci\u00f3n con Formento. Autorizaci\u00f3n por la agencia de Movilidad Metropolitana y Regional. Protocolo N \u00ba 0003331\/2013 de 12\/06\/2013.<br \/>\nTerravision recomienda estar en la parada al menos 15 minutos antes de la hora de salida de su autob\u00fas. Consulte la secci\u00f3n \u201c<a href=\"https:\/\/www.terravision.eu\/spagnolo\/turin_map.html\">D\u00f3nde estamos<\/a>\u201d per mayor informaci\u00f3n<\/div>\n","protected":false},"excerpt":{"rendered":"<p>Bus Aeropuerto de Caselle hasta el centro de Tur\u00edn Terravision ofrece un servicio de autob\u00fas entre el aeropuerto de Caselle y Tur\u00edn centro, con paradas estrat\u00e9gicas situadas en el coraz\u00f3n de la ciudad. Trayectos Disponibles:Bus desde el Aeropuerto de Tur\u00edn Caselle hasta Tur\u00edn Duraci\u00f3n del viaje: 1h05 Aeropuerto de Tur\u00edn Via Botticelli\/ang. P.zza Rebaudengo via [&hellip;]<\/p>\n","protected":false},"author":1,"featured_media":0,"parent":0,"menu_order":0,"comment_status":"open","ping_status":"open","template":"","meta":{"footnotes":""},"class_list":["post-7175","page","type-page","status-publish","hentry","cities-turin"],"yoast_head":"<!-- This site is optimized with the Yoast SEO Premium plugin v24.4 (Yoast SEO v24.4) - https:\/\/yoast.com\/wordpress\/plugins\/seo\/ -->\n<title>Bus Aeropuerto de Tur\u00edn Caselle | Terravision<\/title>\n<meta name=\"description\" content=\"Bus Aeropuerto de Tur\u00edn Caselle - Centro ciudad, s\u00f3lo \u20ac5,50. La conexi\u00f3n m\u00e1s barata desde el Aeropuerto de Caselle a Tur\u00edn.\" \/>\n<meta name=\"robots\" content=\"index, follow, max-snippet:-1, max-image-preview:large, max-video-preview:-1\" \/>\n<link rel=\"canonical\" href=\"https:\/\/www.terravision.eu\/spagnolo\/turin_caselle.html\" \/>\n<meta property=\"og:locale\" content=\"es_ES\" \/>\n<meta property=\"og:type\" content=\"article\" \/>\n<meta property=\"og:title\" content=\"Bus Aeropuerto de Tur\u00edn Caselle\" \/>\n<meta property=\"og:description\" content=\"Bus Aeropuerto de Tur\u00edn Caselle - Centro ciudad, s\u00f3lo \u20ac5,50. La conexi\u00f3n m\u00e1s barata desde el Aeropuerto de Caselle a Tur\u00edn.\" \/>\n<meta property=\"og:url\" content=\"https:\/\/www.terravision.eu\/spagnolo\/turin_caselle.html\" \/>\n<meta property=\"og:site_name\" content=\"Terravision Espa\u00f1a\" \/>\n<meta property=\"article:modified_time\" content=\"2014-09-15T10:35:24+00:00\" \/>\n<meta name=\"twitter:label1\" content=\"Tiempo de lectura\" \/>\n\t<meta name=\"twitter:data1\" content=\"1 minute\" \/>\n<script type=\"application\/ld+json\" class=\"yoast-schema-graph\">{\"@context\":\"https:\/\/schema.org\",\"@graph\":[{\"@type\":\"WebPage\",\"@id\":\"https:\/\/www.terravision.eu\/spagnolo\/turin_caselle.html\",\"url\":\"https:\/\/www.terravision.eu\/spagnolo\/turin_caselle.html\",\"name\":\"Bus Aeropuerto de Tur\u00edn Caselle | Terravision\",\"isPartOf\":{\"@id\":\"https:\/\/www.terravision.eu\/spagnolo\/#website\"},\"datePublished\":\"2013-01-17T15:36:32+00:00\",\"dateModified\":\"2014-09-15T10:35:24+00:00\",\"description\":\"Bus Aeropuerto de Tur\u00edn Caselle - Centro ciudad, s\u00f3lo \u20ac5,50. La conexi\u00f3n m\u00e1s barata desde el Aeropuerto de Caselle a Tur\u00edn.\",\"breadcrumb\":{\"@id\":\"https:\/\/www.terravision.eu\/spagnolo\/turin_caselle.html#breadcrumb\"},\"inLanguage\":\"es-ES\",\"potentialAction\":[{\"@type\":\"ReadAction\",\"target\":[\"https:\/\/www.terravision.eu\/spagnolo\/turin_caselle.html\"]}]},{\"@type\":\"BreadcrumbList\",\"@id\":\"https:\/\/www.terravision.eu\/spagnolo\/turin_caselle.html#breadcrumb\",\"itemListElement\":[{\"@type\":\"ListItem\",\"position\":1,\"name\":\"Home\",\"item\":\"https:\/\/www.terravision.eu\/spagnolo\/\"},{\"@type\":\"ListItem\",\"position\":2,\"name\":\"Bus Aeropuerto de Tur\u00edn Caselle\"}]},{\"@type\":\"WebSite\",\"@id\":\"https:\/\/www.terravision.eu\/spagnolo\/#website\",\"url\":\"https:\/\/www.terravision.eu\/spagnolo\/\",\"name\":\"Terravision Espa\u00f1a\",\"description\":\"Conexiones low-cost desde\/hacia los principales aeropuertos europeos\",\"potentialAction\":[{\"@type\":\"SearchAction\",\"target\":{\"@type\":\"EntryPoint\",\"urlTemplate\":\"https:\/\/www.terravision.eu\/spagnolo\/?s={search_term_string}\"},\"query-input\":{\"@type\":\"PropertyValueSpecification\",\"valueRequired\":true,\"valueName\":\"search_term_string\"}}],\"inLanguage\":\"es-ES\"}]}<\/script>\n<!-- \/ Yoast SEO Premium plugin. -->","yoast_head_json":{"title":"Bus Aeropuerto de Tur\u00edn Caselle | Terravision","description":"Bus Aeropuerto de Tur\u00edn Caselle - Centro ciudad, s\u00f3lo \u20ac5,50. La conexi\u00f3n m\u00e1s barata desde el Aeropuerto de Caselle a Tur\u00edn.","robots":{"index":"index","follow":"follow","max-snippet":"max-snippet:-1","max-image-preview":"max-image-preview:large","max-video-preview":"max-video-preview:-1"},"canonical":"https:\/\/www.terravision.eu\/spagnolo\/turin_caselle.html","og_locale":"es_ES","og_type":"article","og_title":"Bus Aeropuerto de Tur\u00edn Caselle","og_description":"Bus Aeropuerto de Tur\u00edn Caselle - Centro ciudad, s\u00f3lo \u20ac5,50. La conexi\u00f3n m\u00e1s barata desde el Aeropuerto de Caselle a Tur\u00edn.","og_url":"https:\/\/www.terravision.eu\/spagnolo\/turin_caselle.html","og_site_name":"Terravision Espa\u00f1a","article_modified_time":"2014-09-15T10:35:24+00:00","twitter_misc":{"Tiempo de lectura":"1 minute"},"schema":{"@context":"https:\/\/schema.org","@graph":[{"@type":"WebPage","@id":"https:\/\/www.terravision.eu\/spagnolo\/turin_caselle.html","url":"https:\/\/www.terravision.eu\/spagnolo\/turin_caselle.html","name":"Bus Aeropuerto de Tur\u00edn Caselle | Terravision","isPartOf":{"@id":"https:\/\/www.terravision.eu\/spagnolo\/#website"},"datePublished":"2013-01-17T15:36:32+00:00","dateModified":"2014-09-15T10:35:24+00:00","description":"Bus Aeropuerto de Tur\u00edn Caselle - Centro ciudad, s\u00f3lo \u20ac5,50. La conexi\u00f3n m\u00e1s barata desde el Aeropuerto de Caselle a Tur\u00edn.","breadcrumb":{"@id":"https:\/\/www.terravision.eu\/spagnolo\/turin_caselle.html#breadcrumb"},"inLanguage":"es-ES","potentialAction":[{"@type":"ReadAction","target":["https:\/\/www.terravision.eu\/spagnolo\/turin_caselle.html"]}]},{"@type":"BreadcrumbList","@id":"https:\/\/www.terravision.eu\/spagnolo\/turin_caselle.html#breadcrumb","itemListElement":[{"@type":"ListItem","position":1,"name":"Home","item":"https:\/\/www.terravision.eu\/spagnolo\/"},{"@type":"ListItem","position":2,"name":"Bus Aeropuerto de Tur\u00edn Caselle"}]},{"@type":"WebSite","@id":"https:\/\/www.terravision.eu\/spagnolo\/#website","url":"https:\/\/www.terravision.eu\/spagnolo\/","name":"Terravision Espa\u00f1a","description":"Conexiones low-cost desde\/hacia los principales aeropuertos europeos","potentialAction":[{"@type":"SearchAction","target":{"@type":"EntryPoint","urlTemplate":"https:\/\/www.terravision.eu\/spagnolo\/?s={search_term_string}"},"query-input":{"@type":"PropertyValueSpecification","valueRequired":true,"valueName":"search_term_string"}}],"inLanguage":"es-ES"}]}},"_links":{"self":[{"href":"https:\/\/www.terravision.eu\/spagnolo\/wp-json\/wp\/v2\/pages\/7175","targetHints":{"allow":["GET"]}}],"collection":[{"href":"https:\/\/www.terravision.eu\/spagnolo\/wp-json\/wp\/v2\/pages"}],"about":[{"href":"https:\/\/www.terravision.eu\/spagnolo\/wp-json\/wp\/v2\/types\/page"}],"author":[{"embeddable":true,"href":"https:\/\/www.terravision.eu\/spagnolo\/wp-json\/wp\/v2\/users\/1"}],"replies":[{"embeddable":true,"href":"https:\/\/www.terravision.eu\/spagnolo\/wp-json\/wp\/v2\/comments?post=7175"}],"version-history":[{"count":1,"href":"https:\/\/www.terravision.eu\/spagnolo\/wp-json\/wp\/v2\/pages\/7175\/revisions"}],"predecessor-version":[{"id":11655,"href":"https:\/\/www.terravision.eu\/spagnolo\/wp-json\/wp\/v2\/pages\/7175\/revisions\/11655"}],"wp:attachment":[{"href":"https:\/\/www.terravision.eu\/spagnolo\/wp-json\/wp\/v2\/media?parent=7175"}],"curies":[{"name":"wp","href":"https:\/\/api.w.org\/{rel}","templated":true}]}}