{"id":7194,"date":"2013-01-17T13:24:03","date_gmt":"2013-01-17T13:24:03","guid":{"rendered":"https:\/\/www.terravision.eu\/spagnolo\/?page_id=7194"},"modified":"2014-09-15T10:35:45","modified_gmt":"2014-09-15T10:35:45","slug":"turin_caselle_airport","status":"publish","type":"page","link":"https:\/\/www.terravision.eu\/spagnolo\/turin_caselle\/turin_caselle_airport.html","title":{"rendered":"El aeropuerto de Tur\u00edn Caselle"},"content":{"rendered":"<p>El <strong>Aeropuerto de Tur\u00edn Caselle<\/strong>, conocido tambi\u00e9n como el aeropuerto &#8220;Sandro Pertini&#8221;, es uno de los mejores aeropuertos europeos en cuanto a la calidad de su infrastructura y ha recibido prestigiosos premios internacionales como el premio ACI Europe Mejor Aeropuerto del 2007 y 2008. Em este aeropuerto operan m\u00e1s de 90 aerol\u00edneas, las cuales conectan Tur\u00edn con 60 destinos en todo el mundo.<\/p>\n<p>Para m\u00e1s informaci\u00f3n <a href=\"http:\/\/www.aeroportoditorino.it\/\" target=\"_blank\">http:\/\/www.aeroportoditorino.it\/<\/a>.<\/p>\n<p><strong>El aeropuerto de Tur\u00edn Caselle<\/strong> in numberos:<\/p>\n<ul>\n<li>Distancia de el aeropuerto desde al centro ciudad: cerca 50 Km.<\/li>\n<li>Numberos de companias aereas operando en el aeropuerto: 200.<\/li>\n<li>Passejeros traffic in 2008: about 6.5 million.<\/li>\n<\/ul>\n<p>Las principales <strong>compa\u00f1\u00edas a\u00e9reas<\/strong> que vuelan desde\/a el aeropuerto de Tur\u00edn Caselle:<\/p>\n<p>Air France | Alitalia | Iberia | Lufthansa | TAP Portugal | Vueling | Ryanair | Easyjet <\/p>\n<p><strong>Transfer para el Aeropuerto de Tur\u00edn Caselle<\/strong> &#8211; Terravision opera un servicio de autob\u00fas entre el aeropuerto de Tur\u00edn Caselle y Tur\u00edn centro ciudad.<br \/>\nTransfer para el Aeropuerto de Tur\u00edn Caselle &#8211; <a title=\"Compra Ahora - Transfer aeropuerto de Tur\u00edn Caselle\" href=\"https:\/\/www.terravision.eu\/spagnolo\/turin_caselle.html\" target=\"_blank\">Compra Ahora<\/a>!<\/p>\n<p>&nbsp;<\/p>\n","protected":false},"excerpt":{"rendered":"<p>El Aeropuerto de Tur\u00edn Caselle, conocido tambi\u00e9n como el aeropuerto &#8220;Sandro Pertini&#8221;, es uno de los mejores aeropuertos europeos en cuanto a la calidad de su infrastructura y ha recibido prestigiosos premios internacionales como el premio ACI Europe Mejor Aeropuerto del 2007 y 2008. Em este aeropuerto operan m\u00e1s de 90 aerol\u00edneas, las cuales conectan [&hellip;]<\/p>\n","protected":false},"author":1,"featured_media":0,"parent":7175,"menu_order":0,"comment_status":"open","ping_status":"open","template":"","meta":{"footnotes":""},"class_list":["post-7194","page","type-page","status-publish","hentry","cities-turin"],"yoast_head":"<!-- This site is optimized with the Yoast SEO Premium plugin v24.4 (Yoast SEO v24.4) - https:\/\/yoast.com\/wordpress\/plugins\/seo\/ -->\n<title>Aeropuerto de Tur\u00edn Caselle - Informaci\u00f3n | Terravision<\/title>\n<meta name=\"description\" content=\"Aeropuerto de Tur\u00edn: informaci\u00f3n sobre el Aeropuerto de Tur\u00edn Caselle, aerol\u00edneas que vuelan desde\/a el aeropuerto, conexiones con Tur\u00edn Centro.\" \/>\n<meta name=\"robots\" content=\"index, follow, max-snippet:-1, max-image-preview:large, max-video-preview:-1\" \/>\n<link rel=\"canonical\" href=\"https:\/\/www.terravision.eu\/spagnolo\/turin_caselle\/turin_caselle_airport.html\" \/>\n<meta property=\"og:locale\" content=\"es_ES\" \/>\n<meta property=\"og:type\" content=\"article\" \/>\n<meta property=\"og:title\" content=\"El aeropuerto de Tur\u00edn Caselle\" \/>\n<meta property=\"og:description\" content=\"Aeropuerto de Tur\u00edn: informaci\u00f3n sobre el Aeropuerto de Tur\u00edn Caselle, aerol\u00edneas que vuelan desde\/a el aeropuerto, conexiones con Tur\u00edn Centro.\" \/>\n<meta property=\"og:url\" content=\"https:\/\/www.terravision.eu\/spagnolo\/turin_caselle\/turin_caselle_airport.html\" \/>\n<meta property=\"og:site_name\" content=\"Terravision Espa\u00f1a\" \/>\n<meta property=\"article:modified_time\" content=\"2014-09-15T10:35:45+00:00\" \/>\n<meta name=\"twitter:label1\" content=\"Tiempo de lectura\" \/>\n\t<meta name=\"twitter:data1\" content=\"1 minute\" \/>\n<script type=\"application\/ld+json\" class=\"yoast-schema-graph\">{\"@context\":\"https:\/\/schema.org\",\"@graph\":[{\"@type\":\"WebPage\",\"@id\":\"https:\/\/www.terravision.eu\/spagnolo\/turin_caselle\/turin_caselle_airport.html\",\"url\":\"https:\/\/www.terravision.eu\/spagnolo\/turin_caselle\/turin_caselle_airport.html\",\"name\":\"Aeropuerto de Tur\u00edn Caselle - Informaci\u00f3n | Terravision\",\"isPartOf\":{\"@id\":\"https:\/\/www.terravision.eu\/spagnolo\/#website\"},\"datePublished\":\"2013-01-17T13:24:03+00:00\",\"dateModified\":\"2014-09-15T10:35:45+00:00\",\"description\":\"Aeropuerto de Tur\u00edn: informaci\u00f3n sobre el Aeropuerto de Tur\u00edn Caselle, aerol\u00edneas que vuelan desde\/a el aeropuerto, conexiones con Tur\u00edn Centro.\",\"breadcrumb\":{\"@id\":\"https:\/\/www.terravision.eu\/spagnolo\/turin_caselle\/turin_caselle_airport.html#breadcrumb\"},\"inLanguage\":\"es-ES\",\"potentialAction\":[{\"@type\":\"ReadAction\",\"target\":[\"https:\/\/www.terravision.eu\/spagnolo\/turin_caselle\/turin_caselle_airport.html\"]}]},{\"@type\":\"BreadcrumbList\",\"@id\":\"https:\/\/www.terravision.eu\/spagnolo\/turin_caselle\/turin_caselle_airport.html#breadcrumb\",\"itemListElement\":[{\"@type\":\"ListItem\",\"position\":1,\"name\":\"Home\",\"item\":\"https:\/\/www.terravision.eu\/spagnolo\/\"},{\"@type\":\"ListItem\",\"position\":2,\"name\":\"Bus Aeropuerto de Tur\u00edn Caselle\",\"item\":\"https:\/\/www.terravision.eu\/spagnolo\/turin_caselle.html\"},{\"@type\":\"ListItem\",\"position\":3,\"name\":\"El aeropuerto de Tur\u00edn Caselle\"}]},{\"@type\":\"WebSite\",\"@id\":\"https:\/\/www.terravision.eu\/spagnolo\/#website\",\"url\":\"https:\/\/www.terravision.eu\/spagnolo\/\",\"name\":\"Terravision Espa\u00f1a\",\"description\":\"Conexiones low-cost desde\/hacia los principales aeropuertos europeos\",\"potentialAction\":[{\"@type\":\"SearchAction\",\"target\":{\"@type\":\"EntryPoint\",\"urlTemplate\":\"https:\/\/www.terravision.eu\/spagnolo\/?s={search_term_string}\"},\"query-input\":{\"@type\":\"PropertyValueSpecification\",\"valueRequired\":true,\"valueName\":\"search_term_string\"}}],\"inLanguage\":\"es-ES\"}]}<\/script>\n<!-- \/ Yoast SEO Premium plugin. -->","yoast_head_json":{"title":"Aeropuerto de Tur\u00edn Caselle - Informaci\u00f3n | Terravision","description":"Aeropuerto de Tur\u00edn: informaci\u00f3n sobre el Aeropuerto de Tur\u00edn Caselle, aerol\u00edneas que vuelan desde\/a el aeropuerto, conexiones con Tur\u00edn Centro.","robots":{"index":"index","follow":"follow","max-snippet":"max-snippet:-1","max-image-preview":"max-image-preview:large","max-video-preview":"max-video-preview:-1"},"canonical":"https:\/\/www.terravision.eu\/spagnolo\/turin_caselle\/turin_caselle_airport.html","og_locale":"es_ES","og_type":"article","og_title":"El aeropuerto de Tur\u00edn Caselle","og_description":"Aeropuerto de Tur\u00edn: informaci\u00f3n sobre el Aeropuerto de Tur\u00edn Caselle, aerol\u00edneas que vuelan desde\/a el aeropuerto, conexiones con Tur\u00edn Centro.","og_url":"https:\/\/www.terravision.eu\/spagnolo\/turin_caselle\/turin_caselle_airport.html","og_site_name":"Terravision Espa\u00f1a","article_modified_time":"2014-09-15T10:35:45+00:00","twitter_misc":{"Tiempo de lectura":"1 minute"},"schema":{"@context":"https:\/\/schema.org","@graph":[{"@type":"WebPage","@id":"https:\/\/www.terravision.eu\/spagnolo\/turin_caselle\/turin_caselle_airport.html","url":"https:\/\/www.terravision.eu\/spagnolo\/turin_caselle\/turin_caselle_airport.html","name":"Aeropuerto de Tur\u00edn Caselle - Informaci\u00f3n | Terravision","isPartOf":{"@id":"https:\/\/www.terravision.eu\/spagnolo\/#website"},"datePublished":"2013-01-17T13:24:03+00:00","dateModified":"2014-09-15T10:35:45+00:00","description":"Aeropuerto de Tur\u00edn: informaci\u00f3n sobre el Aeropuerto de Tur\u00edn Caselle, aerol\u00edneas que vuelan desde\/a el aeropuerto, conexiones con Tur\u00edn Centro.","breadcrumb":{"@id":"https:\/\/www.terravision.eu\/spagnolo\/turin_caselle\/turin_caselle_airport.html#breadcrumb"},"inLanguage":"es-ES","potentialAction":[{"@type":"ReadAction","target":["https:\/\/www.terravision.eu\/spagnolo\/turin_caselle\/turin_caselle_airport.html"]}]},{"@type":"BreadcrumbList","@id":"https:\/\/www.terravision.eu\/spagnolo\/turin_caselle\/turin_caselle_airport.html#breadcrumb","itemListElement":[{"@type":"ListItem","position":1,"name":"Home","item":"https:\/\/www.terravision.eu\/spagnolo\/"},{"@type":"ListItem","position":2,"name":"Bus Aeropuerto de Tur\u00edn Caselle","item":"https:\/\/www.terravision.eu\/spagnolo\/turin_caselle.html"},{"@type":"ListItem","position":3,"name":"El aeropuerto de Tur\u00edn Caselle"}]},{"@type":"WebSite","@id":"https:\/\/www.terravision.eu\/spagnolo\/#website","url":"https:\/\/www.terravision.eu\/spagnolo\/","name":"Terravision Espa\u00f1a","description":"Conexiones low-cost desde\/hacia los principales aeropuertos europeos","potentialAction":[{"@type":"SearchAction","target":{"@type":"EntryPoint","urlTemplate":"https:\/\/www.terravision.eu\/spagnolo\/?s={search_term_string}"},"query-input":{"@type":"PropertyValueSpecification","valueRequired":true,"valueName":"search_term_string"}}],"inLanguage":"es-ES"}]}},"_links":{"self":[{"href":"https:\/\/www.terravision.eu\/spagnolo\/wp-json\/wp\/v2\/pages\/7194","targetHints":{"allow":["GET"]}}],"collection":[{"href":"https:\/\/www.terravision.eu\/spagnolo\/wp-json\/wp\/v2\/pages"}],"about":[{"href":"https:\/\/www.terravision.eu\/spagnolo\/wp-json\/wp\/v2\/types\/page"}],"author":[{"embeddable":true,"href":"https:\/\/www.terravision.eu\/spagnolo\/wp-json\/wp\/v2\/users\/1"}],"replies":[{"embeddable":true,"href":"https:\/\/www.terravision.eu\/spagnolo\/wp-json\/wp\/v2\/comments?post=7194"}],"version-history":[{"count":1,"href":"https:\/\/www.terravision.eu\/spagnolo\/wp-json\/wp\/v2\/pages\/7194\/revisions"}],"predecessor-version":[{"id":11657,"href":"https:\/\/www.terravision.eu\/spagnolo\/wp-json\/wp\/v2\/pages\/7194\/revisions\/11657"}],"up":[{"embeddable":true,"href":"https:\/\/www.terravision.eu\/spagnolo\/wp-json\/wp\/v2\/pages\/7175"}],"wp:attachment":[{"href":"https:\/\/www.terravision.eu\/spagnolo\/wp-json\/wp\/v2\/media?parent=7194"}],"curies":[{"name":"wp","href":"https:\/\/api.w.org\/{rel}","templated":true}]}}