{"id":77,"date":"2012-06-15T11:03:38","date_gmt":"2012-06-15T11:03:38","guid":{"rendered":"https:\/\/www.terravision.eu\/gatwick-boarding-info"},"modified":"2014-09-15T10:07:33","modified_gmt":"2014-09-15T10:07:33","slug":"gatwick_bus_info","status":"publish","type":"page","link":"https:\/\/www.terravision.eu\/spagnolo\/london_gatwick\/gatwick_bus_info.html","title":{"rendered":"Londres Guia del Embarque"},"content":{"rendered":"<div id=\"article-single\"><strong><span class=\"sep-1\">1<\/span> <span class=\"magenta-title\">Reserva tus billetes<\/span><\/strong><br \/>\n<strong>Para los  billetes desde el centro al aeropuerto<\/strong>: Se ruega elija una conexi\u00f3n que le permita llegar al aeropuerto al  menos con 2 horas de antelaci\u00f3n al horario de salida de su vuelo, en  modo que tenga el tiempo necesario para realizar el check-inn.Terravision no es responsable de las causas ajenas su voluntad como accidentes de tr\u00e1fico o atascos a causa del tr\u00e1fico intenso&#8230;. En el supuesto que el pasajero no haya elegido una conexi\u00f3n que le permita realizar el embarque en el aeropuerto con la antelaci\u00f3n aconsejada, no tendr\u00e1 derecho a ning\u00fan tipo de resarcimiento por parte de la compa\u00f1\u00eda.<\/p>\n<p><strong><br \/>\n<span class=\"sep-1\">2<\/span> <span class=\"magenta-title\">Modifica  tu reserva<\/span><\/strong><br \/>\nCon tu clave y contrase\u00f1a, puedes hacer el log in en tu area reservada y en cualquier momento podr\u00e1s controlar, modificar los datos de tu reserva. Para cualquier duda, por favor cont\u00e1ctenos mediante el m\u00f1odulo \u201c nuevas preguntas\u201d que encuentra en su area reservada.<\/p>\n<p><strong><span class=\"sep-1\">3<\/span> <span class=\"magenta-title\">Imprima su billete<\/span><\/strong><\/p>\n<p><strong><span class=\"sep-1\">4<\/span> <span class=\"magenta-title\">Ense\u00f1e su billete al personal de Terravision en la parada del autobus<\/span><\/strong><\/p>\n<p><strong><span class=\"sep-1\">5<\/span> <span class=\"magenta-title\">Suba al autobus y que tenga buen viaje<\/span><\/strong>\n<\/div>\n","protected":false},"excerpt":{"rendered":"<p>1 Reserva tus billetes Para los billetes desde el centro al aeropuerto: Se ruega elija una conexi\u00f3n que le permita llegar al aeropuerto al menos con 2 horas de antelaci\u00f3n al horario de salida de su vuelo, en modo que tenga el tiempo necesario para realizar el check-inn.Terravision no es responsable de las causas ajenas [&hellip;]<\/p>\n","protected":false},"author":1,"featured_media":0,"parent":76,"menu_order":0,"comment_status":"open","ping_status":"open","template":"","meta":{"footnotes":""},"class_list":["post-77","page","type-page","status-publish","hentry","cities-londra"],"yoast_head":"<!-- This site is optimized with the Yoast SEO Premium plugin v24.4 (Yoast SEO v24.4) - https:\/\/yoast.com\/wordpress\/plugins\/seo\/ -->\n<title>Aeropuerto de Gatwick Bus llegadas - Guia del Embarque | Terravision<\/title>\n<meta name=\"description\" content=\"Aeropuerto de Gatwick llegadas - Aeropuerto de Gatwick Bus. Los pasajeros tendr\u00e1n que estar en la parada 15 minutos antes de la salida del autobus\" \/>\n<meta name=\"robots\" content=\"index, follow, max-snippet:-1, max-image-preview:large, max-video-preview:-1\" \/>\n<link rel=\"canonical\" href=\"https:\/\/www.terravision.eu\/spagnolo\/london_gatwick\/gatwick_bus_info.html\" \/>\n<meta property=\"og:locale\" content=\"es_ES\" \/>\n<meta property=\"og:type\" content=\"article\" \/>\n<meta property=\"og:title\" content=\"Londres Guia del Embarque\" \/>\n<meta property=\"og:description\" content=\"Aeropuerto de Gatwick llegadas - Aeropuerto de Gatwick Bus. Los pasajeros tendr\u00e1n que estar en la parada 15 minutos antes de la salida del autobus\" \/>\n<meta property=\"og:url\" content=\"https:\/\/www.terravision.eu\/spagnolo\/london_gatwick\/gatwick_bus_info.html\" \/>\n<meta property=\"og:site_name\" content=\"Terravision Espa\u00f1a\" \/>\n<meta property=\"article:modified_time\" content=\"2014-09-15T10:07:33+00:00\" \/>\n<meta name=\"twitter:label1\" content=\"Tiempo de lectura\" \/>\n\t<meta name=\"twitter:data1\" content=\"1 minute\" \/>\n<script type=\"application\/ld+json\" class=\"yoast-schema-graph\">{\"@context\":\"https:\/\/schema.org\",\"@graph\":[{\"@type\":\"WebPage\",\"@id\":\"https:\/\/www.terravision.eu\/spagnolo\/london_gatwick\/gatwick_bus_info.html\",\"url\":\"https:\/\/www.terravision.eu\/spagnolo\/london_gatwick\/gatwick_bus_info.html\",\"name\":\"Aeropuerto de Gatwick Bus llegadas - Guia del Embarque | Terravision\",\"isPartOf\":{\"@id\":\"https:\/\/www.terravision.eu\/spagnolo\/#website\"},\"datePublished\":\"2012-06-15T11:03:38+00:00\",\"dateModified\":\"2014-09-15T10:07:33+00:00\",\"description\":\"Aeropuerto de Gatwick llegadas - Aeropuerto de Gatwick Bus. Los pasajeros tendr\u00e1n que estar en la parada 15 minutos antes de la salida del autobus\",\"breadcrumb\":{\"@id\":\"https:\/\/www.terravision.eu\/spagnolo\/london_gatwick\/gatwick_bus_info.html#breadcrumb\"},\"inLanguage\":\"es-ES\",\"potentialAction\":[{\"@type\":\"ReadAction\",\"target\":[\"https:\/\/www.terravision.eu\/spagnolo\/london_gatwick\/gatwick_bus_info.html\"]}]},{\"@type\":\"BreadcrumbList\",\"@id\":\"https:\/\/www.terravision.eu\/spagnolo\/london_gatwick\/gatwick_bus_info.html#breadcrumb\",\"itemListElement\":[{\"@type\":\"ListItem\",\"position\":1,\"name\":\"Home\",\"item\":\"https:\/\/www.terravision.eu\/spagnolo\/\"},{\"@type\":\"ListItem\",\"position\":2,\"name\":\"Tren Aeropuerto de Gatwick &#8211; Londres\",\"item\":\"https:\/\/www.terravision.eu\/spagnolo\/london_gatwick.html\"},{\"@type\":\"ListItem\",\"position\":3,\"name\":\"Londres Guia del Embarque\"}]},{\"@type\":\"WebSite\",\"@id\":\"https:\/\/www.terravision.eu\/spagnolo\/#website\",\"url\":\"https:\/\/www.terravision.eu\/spagnolo\/\",\"name\":\"Terravision Espa\u00f1a\",\"description\":\"Conexiones low-cost desde\/hacia los principales aeropuertos europeos\",\"potentialAction\":[{\"@type\":\"SearchAction\",\"target\":{\"@type\":\"EntryPoint\",\"urlTemplate\":\"https:\/\/www.terravision.eu\/spagnolo\/?s={search_term_string}\"},\"query-input\":{\"@type\":\"PropertyValueSpecification\",\"valueRequired\":true,\"valueName\":\"search_term_string\"}}],\"inLanguage\":\"es-ES\"}]}<\/script>\n<!-- \/ Yoast SEO Premium plugin. -->","yoast_head_json":{"title":"Aeropuerto de Gatwick Bus llegadas - Guia del Embarque | Terravision","description":"Aeropuerto de Gatwick llegadas - Aeropuerto de Gatwick Bus. Los pasajeros tendr\u00e1n que estar en la parada 15 minutos antes de la salida del autobus","robots":{"index":"index","follow":"follow","max-snippet":"max-snippet:-1","max-image-preview":"max-image-preview:large","max-video-preview":"max-video-preview:-1"},"canonical":"https:\/\/www.terravision.eu\/spagnolo\/london_gatwick\/gatwick_bus_info.html","og_locale":"es_ES","og_type":"article","og_title":"Londres Guia del Embarque","og_description":"Aeropuerto de Gatwick llegadas - Aeropuerto de Gatwick Bus. Los pasajeros tendr\u00e1n que estar en la parada 15 minutos antes de la salida del autobus","og_url":"https:\/\/www.terravision.eu\/spagnolo\/london_gatwick\/gatwick_bus_info.html","og_site_name":"Terravision Espa\u00f1a","article_modified_time":"2014-09-15T10:07:33+00:00","twitter_misc":{"Tiempo de lectura":"1 minute"},"schema":{"@context":"https:\/\/schema.org","@graph":[{"@type":"WebPage","@id":"https:\/\/www.terravision.eu\/spagnolo\/london_gatwick\/gatwick_bus_info.html","url":"https:\/\/www.terravision.eu\/spagnolo\/london_gatwick\/gatwick_bus_info.html","name":"Aeropuerto de Gatwick Bus llegadas - Guia del Embarque | Terravision","isPartOf":{"@id":"https:\/\/www.terravision.eu\/spagnolo\/#website"},"datePublished":"2012-06-15T11:03:38+00:00","dateModified":"2014-09-15T10:07:33+00:00","description":"Aeropuerto de Gatwick llegadas - Aeropuerto de Gatwick Bus. Los pasajeros tendr\u00e1n que estar en la parada 15 minutos antes de la salida del autobus","breadcrumb":{"@id":"https:\/\/www.terravision.eu\/spagnolo\/london_gatwick\/gatwick_bus_info.html#breadcrumb"},"inLanguage":"es-ES","potentialAction":[{"@type":"ReadAction","target":["https:\/\/www.terravision.eu\/spagnolo\/london_gatwick\/gatwick_bus_info.html"]}]},{"@type":"BreadcrumbList","@id":"https:\/\/www.terravision.eu\/spagnolo\/london_gatwick\/gatwick_bus_info.html#breadcrumb","itemListElement":[{"@type":"ListItem","position":1,"name":"Home","item":"https:\/\/www.terravision.eu\/spagnolo\/"},{"@type":"ListItem","position":2,"name":"Tren Aeropuerto de Gatwick &#8211; Londres","item":"https:\/\/www.terravision.eu\/spagnolo\/london_gatwick.html"},{"@type":"ListItem","position":3,"name":"Londres Guia del Embarque"}]},{"@type":"WebSite","@id":"https:\/\/www.terravision.eu\/spagnolo\/#website","url":"https:\/\/www.terravision.eu\/spagnolo\/","name":"Terravision Espa\u00f1a","description":"Conexiones low-cost desde\/hacia los principales aeropuertos europeos","potentialAction":[{"@type":"SearchAction","target":{"@type":"EntryPoint","urlTemplate":"https:\/\/www.terravision.eu\/spagnolo\/?s={search_term_string}"},"query-input":{"@type":"PropertyValueSpecification","valueRequired":true,"valueName":"search_term_string"}}],"inLanguage":"es-ES"}]}},"_links":{"self":[{"href":"https:\/\/www.terravision.eu\/spagnolo\/wp-json\/wp\/v2\/pages\/77","targetHints":{"allow":["GET"]}}],"collection":[{"href":"https:\/\/www.terravision.eu\/spagnolo\/wp-json\/wp\/v2\/pages"}],"about":[{"href":"https:\/\/www.terravision.eu\/spagnolo\/wp-json\/wp\/v2\/types\/page"}],"author":[{"embeddable":true,"href":"https:\/\/www.terravision.eu\/spagnolo\/wp-json\/wp\/v2\/users\/1"}],"replies":[{"embeddable":true,"href":"https:\/\/www.terravision.eu\/spagnolo\/wp-json\/wp\/v2\/comments?post=77"}],"version-history":[{"count":1,"href":"https:\/\/www.terravision.eu\/spagnolo\/wp-json\/wp\/v2\/pages\/77\/revisions"}],"predecessor-version":[{"id":11607,"href":"https:\/\/www.terravision.eu\/spagnolo\/wp-json\/wp\/v2\/pages\/77\/revisions\/11607"}],"up":[{"embeddable":true,"href":"https:\/\/www.terravision.eu\/spagnolo\/wp-json\/wp\/v2\/pages\/76"}],"wp:attachment":[{"href":"https:\/\/www.terravision.eu\/spagnolo\/wp-json\/wp\/v2\/media?parent=77"}],"curies":[{"name":"wp","href":"https:\/\/api.w.org\/{rel}","templated":true}]}}