{"id":7923,"date":"2013-05-21T13:11:50","date_gmt":"2013-05-21T13:11:50","guid":{"rendered":"https:\/\/www.terravision.eu\/spagnolo\/?page_id=7923"},"modified":"2019-10-17T08:42:44","modified_gmt":"2019-10-17T08:42:44","slug":"nuestros-colaboradores-aeropuertos","status":"publish","type":"page","link":"https:\/\/www.terravision.eu\/spagnolo\/nuestros-colaboradores-aeropuertos.html","title":{"rendered":"Nuestros Colaboradores &#8211; Aeropuertos"},"content":{"rendered":"<p><strong>Aeropuerto de Roma<\/strong><br \/>\nSitio web oficial de los Aeropuertos de Roma \u2013 Roma Fiumicino y Roma Ciampino.<br \/>\n<a href=\"http:\/\/www.adr.it\" target=\"_blank\" rel=\"noopener\">www.adr.it<\/a><\/p>\n<p><strong>Aeropuerto de Pisa <\/strong><br \/>\nInformaci\u00f3n sobre el Aeropuerto de Pisa Galileo Galilei, psitio web ofical del Aeropuerto, el aeropuerto toscano m\u00e1s importante para los vuelos nacionales e internacionales.<br \/>\n<a href=\"http:\/\/www.pisa-airport.com\" target=\"_blank\" rel=\"noopener\">www.pisa-airport.com<\/a><\/p>\n<p><strong>Aeropuerto de Treviso <\/strong><br \/>\nSitio web oficial del Aeropuerto de Treviso &#8211; Sant&#8217;Angelo, aqu\u00ed encontrar\u00f1as toda la informaci\u00f3n necesaria.<br \/>\n<a href=\"http:\/\/www.trevisoairport.it\" target=\"_blank\" rel=\"noopener\">www.trevisoairport.it <\/a><\/p>\n<p><strong>Aeropuerto de Brescia <\/strong><br \/>\nConsulta el sitio web oficial del Aeropuerto de Brescia para ver toda la informaci\u00f3n necesaria relacionada con los vuelos desde\/hacia el Aeropuerto.<br \/>\n<a href=\"http:\/\/www.aeroportobrescia.it\" target=\"_blank\" rel=\"noopener\">www.aeroportobrescia.it<\/a><\/p>\n<p><strong>Aeropuerto de Tur\u00edn <\/strong><br \/>\nInformaci\u00f3n sobre el Aeropuerto de Tur\u00edn Caselle, es el Aeropuerto del Piemonte m\u00e1s importante en el norte de Italia. Informaci\u00f3n pr\u00e1ctica sobre los vuelos, las distintas compa\u00f1\u00edas aereas que hay etc&#8230;<br \/>\n<a href=\"http:\/\/www.aeroportoditorino.it\" target=\"_blank\" rel=\"noopener\">www.aeroportoditorino.it<\/a><\/p>\n<p><strong>Aeropuerto de Genoa <\/strong><br \/>\nSitio web oficial del Aeropuerto de Genoa. Informaci\u00f3n pr\u00e1ctica sobre los vuelos e informaci\u00f3n de inter\u00e9s.<br \/>\n<a href=\"http:\/\/www.airport.genova.it\" target=\"_blank\" rel=\"noopener\">www.airport.genova.it<\/a><\/p>\n<p><strong>Aeropuerto de Pescara <\/strong><br \/>\nLink a la p\u00e1gina del sitio web oficial de Aeropuerto de Pescara.<br \/>\n<a href=\"http:\/\/www.abruzzo-airport.it\" target=\"_blank\" rel=\"noopener\">www.abruzzo-airport.it<\/a><\/p>\n<p><strong>Aeropuerto de Alghero <\/strong><br \/>\nSitio web oficial del Aeropuerto de Alghero.<br \/>\n<a href=\"http:\/\/www.aeroportodialghero.it\" target=\"_blank\" rel=\"noopener\">www.aeroportodialghero.it<\/a><\/p>\n<p><strong>Aeropuerto de Baden-Baden <\/strong><br \/>\nSitio web oficial del Aeropuerto de Baden-Baden.<br \/>\n<a href=\"http:\/\/www.baden-airpark.de\" target=\"_blank\" rel=\"noopener\">www.baden-airpark.de<\/a><\/p>\n<p><strong>Aeropuerto de Eindhoven <\/strong><br \/>\nSitio web oficial del Aeropuerto de Eindhoven.<br \/>\n<a href=\"http:\/\/www.eindhovenairport.nl\" target=\"_blank\" rel=\"noopener\">www.eindhovenairport.nl<\/a><\/p>\n<p><strong>Aeropuerto de Liverpool <\/strong><br \/>\nInformaci\u00f3n pr\u00e1ctica sobre el Aeropuerto John Lennon de Liverpool, uno de los aeropuertos con mayor crecimiento en Europa.<br \/>\n<a href=\"http:\/\/www.liverpoolairport.com\" target=\"_blank\" rel=\"noopener\">www.liverpoolairport.com<\/a><\/p>\n<p><strong>Aeropuerto de Londres Luton <\/strong><br \/>\nEl 4\u00b0 Aeropuerto que ofrece sus servicios en la capital inglesa.<br \/>\n<a href=\"http:\/\/www.london-luton.co.uk\" target=\"_blank\" rel=\"noopener\">www.london-luton.co.uk<\/a><\/p>\n<p><strong>Aeropuerto de Oporto <\/strong><br \/>\nSitio web oficial del Aeropuerto de Oporto,informaci\u00f3n pr\u00e1ctica sobre los vuelos e informaci\u00f3n de inter\u00e9s etc&#8230;.<br \/>\n<a href=\"http:\/\/www.ana.pt\" target=\"_blank\" rel=\"noopener\">www.ana.pt<\/a><\/p>\n<p><strong>Aeropuerto de Riga <\/strong><br \/>\nSitio web oficial del Aeropuerto de Riga.<br \/>\n<a href=\"http:\/\/www.riga-airport.com\" target=\"_blank\" rel=\"noopener\">www.riga-airport.com<\/a><\/p>\n","protected":false},"excerpt":{"rendered":"<p>Aeropuerto de Roma Sitio web oficial de los Aeropuertos de Roma \u2013 Roma Fiumicino y Roma Ciampino. www.adr.it Aeropuerto de Pisa Informaci\u00f3n sobre el Aeropuerto de Pisa Galileo Galilei, psitio web ofical del Aeropuerto, el aeropuerto toscano m\u00e1s importante para los vuelos nacionales e internacionales. www.pisa-airport.com Aeropuerto de Treviso Sitio web oficial del Aeropuerto de [&hellip;]<\/p>\n","protected":false},"author":1,"featured_media":0,"parent":0,"menu_order":0,"comment_status":"open","ping_status":"open","template":"","meta":{"footnotes":""},"class_list":["post-7923","page","type-page","status-publish","hentry"],"yoast_head":"<!-- This site is optimized with the Yoast SEO Premium plugin v24.4 (Yoast SEO v24.4) - https:\/\/yoast.com\/wordpress\/plugins\/seo\/ -->\n<title>Nuestros Colaboradores - Aeropuertos | Terravision<\/title>\n<meta name=\"robots\" content=\"index, follow, max-snippet:-1, max-image-preview:large, max-video-preview:-1\" \/>\n<link rel=\"canonical\" href=\"https:\/\/www.terravision.eu\/spagnolo\/nuestros-colaboradores-aeropuertos.html\" \/>\n<meta property=\"og:locale\" content=\"es_ES\" \/>\n<meta property=\"og:type\" content=\"article\" \/>\n<meta property=\"og:title\" content=\"Nuestros Colaboradores - Aeropuertos\" \/>\n<meta property=\"og:description\" content=\"Aeropuerto de Roma Sitio web oficial de los Aeropuertos de Roma \u2013 Roma Fiumicino y Roma Ciampino. www.adr.it Aeropuerto de Pisa Informaci\u00f3n sobre el Aeropuerto de Pisa Galileo Galilei, psitio web ofical del Aeropuerto, el aeropuerto toscano m\u00e1s importante para los vuelos nacionales e internacionales. www.pisa-airport.com Aeropuerto de Treviso Sitio web oficial del Aeropuerto de [&hellip;]\" \/>\n<meta property=\"og:url\" content=\"https:\/\/www.terravision.eu\/spagnolo\/nuestros-colaboradores-aeropuertos.html\" \/>\n<meta property=\"og:site_name\" content=\"Terravision Espa\u00f1a\" \/>\n<meta property=\"article:modified_time\" content=\"2019-10-17T08:42:44+00:00\" \/>\n<meta name=\"twitter:label1\" content=\"Tiempo de lectura\" \/>\n\t<meta name=\"twitter:data1\" content=\"2 minutes\" \/>\n<script type=\"application\/ld+json\" class=\"yoast-schema-graph\">{\"@context\":\"https:\/\/schema.org\",\"@graph\":[{\"@type\":\"WebPage\",\"@id\":\"https:\/\/www.terravision.eu\/spagnolo\/nuestros-colaboradores-aeropuertos.html\",\"url\":\"https:\/\/www.terravision.eu\/spagnolo\/nuestros-colaboradores-aeropuertos.html\",\"name\":\"Nuestros Colaboradores - Aeropuertos | Terravision\",\"isPartOf\":{\"@id\":\"https:\/\/www.terravision.eu\/spagnolo\/#website\"},\"datePublished\":\"2013-05-21T13:11:50+00:00\",\"dateModified\":\"2019-10-17T08:42:44+00:00\",\"breadcrumb\":{\"@id\":\"https:\/\/www.terravision.eu\/spagnolo\/nuestros-colaboradores-aeropuertos.html#breadcrumb\"},\"inLanguage\":\"es-ES\",\"potentialAction\":[{\"@type\":\"ReadAction\",\"target\":[\"https:\/\/www.terravision.eu\/spagnolo\/nuestros-colaboradores-aeropuertos.html\"]}]},{\"@type\":\"BreadcrumbList\",\"@id\":\"https:\/\/www.terravision.eu\/spagnolo\/nuestros-colaboradores-aeropuertos.html#breadcrumb\",\"itemListElement\":[{\"@type\":\"ListItem\",\"position\":1,\"name\":\"Home\",\"item\":\"https:\/\/www.terravision.eu\/spagnolo\/\"},{\"@type\":\"ListItem\",\"position\":2,\"name\":\"Nuestros Colaboradores &#8211; Aeropuertos\"}]},{\"@type\":\"WebSite\",\"@id\":\"https:\/\/www.terravision.eu\/spagnolo\/#website\",\"url\":\"https:\/\/www.terravision.eu\/spagnolo\/\",\"name\":\"Terravision Espa\u00f1a\",\"description\":\"Conexiones low-cost desde\/hacia los principales aeropuertos europeos\",\"potentialAction\":[{\"@type\":\"SearchAction\",\"target\":{\"@type\":\"EntryPoint\",\"urlTemplate\":\"https:\/\/www.terravision.eu\/spagnolo\/?s={search_term_string}\"},\"query-input\":{\"@type\":\"PropertyValueSpecification\",\"valueRequired\":true,\"valueName\":\"search_term_string\"}}],\"inLanguage\":\"es-ES\"}]}<\/script>\n<!-- \/ Yoast SEO Premium plugin. -->","yoast_head_json":{"title":"Nuestros Colaboradores - Aeropuertos | Terravision","robots":{"index":"index","follow":"follow","max-snippet":"max-snippet:-1","max-image-preview":"max-image-preview:large","max-video-preview":"max-video-preview:-1"},"canonical":"https:\/\/www.terravision.eu\/spagnolo\/nuestros-colaboradores-aeropuertos.html","og_locale":"es_ES","og_type":"article","og_title":"Nuestros Colaboradores - Aeropuertos","og_description":"Aeropuerto de Roma Sitio web oficial de los Aeropuertos de Roma \u2013 Roma Fiumicino y Roma Ciampino. www.adr.it Aeropuerto de Pisa Informaci\u00f3n sobre el Aeropuerto de Pisa Galileo Galilei, psitio web ofical del Aeropuerto, el aeropuerto toscano m\u00e1s importante para los vuelos nacionales e internacionales. www.pisa-airport.com Aeropuerto de Treviso Sitio web oficial del Aeropuerto de [&hellip;]","og_url":"https:\/\/www.terravision.eu\/spagnolo\/nuestros-colaboradores-aeropuertos.html","og_site_name":"Terravision Espa\u00f1a","article_modified_time":"2019-10-17T08:42:44+00:00","twitter_misc":{"Tiempo de lectura":"2 minutes"},"schema":{"@context":"https:\/\/schema.org","@graph":[{"@type":"WebPage","@id":"https:\/\/www.terravision.eu\/spagnolo\/nuestros-colaboradores-aeropuertos.html","url":"https:\/\/www.terravision.eu\/spagnolo\/nuestros-colaboradores-aeropuertos.html","name":"Nuestros Colaboradores - Aeropuertos | Terravision","isPartOf":{"@id":"https:\/\/www.terravision.eu\/spagnolo\/#website"},"datePublished":"2013-05-21T13:11:50+00:00","dateModified":"2019-10-17T08:42:44+00:00","breadcrumb":{"@id":"https:\/\/www.terravision.eu\/spagnolo\/nuestros-colaboradores-aeropuertos.html#breadcrumb"},"inLanguage":"es-ES","potentialAction":[{"@type":"ReadAction","target":["https:\/\/www.terravision.eu\/spagnolo\/nuestros-colaboradores-aeropuertos.html"]}]},{"@type":"BreadcrumbList","@id":"https:\/\/www.terravision.eu\/spagnolo\/nuestros-colaboradores-aeropuertos.html#breadcrumb","itemListElement":[{"@type":"ListItem","position":1,"name":"Home","item":"https:\/\/www.terravision.eu\/spagnolo\/"},{"@type":"ListItem","position":2,"name":"Nuestros Colaboradores &#8211; Aeropuertos"}]},{"@type":"WebSite","@id":"https:\/\/www.terravision.eu\/spagnolo\/#website","url":"https:\/\/www.terravision.eu\/spagnolo\/","name":"Terravision Espa\u00f1a","description":"Conexiones low-cost desde\/hacia los principales aeropuertos europeos","potentialAction":[{"@type":"SearchAction","target":{"@type":"EntryPoint","urlTemplate":"https:\/\/www.terravision.eu\/spagnolo\/?s={search_term_string}"},"query-input":{"@type":"PropertyValueSpecification","valueRequired":true,"valueName":"search_term_string"}}],"inLanguage":"es-ES"}]}},"_links":{"self":[{"href":"https:\/\/www.terravision.eu\/spagnolo\/wp-json\/wp\/v2\/pages\/7923","targetHints":{"allow":["GET"]}}],"collection":[{"href":"https:\/\/www.terravision.eu\/spagnolo\/wp-json\/wp\/v2\/pages"}],"about":[{"href":"https:\/\/www.terravision.eu\/spagnolo\/wp-json\/wp\/v2\/types\/page"}],"author":[{"embeddable":true,"href":"https:\/\/www.terravision.eu\/spagnolo\/wp-json\/wp\/v2\/users\/1"}],"replies":[{"embeddable":true,"href":"https:\/\/www.terravision.eu\/spagnolo\/wp-json\/wp\/v2\/comments?post=7923"}],"version-history":[{"count":5,"href":"https:\/\/www.terravision.eu\/spagnolo\/wp-json\/wp\/v2\/pages\/7923\/revisions"}],"predecessor-version":[{"id":13632,"href":"https:\/\/www.terravision.eu\/spagnolo\/wp-json\/wp\/v2\/pages\/7923\/revisions\/13632"}],"wp:attachment":[{"href":"https:\/\/www.terravision.eu\/spagnolo\/wp-json\/wp\/v2\/media?parent=7923"}],"curies":[{"name":"wp","href":"https:\/\/api.w.org\/{rel}","templated":true}]}}