{"id":7924,"date":"2013-05-21T13:55:57","date_gmt":"2013-05-21T13:55:57","guid":{"rendered":"https:\/\/www.terravision.eu\/spagnolo\/?page_id=7924"},"modified":"2018-11-15T16:29:26","modified_gmt":"2018-11-15T16:29:26","slug":"nuestros-colaboradores-hoteles","status":"publish","type":"page","link":"https:\/\/www.terravision.eu\/spagnolo\/nuestros-colaboradores-hoteles.html","title":{"rendered":"Hoteles y Hostales"},"content":{"rendered":"<p><strong>Booking.com<\/strong><br \/>\nAhorra hasta un 75% en el hotel en unas 15000 destinaciones en todo el mundo. Una vasta selecci\u00f3n de hoteles para todos los presupuestos.<br \/>\n<a href=\"http:\/\/www.booking.com\" target=\"_blank\" rel=\"noopener\">www.booking.com <\/a><\/p>\n<p><strong>Gomio.com <\/strong><br \/>\nPortal de reserva de hostels y alojamiento econ\u00f3mico alrededor del mundo que permite conectar online con otros viajeros.<br \/>\n<a href=\"http:\/\/www.Gomio.com\" target=\"_blank\" rel=\"noopener\">www.gomio.com <\/a><\/p>\n<p><strong>Hostelworld.com <\/strong><br \/>\nReserva tu hostal online. Confirmea tu reserva en m\u00e1s de 20000 hostales en el mundo.<br \/>\n<a href=\"http:\/\/www.hostelworld.com\" target=\"_blank\" rel=\"noopener\">www.hostelworld.com <\/a><\/p>\n<p><strong>Tenuta Uccellina<\/strong><br \/>\nHacienda rural en el coraz\u00f3n de la Maremma en la toscana. Reserva on-line directamente desde su propio sitio web.<br \/>\n<a href=\"http:\/\/www.tenutauccellina.it\" target=\"_blank\" rel=\"noopener\">www.tenutauccellina.it<\/a><\/p>\n<p><strong>Hotel Corallo &#8211; Roma<\/strong><br \/>\nHotel situado en el coraz\u00f3n de Roma, a pocos minutos de la estaci\u00f3n Termini<br \/>\n<a href=\"http:\/\/www.hotelcorallo-roma.com\" target=\"_blank\" rel=\"noopener\">www.hotelcorallo-roma.com<\/a><\/p>\n<p><strong>Hotel Luciani &#8211; Roma <\/strong><br \/>\n2* hotel cerca de la estaci\u00f3n Termini. Puedes controlar la disponibilidad y reservar habitaci\u00f3n directamente on-line.<br \/>\n<a href=\"http:\/\/www.hotelluciani.it\" target=\"_blank\" rel=\"noopener\">www.hotelluciani.it<\/a><\/p>\n<p><strong>Yes Hotel &#8211; Roma<\/strong><br \/>\n3* hotel situado en el centro de Roma, a unos 100 metros de la estaci\u00f3n Termini.<br \/>\n<a href=\"http:\/\/www.yeshotelrome.com\" target=\"_blank\" rel=\"noopener\">www.yeshotelrome.com<\/a><\/p>\n<p><strong>Hostels Alessandro &#8211; Roma<\/strong><br \/>\nHostal Alessandro , situado en el centro de Roma.<br \/>\n<a href=\"http:\/\/www.hostelsalessandro.com\" target=\"_blank\" rel=\"noopener\">www.hostelsalessandro.com<\/a><\/p>\n<p><strong>Hoteles en Roma<\/strong><br \/>\nSitio web espa\u00f1ol sobre Roma. Hoteles, detalles e informaci\u00f3n tur\u00edstica.<br \/>\n<a href=\"http:\/\/www.hotelesderoma.es\" target=\"_blank\" rel=\"noopener\">www.hotelesderoma.es<\/a><\/p>\n<p><strong>Hotel Westend-Sud Tirol\/ Italia <\/strong><br \/>\nHotel en Merano, en pleno coraz\u00f3n de los Alpes, cerca de las Dolomitas.<br \/>\n<a href=\"http:\/\/www.westend.it\" target=\"_blank\" rel=\"noopener\">www.westend.it<\/a><\/p>\n<p><strong>Hotel Eden \u2013Tur\u00edn\/ Italia <\/strong><br \/>\nHotel zona Porta Nuova, cercano al complejo Tur\u00edn Lingotto<br \/>\n<a href=\"http:\/\/www.hoteledentorino.it\" target=\"_blank\" rel=\"noopener\">www.hoteledentorino.it<\/a><\/p>\n","protected":false},"excerpt":{"rendered":"<p>Booking.com Ahorra hasta un 75% en el hotel en unas 15000 destinaciones en todo el mundo. Una vasta selecci\u00f3n de hoteles para todos los presupuestos. www.booking.com Gomio.com Portal de reserva de hostels y alojamiento econ\u00f3mico alrededor del mundo que permite conectar online con otros viajeros. www.gomio.com Hostelworld.com Reserva tu hostal online. Confirmea tu reserva en [&hellip;]<\/p>\n","protected":false},"author":1,"featured_media":0,"parent":0,"menu_order":0,"comment_status":"open","ping_status":"open","template":"","meta":{"footnotes":""},"class_list":["post-7924","page","type-page","status-publish","hentry"],"yoast_head":"<!-- This site is optimized with the Yoast SEO Premium plugin v24.4 (Yoast SEO v24.4) - https:\/\/yoast.com\/wordpress\/plugins\/seo\/ -->\n<title>Nuestros Colaboradores - Hoteles | Terravision<\/title>\n<meta name=\"robots\" content=\"index, follow, max-snippet:-1, max-image-preview:large, max-video-preview:-1\" \/>\n<link rel=\"canonical\" href=\"https:\/\/www.terravision.eu\/spagnolo\/nuestros-colaboradores-hoteles.html\" \/>\n<meta property=\"og:locale\" content=\"es_ES\" \/>\n<meta property=\"og:type\" content=\"article\" \/>\n<meta property=\"og:title\" content=\"Hoteles y Hostales\" \/>\n<meta property=\"og:description\" content=\"Booking.com Ahorra hasta un 75% en el hotel en unas 15000 destinaciones en todo el mundo. Una vasta selecci\u00f3n de hoteles para todos los presupuestos. www.booking.com Gomio.com Portal de reserva de hostels y alojamiento econ\u00f3mico alrededor del mundo que permite conectar online con otros viajeros. www.gomio.com Hostelworld.com Reserva tu hostal online. Confirmea tu reserva en [&hellip;]\" \/>\n<meta property=\"og:url\" content=\"https:\/\/www.terravision.eu\/spagnolo\/nuestros-colaboradores-hoteles.html\" \/>\n<meta property=\"og:site_name\" content=\"Terravision Espa\u00f1a\" \/>\n<meta property=\"article:modified_time\" content=\"2018-11-15T16:29:26+00:00\" \/>\n<meta name=\"twitter:label1\" content=\"Tiempo de lectura\" \/>\n\t<meta name=\"twitter:data1\" content=\"1 minute\" \/>\n<script type=\"application\/ld+json\" class=\"yoast-schema-graph\">{\"@context\":\"https:\/\/schema.org\",\"@graph\":[{\"@type\":\"WebPage\",\"@id\":\"https:\/\/www.terravision.eu\/spagnolo\/nuestros-colaboradores-hoteles.html\",\"url\":\"https:\/\/www.terravision.eu\/spagnolo\/nuestros-colaboradores-hoteles.html\",\"name\":\"Nuestros Colaboradores - Hoteles | Terravision\",\"isPartOf\":{\"@id\":\"https:\/\/www.terravision.eu\/spagnolo\/#website\"},\"datePublished\":\"2013-05-21T13:55:57+00:00\",\"dateModified\":\"2018-11-15T16:29:26+00:00\",\"breadcrumb\":{\"@id\":\"https:\/\/www.terravision.eu\/spagnolo\/nuestros-colaboradores-hoteles.html#breadcrumb\"},\"inLanguage\":\"es-ES\",\"potentialAction\":[{\"@type\":\"ReadAction\",\"target\":[\"https:\/\/www.terravision.eu\/spagnolo\/nuestros-colaboradores-hoteles.html\"]}]},{\"@type\":\"BreadcrumbList\",\"@id\":\"https:\/\/www.terravision.eu\/spagnolo\/nuestros-colaboradores-hoteles.html#breadcrumb\",\"itemListElement\":[{\"@type\":\"ListItem\",\"position\":1,\"name\":\"Home\",\"item\":\"https:\/\/www.terravision.eu\/spagnolo\/\"},{\"@type\":\"ListItem\",\"position\":2,\"name\":\"Hoteles y Hostales\"}]},{\"@type\":\"WebSite\",\"@id\":\"https:\/\/www.terravision.eu\/spagnolo\/#website\",\"url\":\"https:\/\/www.terravision.eu\/spagnolo\/\",\"name\":\"Terravision Espa\u00f1a\",\"description\":\"Conexiones low-cost desde\/hacia los principales aeropuertos europeos\",\"potentialAction\":[{\"@type\":\"SearchAction\",\"target\":{\"@type\":\"EntryPoint\",\"urlTemplate\":\"https:\/\/www.terravision.eu\/spagnolo\/?s={search_term_string}\"},\"query-input\":{\"@type\":\"PropertyValueSpecification\",\"valueRequired\":true,\"valueName\":\"search_term_string\"}}],\"inLanguage\":\"es-ES\"}]}<\/script>\n<!-- \/ Yoast SEO Premium plugin. -->","yoast_head_json":{"title":"Nuestros Colaboradores - Hoteles | Terravision","robots":{"index":"index","follow":"follow","max-snippet":"max-snippet:-1","max-image-preview":"max-image-preview:large","max-video-preview":"max-video-preview:-1"},"canonical":"https:\/\/www.terravision.eu\/spagnolo\/nuestros-colaboradores-hoteles.html","og_locale":"es_ES","og_type":"article","og_title":"Hoteles y Hostales","og_description":"Booking.com Ahorra hasta un 75% en el hotel en unas 15000 destinaciones en todo el mundo. Una vasta selecci\u00f3n de hoteles para todos los presupuestos. www.booking.com Gomio.com Portal de reserva de hostels y alojamiento econ\u00f3mico alrededor del mundo que permite conectar online con otros viajeros. www.gomio.com Hostelworld.com Reserva tu hostal online. Confirmea tu reserva en [&hellip;]","og_url":"https:\/\/www.terravision.eu\/spagnolo\/nuestros-colaboradores-hoteles.html","og_site_name":"Terravision Espa\u00f1a","article_modified_time":"2018-11-15T16:29:26+00:00","twitter_misc":{"Tiempo de lectura":"1 minute"},"schema":{"@context":"https:\/\/schema.org","@graph":[{"@type":"WebPage","@id":"https:\/\/www.terravision.eu\/spagnolo\/nuestros-colaboradores-hoteles.html","url":"https:\/\/www.terravision.eu\/spagnolo\/nuestros-colaboradores-hoteles.html","name":"Nuestros Colaboradores - Hoteles | Terravision","isPartOf":{"@id":"https:\/\/www.terravision.eu\/spagnolo\/#website"},"datePublished":"2013-05-21T13:55:57+00:00","dateModified":"2018-11-15T16:29:26+00:00","breadcrumb":{"@id":"https:\/\/www.terravision.eu\/spagnolo\/nuestros-colaboradores-hoteles.html#breadcrumb"},"inLanguage":"es-ES","potentialAction":[{"@type":"ReadAction","target":["https:\/\/www.terravision.eu\/spagnolo\/nuestros-colaboradores-hoteles.html"]}]},{"@type":"BreadcrumbList","@id":"https:\/\/www.terravision.eu\/spagnolo\/nuestros-colaboradores-hoteles.html#breadcrumb","itemListElement":[{"@type":"ListItem","position":1,"name":"Home","item":"https:\/\/www.terravision.eu\/spagnolo\/"},{"@type":"ListItem","position":2,"name":"Hoteles y Hostales"}]},{"@type":"WebSite","@id":"https:\/\/www.terravision.eu\/spagnolo\/#website","url":"https:\/\/www.terravision.eu\/spagnolo\/","name":"Terravision Espa\u00f1a","description":"Conexiones low-cost desde\/hacia los principales aeropuertos europeos","potentialAction":[{"@type":"SearchAction","target":{"@type":"EntryPoint","urlTemplate":"https:\/\/www.terravision.eu\/spagnolo\/?s={search_term_string}"},"query-input":{"@type":"PropertyValueSpecification","valueRequired":true,"valueName":"search_term_string"}}],"inLanguage":"es-ES"}]}},"_links":{"self":[{"href":"https:\/\/www.terravision.eu\/spagnolo\/wp-json\/wp\/v2\/pages\/7924","targetHints":{"allow":["GET"]}}],"collection":[{"href":"https:\/\/www.terravision.eu\/spagnolo\/wp-json\/wp\/v2\/pages"}],"about":[{"href":"https:\/\/www.terravision.eu\/spagnolo\/wp-json\/wp\/v2\/types\/page"}],"author":[{"embeddable":true,"href":"https:\/\/www.terravision.eu\/spagnolo\/wp-json\/wp\/v2\/users\/1"}],"replies":[{"embeddable":true,"href":"https:\/\/www.terravision.eu\/spagnolo\/wp-json\/wp\/v2\/comments?post=7924"}],"version-history":[{"count":1,"href":"https:\/\/www.terravision.eu\/spagnolo\/wp-json\/wp\/v2\/pages\/7924\/revisions"}],"predecessor-version":[{"id":13287,"href":"https:\/\/www.terravision.eu\/spagnolo\/wp-json\/wp\/v2\/pages\/7924\/revisions\/13287"}],"wp:attachment":[{"href":"https:\/\/www.terravision.eu\/spagnolo\/wp-json\/wp\/v2\/media?parent=7924"}],"curies":[{"name":"wp","href":"https:\/\/api.w.org\/{rel}","templated":true}]}}