{"id":7925,"date":"2013-05-21T14:59:04","date_gmt":"2013-05-21T14:59:04","guid":{"rendered":"https:\/\/www.terravision.eu\/spagnolo\/?page_id=7925"},"modified":"2019-10-17T09:30:27","modified_gmt":"2019-10-17T09:30:27","slug":"nuestros-colaboradores-guias-turisticasportales","status":"publish","type":"page","link":"https:\/\/www.terravision.eu\/spagnolo\/nuestros-colaboradores-guias-turisticasportales.html","title":{"rendered":"Nuestros Colaboradores-  Gu\u00edas Tur\u00edsticas\/Portales"},"content":{"rendered":"<p><strong>ValGardena.it<\/strong><br \/>\nPortal dedicado al turismo en la zona de Val Gardena. Toda clase de informaci\u00f3n para viajar a las Dolomitas.Soluciones para todos los presupuestos. Sitio web  disponoble en 4 idiomas: Italiano, Ingl\u00e9s, Alem\u00e1n y Neerland\u00e9s.<br \/>\n<a href=\"http:\/\/www.valgardena.it\" target=\"_blank\">www.valgardena.it<\/a><\/p>\n<p><strong>Roma Antiqua <\/strong><br \/>\nPortal alem\u00e1n dedicado completamente al turismo en Roma.<br \/>\n<a href=\"http:\/\/www.roma-antiqua.de\" target=\"_blank\">www.roma-antiqua.de<\/a><\/p>\n<p><strong>Guideurope.eu <\/strong><br \/>\nPortal tur\u00edstico lleno de informaci\u00f3n \u00fatil para los tur\u00edstas, con las gu\u00edas tur\u00edsticas de las principales metas europeas. Disponible en 4 idiomas: Italiano, Espa\u00f1ol, Ingl\u00e9s y Franc\u00e9s.<br \/>\n<a href=\"http:\/\/www.guideurope.eu\" target=\"_blank\">www.guideurope.eu<\/a><\/p>\n<p><strong>Guide de Rome<\/strong><br \/>\nSitio web dedicado a las visitas guiadas por la ciudad de Roma. Ofrece muchas alternativas diferentes para descubrir la ciudad eterna.Disponible en 5 idiomas: Italiano, Espa\u00f1ol, Ingl\u00e9s, Alem\u00e1n y Franc\u00e9s<br \/>\n<a href=\"http:\/\/www.guiderome.com\" target=\"_blank\">www.guiderome.com<\/a><\/p>\n<p><strong>En Roma<\/strong><br \/>\nPortal dedicado al turismo en Roma en espa\u00f1ol.<br \/>\n<a href=\"http:\/\/www.enroma.com\" target=\"_blank\">www.enroma.com<\/a><\/p>\n<p><strong>Gu\u00eda del Aeropuerto de Stansted<\/strong><br \/>\nGu\u00eda del Aeropuerto de Stansted, con toda la informaci\u00f3n necesaria sobre los vuelos low cost, transportes, servicios,  compras etc&#8230;y todo lo necesario para ayudar al viajero por su paso por el Aeropuerto Stansted<br \/>\n<a href=\"http:\/\/www.stansted-airport-guide.co.uk\" target=\"_blank\">www.stansted-airport-guide.co.uk<\/a><\/p>\n<p><strong>Gu\u00eda del Aeropuerto de Luton<\/strong><br \/>\nInformaci\u00f3n completa sobre el Aeropuerto de Luton, para los viajeros que van o pasan por el aeropuerto, asi como los horarios de llegadas y salidas de los vuelos, servicios ofrecidos por el aeropuerto, noticias, transportes etc&#8230;<br \/>\n<a href=\"http:\/\/www.luton-airport-guide.co.uk\" target=\"_blank\">www.luton-airport-guide.co.uk<\/a><\/p>\n<p><strong> Gu\u00eda del Aeropuerto de Liverpool <\/strong><br \/>\nGu\u00eda completa del Aeropuerto de Liverpool, con los horarios de llegadas y salidas de los vuelos, mapas, transportes,servicios ofrecidos a los viajeros que llegan o salen del aeropuerto etc&#8230;<br \/>\n<a href=\"http:\/\/www.liverpool-airport-guide.co.uk\" target=\"_blank\">www.liverpool-airport-guide.co.uk<\/a><\/p>\n","protected":false},"excerpt":{"rendered":"<p>ValGardena.it Portal dedicado al turismo en la zona de Val Gardena. Toda clase de informaci\u00f3n para viajar a las Dolomitas.Soluciones para todos los presupuestos. Sitio web disponoble en 4 idiomas: Italiano, Ingl\u00e9s, Alem\u00e1n y Neerland\u00e9s. www.valgardena.it Roma Antiqua Portal alem\u00e1n dedicado completamente al turismo en Roma. www.roma-antiqua.de Guideurope.eu Portal tur\u00edstico lleno de informaci\u00f3n \u00fatil para [&hellip;]<\/p>\n","protected":false},"author":1,"featured_media":0,"parent":0,"menu_order":0,"comment_status":"open","ping_status":"open","template":"","meta":{"footnotes":""},"class_list":["post-7925","page","type-page","status-publish","hentry"],"yoast_head":"<!-- This site is optimized with the Yoast SEO Premium plugin v24.4 (Yoast SEO v24.4) - https:\/\/yoast.com\/wordpress\/plugins\/seo\/ -->\n<title>Nuestros Colaboradores- Gu\u00edas Tur\u00edsticas\/Portales | Terravision Espa\u00f1a<\/title>\n<meta name=\"robots\" content=\"index, follow, max-snippet:-1, max-image-preview:large, max-video-preview:-1\" \/>\n<link rel=\"canonical\" href=\"https:\/\/www.terravision.eu\/spagnolo\/nuestros-colaboradores-guias-turisticasportales.html\" \/>\n<meta property=\"og:locale\" content=\"es_ES\" \/>\n<meta property=\"og:type\" content=\"article\" \/>\n<meta property=\"og:title\" content=\"Nuestros Colaboradores- Gu\u00edas Tur\u00edsticas\/Portales\" \/>\n<meta property=\"og:description\" content=\"ValGardena.it Portal dedicado al turismo en la zona de Val Gardena. Toda clase de informaci\u00f3n para viajar a las Dolomitas.Soluciones para todos los presupuestos. Sitio web disponoble en 4 idiomas: Italiano, Ingl\u00e9s, Alem\u00e1n y Neerland\u00e9s. www.valgardena.it Roma Antiqua Portal alem\u00e1n dedicado completamente al turismo en Roma. www.roma-antiqua.de Guideurope.eu Portal tur\u00edstico lleno de informaci\u00f3n \u00fatil para [&hellip;]\" \/>\n<meta property=\"og:url\" content=\"https:\/\/www.terravision.eu\/spagnolo\/nuestros-colaboradores-guias-turisticasportales.html\" \/>\n<meta property=\"og:site_name\" content=\"Terravision Espa\u00f1a\" \/>\n<meta property=\"article:modified_time\" content=\"2019-10-17T09:30:27+00:00\" \/>\n<meta name=\"twitter:label1\" content=\"Tiempo de lectura\" \/>\n\t<meta name=\"twitter:data1\" content=\"1 minute\" \/>\n<script type=\"application\/ld+json\" class=\"yoast-schema-graph\">{\"@context\":\"https:\/\/schema.org\",\"@graph\":[{\"@type\":\"WebPage\",\"@id\":\"https:\/\/www.terravision.eu\/spagnolo\/nuestros-colaboradores-guias-turisticasportales.html\",\"url\":\"https:\/\/www.terravision.eu\/spagnolo\/nuestros-colaboradores-guias-turisticasportales.html\",\"name\":\"Nuestros Colaboradores- Gu\u00edas Tur\u00edsticas\/Portales | Terravision Espa\u00f1a\",\"isPartOf\":{\"@id\":\"https:\/\/www.terravision.eu\/spagnolo\/#website\"},\"datePublished\":\"2013-05-21T14:59:04+00:00\",\"dateModified\":\"2019-10-17T09:30:27+00:00\",\"breadcrumb\":{\"@id\":\"https:\/\/www.terravision.eu\/spagnolo\/nuestros-colaboradores-guias-turisticasportales.html#breadcrumb\"},\"inLanguage\":\"es-ES\",\"potentialAction\":[{\"@type\":\"ReadAction\",\"target\":[\"https:\/\/www.terravision.eu\/spagnolo\/nuestros-colaboradores-guias-turisticasportales.html\"]}]},{\"@type\":\"BreadcrumbList\",\"@id\":\"https:\/\/www.terravision.eu\/spagnolo\/nuestros-colaboradores-guias-turisticasportales.html#breadcrumb\",\"itemListElement\":[{\"@type\":\"ListItem\",\"position\":1,\"name\":\"Home\",\"item\":\"https:\/\/www.terravision.eu\/spagnolo\/\"},{\"@type\":\"ListItem\",\"position\":2,\"name\":\"Nuestros Colaboradores- Gu\u00edas Tur\u00edsticas\/Portales\"}]},{\"@type\":\"WebSite\",\"@id\":\"https:\/\/www.terravision.eu\/spagnolo\/#website\",\"url\":\"https:\/\/www.terravision.eu\/spagnolo\/\",\"name\":\"Terravision Espa\u00f1a\",\"description\":\"Conexiones low-cost desde\/hacia los principales aeropuertos europeos\",\"potentialAction\":[{\"@type\":\"SearchAction\",\"target\":{\"@type\":\"EntryPoint\",\"urlTemplate\":\"https:\/\/www.terravision.eu\/spagnolo\/?s={search_term_string}\"},\"query-input\":{\"@type\":\"PropertyValueSpecification\",\"valueRequired\":true,\"valueName\":\"search_term_string\"}}],\"inLanguage\":\"es-ES\"}]}<\/script>\n<!-- \/ Yoast SEO Premium plugin. -->","yoast_head_json":{"title":"Nuestros Colaboradores- Gu\u00edas Tur\u00edsticas\/Portales | Terravision Espa\u00f1a","robots":{"index":"index","follow":"follow","max-snippet":"max-snippet:-1","max-image-preview":"max-image-preview:large","max-video-preview":"max-video-preview:-1"},"canonical":"https:\/\/www.terravision.eu\/spagnolo\/nuestros-colaboradores-guias-turisticasportales.html","og_locale":"es_ES","og_type":"article","og_title":"Nuestros Colaboradores- Gu\u00edas Tur\u00edsticas\/Portales","og_description":"ValGardena.it Portal dedicado al turismo en la zona de Val Gardena. Toda clase de informaci\u00f3n para viajar a las Dolomitas.Soluciones para todos los presupuestos. Sitio web disponoble en 4 idiomas: Italiano, Ingl\u00e9s, Alem\u00e1n y Neerland\u00e9s. www.valgardena.it Roma Antiqua Portal alem\u00e1n dedicado completamente al turismo en Roma. www.roma-antiqua.de Guideurope.eu Portal tur\u00edstico lleno de informaci\u00f3n \u00fatil para [&hellip;]","og_url":"https:\/\/www.terravision.eu\/spagnolo\/nuestros-colaboradores-guias-turisticasportales.html","og_site_name":"Terravision Espa\u00f1a","article_modified_time":"2019-10-17T09:30:27+00:00","twitter_misc":{"Tiempo de lectura":"1 minute"},"schema":{"@context":"https:\/\/schema.org","@graph":[{"@type":"WebPage","@id":"https:\/\/www.terravision.eu\/spagnolo\/nuestros-colaboradores-guias-turisticasportales.html","url":"https:\/\/www.terravision.eu\/spagnolo\/nuestros-colaboradores-guias-turisticasportales.html","name":"Nuestros Colaboradores- Gu\u00edas Tur\u00edsticas\/Portales | Terravision Espa\u00f1a","isPartOf":{"@id":"https:\/\/www.terravision.eu\/spagnolo\/#website"},"datePublished":"2013-05-21T14:59:04+00:00","dateModified":"2019-10-17T09:30:27+00:00","breadcrumb":{"@id":"https:\/\/www.terravision.eu\/spagnolo\/nuestros-colaboradores-guias-turisticasportales.html#breadcrumb"},"inLanguage":"es-ES","potentialAction":[{"@type":"ReadAction","target":["https:\/\/www.terravision.eu\/spagnolo\/nuestros-colaboradores-guias-turisticasportales.html"]}]},{"@type":"BreadcrumbList","@id":"https:\/\/www.terravision.eu\/spagnolo\/nuestros-colaboradores-guias-turisticasportales.html#breadcrumb","itemListElement":[{"@type":"ListItem","position":1,"name":"Home","item":"https:\/\/www.terravision.eu\/spagnolo\/"},{"@type":"ListItem","position":2,"name":"Nuestros Colaboradores- Gu\u00edas Tur\u00edsticas\/Portales"}]},{"@type":"WebSite","@id":"https:\/\/www.terravision.eu\/spagnolo\/#website","url":"https:\/\/www.terravision.eu\/spagnolo\/","name":"Terravision Espa\u00f1a","description":"Conexiones low-cost desde\/hacia los principales aeropuertos europeos","potentialAction":[{"@type":"SearchAction","target":{"@type":"EntryPoint","urlTemplate":"https:\/\/www.terravision.eu\/spagnolo\/?s={search_term_string}"},"query-input":{"@type":"PropertyValueSpecification","valueRequired":true,"valueName":"search_term_string"}}],"inLanguage":"es-ES"}]}},"_links":{"self":[{"href":"https:\/\/www.terravision.eu\/spagnolo\/wp-json\/wp\/v2\/pages\/7925","targetHints":{"allow":["GET"]}}],"collection":[{"href":"https:\/\/www.terravision.eu\/spagnolo\/wp-json\/wp\/v2\/pages"}],"about":[{"href":"https:\/\/www.terravision.eu\/spagnolo\/wp-json\/wp\/v2\/types\/page"}],"author":[{"embeddable":true,"href":"https:\/\/www.terravision.eu\/spagnolo\/wp-json\/wp\/v2\/users\/1"}],"replies":[{"embeddable":true,"href":"https:\/\/www.terravision.eu\/spagnolo\/wp-json\/wp\/v2\/comments?post=7925"}],"version-history":[{"count":2,"href":"https:\/\/www.terravision.eu\/spagnolo\/wp-json\/wp\/v2\/pages\/7925\/revisions"}],"predecessor-version":[{"id":13634,"href":"https:\/\/www.terravision.eu\/spagnolo\/wp-json\/wp\/v2\/pages\/7925\/revisions\/13634"}],"wp:attachment":[{"href":"https:\/\/www.terravision.eu\/spagnolo\/wp-json\/wp\/v2\/media?parent=7925"}],"curies":[{"name":"wp","href":"https:\/\/api.w.org\/{rel}","templated":true}]}}