{"id":7926,"date":"2013-05-21T15:10:01","date_gmt":"2013-05-21T15:10:01","guid":{"rendered":"https:\/\/www.terravision.eu\/spagnolo\/?page_id=7926"},"modified":"2013-05-21T15:10:01","modified_gmt":"2013-05-21T15:10:01","slug":"nuestros-colaboradores-transportes","status":"publish","type":"page","link":"https:\/\/www.terravision.eu\/spagnolo\/nuestros-colaboradores-transportes.html","title":{"rendered":"Nuestros Colaboradores &#8211;  Transportes"},"content":{"rendered":"<p><strong>Terravision Transportes<\/strong><\/p>\n<p><strong>Green Line<\/strong><br \/>\nTerravision colabora con Green Line ofreciendo servicio regular entre el Aeropuerto de  Luton    y el centro de Londres.<br \/>\n<a href=\"http:\/\/www.greenline.co.uk\" target=\"_blank\">www.greenline.co.uk<\/a><\/p>\n<p><strong>Epsom Coaches <\/strong><br \/>\nEpsom Coaches colabora con Terravision ofreciendo el transporte entre el Aeropuerto de Stansted  y Londres Victoria.<br \/>\n<a href=\"http:\/\/www.epsomcoaches.com\" target=\"_blank\">www.epsomcoaches.com<\/a><\/p>\n<p><strong>Autoservizi Salemi<\/strong><br \/>\nOperador en el \u00e1mbito del transporte en Sicilia, colabora con Terravision ofreciendo servicio de autob\u00fas entre el Aeropuerto de Tr\u00e1pani  y el centro de Palermo .<br \/>\n<a href=\"http:\/\/www.autoservizisalemi.it\" target=\"_blank\">www.autoservizisalemi.it<\/a><\/p>\n<p><strong>Goin\u2019Porto<\/strong><br \/>\nTerravision colabora con Goin\u2019Porto en Portugal con servicios de autob\u00fas entre el Aeropuerto de Oporto  y el centro de Oporto.<br \/>\n<a href=\"http:\/\/www.goinporto.com\" target=\"_blank\">www.goinporto.com<\/a><\/p>\n","protected":false},"excerpt":{"rendered":"<p>Terravision Transportes Green Line Terravision colabora con Green Line ofreciendo servicio regular entre el Aeropuerto de Luton y el centro de Londres. www.greenline.co.uk Epsom Coaches Epsom Coaches colabora con Terravision ofreciendo el transporte entre el Aeropuerto de Stansted y Londres Victoria. www.epsomcoaches.com Autoservizi Salemi Operador en el \u00e1mbito del transporte en Sicilia, colabora con Terravision [&hellip;]<\/p>\n","protected":false},"author":1,"featured_media":0,"parent":0,"menu_order":0,"comment_status":"open","ping_status":"open","template":"","meta":{"footnotes":""},"class_list":["post-7926","page","type-page","status-publish","hentry"],"yoast_head":"<!-- This site is optimized with the Yoast SEO Premium plugin v24.4 (Yoast SEO v24.4) - https:\/\/yoast.com\/wordpress\/plugins\/seo\/ -->\n<title>Nuestros Colaboradores - Transportes | Terravision<\/title>\n<meta name=\"robots\" content=\"index, follow, max-snippet:-1, max-image-preview:large, max-video-preview:-1\" \/>\n<link rel=\"canonical\" href=\"https:\/\/www.terravision.eu\/spagnolo\/nuestros-colaboradores-transportes.html\" \/>\n<meta property=\"og:locale\" content=\"es_ES\" \/>\n<meta property=\"og:type\" content=\"article\" \/>\n<meta property=\"og:title\" content=\"Nuestros Colaboradores - Transportes\" \/>\n<meta property=\"og:description\" content=\"Terravision Transportes Green Line Terravision colabora con Green Line ofreciendo servicio regular entre el Aeropuerto de Luton y el centro de Londres. www.greenline.co.uk Epsom Coaches Epsom Coaches colabora con Terravision ofreciendo el transporte entre el Aeropuerto de Stansted y Londres Victoria. www.epsomcoaches.com Autoservizi Salemi Operador en el \u00e1mbito del transporte en Sicilia, colabora con Terravision [&hellip;]\" \/>\n<meta property=\"og:url\" content=\"https:\/\/www.terravision.eu\/spagnolo\/nuestros-colaboradores-transportes.html\" \/>\n<meta property=\"og:site_name\" content=\"Terravision Espa\u00f1a\" \/>\n<meta name=\"twitter:label1\" content=\"Tiempo de lectura\" \/>\n\t<meta name=\"twitter:data1\" content=\"1 minute\" \/>\n<script type=\"application\/ld+json\" class=\"yoast-schema-graph\">{\"@context\":\"https:\/\/schema.org\",\"@graph\":[{\"@type\":\"WebPage\",\"@id\":\"https:\/\/www.terravision.eu\/spagnolo\/nuestros-colaboradores-transportes.html\",\"url\":\"https:\/\/www.terravision.eu\/spagnolo\/nuestros-colaboradores-transportes.html\",\"name\":\"Nuestros Colaboradores - Transportes | Terravision\",\"isPartOf\":{\"@id\":\"https:\/\/www.terravision.eu\/spagnolo\/#website\"},\"datePublished\":\"2013-05-21T15:10:01+00:00\",\"breadcrumb\":{\"@id\":\"https:\/\/www.terravision.eu\/spagnolo\/nuestros-colaboradores-transportes.html#breadcrumb\"},\"inLanguage\":\"es-ES\",\"potentialAction\":[{\"@type\":\"ReadAction\",\"target\":[\"https:\/\/www.terravision.eu\/spagnolo\/nuestros-colaboradores-transportes.html\"]}]},{\"@type\":\"BreadcrumbList\",\"@id\":\"https:\/\/www.terravision.eu\/spagnolo\/nuestros-colaboradores-transportes.html#breadcrumb\",\"itemListElement\":[{\"@type\":\"ListItem\",\"position\":1,\"name\":\"Home\",\"item\":\"https:\/\/www.terravision.eu\/spagnolo\/\"},{\"@type\":\"ListItem\",\"position\":2,\"name\":\"Nuestros Colaboradores &#8211; Transportes\"}]},{\"@type\":\"WebSite\",\"@id\":\"https:\/\/www.terravision.eu\/spagnolo\/#website\",\"url\":\"https:\/\/www.terravision.eu\/spagnolo\/\",\"name\":\"Terravision Espa\u00f1a\",\"description\":\"Conexiones low-cost desde\/hacia los principales aeropuertos europeos\",\"potentialAction\":[{\"@type\":\"SearchAction\",\"target\":{\"@type\":\"EntryPoint\",\"urlTemplate\":\"https:\/\/www.terravision.eu\/spagnolo\/?s={search_term_string}\"},\"query-input\":{\"@type\":\"PropertyValueSpecification\",\"valueRequired\":true,\"valueName\":\"search_term_string\"}}],\"inLanguage\":\"es-ES\"}]}<\/script>\n<!-- \/ Yoast SEO Premium plugin. -->","yoast_head_json":{"title":"Nuestros Colaboradores - Transportes | Terravision","robots":{"index":"index","follow":"follow","max-snippet":"max-snippet:-1","max-image-preview":"max-image-preview:large","max-video-preview":"max-video-preview:-1"},"canonical":"https:\/\/www.terravision.eu\/spagnolo\/nuestros-colaboradores-transportes.html","og_locale":"es_ES","og_type":"article","og_title":"Nuestros Colaboradores - Transportes","og_description":"Terravision Transportes Green Line Terravision colabora con Green Line ofreciendo servicio regular entre el Aeropuerto de Luton y el centro de Londres. www.greenline.co.uk Epsom Coaches Epsom Coaches colabora con Terravision ofreciendo el transporte entre el Aeropuerto de Stansted y Londres Victoria. www.epsomcoaches.com Autoservizi Salemi Operador en el \u00e1mbito del transporte en Sicilia, colabora con Terravision [&hellip;]","og_url":"https:\/\/www.terravision.eu\/spagnolo\/nuestros-colaboradores-transportes.html","og_site_name":"Terravision Espa\u00f1a","twitter_misc":{"Tiempo de lectura":"1 minute"},"schema":{"@context":"https:\/\/schema.org","@graph":[{"@type":"WebPage","@id":"https:\/\/www.terravision.eu\/spagnolo\/nuestros-colaboradores-transportes.html","url":"https:\/\/www.terravision.eu\/spagnolo\/nuestros-colaboradores-transportes.html","name":"Nuestros Colaboradores - Transportes | Terravision","isPartOf":{"@id":"https:\/\/www.terravision.eu\/spagnolo\/#website"},"datePublished":"2013-05-21T15:10:01+00:00","breadcrumb":{"@id":"https:\/\/www.terravision.eu\/spagnolo\/nuestros-colaboradores-transportes.html#breadcrumb"},"inLanguage":"es-ES","potentialAction":[{"@type":"ReadAction","target":["https:\/\/www.terravision.eu\/spagnolo\/nuestros-colaboradores-transportes.html"]}]},{"@type":"BreadcrumbList","@id":"https:\/\/www.terravision.eu\/spagnolo\/nuestros-colaboradores-transportes.html#breadcrumb","itemListElement":[{"@type":"ListItem","position":1,"name":"Home","item":"https:\/\/www.terravision.eu\/spagnolo\/"},{"@type":"ListItem","position":2,"name":"Nuestros Colaboradores &#8211; Transportes"}]},{"@type":"WebSite","@id":"https:\/\/www.terravision.eu\/spagnolo\/#website","url":"https:\/\/www.terravision.eu\/spagnolo\/","name":"Terravision Espa\u00f1a","description":"Conexiones low-cost desde\/hacia los principales aeropuertos europeos","potentialAction":[{"@type":"SearchAction","target":{"@type":"EntryPoint","urlTemplate":"https:\/\/www.terravision.eu\/spagnolo\/?s={search_term_string}"},"query-input":{"@type":"PropertyValueSpecification","valueRequired":true,"valueName":"search_term_string"}}],"inLanguage":"es-ES"}]}},"_links":{"self":[{"href":"https:\/\/www.terravision.eu\/spagnolo\/wp-json\/wp\/v2\/pages\/7926","targetHints":{"allow":["GET"]}}],"collection":[{"href":"https:\/\/www.terravision.eu\/spagnolo\/wp-json\/wp\/v2\/pages"}],"about":[{"href":"https:\/\/www.terravision.eu\/spagnolo\/wp-json\/wp\/v2\/types\/page"}],"author":[{"embeddable":true,"href":"https:\/\/www.terravision.eu\/spagnolo\/wp-json\/wp\/v2\/users\/1"}],"replies":[{"embeddable":true,"href":"https:\/\/www.terravision.eu\/spagnolo\/wp-json\/wp\/v2\/comments?post=7926"}],"version-history":[{"count":0,"href":"https:\/\/www.terravision.eu\/spagnolo\/wp-json\/wp\/v2\/pages\/7926\/revisions"}],"wp:attachment":[{"href":"https:\/\/www.terravision.eu\/spagnolo\/wp-json\/wp\/v2\/media?parent=7926"}],"curies":[{"name":"wp","href":"https:\/\/api.w.org\/{rel}","templated":true}]}}