{"id":8426,"date":"2013-08-27T16:46:12","date_gmt":"2013-08-27T16:46:12","guid":{"rendered":"https:\/\/www.terravision.eu\/spagnolo\/?page_id=8426"},"modified":"2013-08-27T16:46:12","modified_gmt":"2013-08-27T16:46:12","slug":"easy-venice-tour-florence","status":"publish","type":"page","link":"https:\/\/www.terravision.eu\/spagnolo\/city-tours-europe\/easy-venice-tour-florence.html","title":{"rendered":"Easy Venice Tour desde Florencia"},"content":{"rendered":"<div class=\"title-right\"><span class=\"price\">82<\/span><span class=\"valuta\">.50 \u20ac<\/span><\/div>\n<p>Declarada <strong>Patrimonio de la Humanidad<\/strong>, <strong>Venecia <\/strong>es tambi\u00e9n conocida como una de las ciudades m\u00e1s rom\u00e1nticas del mundo. Ser\u00e1 un viaje inolvidable en la llamada la &#8220;<strong>Reina del Adri\u00e1tico<\/strong>&#8221; llena de historia y de la cultura, de paisajes y monumentos . Con el Tour Easy Venecia, <strong>se sale desde Florencia por la ma\u00f1ana en tren y se pasar\u00e1 el d\u00eda en Venecia<\/strong>. Una combinaci\u00f3n perfecta para disfrutar al m\u00e1ximo de sus vacaciones en Italia visitando en un d\u00eda  dos de sus ciudades m\u00e1s caracteristicas.<\/p>\n<p><strong>Puntos de inter\u00e9s en  Venecia<\/strong><\/p>\n<ul>\n<li>Piazza San Marco con la  Bas\u00edlica, Palacio Ducal y la Torre del Reloj del Palacio Vecchio del siglo XV\n<li>\n<li>El Campanile y la vista a la laguna veneciana y los Dolomitas (99m de alto)\n<li>\n<li>El gran Canal y sus puentes, m\u00e1s particularmente Ponte Rialto, Ponte de la Accademia, puente de los suspiros\n<li>\n<li>Galleria de la Accademia<\/li>\n<\/ul>\n<div class=\"collapse tour-info collapsed\">\n<h2 class=\"title\">Tour Info:<\/h2>\n<p><strong>D\u00edas Disponibles:<\/strong> diario<br \/>\n<strong>Salida desde Florencia:<\/strong> 08:55 am<br \/>\n<strong>Hora de salida: <\/strong> 08:20 am<br \/>\n<strong>Punto de encuentro en Florencia:<\/strong> dentro de la  Casa Italo en la estaci\u00f3n de  Santa Maria Novella<br \/>\nVuelta de Venecia: 18:55 pm<br \/>\n<strong>Punto de encuentro en  Venecia: <\/strong> (viaje de vuelta) Estaci\u00f3n de tren SL<br \/>\n<strong>Duraci\u00f3n del tour:<\/strong> 12h<br \/>\n<strong>Incluye:<\/strong><br \/>\nTransporte entre Florencia y Venecia SL: Tren Italo de alta velocidad (2h05)<br \/>\n<strong>En Venecia:<\/strong><\/p>\n<ul>\n<li>Asistencia en el Italo <\/li>\n<li>incluye el billete v\u00e1lido 12h  en el vaporcito p\u00fablico<\/li>\n<\/ul>\n<p><strong>En Florencia:<\/strong><\/p>\n<ul>\n<li>Asistencia en el Italo <\/li>\n<li>Ense\u00f1ando tu billete del tren Italo podr\u00e1s utilizar los transportes p\u00fablicos de Florencia  (24h antes de la salida y despu\u00e9s del regreso a  Florencia)<\/li>\n<\/ul>\n<p><strong>Opcional:<\/strong><\/p>\n<ul>\n<li>Comida en Hard Rock Cafe ein Venecia (\u20ac 16.00 supl.)<\/li>\n<li>Paseo en G\u00f3ndola (30 min.) (\u20ac 28.00- \u20ac30.00 supl.)<\/li>\n<\/ul>\n<p>Se recomienda: Por favor llevar ropa c\u00f3moda y apropiada para las visitas a lugares religiosos<\/p>\n<\/div>\n<div class=\"collapse tour-info\">\n<h2 class=\"title\">Easy Venice: Precios<\/h2>\n<p>Adultos: \u20ac 82.50<br \/>\nNi\u00f1os (4-18): \u20ac 82.50<br \/>\nNi\u00f1os (0-3): gratis<br \/>\nCondiciones:<br \/>\nPor favor seleccione \u201cbeb\u00e9\u201d para reservar a ni\u00f1os menores de 3 a\u00f1os.<br \/>\nLos billetes no son  reembolsables , Albatravel y  Terravision no son responsables en caso de retrasos o cancelaciones del tren.\n<\/p><\/div>\n<div class=\"collapse tour-info\">\n<h2 class=\"title\">Easy Venice + Comida: Precios<\/h2>\n<p>Adultos: \u20ac 98.50<br \/>\nNi\u00f1os (4-18): \u20ac 98.50<br \/>\nNi\u00f1os (0-3): gratis<br \/>\nCondiciones:<br \/>\nPor favor seleccione \u201cbeb\u00e9\u201d para reservar a ni\u00f1os menores de 3 a\u00f1os.<br \/>\nLos billetes no son  reembolsables , Albatravel y  Terravision no son responsables en caso de retrasos o cancelaciones del tren.\n<\/p><\/div>\n<div class=\"collapse tour-info\">\n<h2 class=\"title\">Easy Venice + Paseo en G\u00f3ndola: Precios<\/h2>\n<p><strong>Hasta el 1 abril, 2014<\/strong><br \/>\nAdultos: \u20ac 110.50<br \/>\nNi\u00f1os (4-18): \u20ac 110.50<br \/>\nNi\u00f1os (0-3): gratis<br \/>\n<strong>A partir del 1 abril, 2014<\/strong><br \/>\nAdultos: \u20ac 112.50<br \/>\nNi\u00f1os (4-18): \u20ac 112.50<br \/>\nNi\u00f1os (0-3): gratis<\/p>\n<p>Condiciones:<br \/>\nPor favor seleccione \u201cbeb\u00e9\u201d para reservar a ni\u00f1os menores de 3 a\u00f1os.<br \/>\nLos billetes no son  reembolsables , Albatravel y  Terravision no son responsables en caso de retrasos o cancelaciones del tren.\n<\/p><\/div>\n<div class=\"collapse tour-info\">\n<h2 class=\"title\">Easy Venice + Comida + Paseo en G\u00f3ndola<\/h2>\n<p><strong>Hasta el 1 abril, 2014<\/strong><br \/>\nAdultos: \u20ac 126.50<br \/>\nNi\u00f1os (4-18): \u20ac 126.50<br \/>\nNi\u00f1os (0-3): gratis<br \/>\n<strong>A partir del 1 abril, 2014<\/strong><br \/>\nAdultos: \u20ac 128.50<br \/>\nNi\u00f1os (4-18): \u20ac 128.50<br \/>\nNi\u00f1os (0-3): gratis<\/p>\n<p>Condiciones:<br \/>\nPor favor seleccione \u201cbeb\u00e9\u201d para reservar a ni\u00f1os menores de 3 a\u00f1os.<br \/>\nLos billetes no son  reembolsables , Albatravel y  Terravision no son responsables en caso de retrasos o cancelaciones del tren.\n<\/p><\/div>\n<div class=\"collapse tour-info\">\n<h2 class=\"title\">C\u00f3mo reservar y utilizar el billete:<\/h2>\n<p><strong>1-<\/strong> Reserva tu  city tour con Terravision.<br \/>\n<strong>2-<\/strong> Imprime el  voucher<br \/>\n<strong>3-<\/strong> Cambia el  voucher en el mostrador del Italo en la estaci\u00f3n del tren en Santa Maria Novella en Florencia, antes de la salida.<br \/>\n<strong>4-<\/strong> \u00a1Divirertete con el tour!\n<\/div>\n<div class=\"collapse tour-info\">\n<h2 class=\"title\">Cont\u00e1ctos<\/h2>\n<p><strong>En colaboraci\u00f3n con Albatravel<\/strong><br \/>\nPlaza dei Rossi, 1 \u2013 50125 Florencia<br \/>\nLunes-Vienes : +39 055 211 528<br \/>\nWeekends &amp; festivos, emergencias: 39 335 701 4924<\/p>\n<p><strong>Cont\u00e1ctos Terravision<\/strong><br \/>\nLunes \u2013 Sabado de las 9.00 a las 18.00 : +39 06.97.61.06.32<br \/>\nSiguenos en <a href=\"http:\/\/www.facebook.com\/terravision.eu\" title=\"Terravision on Facebook\" target=\"_blank\">Facebook<\/a>, <a href=\"http:\/\/www.twitter.com\/terravision.eu\" title=\"Terravision on Twitter\" target=\"_blank\">Twitter<\/a>, <a href=\"https:\/\/www.google.com\/+terravision\" title=\"Terravision on Google+\" target=\"_blank\">Google+<\/a> or <a href=\"http:\/\/pinterest.com\/terravisiongp\/\" title=\"Terravision on Pinterest\" target=\"_blank\">Pinterest<\/a> para m\u00e1s info<\/div>\n<\/div>\n","protected":false},"excerpt":{"rendered":"<p>82.50 \u20ac Declarada Patrimonio de la Humanidad, Venecia es tambi\u00e9n conocida como una de las ciudades m\u00e1s rom\u00e1nticas del mundo. Ser\u00e1 un viaje inolvidable en la llamada la &#8220;Reina del Adri\u00e1tico&#8221; llena de historia y de la cultura, de paisajes y monumentos . Con el Tour Easy Venecia, se sale desde Florencia por la ma\u00f1ana [&hellip;]<\/p>\n","protected":false},"author":1,"featured_media":0,"parent":8651,"menu_order":0,"comment_status":"open","ping_status":"open","template":"page-citytour.php","meta":{"footnotes":""},"class_list":["post-8426","page","type-page","status-publish","hentry"],"yoast_head":"<!-- This site is optimized with the Yoast SEO Premium plugin v24.4 (Yoast SEO v24.4) - https:\/\/yoast.com\/wordpress\/plugins\/seo\/ -->\n<title>Easy Venice - Tour de Venecia a partir de Florencia | Terravision<\/title>\n<meta name=\"description\" content=\"Easy Venice. Tour diario de Venecia (desde Florencia) en tren de alta velocidad (viaje125min). Parada en los principales puntos tur\u00edsticos, audio gu\u00eda.\" \/>\n<meta name=\"robots\" content=\"index, follow, max-snippet:-1, max-image-preview:large, max-video-preview:-1\" \/>\n<link rel=\"canonical\" href=\"https:\/\/www.terravision.eu\/spagnolo\/city-tours-europe\/easy-venice-tour-florence.html\" \/>\n<meta property=\"og:locale\" content=\"es_ES\" \/>\n<meta property=\"og:type\" content=\"article\" \/>\n<meta property=\"og:title\" content=\"Easy Venice Tour desde Florencia\" \/>\n<meta property=\"og:description\" content=\"Easy Venice. Tour diario de Venecia (desde Florencia) en tren de alta velocidad (viaje125min). Parada en los principales puntos tur\u00edsticos, audio gu\u00eda.\" \/>\n<meta property=\"og:url\" content=\"https:\/\/www.terravision.eu\/spagnolo\/city-tours-europe\/easy-venice-tour-florence.html\" \/>\n<meta property=\"og:site_name\" content=\"Terravision Espa\u00f1a\" \/>\n<meta name=\"twitter:label1\" content=\"Tiempo de lectura\" \/>\n\t<meta name=\"twitter:data1\" content=\"3 minutes\" \/>\n<script type=\"application\/ld+json\" class=\"yoast-schema-graph\">{\"@context\":\"https:\/\/schema.org\",\"@graph\":[{\"@type\":\"WebPage\",\"@id\":\"https:\/\/www.terravision.eu\/spagnolo\/city-tours-europe\/easy-venice-tour-florence.html\",\"url\":\"https:\/\/www.terravision.eu\/spagnolo\/city-tours-europe\/easy-venice-tour-florence.html\",\"name\":\"Easy Venice - Tour de Venecia a partir de Florencia | Terravision\",\"isPartOf\":{\"@id\":\"https:\/\/www.terravision.eu\/spagnolo\/#website\"},\"datePublished\":\"2013-08-27T16:46:12+00:00\",\"description\":\"Easy Venice. Tour diario de Venecia (desde Florencia) en tren de alta velocidad (viaje125min). Parada en los principales puntos tur\u00edsticos, audio gu\u00eda.\",\"breadcrumb\":{\"@id\":\"https:\/\/www.terravision.eu\/spagnolo\/city-tours-europe\/easy-venice-tour-florence.html#breadcrumb\"},\"inLanguage\":\"es-ES\",\"potentialAction\":[{\"@type\":\"ReadAction\",\"target\":[\"https:\/\/www.terravision.eu\/spagnolo\/city-tours-europe\/easy-venice-tour-florence.html\"]}]},{\"@type\":\"BreadcrumbList\",\"@id\":\"https:\/\/www.terravision.eu\/spagnolo\/city-tours-europe\/easy-venice-tour-florence.html#breadcrumb\",\"itemListElement\":[{\"@type\":\"ListItem\",\"position\":1,\"name\":\"Home\",\"item\":\"https:\/\/www.terravision.eu\/spagnolo\/\"},{\"@type\":\"ListItem\",\"position\":2,\"name\":\"City Tours en Europa\",\"item\":\"https:\/\/www.terravision.eu\/spagnolo\/city-tours-europe.html\"},{\"@type\":\"ListItem\",\"position\":3,\"name\":\"Easy Venice Tour desde Florencia\"}]},{\"@type\":\"WebSite\",\"@id\":\"https:\/\/www.terravision.eu\/spagnolo\/#website\",\"url\":\"https:\/\/www.terravision.eu\/spagnolo\/\",\"name\":\"Terravision Espa\u00f1a\",\"description\":\"Conexiones low-cost desde\/hacia los principales aeropuertos europeos\",\"potentialAction\":[{\"@type\":\"SearchAction\",\"target\":{\"@type\":\"EntryPoint\",\"urlTemplate\":\"https:\/\/www.terravision.eu\/spagnolo\/?s={search_term_string}\"},\"query-input\":{\"@type\":\"PropertyValueSpecification\",\"valueRequired\":true,\"valueName\":\"search_term_string\"}}],\"inLanguage\":\"es-ES\"}]}<\/script>\n<!-- \/ Yoast SEO Premium plugin. -->","yoast_head_json":{"title":"Easy Venice - Tour de Venecia a partir de Florencia | Terravision","description":"Easy Venice. Tour diario de Venecia (desde Florencia) en tren de alta velocidad (viaje125min). Parada en los principales puntos tur\u00edsticos, audio gu\u00eda.","robots":{"index":"index","follow":"follow","max-snippet":"max-snippet:-1","max-image-preview":"max-image-preview:large","max-video-preview":"max-video-preview:-1"},"canonical":"https:\/\/www.terravision.eu\/spagnolo\/city-tours-europe\/easy-venice-tour-florence.html","og_locale":"es_ES","og_type":"article","og_title":"Easy Venice Tour desde Florencia","og_description":"Easy Venice. Tour diario de Venecia (desde Florencia) en tren de alta velocidad (viaje125min). Parada en los principales puntos tur\u00edsticos, audio gu\u00eda.","og_url":"https:\/\/www.terravision.eu\/spagnolo\/city-tours-europe\/easy-venice-tour-florence.html","og_site_name":"Terravision Espa\u00f1a","twitter_misc":{"Tiempo de lectura":"3 minutes"},"schema":{"@context":"https:\/\/schema.org","@graph":[{"@type":"WebPage","@id":"https:\/\/www.terravision.eu\/spagnolo\/city-tours-europe\/easy-venice-tour-florence.html","url":"https:\/\/www.terravision.eu\/spagnolo\/city-tours-europe\/easy-venice-tour-florence.html","name":"Easy Venice - Tour de Venecia a partir de Florencia | Terravision","isPartOf":{"@id":"https:\/\/www.terravision.eu\/spagnolo\/#website"},"datePublished":"2013-08-27T16:46:12+00:00","description":"Easy Venice. Tour diario de Venecia (desde Florencia) en tren de alta velocidad (viaje125min). Parada en los principales puntos tur\u00edsticos, audio gu\u00eda.","breadcrumb":{"@id":"https:\/\/www.terravision.eu\/spagnolo\/city-tours-europe\/easy-venice-tour-florence.html#breadcrumb"},"inLanguage":"es-ES","potentialAction":[{"@type":"ReadAction","target":["https:\/\/www.terravision.eu\/spagnolo\/city-tours-europe\/easy-venice-tour-florence.html"]}]},{"@type":"BreadcrumbList","@id":"https:\/\/www.terravision.eu\/spagnolo\/city-tours-europe\/easy-venice-tour-florence.html#breadcrumb","itemListElement":[{"@type":"ListItem","position":1,"name":"Home","item":"https:\/\/www.terravision.eu\/spagnolo\/"},{"@type":"ListItem","position":2,"name":"City Tours en Europa","item":"https:\/\/www.terravision.eu\/spagnolo\/city-tours-europe.html"},{"@type":"ListItem","position":3,"name":"Easy Venice Tour desde Florencia"}]},{"@type":"WebSite","@id":"https:\/\/www.terravision.eu\/spagnolo\/#website","url":"https:\/\/www.terravision.eu\/spagnolo\/","name":"Terravision Espa\u00f1a","description":"Conexiones low-cost desde\/hacia los principales aeropuertos europeos","potentialAction":[{"@type":"SearchAction","target":{"@type":"EntryPoint","urlTemplate":"https:\/\/www.terravision.eu\/spagnolo\/?s={search_term_string}"},"query-input":{"@type":"PropertyValueSpecification","valueRequired":true,"valueName":"search_term_string"}}],"inLanguage":"es-ES"}]}},"_links":{"self":[{"href":"https:\/\/www.terravision.eu\/spagnolo\/wp-json\/wp\/v2\/pages\/8426","targetHints":{"allow":["GET"]}}],"collection":[{"href":"https:\/\/www.terravision.eu\/spagnolo\/wp-json\/wp\/v2\/pages"}],"about":[{"href":"https:\/\/www.terravision.eu\/spagnolo\/wp-json\/wp\/v2\/types\/page"}],"author":[{"embeddable":true,"href":"https:\/\/www.terravision.eu\/spagnolo\/wp-json\/wp\/v2\/users\/1"}],"replies":[{"embeddable":true,"href":"https:\/\/www.terravision.eu\/spagnolo\/wp-json\/wp\/v2\/comments?post=8426"}],"version-history":[{"count":0,"href":"https:\/\/www.terravision.eu\/spagnolo\/wp-json\/wp\/v2\/pages\/8426\/revisions"}],"up":[{"embeddable":true,"href":"https:\/\/www.terravision.eu\/spagnolo\/wp-json\/wp\/v2\/pages\/8651"}],"wp:attachment":[{"href":"https:\/\/www.terravision.eu\/spagnolo\/wp-json\/wp\/v2\/media?parent=8426"}],"curies":[{"name":"wp","href":"https:\/\/api.w.org\/{rel}","templated":true}]}}