{"id":8483,"date":"2014-03-10T10:00:17","date_gmt":"2014-03-10T10:00:17","guid":{"rendered":"https:\/\/www.terravision.eu\/spagnolo\/?page_id=8483"},"modified":"2014-03-10T10:00:17","modified_gmt":"2014-03-10T10:00:17","slug":"london-pass","status":"publish","type":"page","link":"https:\/\/www.terravision.eu\/spagnolo\/london-pass.html","title":{"rendered":"London Pass"},"content":{"rendered":"<div class=\"title-right\"><span class=\"price\">45<\/span><span class=\"valuta\">\u00a3<\/span><\/div>\n<p>Una oferta especial para las personas que viajen a Londres o lleguen al aeropuerto de Stansted o al de Luton y quieran visitar Londres.<\/p>\n<p>Visita los principales puntos tur\u00edsticos <strong> de Londres<\/strong> y ahorra. Con <strong>London Pass<\/strong> tendr\u00e1s muchas ventajas: entrada gratis y sin colas en 60 puntos de inter\u00e9s de la ciudad, descuentos, una guia( 160 p\u00e1ginas)de Londres.<\/p>\n<p><strong>Puntos de inter\u00e9s en Londres<\/strong><\/p>\n<ul>\n<li>Torre de Londra<\/li>\n<li>Thames River Cruise<\/li>\n<li>la Abadia de  Westminster <\/li>\n<li>el Palacio de Kensington <\/li>\n<li>el Castillo de Windsor<\/li>\n<li>ArcelorMittal Orbit, una torre de observaci\u00f3n en el Parque Ol\u00edmpico de Londres<\/li>\n<li>Shakespeare\u2019s Globe Theatre<\/li>\n<\/ul>\n<div class=\"collapse tour-info collapsed\">\n<h2 class=\"title\">London Pass Info:<\/h2>\n<p><strong>D\u00edas disponibles<\/strong>: todos los d\u00edas<\/p>\n<p><strong>Validez<\/strong>: 1,2 o 3 d\u00edas consecutivos (d\u00edas consecutivos: como Lunes, Marte y Miercoles no pueden ser d\u00edas alternos)<\/p>\n<p><strong>Idiomas disponibles<\/strong>: <\/p>\n<ul class=\"flags\">\n<li class=\"gb\"><\/li>\n<li class=\"de\"><\/li>\n<li class=\"fr\"><\/li>\n<li class=\"it\"><\/li>\n<li class=\"es\"><\/li>\n<li class=\"pt\"><\/li>\n<li class=\"jp\"><\/li>\n<\/ul>\n<p><strong>la tarjeta incluye:<\/strong> <\/p>\n<ul>\n<li>&#8211; -Entrada gratis en m\u00e1s de 60 puntos tur\u00edsticos de Londres.<\/li>\n<li>&#8211; -Entrada prioritaria en las siguientes atracciones tur\u00edsticas: Torre de Londres, Castillo de Windsor,Hampton Court Palace, Kensington Palace, el Zoo, London Bridge Experience.<\/li>\n<li>&#8211; &#8211; Gu\u00eda gratis (con detalles de los distintos puntos de inter\u00e9s de la ciudad y ofertas especiales)<\/li>\n<li>&#8211; y m\u00e1s de 20 ofertas diferentes , descuentos y regalos<\/li>\n<\/ul>\n<p>Consulta la lista completa de las <a href=\"https:\/\/www.terravision.eu\/files\/2014\/04\/pdf-london-pass.pdf\" target=\"_blank\">atracciones de Londres<\/a><\/p>\n<p><strong>&#8211; Opciones<\/strong> (consultar los precios)<\/p>\n<ul>\n<li>&#8211; London Pass 1 D\u00eda- 2 D\u00edas- 3 D\u00edas<\/li>\n<\/ul>\n<p><strong>Importante<\/strong>: durante el mes de Abril 2014, los horarios de apertura y cierre de algunas atracciones sufrir\u00e1n variaciones <a href=\"https:\/\/www.terravision.eu\/files\/2014\/03\/April-2014-Closures.pdf\" target=\"_blank\">ver aqu\u00ed<\/a><\/p>\n<\/div>\n<div class=\"collapse tour-info\">\n<h2 class=\"title\">London Pass Precios<\/h2>\n<p><strong>London Pass 1 D\u00cdA hasta el 31 marzo 14<\/strong><br \/>\nAdultos:  \u00a3 45.00<br \/>\nNi\u00f1os (5-15): \u00a3 29.00<br \/>\nNi\u00f1os (0-4): Gratis<br \/>\n<strong>London Pass 1 D\u00cdA a partir del 1 Abril 14<\/strong><br \/>\nAdultos:  \u00a3 47.00<br \/>\nNi\u00f1os (5-15): \u00a3 31.00<br \/>\nNi\u00f1os (0-4): Gratis<\/p>\n<p><strong>London Pass 2 D\u00cdAS hasta el 31 marzo 14 <\/strong><br \/>\nAdultos:  \u00a3 61.00<br \/>\nNi\u00f1os (5-15): \u00a3 44.00<br \/>\nNi\u00f1os (0-4): Gratis<br \/>\n<strong>London Pass 2 D\u00cdAS a partir del 1 Abril 14<\/strong><br \/>\nAdultos:  \u00a3 65.00<br \/>\nNi\u00f1os (5-15): \u00a3 47.00<br \/>\nNi\u00f1os (0-4): Gratis<\/p>\n<p><strong>London Pass 3 D\u00cdAS hasta el 31 marzo 14<\/strong><br \/>\nAdultos:  \u00a3 73.00<br \/>\nNi\u00f1os (5-15): \u00a3 49.00<br \/>\nNi\u00f1os (0-4): Gratis<br \/>\n<strong>London Pass 3 D\u00cdAS a partir del 1 Abril 14<\/strong><br \/>\nAdultos:  \u00a3 78.00<br \/>\nNi\u00f1os (5-15): \u00a3 52.00<br \/>\nNi\u00f1os (0-4): Gratis<br \/>\nNB. Seleccionar \u201cbeb\u00e9\u201d cuando compre la tarjeta London Pass para ni\u00f1os menores de 5 a\u00f1os.<\/br>\n<\/div>\n<div class=\"collapse tour-info\">\n<h2 class=\"title\">C\u00f3mo reservar y utilizar la tarjeta London Passs:<\/h2>\n<p>1. Reserva tu London Pass.<br \/>\n2.Imprime el billete<br \/>\n3.Cambia el billete por la tarjeta London Pass en elmostrador de Terravision en el aeropuerto de Stansted en la zona Llegadas, o en el aeropuerto de Luton o en el  Terracaf\u00e8 Victoria (Victoria Station):<br \/>\nTerracaf\u00e8 Londres<br \/>\nUnit 1-3 Fountain Square 125<br \/>\nBuckingham Palace Road SW1W 96H<br \/>\n4. La validez de la tajeta es de 1,2 o 3 d\u00edas consecutivos.\n<\/p><\/div>\n<div class=\"collapse tour-info\">\n<h2 class=\"title\">Cont\u00e1ctos<\/h2>\n<p><strong>En colaboraci\u00f3n con London Pass<\/strong><br \/>\nHorario: de lunes a viernes de 09:00 a 20.00  y los S\u00e1baddos de 10.00 a 16.00 hora local ( nemos los d\u00edas de fiesta nacional en Reino Unido).<\/p>\n<p>Tel\u00e9fono:<br \/>\nDesde UK:<br \/>\n+020 7293 0972<br \/>\nDesde el extranjero:<br \/>\n+44 20 7293 0972<br \/>\nN\u00famero Skype:<br \/>\n+44 (0)20 7193 9776 (dalle 9.00 alle 17.00 GMT)<\/p>\n<p><strong>Info Terravision<\/strong><br \/>\nDe Lunes a S\u00e1bados de 09.00 am a 18.00 pm :  +39 06.97.61.06.32<br \/>\nSeguici su <a href=\"http:\/\/www.facebook.com\/terravision.eu\" title=\"Terravision on Facebook\" target=\"_blank\">Facebook<\/a>, <a href=\"http:\/\/www.twitter.com\/terravision.eu\" title=\"Terravision on Twitter\" target=\"_blank\">Twitter<\/a>, <a href=\"https:\/\/www.google.com\/+terravision\" title=\"Terravision on Google+\" target=\"_blank\">Google+<\/a> o <a href=\"http:\/\/pinterest.com\/terravisiongp\/\" title=\"Terravision on Pinterest\" target=\"_blank\">Pinterest<\/a> pera mayor informaci\u00f3n<\/div>\n<\/div>\n","protected":false},"excerpt":{"rendered":"<p>45\u00a3 Una oferta especial para las personas que viajen a Londres o lleguen al aeropuerto de Stansted o al de Luton y quieran visitar Londres. Visita los principales puntos tur\u00edsticos de Londres y ahorra. Con London Pass tendr\u00e1s muchas ventajas: entrada gratis y sin colas en 60 puntos de inter\u00e9s de la ciudad, descuentos, una [&hellip;]<\/p>\n","protected":false},"author":1,"featured_media":0,"parent":0,"menu_order":0,"comment_status":"open","ping_status":"open","template":"page-citytour.php","meta":{"footnotes":""},"class_list":["post-8483","page","type-page","status-publish","hentry"],"yoast_head":"<!-- This site is optimized with the Yoast SEO Premium plugin v24.4 (Yoast SEO v24.4) - https:\/\/yoast.com\/wordpress\/plugins\/seo\/ -->\n<title>London Pass | Terravision<\/title>\n<meta name=\"description\" content=\"London Pass. Tarjeta tur\u00edstica de Londres: sin filas y entra grat\u00eds en m\u00e1s de 60 atracciones tur\u00edsticas de Londres, uso de transportes p\u00fablicos ilimitados.\" \/>\n<meta name=\"robots\" content=\"index, follow, max-snippet:-1, max-image-preview:large, max-video-preview:-1\" \/>\n<link rel=\"canonical\" href=\"https:\/\/www.terravision.eu\/spagnolo\/london-pass.html\" \/>\n<meta property=\"og:locale\" content=\"es_ES\" \/>\n<meta property=\"og:type\" content=\"article\" \/>\n<meta property=\"og:title\" content=\"London Pass\" \/>\n<meta property=\"og:description\" content=\"London Pass. Tarjeta tur\u00edstica de Londres: sin filas y entra grat\u00eds en m\u00e1s de 60 atracciones tur\u00edsticas de Londres, uso de transportes p\u00fablicos ilimitados.\" \/>\n<meta property=\"og:url\" content=\"https:\/\/www.terravision.eu\/spagnolo\/london-pass.html\" \/>\n<meta property=\"og:site_name\" content=\"Terravision Espa\u00f1a\" \/>\n<meta name=\"twitter:label1\" content=\"Tiempo de lectura\" \/>\n\t<meta name=\"twitter:data1\" content=\"3 minutes\" \/>\n<script type=\"application\/ld+json\" class=\"yoast-schema-graph\">{\"@context\":\"https:\/\/schema.org\",\"@graph\":[{\"@type\":\"WebPage\",\"@id\":\"https:\/\/www.terravision.eu\/spagnolo\/london-pass.html\",\"url\":\"https:\/\/www.terravision.eu\/spagnolo\/london-pass.html\",\"name\":\"London Pass | Terravision\",\"isPartOf\":{\"@id\":\"https:\/\/www.terravision.eu\/spagnolo\/#website\"},\"datePublished\":\"2014-03-10T10:00:17+00:00\",\"description\":\"London Pass. Tarjeta tur\u00edstica de Londres: sin filas y entra grat\u00eds en m\u00e1s de 60 atracciones tur\u00edsticas de Londres, uso de transportes p\u00fablicos ilimitados.\",\"breadcrumb\":{\"@id\":\"https:\/\/www.terravision.eu\/spagnolo\/london-pass.html#breadcrumb\"},\"inLanguage\":\"es-ES\",\"potentialAction\":[{\"@type\":\"ReadAction\",\"target\":[\"https:\/\/www.terravision.eu\/spagnolo\/london-pass.html\"]}]},{\"@type\":\"BreadcrumbList\",\"@id\":\"https:\/\/www.terravision.eu\/spagnolo\/london-pass.html#breadcrumb\",\"itemListElement\":[{\"@type\":\"ListItem\",\"position\":1,\"name\":\"Home\",\"item\":\"https:\/\/www.terravision.eu\/spagnolo\/\"},{\"@type\":\"ListItem\",\"position\":2,\"name\":\"London Pass\"}]},{\"@type\":\"WebSite\",\"@id\":\"https:\/\/www.terravision.eu\/spagnolo\/#website\",\"url\":\"https:\/\/www.terravision.eu\/spagnolo\/\",\"name\":\"Terravision Espa\u00f1a\",\"description\":\"Conexiones low-cost desde\/hacia los principales aeropuertos europeos\",\"potentialAction\":[{\"@type\":\"SearchAction\",\"target\":{\"@type\":\"EntryPoint\",\"urlTemplate\":\"https:\/\/www.terravision.eu\/spagnolo\/?s={search_term_string}\"},\"query-input\":{\"@type\":\"PropertyValueSpecification\",\"valueRequired\":true,\"valueName\":\"search_term_string\"}}],\"inLanguage\":\"es-ES\"}]}<\/script>\n<!-- \/ Yoast SEO Premium plugin. -->","yoast_head_json":{"title":"London Pass | Terravision","description":"London Pass. Tarjeta tur\u00edstica de Londres: sin filas y entra grat\u00eds en m\u00e1s de 60 atracciones tur\u00edsticas de Londres, uso de transportes p\u00fablicos ilimitados.","robots":{"index":"index","follow":"follow","max-snippet":"max-snippet:-1","max-image-preview":"max-image-preview:large","max-video-preview":"max-video-preview:-1"},"canonical":"https:\/\/www.terravision.eu\/spagnolo\/london-pass.html","og_locale":"es_ES","og_type":"article","og_title":"London Pass","og_description":"London Pass. Tarjeta tur\u00edstica de Londres: sin filas y entra grat\u00eds en m\u00e1s de 60 atracciones tur\u00edsticas de Londres, uso de transportes p\u00fablicos ilimitados.","og_url":"https:\/\/www.terravision.eu\/spagnolo\/london-pass.html","og_site_name":"Terravision Espa\u00f1a","twitter_misc":{"Tiempo de lectura":"3 minutes"},"schema":{"@context":"https:\/\/schema.org","@graph":[{"@type":"WebPage","@id":"https:\/\/www.terravision.eu\/spagnolo\/london-pass.html","url":"https:\/\/www.terravision.eu\/spagnolo\/london-pass.html","name":"London Pass | Terravision","isPartOf":{"@id":"https:\/\/www.terravision.eu\/spagnolo\/#website"},"datePublished":"2014-03-10T10:00:17+00:00","description":"London Pass. Tarjeta tur\u00edstica de Londres: sin filas y entra grat\u00eds en m\u00e1s de 60 atracciones tur\u00edsticas de Londres, uso de transportes p\u00fablicos ilimitados.","breadcrumb":{"@id":"https:\/\/www.terravision.eu\/spagnolo\/london-pass.html#breadcrumb"},"inLanguage":"es-ES","potentialAction":[{"@type":"ReadAction","target":["https:\/\/www.terravision.eu\/spagnolo\/london-pass.html"]}]},{"@type":"BreadcrumbList","@id":"https:\/\/www.terravision.eu\/spagnolo\/london-pass.html#breadcrumb","itemListElement":[{"@type":"ListItem","position":1,"name":"Home","item":"https:\/\/www.terravision.eu\/spagnolo\/"},{"@type":"ListItem","position":2,"name":"London Pass"}]},{"@type":"WebSite","@id":"https:\/\/www.terravision.eu\/spagnolo\/#website","url":"https:\/\/www.terravision.eu\/spagnolo\/","name":"Terravision Espa\u00f1a","description":"Conexiones low-cost desde\/hacia los principales aeropuertos europeos","potentialAction":[{"@type":"SearchAction","target":{"@type":"EntryPoint","urlTemplate":"https:\/\/www.terravision.eu\/spagnolo\/?s={search_term_string}"},"query-input":{"@type":"PropertyValueSpecification","valueRequired":true,"valueName":"search_term_string"}}],"inLanguage":"es-ES"}]}},"_links":{"self":[{"href":"https:\/\/www.terravision.eu\/spagnolo\/wp-json\/wp\/v2\/pages\/8483","targetHints":{"allow":["GET"]}}],"collection":[{"href":"https:\/\/www.terravision.eu\/spagnolo\/wp-json\/wp\/v2\/pages"}],"about":[{"href":"https:\/\/www.terravision.eu\/spagnolo\/wp-json\/wp\/v2\/types\/page"}],"author":[{"embeddable":true,"href":"https:\/\/www.terravision.eu\/spagnolo\/wp-json\/wp\/v2\/users\/1"}],"replies":[{"embeddable":true,"href":"https:\/\/www.terravision.eu\/spagnolo\/wp-json\/wp\/v2\/comments?post=8483"}],"version-history":[{"count":0,"href":"https:\/\/www.terravision.eu\/spagnolo\/wp-json\/wp\/v2\/pages\/8483\/revisions"}],"wp:attachment":[{"href":"https:\/\/www.terravision.eu\/spagnolo\/wp-json\/wp\/v2\/media?parent=8483"}],"curies":[{"name":"wp","href":"https:\/\/api.w.org\/{rel}","templated":true}]}}