{"id":8484,"date":"2013-10-01T15:25:38","date_gmt":"2013-10-01T15:25:38","guid":{"rendered":"https:\/\/www.terravision.eu\/spagnolo\/?page_id=8484"},"modified":"2018-11-16T12:09:35","modified_gmt":"2018-11-16T12:09:35","slug":"city-sightseeing-florencia","status":"publish","type":"page","link":"https:\/\/www.terravision.eu\/spagnolo\/city-tours-europe\/tour-y-museos-de-florencia\/city-sightseeing-florencia.html","title":{"rendered":"City Sightseeing Florencia"},"content":{"rendered":"<div class=\"title-right\"><span class=\"price\">20<\/span><span class=\"valuta\">\u20ac<\/span><\/div>\n<p><img decoding=\"async\" src=\"https:\/\/www.terravision.eu\/files\/2013\/09\/city_sightseeing_logo.png\" style=\"margin: 10px 15px;float: right\"><\/p>\n<p>Disfruta al m\u00e1ximo tu estancia en<strong> Florencia <\/strong>con los autobuses tur\u00edsticos de dos pisos <strong>City Sightseeing<\/strong> hop-on hop-off, subiendo y bajando cuando lo desees.  Gracias a las dos lineas de City Sightseeing  podr\u00e1s admirar  todos los puntos de mayor inter\u00e9s de la ciudad como sus plazas, museos. Sus dos lineas efectuan <strong>paradas en los sitios m\u00e1s estrat\u00e9gicos de la ciudad<\/strong>. Recorre la ciudad con los autobuses  City Sightseeing y tendr\u00e1s garantizado las mejores vistas de los principales sitios tur\u00edsticos de la ciudad.Con los billetes del tour tendr\u00e1s acceso gratu\u00edo a  los transportes p\u00fablicos del ATAF.<\/p>\n<p><strong>Principales puntos de inter\u00e9s de Florencia<\/strong>:<\/p>\n<ul>\n<li>Palacio Pitti &#8211; Jard\u00edn Boboli<\/li>\n<li>Galleria de la Academia<\/li>\n<li>Galeria Uffizi <\/li>\n<li>La Catedral (Cathedral Square)<\/li>\n<li>Museo Nacional Bargello <\/li>\n<li>Santa Cruz<\/li>\n<li>El Ponte Vecchio<\/li>\n<\/ul>\n<div class=\"collapse tour-info collapsed\">\n<h2 class=\"title\">City Sightseeing Florencia &#8211; Info:<\/h2>\n<p><strong>D\u00edas disponibles<\/strong>: todos los d\u00edas<br \/>\n<strong>Punto de salida<\/strong>: Santa Maria Novella<br \/>\n<strong>Duraci\u00f3n linea A<\/strong>: 1 hora<br \/>\n<strong>Frecuencia linea A<\/strong>: cada 15mins<br \/>\n<strong>Duraci\u00f3n linea B<\/strong>: 2 horas<br \/>\n<strong>Frecuencia linea B<\/strong>: cada hora<br \/>\n<strong>Audio gu\u00eda<\/strong>: incluida<br \/>\n<strong>Idiomas disponibles: <\/strong> <\/p>\n<ul class=\"flags\">\n<li class=\"gb\"><\/li>\n<li class=\"es\"><\/li>\n<li class=\"de\"><\/li>\n<li class=\"fr\"><\/li>\n<li class=\"it\"><\/li>\n<li class=\"ru\"><\/li>\n<li class=\"jp\"><\/li>\n<li class=\"pt\"><\/li>\n<\/ul>\n<p><strong>M\u00e1s info:<\/strong><br \/>\nCon los autobusese City Sightseeing  de 2 pisos  podr\u00e1s admirar los principales puntos tur\u00edsticos de la ciudad como:la catedral, la Galeria de la  Academia, la Galeria de los  Uffizi, la Iglesia Santa  Maria Novella y Santa Cruz, el  Ponte Vecchio, los jardines Boboli, la Iglesia y el Convento de San Marcos.<br \/>\nPara una noche inolvidable nada mejor que visitar la Plaza de la Signoria, con un ambiente relajado y tranquilo, o Oltrarno para mayor diversi\u00f3n.<\/p>\n<p>M\u00e1s info:<br \/>\n<a href=\"\" target=\"_blank\">Mappa<\/a><br \/>\n<a href=\"\" target=\"_blank\">Horarios<\/a><br \/>\n<a href=\"\" target=\"_blank\">Folleto<\/a>\n<\/div>\n<div class=\"collapse tour-info\">\n<h2 class=\"title\">Precios:<\/h2>\n<p><strong>Billete 24 horas<\/strong><br \/>\no: \u20ac 20.00<br \/>\nNi\u00f1os (6-15 a\u00f1os): \u20ac 10.00<br \/>\nNi\u00f1os (0-5 a\u00f1os): Gratis<\/p>\n<p><strong>Billete 48 horas<\/strong><br \/>\nAdults: \u20ac 25.00<br \/>\nNi\u00f1os (6-15 a\u00f1os): \u20ac 12.00<br \/>\nNi\u00f1os (0-5 a\u00f1os): Gratis<\/p>\n<p>NB. Por favor, seleccione  \u201cbeb\u00e9\u201d cuando reserve para ni\u00f1os menores de 6 a\u00f1os.<\/p><\/div>\n<div class=\"collapse tour-info collapsed\">\n<h2 class=\"title\">Paradas Linea A<\/h2>\n<ul>\n<li>Parada 1 &#8211; Plaza de la Estaci\u00f3n FS SMN<\/li>\n<li>Parada 2 &#8211; Plaza della Libert\u00e0<\/li>\n<li>Parada 3 &#8211; Plaza Donatello<\/li>\n<li>Parada 4 &#8211; Plaza DAzeglio<\/li>\n<li>Parada 5 &#8211; Plaza Beccaria<\/li>\n<li>Parada 6 &#8211; Corso Tintori<\/li>\n<li>Parada 7 &#8211; Teatro Verdi<\/li>\n<li>Parada 8 &#8211; Lungarno Pecori Giraldi<\/li>\n<li>Parada 9 &#8211; Plaza Ferrucci<\/li>\n<li>Parada 10 &#8211; Plaza Michelangelo<\/li>\n<li>Parada 11 &#8211; Plaza Galileo<\/li>\n<li>Parada 12 &#8211; Villa Cora<\/li>\n<li>Parada 13 &#8211; Puerta Romana<\/li>\n<li>Parada 14 &#8211; Pitti<\/li>\n<li>Parada 15 &#8211; Tornabuoni<\/li>\n<li>Parada 16 &#8211; Antinori<\/li>\n<li>Parada 17 &#8211; Plaza Unit\u00e0<\/li>\n<\/ul>\n<\/div>\n<div class=\"collapse tour-info collapsed\">\n<h2 class=\"title\">Paradas Linea B<\/h2>\n<ul>\n<li>Parada 1 &#8211; Plaza de la Estaci\u00f3n FS SMN<\/li>\n<li>Parada 2 &#8211; Plaza de la Libert\u00e0<\/li>\n<li>Parada 3 &#8211; Plaza Donatello<\/li>\n<li>Parada 4 &#8211; Plaza DAzeglio<\/li>\n<li>Parada 5 &#8211; Plaza Beccaria<\/li>\n<li>Parada 6 &#8211; Corso Tintori<\/li>\n<li>Parada 7 &#8211; Teatro Verdi<\/li>\n<li>Parada 8 &#8211; Lungo lAffrico<\/li>\n<li>Parada 9 &#8211; Villa Camerata<\/li>\n<li>Parada 10 &#8211; San Domenico<\/li>\n<li>Parada 11 &#8211; Regresso<\/li>\n<li>Parada 12 &#8211; Fiesole<\/li>\n<li>Parada 13 &#8211; Regresso<\/li>\n<li>Parada 14 &#8211; San Domenico<\/li>\n<li>Parada 15 &#8211; Villa Camerata<\/li>\n<li>Parada 16 &#8211; Estadio <\/li>\n<li>Parada 17 &#8211; Plaza Donatello<\/li>\n<li>Parada 18 &#8211; Plaza Beccaria<\/li>\n<li>Parada 19 &#8211; Lungarno Pecori Giraldi<\/li>\n<li>Parada 20 &#8211; Plaza Michelangelo<\/li>\n<li>Parada 21 &#8211; Plaza Galileo<\/li>\n<li>Parada 22 &#8211; Villa Cora<\/li>\n<li>Parada 23 &#8211; Puerta Romana<\/li>\n<li>Parada 24 &#8211; Pitti<\/li>\n<li>Parada 25 &#8211; Tornabuoni<\/li>\n<li>Parada 26 &#8211; Antinori<\/li>\n<li>Parada 27 &#8211; Plaza Montelungo<\/li>\n<\/ul>\n<\/div>\n<p>&lt;<\/p>\n<div class=\"collapse tour-info\">\n<h2 class=\"title\">C\u00f3mo reservar y utilizar los billetes<\/h2>\n<p>1- Reserva tu  city tour con Terravision.<br \/>\n2- Imprime tu voucher<br \/>\n3- Cambia tu voucher en cualquiera de los autobusesde Florencia Sightseeing<br \/>\n4- \u00a1 Divieretete con el tour!<br \/>\n <strong> NB. El voucher tiene una validez de 1 mes a partir de la fecha para la cual ha reservado el tour.<\/strong>\n<\/div>\n<div class=\"collapse tour-info\">\n<h2 class=\"title\">Contactos <\/h2>\n<p>En colaboraci\u00f3n con  City Sightseeing Wordwide<br \/>\nTel:  : +39 055290451<br \/>\nEmail: info@city-sightseeing.com<\/p>\n<p><strong>Terravision Info<\/strong><br \/>\nDe Lunes a Sabados de 9.00 am a 6.00 pm : +39 06.97.61.06.32<br \/>\nSiguenos en  <a href=\"http:\/\/www.facebook.com\/terravision.eu\" title=\"Terravision on Facebook\" target=\"_blank\">Facebook<\/a>, <a href=\"https:\/\/www.google.com\/+terravision\" title=\"Terravision on Google+\" target=\"_blank\">Google+<\/a> or <a href=\"http:\/\/pinterest.com\/terravisiongp\/\" title=\"Terravision on Pinterest\" target=\"_blank\">Pinterest<\/a> para mayor info!.<\/div>\n","protected":false},"excerpt":{"rendered":"<p>20\u20ac Disfruta al m\u00e1ximo tu estancia en Florencia con los autobuses tur\u00edsticos de dos pisos City Sightseeing hop-on hop-off, subiendo y bajando cuando lo desees. Gracias a las dos lineas de City Sightseeing podr\u00e1s admirar todos los puntos de mayor inter\u00e9s de la ciudad como sus plazas, museos. Sus dos lineas efectuan paradas en los [&hellip;]<\/p>\n","protected":false},"author":1,"featured_media":0,"parent":7322,"menu_order":0,"comment_status":"open","ping_status":"open","template":"","meta":{"footnotes":""},"class_list":["post-8484","page","type-page","status-publish","hentry"],"yoast_head":"<!-- This site is optimized with the Yoast SEO Premium plugin v24.4 (Yoast SEO v24.4) - https:\/\/yoast.com\/wordpress\/plugins\/seo\/ -->\n<title>City Sightseeing Florencia - Hop on Hop off Florencia | Terravision<\/title>\n<meta name=\"description\" content=\"City Sightseeing Florencia. Tour en autob\u00fas de dos pisos,billetes v\u00e1lidos 24\/48 horas, paradas en los principales puntos tur\u00edsticos. F\u00e1cil y conveniente.\" \/>\n<meta name=\"robots\" content=\"index, follow, max-snippet:-1, max-image-preview:large, max-video-preview:-1\" \/>\n<link rel=\"canonical\" href=\"https:\/\/www.terravision.eu\/spagnolo\/city-tours-europe\/tour-y-museos-de-florencia\/city-sightseeing-florencia.html\" \/>\n<meta property=\"og:locale\" content=\"es_ES\" \/>\n<meta property=\"og:type\" content=\"article\" \/>\n<meta property=\"og:title\" content=\"City Sightseeing Florencia\" \/>\n<meta property=\"og:description\" content=\"City Sightseeing Florencia. Tour en autob\u00fas de dos pisos,billetes v\u00e1lidos 24\/48 horas, paradas en los principales puntos tur\u00edsticos. F\u00e1cil y conveniente.\" \/>\n<meta property=\"og:url\" content=\"https:\/\/www.terravision.eu\/spagnolo\/city-tours-europe\/tour-y-museos-de-florencia\/city-sightseeing-florencia.html\" \/>\n<meta property=\"og:site_name\" content=\"Terravision Espa\u00f1a\" \/>\n<meta property=\"article:modified_time\" content=\"2018-11-16T12:09:35+00:00\" \/>\n<meta property=\"og:image\" content=\"https:\/\/www.terravision.eu\/files\/2013\/09\/city_sightseeing_logo.png\" \/>\n<meta name=\"twitter:label1\" content=\"Tiempo de lectura\" \/>\n\t<meta name=\"twitter:data1\" content=\"3 minutes\" \/>\n<script type=\"application\/ld+json\" class=\"yoast-schema-graph\">{\"@context\":\"https:\/\/schema.org\",\"@graph\":[{\"@type\":\"WebPage\",\"@id\":\"https:\/\/www.terravision.eu\/spagnolo\/city-tours-europe\/tour-y-museos-de-florencia\/city-sightseeing-florencia.html\",\"url\":\"https:\/\/www.terravision.eu\/spagnolo\/city-tours-europe\/tour-y-museos-de-florencia\/city-sightseeing-florencia.html\",\"name\":\"City Sightseeing Florencia - Hop on Hop off Florencia | Terravision\",\"isPartOf\":{\"@id\":\"https:\/\/www.terravision.eu\/spagnolo\/#website\"},\"primaryImageOfPage\":{\"@id\":\"https:\/\/www.terravision.eu\/spagnolo\/city-tours-europe\/tour-y-museos-de-florencia\/city-sightseeing-florencia.html#primaryimage\"},\"image\":{\"@id\":\"https:\/\/www.terravision.eu\/spagnolo\/city-tours-europe\/tour-y-museos-de-florencia\/city-sightseeing-florencia.html#primaryimage\"},\"thumbnailUrl\":\"https:\/\/www.terravision.eu\/files\/2013\/09\/city_sightseeing_logo.png\",\"datePublished\":\"2013-10-01T15:25:38+00:00\",\"dateModified\":\"2018-11-16T12:09:35+00:00\",\"description\":\"City Sightseeing Florencia. Tour en autob\u00fas de dos pisos,billetes v\u00e1lidos 24\/48 horas, paradas en los principales puntos tur\u00edsticos. F\u00e1cil y conveniente.\",\"breadcrumb\":{\"@id\":\"https:\/\/www.terravision.eu\/spagnolo\/city-tours-europe\/tour-y-museos-de-florencia\/city-sightseeing-florencia.html#breadcrumb\"},\"inLanguage\":\"es-ES\",\"potentialAction\":[{\"@type\":\"ReadAction\",\"target\":[\"https:\/\/www.terravision.eu\/spagnolo\/city-tours-europe\/tour-y-museos-de-florencia\/city-sightseeing-florencia.html\"]}]},{\"@type\":\"ImageObject\",\"inLanguage\":\"es-ES\",\"@id\":\"https:\/\/www.terravision.eu\/spagnolo\/city-tours-europe\/tour-y-museos-de-florencia\/city-sightseeing-florencia.html#primaryimage\",\"url\":\"https:\/\/www.terravision.eu\/files\/2013\/09\/city_sightseeing_logo.png\",\"contentUrl\":\"https:\/\/www.terravision.eu\/files\/2013\/09\/city_sightseeing_logo.png\"},{\"@type\":\"BreadcrumbList\",\"@id\":\"https:\/\/www.terravision.eu\/spagnolo\/city-tours-europe\/tour-y-museos-de-florencia\/city-sightseeing-florencia.html#breadcrumb\",\"itemListElement\":[{\"@type\":\"ListItem\",\"position\":1,\"name\":\"Home\",\"item\":\"https:\/\/www.terravision.eu\/spagnolo\/\"},{\"@type\":\"ListItem\",\"position\":2,\"name\":\"City Tours en Europa\",\"item\":\"https:\/\/www.terravision.eu\/spagnolo\/city-tours-europe.html\"},{\"@type\":\"ListItem\",\"position\":3,\"name\":\"Tour y museos en Florencia\",\"item\":\"https:\/\/www.terravision.eu\/spagnolo\/city-tours-europe\/tour-y-museos-de-florencia.html\"},{\"@type\":\"ListItem\",\"position\":4,\"name\":\"City Sightseeing Florencia\"}]},{\"@type\":\"WebSite\",\"@id\":\"https:\/\/www.terravision.eu\/spagnolo\/#website\",\"url\":\"https:\/\/www.terravision.eu\/spagnolo\/\",\"name\":\"Terravision Espa\u00f1a\",\"description\":\"Conexiones low-cost desde\/hacia los principales aeropuertos europeos\",\"potentialAction\":[{\"@type\":\"SearchAction\",\"target\":{\"@type\":\"EntryPoint\",\"urlTemplate\":\"https:\/\/www.terravision.eu\/spagnolo\/?s={search_term_string}\"},\"query-input\":{\"@type\":\"PropertyValueSpecification\",\"valueRequired\":true,\"valueName\":\"search_term_string\"}}],\"inLanguage\":\"es-ES\"}]}<\/script>\n<!-- \/ Yoast SEO Premium plugin. -->","yoast_head_json":{"title":"City Sightseeing Florencia - Hop on Hop off Florencia | Terravision","description":"City Sightseeing Florencia. Tour en autob\u00fas de dos pisos,billetes v\u00e1lidos 24\/48 horas, paradas en los principales puntos tur\u00edsticos. F\u00e1cil y conveniente.","robots":{"index":"index","follow":"follow","max-snippet":"max-snippet:-1","max-image-preview":"max-image-preview:large","max-video-preview":"max-video-preview:-1"},"canonical":"https:\/\/www.terravision.eu\/spagnolo\/city-tours-europe\/tour-y-museos-de-florencia\/city-sightseeing-florencia.html","og_locale":"es_ES","og_type":"article","og_title":"City Sightseeing Florencia","og_description":"City Sightseeing Florencia. Tour en autob\u00fas de dos pisos,billetes v\u00e1lidos 24\/48 horas, paradas en los principales puntos tur\u00edsticos. F\u00e1cil y conveniente.","og_url":"https:\/\/www.terravision.eu\/spagnolo\/city-tours-europe\/tour-y-museos-de-florencia\/city-sightseeing-florencia.html","og_site_name":"Terravision Espa\u00f1a","article_modified_time":"2018-11-16T12:09:35+00:00","og_image":[{"url":"https:\/\/www.terravision.eu\/files\/2013\/09\/city_sightseeing_logo.png","type":"","width":"","height":""}],"twitter_misc":{"Tiempo de lectura":"3 minutes"},"schema":{"@context":"https:\/\/schema.org","@graph":[{"@type":"WebPage","@id":"https:\/\/www.terravision.eu\/spagnolo\/city-tours-europe\/tour-y-museos-de-florencia\/city-sightseeing-florencia.html","url":"https:\/\/www.terravision.eu\/spagnolo\/city-tours-europe\/tour-y-museos-de-florencia\/city-sightseeing-florencia.html","name":"City Sightseeing Florencia - Hop on Hop off Florencia | Terravision","isPartOf":{"@id":"https:\/\/www.terravision.eu\/spagnolo\/#website"},"primaryImageOfPage":{"@id":"https:\/\/www.terravision.eu\/spagnolo\/city-tours-europe\/tour-y-museos-de-florencia\/city-sightseeing-florencia.html#primaryimage"},"image":{"@id":"https:\/\/www.terravision.eu\/spagnolo\/city-tours-europe\/tour-y-museos-de-florencia\/city-sightseeing-florencia.html#primaryimage"},"thumbnailUrl":"https:\/\/www.terravision.eu\/files\/2013\/09\/city_sightseeing_logo.png","datePublished":"2013-10-01T15:25:38+00:00","dateModified":"2018-11-16T12:09:35+00:00","description":"City Sightseeing Florencia. Tour en autob\u00fas de dos pisos,billetes v\u00e1lidos 24\/48 horas, paradas en los principales puntos tur\u00edsticos. F\u00e1cil y conveniente.","breadcrumb":{"@id":"https:\/\/www.terravision.eu\/spagnolo\/city-tours-europe\/tour-y-museos-de-florencia\/city-sightseeing-florencia.html#breadcrumb"},"inLanguage":"es-ES","potentialAction":[{"@type":"ReadAction","target":["https:\/\/www.terravision.eu\/spagnolo\/city-tours-europe\/tour-y-museos-de-florencia\/city-sightseeing-florencia.html"]}]},{"@type":"ImageObject","inLanguage":"es-ES","@id":"https:\/\/www.terravision.eu\/spagnolo\/city-tours-europe\/tour-y-museos-de-florencia\/city-sightseeing-florencia.html#primaryimage","url":"https:\/\/www.terravision.eu\/files\/2013\/09\/city_sightseeing_logo.png","contentUrl":"https:\/\/www.terravision.eu\/files\/2013\/09\/city_sightseeing_logo.png"},{"@type":"BreadcrumbList","@id":"https:\/\/www.terravision.eu\/spagnolo\/city-tours-europe\/tour-y-museos-de-florencia\/city-sightseeing-florencia.html#breadcrumb","itemListElement":[{"@type":"ListItem","position":1,"name":"Home","item":"https:\/\/www.terravision.eu\/spagnolo\/"},{"@type":"ListItem","position":2,"name":"City Tours en Europa","item":"https:\/\/www.terravision.eu\/spagnolo\/city-tours-europe.html"},{"@type":"ListItem","position":3,"name":"Tour y museos en Florencia","item":"https:\/\/www.terravision.eu\/spagnolo\/city-tours-europe\/tour-y-museos-de-florencia.html"},{"@type":"ListItem","position":4,"name":"City Sightseeing Florencia"}]},{"@type":"WebSite","@id":"https:\/\/www.terravision.eu\/spagnolo\/#website","url":"https:\/\/www.terravision.eu\/spagnolo\/","name":"Terravision Espa\u00f1a","description":"Conexiones low-cost desde\/hacia los principales aeropuertos europeos","potentialAction":[{"@type":"SearchAction","target":{"@type":"EntryPoint","urlTemplate":"https:\/\/www.terravision.eu\/spagnolo\/?s={search_term_string}"},"query-input":{"@type":"PropertyValueSpecification","valueRequired":true,"valueName":"search_term_string"}}],"inLanguage":"es-ES"}]}},"_links":{"self":[{"href":"https:\/\/www.terravision.eu\/spagnolo\/wp-json\/wp\/v2\/pages\/8484","targetHints":{"allow":["GET"]}}],"collection":[{"href":"https:\/\/www.terravision.eu\/spagnolo\/wp-json\/wp\/v2\/pages"}],"about":[{"href":"https:\/\/www.terravision.eu\/spagnolo\/wp-json\/wp\/v2\/types\/page"}],"author":[{"embeddable":true,"href":"https:\/\/www.terravision.eu\/spagnolo\/wp-json\/wp\/v2\/users\/1"}],"replies":[{"embeddable":true,"href":"https:\/\/www.terravision.eu\/spagnolo\/wp-json\/wp\/v2\/comments?post=8484"}],"version-history":[{"count":1,"href":"https:\/\/www.terravision.eu\/spagnolo\/wp-json\/wp\/v2\/pages\/8484\/revisions"}],"predecessor-version":[{"id":13299,"href":"https:\/\/www.terravision.eu\/spagnolo\/wp-json\/wp\/v2\/pages\/8484\/revisions\/13299"}],"up":[{"embeddable":true,"href":"https:\/\/www.terravision.eu\/spagnolo\/wp-json\/wp\/v2\/pages\/7322"}],"wp:attachment":[{"href":"https:\/\/www.terravision.eu\/spagnolo\/wp-json\/wp\/v2\/media?parent=8484"}],"curies":[{"name":"wp","href":"https:\/\/api.w.org\/{rel}","templated":true}]}}