{"id":8887,"date":"2013-10-11T16:16:07","date_gmt":"2013-10-11T16:16:07","guid":{"rendered":"https:\/\/www.terravision.eu\/spagnolo\/?page_id=8887"},"modified":"2013-10-11T16:16:07","modified_gmt":"2013-10-11T16:16:07","slug":"basilica-de-san-pedro","status":"publish","type":"page","link":"https:\/\/www.terravision.eu\/spagnolo\/city-tours-europe\/orpnet\/basilica-de-san-pedro.html","title":{"rendered":"C\u00e1rcel de San Pedro"},"content":{"rendered":"<div class=\"title-right\"><span class=\"price\">5<\/span><span class=\"valuta\">\u20ac<\/span>&lt;input class=&quot;submit&quot; type=&quot;submit&quot; value=&quot;Reservar&quot; <\/span><\/div>\n<h2>Tour de la c\u00e1rcel de San Pedro (C\u00e1rcel Mamertino) <\/h2>\n<p>\u00a1Finalmente incluido en los tours Vaticano!<br \/>\nLlamada tambi\u00e9n la C\u00e1rcel de San Pedro, la C\u00e1rcel de Tulliano era un lugar de m\u00e1xima seguridad en tiempos del Imperio Romano; fue tambi\u00e9n considerado como lugar de culto por los primeros Cristianos.<\/p>\n<p>La c\u00e1rcel se puede visitar y el tour incluye:<br \/>\n&#8211; Tour Multimedia con audio-gu\u00eda<br \/>\n&#8211; Visita de: Capilla de San Pedro, tour virtual del Tulliano, Murallas Antiguas y Capilla de la Santa Cruz.<\/p>\n<div class=\"collapse tour-info collapsed\">\n<h2 class=\"title\">Info:<\/h2>\n<p><strong>Disponibles<\/strong>: Todos los d\u00edas<br \/>\n<strong>Horario:<\/strong><br \/>\nNoviembre a marzo: 9:00 &#8211; 17:00, \u00faltima entrada a las 16:20<br \/>\nMarzo a octubre: 9:00 &#8211; 19:00, \u00faltima entrada a las 18:20<br \/>\n<strong>Frecuencia:<\/strong> cada 15 minutos<br \/>\n<strong>Duraci\u00f3n:<\/strong> 30 minutos<br \/>\n<strong>Punto de encuentro:<\/strong> En frente de la C\u00e1rcel de San Pedro, clivo Argentario 1<br \/>\n<strong>Idiomas disponibles<\/strong>: <\/p>\n<ul class=\"flags\">\n<li class=\"gb\"><\/li>\n<li class=\"es\"><\/li>\n<li class=\"de\"><\/li>\n<li class=\"it\"><\/li>\n<li class=\"fr\"><\/li>\n<\/ul>\n<p><strong>Incluye <\/strong>:  Tour Multimedia con audio-gu\u00eda<br \/>\n&#8211; Visita de: Capilla de San Pedro, tour virtual del Tulliano, Murallas Antiguas y la Capilla de la Santa Cruz.<\/p>\n<\/div>\n<div class=\"collapse tour-info\">\n<h2 class=\"title\">Precios:<\/h2>\n<p><strong>Adults:<\/strong>  \u20ac 5<br \/>\n<strong>Ni\u00f1os (6-18)<\/strong>: \u20ac 5<br \/>\n<strong>Ni\u00f1os (0-6)<\/strong>: Grat\u00eds<br \/>\nPor favor reservar beb\u00e9 para menores de 6 a\u00f1os.<\/div>\n<div class=\"collapse tour-info\">\n<h2 class=\"title\">C\u00f3mo reservar y utilizar los billetes:<\/h2>\n<p><strong>1<\/strong>-Reserva el city tour con Terravision. <\/p>\n<p><strong>2<\/strong>-Imprime el voucher<\/p>\n<p><strong>3<\/strong>-Cambia el voucher en uno de los siguientes puntos(3 opciones): <\/p>\n<ul>\n<li>&#8211; Cambia el voucher en el punto de encuentro indicado en el tour.<br \/>\nPD. Para los Museos Vaticanos y las Catedrales: por favor aseg\u00farate de llegar 15 minutos antes del horario de salida del tour.<\/li>\n<li>&#8211; Cambia el voucher en cualquier de los puntos ORP. <\/li>\n<li>&#8211; Cambia el voucher en cualquier Open Bus de Roma Cristiana.<\/li>\n<\/ul>\n<p><strong>4<\/strong>-Divi\u00e9rtete con el tour!\n<\/div>\n<div class=\"collapse tour-info\">\n<h2 class=\"title\">D\u00f3nde cambiar el voucher:<\/h2>\n<p><strong>O.R.P. &#8211; San Pedro<\/strong> P.za Pio XII, 9<\/p>\n<ul>\n<li>horario: 9 am &#8211; 18 pm (Lunes &#8211; Viernes); 9 am &#8211; 14 pm (S\u00e1bado, Domingo)<\/li>\n<\/ul>\n<p><strong>O.R.P. en el Palacio Vicariato <\/strong> Via della Pigna 13\/a (Zona Largo Argentina)<\/p>\n<ul>\n<li>horario: 9 am &#8211; 13 pm; 14.30 pm &#8211; 18 pm (Lunes &#8211; Viernes)<\/li>\n<\/ul>\n<p><strong>O.R.P. &#8211; San Juan de Latr\u00e1n, dentro del Palacio Lateranense<\/strong> Piazza di Porta S. Giovanni, 6<\/p>\n<ul>\n<li>horario: 9 am &#8211; 13 pm; 14.30 pm &#8211; 18 pm (Lunes &#8211; Viernes)<\/li>\n<\/ul>\n<p><strong>Roma Cristiana Foro Imperial Punto de encuentro en la C\u00e1rcel de San Pedro<\/strong> Clivo Argentario, 1<\/p>\n<ul>\n<li>horario: 9 am &#8211; 16.20 pm (Lunes &#8211; Domingo)<\/li>\n<\/ul>\n<p><strong>En cualquiera Open Bus de Roma Cristiana<\/strong><\/div>\n<div class=\"collapse tour-info\">\n<h2 class=\"title\">Cont\u00e1ctos<\/h2>\n<p><strong>En colaboraci\u00f3n con Opera Romana Pellegrinaggi<\/strong><br \/>\nhorario: 9 am &#8211; 18 pm, Lunes-Viernes<br \/>\nTel: +39 06698961<br \/>\nEmail: info@operaromanapellegrinaggi.org<\/p>\n<p><strong> Info Terravision<\/strong><br \/>\nLunes &#8211; S\u00e1bado: 9.00 am a 18.00 pm : +39 06.97.61.06.32<br \/>\nSiguenos en <a href=\"http:\/\/www.facebook.com\/terravision.eu\" title=\"Terravision on Facebook\" target=\"_blank\">Facebook<\/a>, <a href=\"http:\/\/www.twitter.com\/terravision.eu\" title=\"Terravision on Twitter\" target=\"_blank\">Twitter<\/a>, <a href=\"https:\/\/www.google.com\/+terravision\" title=\"Terravision on Google+\" target=\"_blank\">Google+<\/a> or <a href=\"http:\/\/pinterest.com\/terravisiongp\/\" title=\"Terravision on Pinterest\" target=\"_blank\">Pinterest<\/a> para m\u00e1s info!<\/div>\n<\/div>\n","protected":false},"excerpt":{"rendered":"<p>5\u20ac&lt;input class=&quot;submit&quot; type=&quot;submit&quot; value=&quot;Reservar&quot; Tour de la c\u00e1rcel de San Pedro (C\u00e1rcel Mamertino) \u00a1Finalmente incluido en los tours Vaticano! Llamada tambi\u00e9n la C\u00e1rcel de San Pedro, la C\u00e1rcel de Tulliano era un lugar de m\u00e1xima seguridad en tiempos del Imperio Romano; fue tambi\u00e9n considerado como lugar de culto por los primeros Cristianos. La c\u00e1rcel se [&hellip;]<\/p>\n","protected":false},"author":1,"featured_media":0,"parent":121,"menu_order":0,"comment_status":"open","ping_status":"open","template":"page-citytour.php","meta":{"footnotes":""},"class_list":["post-8887","page","type-page","status-publish","hentry"],"yoast_head":"<!-- This site is optimized with the Yoast SEO Premium plugin v24.4 (Yoast SEO v24.4) - https:\/\/yoast.com\/wordpress\/plugins\/seo\/ -->\n<title>C\u00e1rcel de San Pedro - Tour de la c\u00e1rcel de San Pedro) | Terravision<\/title>\n<meta name=\"description\" content=\"C\u00e1rcel de San Pedro. Tour multimedia de la c\u00e1rcel de San Pedro (Mamertino) con audio-gu\u00eda. incluye la visita de las Capillas de San Pedro y de Santa Cruz.\" \/>\n<meta name=\"robots\" content=\"index, follow, max-snippet:-1, max-image-preview:large, max-video-preview:-1\" \/>\n<link rel=\"canonical\" href=\"https:\/\/www.terravision.eu\/spagnolo\/city-tours-europe\/orpnet\/basilica-de-san-pedro.html\" \/>\n<meta property=\"og:locale\" content=\"es_ES\" \/>\n<meta property=\"og:type\" content=\"article\" \/>\n<meta property=\"og:title\" content=\"C\u00e1rcel de San Pedro\" \/>\n<meta property=\"og:description\" content=\"C\u00e1rcel de San Pedro. Tour multimedia de la c\u00e1rcel de San Pedro (Mamertino) con audio-gu\u00eda. incluye la visita de las Capillas de San Pedro y de Santa Cruz.\" \/>\n<meta property=\"og:url\" content=\"https:\/\/www.terravision.eu\/spagnolo\/city-tours-europe\/orpnet\/basilica-de-san-pedro.html\" \/>\n<meta property=\"og:site_name\" content=\"Terravision Espa\u00f1a\" \/>\n<meta name=\"twitter:label1\" content=\"Tiempo de lectura\" \/>\n\t<meta name=\"twitter:data1\" content=\"2 minutes\" \/>\n<script type=\"application\/ld+json\" class=\"yoast-schema-graph\">{\"@context\":\"https:\/\/schema.org\",\"@graph\":[{\"@type\":\"WebPage\",\"@id\":\"https:\/\/www.terravision.eu\/spagnolo\/city-tours-europe\/orpnet\/basilica-de-san-pedro.html\",\"url\":\"https:\/\/www.terravision.eu\/spagnolo\/city-tours-europe\/orpnet\/basilica-de-san-pedro.html\",\"name\":\"C\u00e1rcel de San Pedro - Tour de la c\u00e1rcel de San Pedro) | Terravision\",\"isPartOf\":{\"@id\":\"https:\/\/www.terravision.eu\/spagnolo\/#website\"},\"datePublished\":\"2013-10-11T16:16:07+00:00\",\"description\":\"C\u00e1rcel de San Pedro. Tour multimedia de la c\u00e1rcel de San Pedro (Mamertino) con audio-gu\u00eda. incluye la visita de las Capillas de San Pedro y de Santa Cruz.\",\"breadcrumb\":{\"@id\":\"https:\/\/www.terravision.eu\/spagnolo\/city-tours-europe\/orpnet\/basilica-de-san-pedro.html#breadcrumb\"},\"inLanguage\":\"es-ES\",\"potentialAction\":[{\"@type\":\"ReadAction\",\"target\":[\"https:\/\/www.terravision.eu\/spagnolo\/city-tours-europe\/orpnet\/basilica-de-san-pedro.html\"]}]},{\"@type\":\"BreadcrumbList\",\"@id\":\"https:\/\/www.terravision.eu\/spagnolo\/city-tours-europe\/orpnet\/basilica-de-san-pedro.html#breadcrumb\",\"itemListElement\":[{\"@type\":\"ListItem\",\"position\":1,\"name\":\"Home\",\"item\":\"https:\/\/www.terravision.eu\/spagnolo\/\"},{\"@type\":\"ListItem\",\"position\":2,\"name\":\"City Tours en Europa\",\"item\":\"https:\/\/www.terravision.eu\/spagnolo\/city-tours-europe.html\"},{\"@type\":\"ListItem\",\"position\":3,\"name\":\"City Tours de Roma\",\"item\":\"https:\/\/www.terravision.eu\/spagnolo\/city-tours-europe\/orpnet.html\"},{\"@type\":\"ListItem\",\"position\":4,\"name\":\"C\u00e1rcel de San Pedro\"}]},{\"@type\":\"WebSite\",\"@id\":\"https:\/\/www.terravision.eu\/spagnolo\/#website\",\"url\":\"https:\/\/www.terravision.eu\/spagnolo\/\",\"name\":\"Terravision Espa\u00f1a\",\"description\":\"Conexiones low-cost desde\/hacia los principales aeropuertos europeos\",\"potentialAction\":[{\"@type\":\"SearchAction\",\"target\":{\"@type\":\"EntryPoint\",\"urlTemplate\":\"https:\/\/www.terravision.eu\/spagnolo\/?s={search_term_string}\"},\"query-input\":{\"@type\":\"PropertyValueSpecification\",\"valueRequired\":true,\"valueName\":\"search_term_string\"}}],\"inLanguage\":\"es-ES\"}]}<\/script>\n<!-- \/ Yoast SEO Premium plugin. -->","yoast_head_json":{"title":"C\u00e1rcel de San Pedro - Tour de la c\u00e1rcel de San Pedro) | Terravision","description":"C\u00e1rcel de San Pedro. Tour multimedia de la c\u00e1rcel de San Pedro (Mamertino) con audio-gu\u00eda. incluye la visita de las Capillas de San Pedro y de Santa Cruz.","robots":{"index":"index","follow":"follow","max-snippet":"max-snippet:-1","max-image-preview":"max-image-preview:large","max-video-preview":"max-video-preview:-1"},"canonical":"https:\/\/www.terravision.eu\/spagnolo\/city-tours-europe\/orpnet\/basilica-de-san-pedro.html","og_locale":"es_ES","og_type":"article","og_title":"C\u00e1rcel de San Pedro","og_description":"C\u00e1rcel de San Pedro. Tour multimedia de la c\u00e1rcel de San Pedro (Mamertino) con audio-gu\u00eda. incluye la visita de las Capillas de San Pedro y de Santa Cruz.","og_url":"https:\/\/www.terravision.eu\/spagnolo\/city-tours-europe\/orpnet\/basilica-de-san-pedro.html","og_site_name":"Terravision Espa\u00f1a","twitter_misc":{"Tiempo de lectura":"2 minutes"},"schema":{"@context":"https:\/\/schema.org","@graph":[{"@type":"WebPage","@id":"https:\/\/www.terravision.eu\/spagnolo\/city-tours-europe\/orpnet\/basilica-de-san-pedro.html","url":"https:\/\/www.terravision.eu\/spagnolo\/city-tours-europe\/orpnet\/basilica-de-san-pedro.html","name":"C\u00e1rcel de San Pedro - Tour de la c\u00e1rcel de San Pedro) | Terravision","isPartOf":{"@id":"https:\/\/www.terravision.eu\/spagnolo\/#website"},"datePublished":"2013-10-11T16:16:07+00:00","description":"C\u00e1rcel de San Pedro. Tour multimedia de la c\u00e1rcel de San Pedro (Mamertino) con audio-gu\u00eda. incluye la visita de las Capillas de San Pedro y de Santa Cruz.","breadcrumb":{"@id":"https:\/\/www.terravision.eu\/spagnolo\/city-tours-europe\/orpnet\/basilica-de-san-pedro.html#breadcrumb"},"inLanguage":"es-ES","potentialAction":[{"@type":"ReadAction","target":["https:\/\/www.terravision.eu\/spagnolo\/city-tours-europe\/orpnet\/basilica-de-san-pedro.html"]}]},{"@type":"BreadcrumbList","@id":"https:\/\/www.terravision.eu\/spagnolo\/city-tours-europe\/orpnet\/basilica-de-san-pedro.html#breadcrumb","itemListElement":[{"@type":"ListItem","position":1,"name":"Home","item":"https:\/\/www.terravision.eu\/spagnolo\/"},{"@type":"ListItem","position":2,"name":"City Tours en Europa","item":"https:\/\/www.terravision.eu\/spagnolo\/city-tours-europe.html"},{"@type":"ListItem","position":3,"name":"City Tours de Roma","item":"https:\/\/www.terravision.eu\/spagnolo\/city-tours-europe\/orpnet.html"},{"@type":"ListItem","position":4,"name":"C\u00e1rcel de San Pedro"}]},{"@type":"WebSite","@id":"https:\/\/www.terravision.eu\/spagnolo\/#website","url":"https:\/\/www.terravision.eu\/spagnolo\/","name":"Terravision Espa\u00f1a","description":"Conexiones low-cost desde\/hacia los principales aeropuertos europeos","potentialAction":[{"@type":"SearchAction","target":{"@type":"EntryPoint","urlTemplate":"https:\/\/www.terravision.eu\/spagnolo\/?s={search_term_string}"},"query-input":{"@type":"PropertyValueSpecification","valueRequired":true,"valueName":"search_term_string"}}],"inLanguage":"es-ES"}]}},"_links":{"self":[{"href":"https:\/\/www.terravision.eu\/spagnolo\/wp-json\/wp\/v2\/pages\/8887","targetHints":{"allow":["GET"]}}],"collection":[{"href":"https:\/\/www.terravision.eu\/spagnolo\/wp-json\/wp\/v2\/pages"}],"about":[{"href":"https:\/\/www.terravision.eu\/spagnolo\/wp-json\/wp\/v2\/types\/page"}],"author":[{"embeddable":true,"href":"https:\/\/www.terravision.eu\/spagnolo\/wp-json\/wp\/v2\/users\/1"}],"replies":[{"embeddable":true,"href":"https:\/\/www.terravision.eu\/spagnolo\/wp-json\/wp\/v2\/comments?post=8887"}],"version-history":[{"count":0,"href":"https:\/\/www.terravision.eu\/spagnolo\/wp-json\/wp\/v2\/pages\/8887\/revisions"}],"up":[{"embeddable":true,"href":"https:\/\/www.terravision.eu\/spagnolo\/wp-json\/wp\/v2\/pages\/121"}],"wp:attachment":[{"href":"https:\/\/www.terravision.eu\/spagnolo\/wp-json\/wp\/v2\/media?parent=8887"}],"curies":[{"name":"wp","href":"https:\/\/api.w.org\/{rel}","templated":true}]}}