{"id":8905,"date":"2013-10-15T14:49:08","date_gmt":"2013-10-15T14:49:08","guid":{"rendered":"https:\/\/www.terravision.eu\/spagnolo\/?page_id=8905"},"modified":"2013-10-15T14:49:08","modified_gmt":"2013-10-15T14:49:08","slug":"florencia-walking-tour","status":"publish","type":"page","link":"https:\/\/www.terravision.eu\/spagnolo\/city-tours-europe\/tour-y-museos-de-florencia\/florencia-walking-tour.html","title":{"rendered":"Florence PM"},"content":{"rendered":"<div class=\"title-right\"><span class=\"price\">47<\/span><span class=\"valuta\">\u20ac<\/span><\/div>\n<p><strong>Descubre Florencia con nuestra selecci\u00f3n de visitas guiadas!<\/strong><br \/>\nVisita Florencia al atardecer, descubre sus monumentos y visita la galeria de arte m\u00e1s famosa del mundo. Durante este tour caminando podr\u00e1s admirar adem\u00e1s de la C\u00fapula de Brunelleschi, el Baptistero y la Plaza de la Rep\u00fablica, y otras obras de arte que tiene la ciudad. Desde la terraza de la Galeria de los Oficios podr\u00e1s contemplar un panorama inolvidable de Florencia.<\/p>\n<h4>Florencia PM<\/h4>\n<p>Incluye: Centro de Florencia, Palacio Viejo, la Loggia dei Lanzi, visita guiada vista de la Galeria de los Oficios y del Puente Viejo en la terraza.<\/p>\n<div class=\"collapse tour-info collapsed\">\n<h2 class=\"title\">Tour Info:<\/h2>\n<p><strong>Hasta el 31 de marzo, disponible el<\/strong>: Martes, Jueves, S\u00e1bado<br \/>\n<strong>De 1 abril a 31 octubre, disponible el<\/strong>: Martes , Mi\u00e9rcoles , Jueves, Viernes, S\u00e1bado y Domingo<br \/>\nIdiomas: <\/p>\n<ul class=\"flags\">\n<li class=\"gb\"><\/li>\n<li class=\"es\"><\/li>\n<li class=\"de\"><\/li>\n<li class=\"fr\"><\/li>\n<\/ul>\n<p><strong>Hasta el 31 de octubre, disponible el<\/strong>: S\u00e1bado(excepto julio y agosto)<br \/>\nIdiomas: <\/p>\n<ul class=\"flags\">\n<li class=\"it\"><\/li>\n<\/ul>\n<p><strong>De 1 abril a 31 octubre, disponible el<\/strong>: Martes, Jueves, S\u00e1bado<br \/>\nIdiomas: <\/p>\n<ul class=\"flags\">\n<li class=\"pt\"><\/li>\n<\/ul>\n<p><strong>De 1 abril a 31 octubre, disponible el<\/strong>: Jueves, Domingo<br \/>\nIdiomas: <\/p>\n<ul class=\"flags\">\n<li class=\"ru\"><\/li>\n<\/ul>\n<p><strong>Salida:<\/strong> a las horas 13.45<br \/>\n<strong>Punto di incuentro:<\/strong>Plaza Signoria, delante de la Fuente de Neptuno<br \/>\n<strong>Duraci\u00f3n<\/strong>: 3h45<br \/>\n<strong>Gu\u00eda local<\/strong>: incluido<\/p>\n<p><strong>Grupo de 2 personas min. o 4 personas m\u00edn. para los tour de idiomas portugu\u00e9s o ruso.<\/strong><\/p>\n<p><a href=\"https:\/\/maps.google.it\/maps\/ms?msid=211366733211262669781.0004dd283b4b1313049ab&amp;msa=0&amp;ll=43.769843,11.255794&amp;spn=0.001089,0.002642\" title=\"City Tour Meeting Point\" target=\"_blank\">Consultar el punto de encuentro en el mapa<\/a><\/div>\n<div class=\"collapse tour-info\">\n<h2 class=\"title\">Precios<\/h2>\n<p><strong>Tour en todos los idiomas (excepto ruso)<\/strong><br \/>\n<strong>Adultos:<\/strong>  \u20ac 47<br \/>\n<strong>Ni\u00f1os (7-12 a\u00f1os)<\/strong>: \u20ac 23.50<br \/>\n<strong>Ni\u00f1os (7-12 a\u00f1os)<\/strong>: gratis<br \/>\nSeleccionar &#8220;Beb\u00e9&#8221; para ni\u00f1os menores de 6 a\u00f1os.<br \/>\n<br \/>\n<strong>Tour en ruso<\/strong><br \/>\n<strong>Adultos:<\/strong>  \u20ac 55<br \/>\n<strong>Ni\u00f1os (7-12 a\u00f1os)<\/strong>: \u20ac 27.50<br \/>\n<strong>Ni\u00f1os (7-12 a\u00f1os)<\/strong>: gratis<br \/>\nSeleccionar &#8220;Beb\u00e9&#8221; para ni\u00f1os menores de 6 a\u00f1os.\n<\/div>\n<div class=\"collapse tour-info\">\n<h2 class=\"title\">Contactos<\/h2>\n<p><strong>En colaboraci\u00f3n con Albatravel<\/strong><br \/>\nPlaza dei Rossi, 1 &#8211; 50125 Florencia<br \/>\nLunes-Viernes : +39 055 211 528<br \/>\nWeekends &amp; festivos, emergencias: 39 335 701 4924<br \/>\n<strong><br \/>\nContactos Terravision<\/strong><br \/>\nLunes \u2013 Sabado de las 9.00 a las 18.00 : +39 06.97.61.06.32<br \/>\nSiguenos en <a href=\"http:\/\/www.facebook.com\/terravision.eu\" title=\"Terravision on Facebook\" target=\"_blank\">Facebook<\/a>, <a href=\"http:\/\/www.twitter.com\/terravision.eu\" title=\"Terravision on Twitter\" target=\"_blank\">Twitter<\/a>, <a href=\"https:\/\/www.google.com\/+terravision\" title=\"Terravision on Google+\" target=\"_blank\">Google+<\/a> or <a href=\"http:\/\/pinterest.com\/terravisiongp\/\" title=\"Terravision on Pinterest\" target=\"_blank\">Pinterest<\/a> para m\u00e1s info<\/div>\n","protected":false},"excerpt":{"rendered":"<p>47\u20ac Descubre Florencia con nuestra selecci\u00f3n de visitas guiadas! Visita Florencia al atardecer, descubre sus monumentos y visita la galeria de arte m\u00e1s famosa del mundo. Durante este tour caminando podr\u00e1s admirar adem\u00e1s de la C\u00fapula de Brunelleschi, el Baptistero y la Plaza de la Rep\u00fablica, y otras obras de arte que tiene la ciudad. [&hellip;]<\/p>\n","protected":false},"author":1,"featured_media":0,"parent":7322,"menu_order":0,"comment_status":"open","ping_status":"open","template":"page-citytour.php","meta":{"footnotes":""},"class_list":["post-8905","page","type-page","status-publish","hentry"],"yoast_head":"<!-- This site is optimized with the Yoast SEO Premium plugin v24.4 (Yoast SEO v24.4) - https:\/\/yoast.com\/wordpress\/plugins\/seo\/ -->\n<title>Florence PM - Florencia Walking Tour | Terravision<\/title>\n<meta name=\"description\" content=\"Florencia Walking Tour: visita los lugares m\u00e1s carateristicos de Florencia asi como sus galerias de arte durante el atardecer. Incluye gu\u00eda local.\" \/>\n<meta name=\"robots\" content=\"index, follow, max-snippet:-1, max-image-preview:large, max-video-preview:-1\" \/>\n<link rel=\"canonical\" href=\"https:\/\/www.terravision.eu\/spagnolo\/city-tours-europe\/tour-y-museos-de-florencia\/florencia-walking-tour.html\" \/>\n<meta property=\"og:locale\" content=\"es_ES\" \/>\n<meta property=\"og:type\" content=\"article\" \/>\n<meta property=\"og:title\" content=\"Florence PM\" \/>\n<meta property=\"og:description\" content=\"Florencia Walking Tour: visita los lugares m\u00e1s carateristicos de Florencia asi como sus galerias de arte durante el atardecer. Incluye gu\u00eda local.\" \/>\n<meta property=\"og:url\" content=\"https:\/\/www.terravision.eu\/spagnolo\/city-tours-europe\/tour-y-museos-de-florencia\/florencia-walking-tour.html\" \/>\n<meta property=\"og:site_name\" content=\"Terravision Espa\u00f1a\" \/>\n<meta name=\"twitter:label1\" content=\"Est. reading time\" \/>\n\t<meta name=\"twitter:data1\" content=\"2 minutes\" \/>\n<script type=\"application\/ld+json\" class=\"yoast-schema-graph\">{\"@context\":\"https:\/\/schema.org\",\"@graph\":[{\"@type\":\"WebPage\",\"@id\":\"https:\/\/www.terravision.eu\/spagnolo\/city-tours-europe\/tour-y-museos-de-florencia\/florencia-walking-tour.html\",\"url\":\"https:\/\/www.terravision.eu\/spagnolo\/city-tours-europe\/tour-y-museos-de-florencia\/florencia-walking-tour.html\",\"name\":\"Florence PM - Florencia Walking Tour | Terravision\",\"isPartOf\":{\"@id\":\"https:\/\/www.terravision.eu\/spagnolo\/#website\"},\"datePublished\":\"2013-10-15T14:49:08+00:00\",\"description\":\"Florencia Walking Tour: visita los lugares m\u00e1s carateristicos de Florencia asi como sus galerias de arte durante el atardecer. Incluye gu\u00eda local.\",\"breadcrumb\":{\"@id\":\"https:\/\/www.terravision.eu\/spagnolo\/city-tours-europe\/tour-y-museos-de-florencia\/florencia-walking-tour.html#breadcrumb\"},\"inLanguage\":\"es-ES\",\"potentialAction\":[{\"@type\":\"ReadAction\",\"target\":[\"https:\/\/www.terravision.eu\/spagnolo\/city-tours-europe\/tour-y-museos-de-florencia\/florencia-walking-tour.html\"]}]},{\"@type\":\"BreadcrumbList\",\"@id\":\"https:\/\/www.terravision.eu\/spagnolo\/city-tours-europe\/tour-y-museos-de-florencia\/florencia-walking-tour.html#breadcrumb\",\"itemListElement\":[{\"@type\":\"ListItem\",\"position\":1,\"name\":\"Home\",\"item\":\"https:\/\/www.terravision.eu\/spagnolo\/\"},{\"@type\":\"ListItem\",\"position\":2,\"name\":\"City Tours en Europa\",\"item\":\"https:\/\/www.terravision.eu\/spagnolo\/city-tours-europe.html\"},{\"@type\":\"ListItem\",\"position\":3,\"name\":\"Tour y museos en Florencia\",\"item\":\"https:\/\/www.terravision.eu\/spagnolo\/city-tours-europe\/tour-y-museos-de-florencia.html\"},{\"@type\":\"ListItem\",\"position\":4,\"name\":\"Florence PM\"}]},{\"@type\":\"WebSite\",\"@id\":\"https:\/\/www.terravision.eu\/spagnolo\/#website\",\"url\":\"https:\/\/www.terravision.eu\/spagnolo\/\",\"name\":\"Terravision Espa\u00f1a\",\"description\":\"Conexiones low-cost desde\/hacia los principales aeropuertos europeos\",\"potentialAction\":[{\"@type\":\"SearchAction\",\"target\":{\"@type\":\"EntryPoint\",\"urlTemplate\":\"https:\/\/www.terravision.eu\/spagnolo\/?s={search_term_string}\"},\"query-input\":{\"@type\":\"PropertyValueSpecification\",\"valueRequired\":true,\"valueName\":\"search_term_string\"}}],\"inLanguage\":\"es-ES\"}]}<\/script>\n<!-- \/ Yoast SEO Premium plugin. -->","yoast_head_json":{"title":"Florence PM - Florencia Walking Tour | Terravision","description":"Florencia Walking Tour: visita los lugares m\u00e1s carateristicos de Florencia asi como sus galerias de arte durante el atardecer. Incluye gu\u00eda local.","robots":{"index":"index","follow":"follow","max-snippet":"max-snippet:-1","max-image-preview":"max-image-preview:large","max-video-preview":"max-video-preview:-1"},"canonical":"https:\/\/www.terravision.eu\/spagnolo\/city-tours-europe\/tour-y-museos-de-florencia\/florencia-walking-tour.html","og_locale":"es_ES","og_type":"article","og_title":"Florence PM","og_description":"Florencia Walking Tour: visita los lugares m\u00e1s carateristicos de Florencia asi como sus galerias de arte durante el atardecer. Incluye gu\u00eda local.","og_url":"https:\/\/www.terravision.eu\/spagnolo\/city-tours-europe\/tour-y-museos-de-florencia\/florencia-walking-tour.html","og_site_name":"Terravision Espa\u00f1a","twitter_misc":{"Est. reading time":"2 minutes"},"schema":{"@context":"https:\/\/schema.org","@graph":[{"@type":"WebPage","@id":"https:\/\/www.terravision.eu\/spagnolo\/city-tours-europe\/tour-y-museos-de-florencia\/florencia-walking-tour.html","url":"https:\/\/www.terravision.eu\/spagnolo\/city-tours-europe\/tour-y-museos-de-florencia\/florencia-walking-tour.html","name":"Florence PM - Florencia Walking Tour | Terravision","isPartOf":{"@id":"https:\/\/www.terravision.eu\/spagnolo\/#website"},"datePublished":"2013-10-15T14:49:08+00:00","description":"Florencia Walking Tour: visita los lugares m\u00e1s carateristicos de Florencia asi como sus galerias de arte durante el atardecer. Incluye gu\u00eda local.","breadcrumb":{"@id":"https:\/\/www.terravision.eu\/spagnolo\/city-tours-europe\/tour-y-museos-de-florencia\/florencia-walking-tour.html#breadcrumb"},"inLanguage":"es-ES","potentialAction":[{"@type":"ReadAction","target":["https:\/\/www.terravision.eu\/spagnolo\/city-tours-europe\/tour-y-museos-de-florencia\/florencia-walking-tour.html"]}]},{"@type":"BreadcrumbList","@id":"https:\/\/www.terravision.eu\/spagnolo\/city-tours-europe\/tour-y-museos-de-florencia\/florencia-walking-tour.html#breadcrumb","itemListElement":[{"@type":"ListItem","position":1,"name":"Home","item":"https:\/\/www.terravision.eu\/spagnolo\/"},{"@type":"ListItem","position":2,"name":"City Tours en Europa","item":"https:\/\/www.terravision.eu\/spagnolo\/city-tours-europe.html"},{"@type":"ListItem","position":3,"name":"Tour y museos en Florencia","item":"https:\/\/www.terravision.eu\/spagnolo\/city-tours-europe\/tour-y-museos-de-florencia.html"},{"@type":"ListItem","position":4,"name":"Florence PM"}]},{"@type":"WebSite","@id":"https:\/\/www.terravision.eu\/spagnolo\/#website","url":"https:\/\/www.terravision.eu\/spagnolo\/","name":"Terravision Espa\u00f1a","description":"Conexiones low-cost desde\/hacia los principales aeropuertos europeos","potentialAction":[{"@type":"SearchAction","target":{"@type":"EntryPoint","urlTemplate":"https:\/\/www.terravision.eu\/spagnolo\/?s={search_term_string}"},"query-input":{"@type":"PropertyValueSpecification","valueRequired":true,"valueName":"search_term_string"}}],"inLanguage":"es-ES"}]}},"_links":{"self":[{"href":"https:\/\/www.terravision.eu\/spagnolo\/wp-json\/wp\/v2\/pages\/8905","targetHints":{"allow":["GET"]}}],"collection":[{"href":"https:\/\/www.terravision.eu\/spagnolo\/wp-json\/wp\/v2\/pages"}],"about":[{"href":"https:\/\/www.terravision.eu\/spagnolo\/wp-json\/wp\/v2\/types\/page"}],"author":[{"embeddable":true,"href":"https:\/\/www.terravision.eu\/spagnolo\/wp-json\/wp\/v2\/users\/1"}],"replies":[{"embeddable":true,"href":"https:\/\/www.terravision.eu\/spagnolo\/wp-json\/wp\/v2\/comments?post=8905"}],"version-history":[{"count":0,"href":"https:\/\/www.terravision.eu\/spagnolo\/wp-json\/wp\/v2\/pages\/8905\/revisions"}],"up":[{"embeddable":true,"href":"https:\/\/www.terravision.eu\/spagnolo\/wp-json\/wp\/v2\/pages\/7322"}],"wp:attachment":[{"href":"https:\/\/www.terravision.eu\/spagnolo\/wp-json\/wp\/v2\/media?parent=8905"}],"curies":[{"name":"wp","href":"https:\/\/api.w.org\/{rel}","templated":true}]}}