{"id":13228,"date":"2020-02-25T09:23:57","date_gmt":"2020-02-25T09:23:57","guid":{"rendered":"https:\/\/www.terravision.eu\/tedesco\/?page_id=13228"},"modified":"2020-02-25T09:23:57","modified_gmt":"2020-02-25T09:23:57","slug":"gepackaufbewahrung","status":"publish","type":"page","link":"https:\/\/www.terravision.eu\/tedesco\/gepackaufbewahrung.html","title":{"rendered":"Gep\u00e4ckaufbewahrung"},"content":{"rendered":"<p>Hier ist ein weiterer Tipp, wie Sie das beste Reiseerlebnis erzielen und den Tag genie\u00dfen k\u00f6nnen, ohne das Gep\u00e4ck mit sich durch die Stadt zu ziehen!<\/p>\n<p>Unser Partner Stow your Bags <a href=\"https:\/\/www.terravision.eu\/wp-content\/blogs.dir\/9\/files\/2020\/02\/logo_syb.jpg\"><img decoding=\"async\" src=\"https:\/\/www.terravision.eu\/wp-content\/blogs.dir\/9\/files\/2020\/02\/logo_syb.jpg\"  class=\"alignnone\" \/><\/a> bietet die <strong> Selbstbedienungsschlie\u00dff\u00e4cher <\/strong> f\u00fcr einige Stunden oder f\u00fcr Langzeitmieten an 365 Tagen im Jahr an.<\/p>\n<p>Die Gep\u00e4ckaufbewahrung sind <strong> sicher, versichert <\/strong> und werden st\u00e4ndig mit einem Video\u00fcberwachungssystem \u00fcberwacht. F\u00fcr alle Bed\u00fcrfnisse k\u00f6nnen Sie jederzeit einen Betreiber \u00fcber Intercom kontaktieren!<br \/>\n<font color=\"#1e90ff\"><strong> Wie funktioniert es?<\/strong><\/font><br \/>\nSie k\u00f6nnen Ihr Schlie\u00dffach online oder direkt vor Ort buchen!<br \/>\n<strong><a href=\"https:\/\/www.stowyourbags.com\/\"> Klicken Sie hier, um online zu buchen <\/a><\/strong><\/p>\n<p>1.\tW\u00e4hlen Sie die Gep\u00e4ckaufbewahrung Ihrer Wahl<br \/>\n2.\tGeben Sie die angeforderten Informationen ein: Ankunftsdatum und -zeit, Dauer, Anzahl der Schlie\u00dff\u00e4cher.<br \/>\n3.\tSie k\u00f6nnen mit Kreditkarte oder PayPal bezahlen.<br \/>\nIn wenigen Sekunden erhalten Sie die Best\u00e4tigungs-E-Mail mit Ihrem Schlie\u00dffachcode.<br \/>\n<strong> Sie k\u00f6nnen auch direkt in der Gep\u00e4ckaufbewahrung buchen <\/strong>!<br \/>\nGehen Sie direkt zur Stelle und buchen Sie Ihr Schlie\u00dffach \u00fcber den Touchscreen: W\u00e4hlen Sie die Details Ihrer Reservierung und fahren Sie mit der Zahlung per Kreditkarte fort.<br \/>\nSie erhalten eine Best\u00e4tigungs-E-Mail und eine SMS mit Ihrem Schlie\u00dffachcode.<\/p>\n<div style=\"border: 1px solid black; outline: 5px dotted red;\"> Jetzt erhalten Sie 5% Rabatt mit diesem speziellen Rabattcode:<strong>351166<\/strong><\/div>\n<p>Done! &#10004; <\/p>\n<p>Jetzt k\u00f6nnen Sie Ihre Besichtigung freih\u00e4ndig und mit weniger Sorgen beginnen \ud83d\ude0a<br \/>\n<a href=\"https:\/\/www.terravision.eu\/wp-content\/blogs.dir\/9\/files\/2020\/02\/yourbags_1.jpg\"><img decoding=\"async\" src=\"https:\/\/www.terravision.eu\/wp-content\/blogs.dir\/9\/files\/2020\/02\/yourbags_1-300x240.jpg\"  class=\"alignnone\" \/> <\/a><a href=\"https:\/\/www.terravision.eu\/wp-content\/blogs.dir\/9\/files\/2020\/02\/yourbags_2.jpg\"><img decoding=\"async\" src=\"https:\/\/www.terravision.eu\/wp-content\/blogs.dir\/9\/files\/2020\/02\/yourbags_2-300x240.jpg\"  class=\"alignnone\" \/><\/a><\/p>\n","protected":false},"excerpt":{"rendered":"<p>Hier ist ein weiterer Tipp, wie Sie das beste Reiseerlebnis erzielen und den Tag genie\u00dfen k\u00f6nnen, ohne das Gep\u00e4ck mit sich durch die Stadt zu ziehen! Unser Partner Stow your Bags bietet die Selbstbedienungsschlie\u00dff\u00e4cher f\u00fcr einige Stunden oder f\u00fcr Langzeitmieten an 365 Tagen im Jahr an. Die Gep\u00e4ckaufbewahrung sind sicher, versichert und werden st\u00e4ndig mit [&hellip;]<\/p>\n","protected":false},"author":131,"featured_media":0,"parent":0,"menu_order":0,"comment_status":"closed","ping_status":"closed","template":"","meta":{"footnotes":""},"class_list":["post-13228","page","type-page","status-publish","hentry"],"yoast_head":"<!-- This site is optimized with the Yoast SEO Premium plugin v24.4 (Yoast SEO v24.4) - https:\/\/yoast.com\/wordpress\/plugins\/seo\/ -->\n<title>Gep\u00e4ckaufbewahrung | Terravision Deutschland<\/title>\n<meta name=\"robots\" content=\"index, follow, max-snippet:-1, max-image-preview:large, max-video-preview:-1\" \/>\n<link rel=\"canonical\" href=\"https:\/\/www.terravision.eu\/tedesco\/gepackaufbewahrung.html\" \/>\n<meta property=\"og:locale\" content=\"de_DE\" \/>\n<meta property=\"og:type\" content=\"article\" \/>\n<meta property=\"og:title\" content=\"Gep\u00e4ckaufbewahrung\" \/>\n<meta property=\"og:description\" content=\"Hier ist ein weiterer Tipp, wie Sie das beste Reiseerlebnis erzielen und den Tag genie\u00dfen k\u00f6nnen, ohne das Gep\u00e4ck mit sich durch die Stadt zu ziehen! Unser Partner Stow your Bags bietet die Selbstbedienungsschlie\u00dff\u00e4cher f\u00fcr einige Stunden oder f\u00fcr Langzeitmieten an 365 Tagen im Jahr an. Die Gep\u00e4ckaufbewahrung sind sicher, versichert und werden st\u00e4ndig mit [&hellip;]\" \/>\n<meta property=\"og:url\" content=\"https:\/\/www.terravision.eu\/tedesco\/gepackaufbewahrung.html\" \/>\n<meta property=\"og:site_name\" content=\"Terravision Deutschland\" \/>\n<meta property=\"og:image\" content=\"https:\/\/www.terravision.eu\/wp-content\/blogs.dir\/9\/files\/2020\/02\/logo_syb.jpg\" \/>\n<meta name=\"twitter:label1\" content=\"Gesch\u00e4tzte Lesezeit\" \/>\n\t<meta name=\"twitter:data1\" content=\"1 minute\" \/>\n<script type=\"application\/ld+json\" class=\"yoast-schema-graph\">{\"@context\":\"https:\/\/schema.org\",\"@graph\":[{\"@type\":\"WebPage\",\"@id\":\"https:\/\/www.terravision.eu\/tedesco\/gepackaufbewahrung.html\",\"url\":\"https:\/\/www.terravision.eu\/tedesco\/gepackaufbewahrung.html\",\"name\":\"Gep\u00e4ckaufbewahrung | Terravision Deutschland\",\"isPartOf\":{\"@id\":\"https:\/\/www.terravision.eu\/tedesco\/#website\"},\"primaryImageOfPage\":{\"@id\":\"https:\/\/www.terravision.eu\/tedesco\/gepackaufbewahrung.html#primaryimage\"},\"image\":{\"@id\":\"https:\/\/www.terravision.eu\/tedesco\/gepackaufbewahrung.html#primaryimage\"},\"thumbnailUrl\":\"https:\/\/www.terravision.eu\/wp-content\/blogs.dir\/9\/files\/2020\/02\/logo_syb.jpg\",\"datePublished\":\"2020-02-25T09:23:57+00:00\",\"breadcrumb\":{\"@id\":\"https:\/\/www.terravision.eu\/tedesco\/gepackaufbewahrung.html#breadcrumb\"},\"inLanguage\":\"de-DE\",\"potentialAction\":[{\"@type\":\"ReadAction\",\"target\":[\"https:\/\/www.terravision.eu\/tedesco\/gepackaufbewahrung.html\"]}]},{\"@type\":\"ImageObject\",\"inLanguage\":\"de-DE\",\"@id\":\"https:\/\/www.terravision.eu\/tedesco\/gepackaufbewahrung.html#primaryimage\",\"url\":\"https:\/\/www.terravision.eu\/wp-content\/blogs.dir\/9\/files\/2020\/02\/logo_syb.jpg\",\"contentUrl\":\"https:\/\/www.terravision.eu\/wp-content\/blogs.dir\/9\/files\/2020\/02\/logo_syb.jpg\"},{\"@type\":\"BreadcrumbList\",\"@id\":\"https:\/\/www.terravision.eu\/tedesco\/gepackaufbewahrung.html#breadcrumb\",\"itemListElement\":[{\"@type\":\"ListItem\",\"position\":1,\"name\":\"Home\",\"item\":\"https:\/\/www.terravision.eu\/tedesco\/\"},{\"@type\":\"ListItem\",\"position\":2,\"name\":\"Gep\u00e4ckaufbewahrung\"}]},{\"@type\":\"WebSite\",\"@id\":\"https:\/\/www.terravision.eu\/tedesco\/#website\",\"url\":\"https:\/\/www.terravision.eu\/tedesco\/\",\"name\":\"Terravision Deutschland\",\"description\":\"G\u00fcnstige Verbindungen von\/zu den wichtigsten Flugh\u00e4fen Europas\",\"potentialAction\":[{\"@type\":\"SearchAction\",\"target\":{\"@type\":\"EntryPoint\",\"urlTemplate\":\"https:\/\/www.terravision.eu\/tedesco\/?s={search_term_string}\"},\"query-input\":{\"@type\":\"PropertyValueSpecification\",\"valueRequired\":true,\"valueName\":\"search_term_string\"}}],\"inLanguage\":\"de-DE\"}]}<\/script>\n<!-- \/ Yoast SEO Premium plugin. -->","yoast_head_json":{"title":"Gep\u00e4ckaufbewahrung | Terravision Deutschland","robots":{"index":"index","follow":"follow","max-snippet":"max-snippet:-1","max-image-preview":"max-image-preview:large","max-video-preview":"max-video-preview:-1"},"canonical":"https:\/\/www.terravision.eu\/tedesco\/gepackaufbewahrung.html","og_locale":"de_DE","og_type":"article","og_title":"Gep\u00e4ckaufbewahrung","og_description":"Hier ist ein weiterer Tipp, wie Sie das beste Reiseerlebnis erzielen und den Tag genie\u00dfen k\u00f6nnen, ohne das Gep\u00e4ck mit sich durch die Stadt zu ziehen! Unser Partner Stow your Bags bietet die Selbstbedienungsschlie\u00dff\u00e4cher f\u00fcr einige Stunden oder f\u00fcr Langzeitmieten an 365 Tagen im Jahr an. Die Gep\u00e4ckaufbewahrung sind sicher, versichert und werden st\u00e4ndig mit [&hellip;]","og_url":"https:\/\/www.terravision.eu\/tedesco\/gepackaufbewahrung.html","og_site_name":"Terravision Deutschland","og_image":[{"url":"https:\/\/www.terravision.eu\/wp-content\/blogs.dir\/9\/files\/2020\/02\/logo_syb.jpg","type":"","width":"","height":""}],"twitter_misc":{"Gesch\u00e4tzte Lesezeit":"1 minute"},"schema":{"@context":"https:\/\/schema.org","@graph":[{"@type":"WebPage","@id":"https:\/\/www.terravision.eu\/tedesco\/gepackaufbewahrung.html","url":"https:\/\/www.terravision.eu\/tedesco\/gepackaufbewahrung.html","name":"Gep\u00e4ckaufbewahrung | Terravision Deutschland","isPartOf":{"@id":"https:\/\/www.terravision.eu\/tedesco\/#website"},"primaryImageOfPage":{"@id":"https:\/\/www.terravision.eu\/tedesco\/gepackaufbewahrung.html#primaryimage"},"image":{"@id":"https:\/\/www.terravision.eu\/tedesco\/gepackaufbewahrung.html#primaryimage"},"thumbnailUrl":"https:\/\/www.terravision.eu\/wp-content\/blogs.dir\/9\/files\/2020\/02\/logo_syb.jpg","datePublished":"2020-02-25T09:23:57+00:00","breadcrumb":{"@id":"https:\/\/www.terravision.eu\/tedesco\/gepackaufbewahrung.html#breadcrumb"},"inLanguage":"de-DE","potentialAction":[{"@type":"ReadAction","target":["https:\/\/www.terravision.eu\/tedesco\/gepackaufbewahrung.html"]}]},{"@type":"ImageObject","inLanguage":"de-DE","@id":"https:\/\/www.terravision.eu\/tedesco\/gepackaufbewahrung.html#primaryimage","url":"https:\/\/www.terravision.eu\/wp-content\/blogs.dir\/9\/files\/2020\/02\/logo_syb.jpg","contentUrl":"https:\/\/www.terravision.eu\/wp-content\/blogs.dir\/9\/files\/2020\/02\/logo_syb.jpg"},{"@type":"BreadcrumbList","@id":"https:\/\/www.terravision.eu\/tedesco\/gepackaufbewahrung.html#breadcrumb","itemListElement":[{"@type":"ListItem","position":1,"name":"Home","item":"https:\/\/www.terravision.eu\/tedesco\/"},{"@type":"ListItem","position":2,"name":"Gep\u00e4ckaufbewahrung"}]},{"@type":"WebSite","@id":"https:\/\/www.terravision.eu\/tedesco\/#website","url":"https:\/\/www.terravision.eu\/tedesco\/","name":"Terravision Deutschland","description":"G\u00fcnstige Verbindungen von\/zu den wichtigsten Flugh\u00e4fen Europas","potentialAction":[{"@type":"SearchAction","target":{"@type":"EntryPoint","urlTemplate":"https:\/\/www.terravision.eu\/tedesco\/?s={search_term_string}"},"query-input":{"@type":"PropertyValueSpecification","valueRequired":true,"valueName":"search_term_string"}}],"inLanguage":"de-DE"}]}},"_links":{"self":[{"href":"https:\/\/www.terravision.eu\/tedesco\/wp-json\/wp\/v2\/pages\/13228","targetHints":{"allow":["GET"]}}],"collection":[{"href":"https:\/\/www.terravision.eu\/tedesco\/wp-json\/wp\/v2\/pages"}],"about":[{"href":"https:\/\/www.terravision.eu\/tedesco\/wp-json\/wp\/v2\/types\/page"}],"author":[{"embeddable":true,"href":"https:\/\/www.terravision.eu\/tedesco\/wp-json\/wp\/v2\/users\/131"}],"replies":[{"embeddable":true,"href":"https:\/\/www.terravision.eu\/tedesco\/wp-json\/wp\/v2\/comments?post=13228"}],"version-history":[{"count":1,"href":"https:\/\/www.terravision.eu\/tedesco\/wp-json\/wp\/v2\/pages\/13228\/revisions"}],"predecessor-version":[{"id":13229,"href":"https:\/\/www.terravision.eu\/tedesco\/wp-json\/wp\/v2\/pages\/13228\/revisions\/13229"}],"wp:attachment":[{"href":"https:\/\/www.terravision.eu\/tedesco\/wp-json\/wp\/v2\/media?parent=13228"}],"curies":[{"name":"wp","href":"https:\/\/api.w.org\/{rel}","templated":true}]}}