{"id":13261,"date":"2020-06-16T10:44:13","date_gmt":"2020-06-16T10:44:13","guid":{"rendered":"https:\/\/www.terravision.eu\/tedesco\/?page_id=13261"},"modified":"2023-04-04T09:13:11","modified_gmt":"2023-04-04T09:13:11","slug":"terravision-treueprogramm","status":"publish","type":"page","link":"https:\/\/www.terravision.eu\/tedesco\/terravision-treueprogramm.html","title":{"rendered":"<strong>Terravision Treueprogramm<\/strong>"},"content":{"rendered":"<p>Melden Sie sich kostenlos an und <strong>sammeln Sie Punkte f\u00fcr jeden Transfer, den Sie bei Terravision buchen<\/strong>!<\/p>\n<p><strong>Wie funktioniert es?<\/strong><br \/>\nSammeln Sie Punkte f\u00fcr jeden Dienst, den Sie bei Terravision buchen und l\u00f6sen Sie diese f\u00fcr Ihren n\u00e4chsten Transfer oder Ihre n\u00e4chste Stadtrundfahrt ein!<br \/>\nWie funktioniert es?<br \/>\nJeder Inhaber eines Kontos auf der Terravision Website nimmt automatisch am Treueprogramm teil und sammelt Punkte beim jeden Einkauf.<\/p>\n<p><strong><span style=\"color: #e5007e;\">Denken Sie daran, dass 1 \u20ac = 1 Punkt!<\/span><\/strong><\/p>\n<table>\n<tbody>\n<tr>\n<td><strong>Ihre Punkte<\/strong><\/td>\n<td><strong>deine Belohnung<\/strong><\/td>\n<\/tr>\n<tr>\n<td><strong>25<\/strong> Punkte<\/td>\n<td>Erhalten Sie 5% Rabatt auf Ihren n\u00e4chsten Transfer<\/td>\n<\/tr>\n<tr>\n<td><strong>50<\/strong> Punkte<\/td>\n<td>Erhalten Sie 10% Rabatt auf Ihren n\u00e4chsten Transfer<\/td>\n<\/tr>\n<tr>\n<td><strong>80<\/strong> Punkte<\/td>\n<td>Erhalten Sie 15% Rabatt auf Ihren n\u00e4chsten Transfer<\/td>\n<\/tr>\n<tr>\n<td><strong>100<\/strong> Punkte<\/td>\n<td>Erhalten Sie 25% Rabatt auf Ihren n\u00e4chsten Transfer<\/td>\n<\/tr>\n<\/tbody>\n<\/table>\n<p><strong> Wie k\u00f6nnen Sie Ihre Punkte einl\u00f6sen? <\/strong><br \/>\nSie k\u00f6nnen Ihre Punkte direkt in Ihrem Terravision-Konto \u00fcberpr\u00fcfen!<br \/>\nMelden Sie sich einfach in Ihrem pers\u00f6nlichen Bereich an und l\u00f6sen Sie die gesammelten Punkte ein: der System generiert automatisch einen Promo-Code, der 8 Monate g\u00fcltig ist.<\/p>\n<p>Treueprogramm Gesch\u00e4ftsbedingungen <a href=\"https:\/\/www.terravision.eu\/italiano\/files\/2022\/11\/TERRAVISION-LOYALTY-PROGRAM_updated-Terms-and-Conditions_nov22.pdf\" target=\"_blank\" rel=\"noopener noreferrer\">pdf<\/a><\/p>\n<p>Bitte beachten Sie, dass das Programm an Kunden gerichtet ist, die ein Standardkonto auf der Terravision-Website besitzen. Die Benutzer, die im Besitz des Agenten- oder Partnerkontos sind, k\u00f6nnen dem Programm nicht beitreten.<\/p>\n","protected":false},"excerpt":{"rendered":"<p>Melden Sie sich kostenlos an und sammeln Sie Punkte f\u00fcr jeden Transfer, den Sie bei Terravision buchen! Wie funktioniert es? Sammeln Sie Punkte f\u00fcr jeden Dienst, den Sie bei Terravision buchen und l\u00f6sen Sie diese f\u00fcr Ihren n\u00e4chsten Transfer oder Ihre n\u00e4chste Stadtrundfahrt ein! Wie funktioniert es? Jeder Inhaber eines Kontos auf der Terravision Website [&hellip;]<\/p>\n","protected":false},"author":131,"featured_media":0,"parent":0,"menu_order":0,"comment_status":"closed","ping_status":"closed","template":"","meta":{"footnotes":""},"class_list":["post-13261","page","type-page","status-publish","hentry"],"yoast_head":"<!-- This site is optimized with the Yoast SEO Premium plugin v24.4 (Yoast SEO v24.4) - https:\/\/yoast.com\/wordpress\/plugins\/seo\/ -->\n<title>Terravision Treueprogramm | Terravision Deutschland<\/title>\n<meta name=\"robots\" content=\"index, follow, max-snippet:-1, max-image-preview:large, max-video-preview:-1\" \/>\n<link rel=\"canonical\" href=\"https:\/\/www.terravision.eu\/tedesco\/terravision-treueprogramm.html\" \/>\n<meta property=\"og:locale\" content=\"de_DE\" \/>\n<meta property=\"og:type\" content=\"article\" \/>\n<meta property=\"og:title\" content=\"Terravision Treueprogramm\" \/>\n<meta property=\"og:description\" content=\"Melden Sie sich kostenlos an und sammeln Sie Punkte f\u00fcr jeden Transfer, den Sie bei Terravision buchen! Wie funktioniert es? Sammeln Sie Punkte f\u00fcr jeden Dienst, den Sie bei Terravision buchen und l\u00f6sen Sie diese f\u00fcr Ihren n\u00e4chsten Transfer oder Ihre n\u00e4chste Stadtrundfahrt ein! Wie funktioniert es? Jeder Inhaber eines Kontos auf der Terravision Website [&hellip;]\" \/>\n<meta property=\"og:url\" content=\"https:\/\/www.terravision.eu\/tedesco\/terravision-treueprogramm.html\" \/>\n<meta property=\"og:site_name\" content=\"Terravision Deutschland\" \/>\n<meta property=\"article:modified_time\" content=\"2023-04-04T09:13:11+00:00\" \/>\n<meta name=\"twitter:label1\" content=\"Gesch\u00e4tzte Lesezeit\" \/>\n\t<meta name=\"twitter:data1\" content=\"1 minute\" \/>\n<script type=\"application\/ld+json\" class=\"yoast-schema-graph\">{\"@context\":\"https:\/\/schema.org\",\"@graph\":[{\"@type\":\"WebPage\",\"@id\":\"https:\/\/www.terravision.eu\/tedesco\/terravision-treueprogramm.html\",\"url\":\"https:\/\/www.terravision.eu\/tedesco\/terravision-treueprogramm.html\",\"name\":\"Terravision Treueprogramm | Terravision Deutschland\",\"isPartOf\":{\"@id\":\"https:\/\/www.terravision.eu\/tedesco\/#website\"},\"datePublished\":\"2020-06-16T10:44:13+00:00\",\"dateModified\":\"2023-04-04T09:13:11+00:00\",\"breadcrumb\":{\"@id\":\"https:\/\/www.terravision.eu\/tedesco\/terravision-treueprogramm.html#breadcrumb\"},\"inLanguage\":\"de-DE\",\"potentialAction\":[{\"@type\":\"ReadAction\",\"target\":[\"https:\/\/www.terravision.eu\/tedesco\/terravision-treueprogramm.html\"]}]},{\"@type\":\"BreadcrumbList\",\"@id\":\"https:\/\/www.terravision.eu\/tedesco\/terravision-treueprogramm.html#breadcrumb\",\"itemListElement\":[{\"@type\":\"ListItem\",\"position\":1,\"name\":\"Home\",\"item\":\"https:\/\/www.terravision.eu\/tedesco\/\"},{\"@type\":\"ListItem\",\"position\":2,\"name\":\"Terravision Treueprogramm\"}]},{\"@type\":\"WebSite\",\"@id\":\"https:\/\/www.terravision.eu\/tedesco\/#website\",\"url\":\"https:\/\/www.terravision.eu\/tedesco\/\",\"name\":\"Terravision Deutschland\",\"description\":\"G\u00fcnstige Verbindungen von\/zu den wichtigsten Flugh\u00e4fen Europas\",\"potentialAction\":[{\"@type\":\"SearchAction\",\"target\":{\"@type\":\"EntryPoint\",\"urlTemplate\":\"https:\/\/www.terravision.eu\/tedesco\/?s={search_term_string}\"},\"query-input\":{\"@type\":\"PropertyValueSpecification\",\"valueRequired\":true,\"valueName\":\"search_term_string\"}}],\"inLanguage\":\"de-DE\"}]}<\/script>\n<!-- \/ Yoast SEO Premium plugin. -->","yoast_head_json":{"title":"Terravision Treueprogramm | Terravision Deutschland","robots":{"index":"index","follow":"follow","max-snippet":"max-snippet:-1","max-image-preview":"max-image-preview:large","max-video-preview":"max-video-preview:-1"},"canonical":"https:\/\/www.terravision.eu\/tedesco\/terravision-treueprogramm.html","og_locale":"de_DE","og_type":"article","og_title":"Terravision Treueprogramm","og_description":"Melden Sie sich kostenlos an und sammeln Sie Punkte f\u00fcr jeden Transfer, den Sie bei Terravision buchen! Wie funktioniert es? Sammeln Sie Punkte f\u00fcr jeden Dienst, den Sie bei Terravision buchen und l\u00f6sen Sie diese f\u00fcr Ihren n\u00e4chsten Transfer oder Ihre n\u00e4chste Stadtrundfahrt ein! Wie funktioniert es? Jeder Inhaber eines Kontos auf der Terravision Website [&hellip;]","og_url":"https:\/\/www.terravision.eu\/tedesco\/terravision-treueprogramm.html","og_site_name":"Terravision Deutschland","article_modified_time":"2023-04-04T09:13:11+00:00","twitter_misc":{"Gesch\u00e4tzte Lesezeit":"1 minute"},"schema":{"@context":"https:\/\/schema.org","@graph":[{"@type":"WebPage","@id":"https:\/\/www.terravision.eu\/tedesco\/terravision-treueprogramm.html","url":"https:\/\/www.terravision.eu\/tedesco\/terravision-treueprogramm.html","name":"Terravision Treueprogramm | Terravision Deutschland","isPartOf":{"@id":"https:\/\/www.terravision.eu\/tedesco\/#website"},"datePublished":"2020-06-16T10:44:13+00:00","dateModified":"2023-04-04T09:13:11+00:00","breadcrumb":{"@id":"https:\/\/www.terravision.eu\/tedesco\/terravision-treueprogramm.html#breadcrumb"},"inLanguage":"de-DE","potentialAction":[{"@type":"ReadAction","target":["https:\/\/www.terravision.eu\/tedesco\/terravision-treueprogramm.html"]}]},{"@type":"BreadcrumbList","@id":"https:\/\/www.terravision.eu\/tedesco\/terravision-treueprogramm.html#breadcrumb","itemListElement":[{"@type":"ListItem","position":1,"name":"Home","item":"https:\/\/www.terravision.eu\/tedesco\/"},{"@type":"ListItem","position":2,"name":"Terravision Treueprogramm"}]},{"@type":"WebSite","@id":"https:\/\/www.terravision.eu\/tedesco\/#website","url":"https:\/\/www.terravision.eu\/tedesco\/","name":"Terravision Deutschland","description":"G\u00fcnstige Verbindungen von\/zu den wichtigsten Flugh\u00e4fen Europas","potentialAction":[{"@type":"SearchAction","target":{"@type":"EntryPoint","urlTemplate":"https:\/\/www.terravision.eu\/tedesco\/?s={search_term_string}"},"query-input":{"@type":"PropertyValueSpecification","valueRequired":true,"valueName":"search_term_string"}}],"inLanguage":"de-DE"}]}},"_links":{"self":[{"href":"https:\/\/www.terravision.eu\/tedesco\/wp-json\/wp\/v2\/pages\/13261","targetHints":{"allow":["GET"]}}],"collection":[{"href":"https:\/\/www.terravision.eu\/tedesco\/wp-json\/wp\/v2\/pages"}],"about":[{"href":"https:\/\/www.terravision.eu\/tedesco\/wp-json\/wp\/v2\/types\/page"}],"author":[{"embeddable":true,"href":"https:\/\/www.terravision.eu\/tedesco\/wp-json\/wp\/v2\/users\/131"}],"replies":[{"embeddable":true,"href":"https:\/\/www.terravision.eu\/tedesco\/wp-json\/wp\/v2\/comments?post=13261"}],"version-history":[{"count":10,"href":"https:\/\/www.terravision.eu\/tedesco\/wp-json\/wp\/v2\/pages\/13261\/revisions"}],"predecessor-version":[{"id":13689,"href":"https:\/\/www.terravision.eu\/tedesco\/wp-json\/wp\/v2\/pages\/13261\/revisions\/13689"}],"wp:attachment":[{"href":"https:\/\/www.terravision.eu\/tedesco\/wp-json\/wp\/v2\/media?parent=13261"}],"curies":[{"name":"wp","href":"https:\/\/api.w.org\/{rel}","templated":true}]}}