{"id":14005,"date":"2024-10-03T13:05:24","date_gmt":"2024-10-03T13:05:24","guid":{"rendered":"https:\/\/www.terravision.eu\/tedesco\/?page_id=14005"},"modified":"2024-10-10T09:02:08","modified_gmt":"2024-10-10T09:02:08","slug":"reisen-sie-umweltfreundlich-mit-terravision","status":"publish","type":"page","link":"https:\/\/www.terravision.eu\/tedesco\/reisen-sie-umweltfreundlich-mit-terravision.html","title":{"rendered":"Reisen Sie umweltfreundlich mit Terravision"},"content":{"rendered":"<p><img decoding=\"async\" src=\"https:\/\/www.terravision.eu\/italiano\/files\/2023\/04\/Protect-Environment_canva.png\" \/><\/p>\n<p>&nbsp;<\/p>\n<p>Wussten Sie, dass Sie durch Reisen mit Terravision dazu beitragen, die negativen Auswirkungen des Transports auf die Umwelt zu reduzieren?<\/p>\n<p>Reisen ist mit Bewegung verbunden und erfordert Transportmittel. Leider tr\u00e4gt der Transport durch L\u00e4rmbel\u00e4stigung, Smog, Verkehrsstaus, Unf\u00e4lle und den Aussto\u00df feiner Partikel zur Luftverschmutzung bei \u2013 einige der gef\u00e4hrlichsten Bedrohungen f\u00fcr unsere Umwelt.<\/p>\n<p>Wie k\u00f6nnen Sie weiterhin reisen (auch \u00fcber weite Strecken) und gleichzeitig der Umwelt helfen?<br \/>\nDie Antwort ist: Reisen Sie so umweltfreundlich wie m\u00f6glich und achten Sie auf Ihre Auswirkungen auf die Umwelt.<br \/>\nDer erste Schritt ist, sich f\u00fcr den Sammeltransport zu entscheiden! Indem Sie Ihre Fahrt mit anderen Passagieren teilen, reduzieren Sie die Anzahl der Fahrzeuge auf der Stra\u00dfe und damit die Umweltverschmutzung. Jede kleine Aktion kann einen Unterschied machen!<\/p>\n<p><strong><span style=\"font-size: x-large;\"><span style=\"color: #32a836;\">Mit dem Bus zum Flughafen fahren: eine verantwortungsvolle Entscheidung, die auch CO2 spart.<\/span><\/span><\/strong><\/p>\n<p>Die drastischen Klimaver\u00e4nderungen, die weltweit stattfinden, werden sich zunehmend auf die Gesellschaft auswirken, vom Lebensstil bis zur Mobilit\u00e4t. Angesichts dieses besorgniserregenden Szenarios m\u00fcssen wir mit kollektiver Weitsicht und nicht mit Angst handeln. Verschiedene kritische Probleme k\u00f6nnen durch die \u00dcbernahme einer Reihe verantwortungsvoller Verhaltensweisen angegangen werden, wie sie von Experten auf diesem Gebiet vielfach hervorgehoben und empfohlen werden.<\/p>\n<p><a href=\"https:\/\/www.terravision.eu\/tedesco\/files\/2024\/10\/Reaching-the-airport-by-bus_DE.pdf\" target=\"_blank\" rel=\"noopener\">Lesen Sie den vollst\u00e4ndigen Artikel&gt;&gt;&gt;<\/a><\/p>\n","protected":false},"excerpt":{"rendered":"<p>&nbsp; Wussten Sie, dass Sie durch Reisen mit Terravision dazu beitragen, die negativen Auswirkungen des Transports auf die Umwelt zu reduzieren? Reisen ist mit Bewegung verbunden und erfordert Transportmittel. Leider tr\u00e4gt der Transport durch L\u00e4rmbel\u00e4stigung, Smog, Verkehrsstaus, Unf\u00e4lle und den Aussto\u00df feiner Partikel zur Luftverschmutzung bei \u2013 einige der gef\u00e4hrlichsten Bedrohungen f\u00fcr unsere Umwelt. Wie [&hellip;]<\/p>\n","protected":false},"author":135,"featured_media":0,"parent":0,"menu_order":0,"comment_status":"closed","ping_status":"closed","template":"","meta":{"footnotes":""},"class_list":["post-14005","page","type-page","status-publish","hentry"],"yoast_head":"<!-- This site is optimized with the Yoast SEO Premium plugin v24.4 (Yoast SEO v24.4) - https:\/\/yoast.com\/wordpress\/plugins\/seo\/ -->\n<title>Reisen Sie umweltfreundlich mit Terravision | Terravision Deutschland<\/title>\n<meta name=\"robots\" content=\"index, follow, max-snippet:-1, max-image-preview:large, max-video-preview:-1\" \/>\n<link rel=\"canonical\" href=\"https:\/\/www.terravision.eu\/tedesco\/reisen-sie-umweltfreundlich-mit-terravision.html\" \/>\n<meta property=\"og:locale\" content=\"de_DE\" \/>\n<meta property=\"og:type\" content=\"article\" \/>\n<meta property=\"og:title\" content=\"Reisen Sie umweltfreundlich mit Terravision\" \/>\n<meta property=\"og:description\" content=\"&nbsp; Wussten Sie, dass Sie durch Reisen mit Terravision dazu beitragen, die negativen Auswirkungen des Transports auf die Umwelt zu reduzieren? Reisen ist mit Bewegung verbunden und erfordert Transportmittel. Leider tr\u00e4gt der Transport durch L\u00e4rmbel\u00e4stigung, Smog, Verkehrsstaus, Unf\u00e4lle und den Aussto\u00df feiner Partikel zur Luftverschmutzung bei \u2013 einige der gef\u00e4hrlichsten Bedrohungen f\u00fcr unsere Umwelt. Wie [&hellip;]\" \/>\n<meta property=\"og:url\" content=\"https:\/\/www.terravision.eu\/tedesco\/reisen-sie-umweltfreundlich-mit-terravision.html\" \/>\n<meta property=\"og:site_name\" content=\"Terravision Deutschland\" \/>\n<meta property=\"article:modified_time\" content=\"2024-10-10T09:02:08+00:00\" \/>\n<meta property=\"og:image\" content=\"https:\/\/www.terravision.eu\/italiano\/files\/2023\/04\/Protect-Environment_canva.png\" \/>\n<meta name=\"twitter:label1\" content=\"Gesch\u00e4tzte Lesezeit\" \/>\n\t<meta name=\"twitter:data1\" content=\"1 minute\" \/>\n<script type=\"application\/ld+json\" class=\"yoast-schema-graph\">{\"@context\":\"https:\/\/schema.org\",\"@graph\":[{\"@type\":\"WebPage\",\"@id\":\"https:\/\/www.terravision.eu\/tedesco\/reisen-sie-umweltfreundlich-mit-terravision.html\",\"url\":\"https:\/\/www.terravision.eu\/tedesco\/reisen-sie-umweltfreundlich-mit-terravision.html\",\"name\":\"Reisen Sie umweltfreundlich mit Terravision | Terravision Deutschland\",\"isPartOf\":{\"@id\":\"https:\/\/www.terravision.eu\/tedesco\/#website\"},\"primaryImageOfPage\":{\"@id\":\"https:\/\/www.terravision.eu\/tedesco\/reisen-sie-umweltfreundlich-mit-terravision.html#primaryimage\"},\"image\":{\"@id\":\"https:\/\/www.terravision.eu\/tedesco\/reisen-sie-umweltfreundlich-mit-terravision.html#primaryimage\"},\"thumbnailUrl\":\"https:\/\/www.terravision.eu\/italiano\/files\/2023\/04\/Protect-Environment_canva.png\",\"datePublished\":\"2024-10-03T13:05:24+00:00\",\"dateModified\":\"2024-10-10T09:02:08+00:00\",\"breadcrumb\":{\"@id\":\"https:\/\/www.terravision.eu\/tedesco\/reisen-sie-umweltfreundlich-mit-terravision.html#breadcrumb\"},\"inLanguage\":\"de-DE\",\"potentialAction\":[{\"@type\":\"ReadAction\",\"target\":[\"https:\/\/www.terravision.eu\/tedesco\/reisen-sie-umweltfreundlich-mit-terravision.html\"]}]},{\"@type\":\"ImageObject\",\"inLanguage\":\"de-DE\",\"@id\":\"https:\/\/www.terravision.eu\/tedesco\/reisen-sie-umweltfreundlich-mit-terravision.html#primaryimage\",\"url\":\"https:\/\/www.terravision.eu\/italiano\/files\/2023\/04\/Protect-Environment_canva.png\",\"contentUrl\":\"https:\/\/www.terravision.eu\/italiano\/files\/2023\/04\/Protect-Environment_canva.png\"},{\"@type\":\"BreadcrumbList\",\"@id\":\"https:\/\/www.terravision.eu\/tedesco\/reisen-sie-umweltfreundlich-mit-terravision.html#breadcrumb\",\"itemListElement\":[{\"@type\":\"ListItem\",\"position\":1,\"name\":\"Home\",\"item\":\"https:\/\/www.terravision.eu\/tedesco\/\"},{\"@type\":\"ListItem\",\"position\":2,\"name\":\"Reisen Sie umweltfreundlich mit Terravision\"}]},{\"@type\":\"WebSite\",\"@id\":\"https:\/\/www.terravision.eu\/tedesco\/#website\",\"url\":\"https:\/\/www.terravision.eu\/tedesco\/\",\"name\":\"Terravision Deutschland\",\"description\":\"G\u00fcnstige Verbindungen von\/zu den wichtigsten Flugh\u00e4fen Europas\",\"potentialAction\":[{\"@type\":\"SearchAction\",\"target\":{\"@type\":\"EntryPoint\",\"urlTemplate\":\"https:\/\/www.terravision.eu\/tedesco\/?s={search_term_string}\"},\"query-input\":{\"@type\":\"PropertyValueSpecification\",\"valueRequired\":true,\"valueName\":\"search_term_string\"}}],\"inLanguage\":\"de-DE\"}]}<\/script>\n<!-- \/ Yoast SEO Premium plugin. -->","yoast_head_json":{"title":"Reisen Sie umweltfreundlich mit Terravision | Terravision Deutschland","robots":{"index":"index","follow":"follow","max-snippet":"max-snippet:-1","max-image-preview":"max-image-preview:large","max-video-preview":"max-video-preview:-1"},"canonical":"https:\/\/www.terravision.eu\/tedesco\/reisen-sie-umweltfreundlich-mit-terravision.html","og_locale":"de_DE","og_type":"article","og_title":"Reisen Sie umweltfreundlich mit Terravision","og_description":"&nbsp; Wussten Sie, dass Sie durch Reisen mit Terravision dazu beitragen, die negativen Auswirkungen des Transports auf die Umwelt zu reduzieren? Reisen ist mit Bewegung verbunden und erfordert Transportmittel. Leider tr\u00e4gt der Transport durch L\u00e4rmbel\u00e4stigung, Smog, Verkehrsstaus, Unf\u00e4lle und den Aussto\u00df feiner Partikel zur Luftverschmutzung bei \u2013 einige der gef\u00e4hrlichsten Bedrohungen f\u00fcr unsere Umwelt. Wie [&hellip;]","og_url":"https:\/\/www.terravision.eu\/tedesco\/reisen-sie-umweltfreundlich-mit-terravision.html","og_site_name":"Terravision Deutschland","article_modified_time":"2024-10-10T09:02:08+00:00","og_image":[{"url":"https:\/\/www.terravision.eu\/italiano\/files\/2023\/04\/Protect-Environment_canva.png","type":"","width":"","height":""}],"twitter_misc":{"Gesch\u00e4tzte Lesezeit":"1 minute"},"schema":{"@context":"https:\/\/schema.org","@graph":[{"@type":"WebPage","@id":"https:\/\/www.terravision.eu\/tedesco\/reisen-sie-umweltfreundlich-mit-terravision.html","url":"https:\/\/www.terravision.eu\/tedesco\/reisen-sie-umweltfreundlich-mit-terravision.html","name":"Reisen Sie umweltfreundlich mit Terravision | Terravision Deutschland","isPartOf":{"@id":"https:\/\/www.terravision.eu\/tedesco\/#website"},"primaryImageOfPage":{"@id":"https:\/\/www.terravision.eu\/tedesco\/reisen-sie-umweltfreundlich-mit-terravision.html#primaryimage"},"image":{"@id":"https:\/\/www.terravision.eu\/tedesco\/reisen-sie-umweltfreundlich-mit-terravision.html#primaryimage"},"thumbnailUrl":"https:\/\/www.terravision.eu\/italiano\/files\/2023\/04\/Protect-Environment_canva.png","datePublished":"2024-10-03T13:05:24+00:00","dateModified":"2024-10-10T09:02:08+00:00","breadcrumb":{"@id":"https:\/\/www.terravision.eu\/tedesco\/reisen-sie-umweltfreundlich-mit-terravision.html#breadcrumb"},"inLanguage":"de-DE","potentialAction":[{"@type":"ReadAction","target":["https:\/\/www.terravision.eu\/tedesco\/reisen-sie-umweltfreundlich-mit-terravision.html"]}]},{"@type":"ImageObject","inLanguage":"de-DE","@id":"https:\/\/www.terravision.eu\/tedesco\/reisen-sie-umweltfreundlich-mit-terravision.html#primaryimage","url":"https:\/\/www.terravision.eu\/italiano\/files\/2023\/04\/Protect-Environment_canva.png","contentUrl":"https:\/\/www.terravision.eu\/italiano\/files\/2023\/04\/Protect-Environment_canva.png"},{"@type":"BreadcrumbList","@id":"https:\/\/www.terravision.eu\/tedesco\/reisen-sie-umweltfreundlich-mit-terravision.html#breadcrumb","itemListElement":[{"@type":"ListItem","position":1,"name":"Home","item":"https:\/\/www.terravision.eu\/tedesco\/"},{"@type":"ListItem","position":2,"name":"Reisen Sie umweltfreundlich mit Terravision"}]},{"@type":"WebSite","@id":"https:\/\/www.terravision.eu\/tedesco\/#website","url":"https:\/\/www.terravision.eu\/tedesco\/","name":"Terravision Deutschland","description":"G\u00fcnstige Verbindungen von\/zu den wichtigsten Flugh\u00e4fen Europas","potentialAction":[{"@type":"SearchAction","target":{"@type":"EntryPoint","urlTemplate":"https:\/\/www.terravision.eu\/tedesco\/?s={search_term_string}"},"query-input":{"@type":"PropertyValueSpecification","valueRequired":true,"valueName":"search_term_string"}}],"inLanguage":"de-DE"}]}},"_links":{"self":[{"href":"https:\/\/www.terravision.eu\/tedesco\/wp-json\/wp\/v2\/pages\/14005","targetHints":{"allow":["GET"]}}],"collection":[{"href":"https:\/\/www.terravision.eu\/tedesco\/wp-json\/wp\/v2\/pages"}],"about":[{"href":"https:\/\/www.terravision.eu\/tedesco\/wp-json\/wp\/v2\/types\/page"}],"author":[{"embeddable":true,"href":"https:\/\/www.terravision.eu\/tedesco\/wp-json\/wp\/v2\/users\/135"}],"replies":[{"embeddable":true,"href":"https:\/\/www.terravision.eu\/tedesco\/wp-json\/wp\/v2\/comments?post=14005"}],"version-history":[{"count":2,"href":"https:\/\/www.terravision.eu\/tedesco\/wp-json\/wp\/v2\/pages\/14005\/revisions"}],"predecessor-version":[{"id":14017,"href":"https:\/\/www.terravision.eu\/tedesco\/wp-json\/wp\/v2\/pages\/14005\/revisions\/14017"}],"wp:attachment":[{"href":"https:\/\/www.terravision.eu\/tedesco\/wp-json\/wp\/v2\/media?parent=14005"}],"curies":[{"name":"wp","href":"https:\/\/api.w.org\/{rel}","templated":true}]}}