{"id":159,"date":"2012-08-09T13:08:02","date_gmt":"2012-08-09T13:08:02","guid":{"rendered":"https:\/\/www.terravision.eu\/how-to-get-to-london\/"},"modified":"2020-04-01T05:36:53","modified_gmt":"2020-04-01T05:36:53","slug":"zum_london","status":"publish","type":"page","link":"https:\/\/www.terravision.eu\/tedesco\/zum_london.html","title":{"rendered":"London anfahren"},"content":{"rendered":"<div id=\"article-single\"><strong>Mit dem Flug<\/strong> London ist mit Europa und der ganzen Welt durch die folgenden Flugh\u00e4fen verbunden: Internationale Flugh\u00e4fen \u2013 Heathrow und Gatwick Lowcost-Flugh\u00e4fen \u2013 Luton und Stansted <strong>Mit dem Auto<\/strong> Ganz einfach erreichbar \u00fcber die Autobahn: M1- M2 \u2013 M3 \u2013 M4 \u2013 M11 \u2013 M20 \u2013 M23 \u2013 M25 und M40 sowie viele A-Autobahnen. Alle Autobahnen sind mit der Hauptautobahn M25 f\u00fcr den einfachen Zugang zur City verbunden <strong>Mit dem Zug<\/strong> Von Europa: Eurostar und Eurotunnel. Ein sehr entwickeltes Bahnnetz \u00fcber GB nach Wales und Scotland. Entfernung von den meisten St\u00e4dten: Birmingham: 1 Stunde 30 Minuten Manchester: 2 Std. 15 Min. Newcastle: 3 Std. Edinburgh: 4 Std. 30 Min. Glasgow: 5 Std. <strong>Mit dem Schiff<\/strong> London ist mit Schiff und F\u00e4hre erreichbar, nach Zug- und Bustransfer von der K\u00fcste in the City, Haupt- F\u00e4hre Seehafen : Dover, Folkestone, Harwich, Ramsgate, Newhaven. <strong>Lowcost-Reisetipps<\/strong>: Kaufen Sie die Oyster Card, sobald Sie in London sind, sparen Sie t\u00e4glich Geld f\u00fcr die Fahrten in Bussen und mit der U-Bahn<\/div>\n","protected":false},"excerpt":{"rendered":"<p>Mit dem Flug London ist mit Europa und der ganzen Welt durch die folgenden Flugh\u00e4fen verbunden: Internationale Flugh\u00e4fen \u2013 Heathrow und Gatwick Lowcost-Flugh\u00e4fen \u2013 Luton und Stansted Mit dem Auto Ganz einfach erreichbar \u00fcber die Autobahn: M1- M2 \u2013 M3 \u2013 M4 \u2013 M11 \u2013 M20 \u2013 M23 \u2013 M25 und M40 sowie viele A-Autobahnen. [&hellip;]<\/p>\n","protected":false},"author":1,"featured_media":0,"parent":0,"menu_order":0,"comment_status":"open","ping_status":"open","template":"","meta":{"footnotes":""},"class_list":["post-159","page","type-page","status-publish","hentry"],"yoast_head":"<!-- This site is optimized with the Yoast SEO Premium plugin v24.4 (Yoast SEO v24.4) - https:\/\/yoast.com\/wordpress\/plugins\/seo\/ -->\n<title>London anfahren | Terravision<\/title>\n<meta name=\"description\" content=\"London anfahren. Infos zum London mit dem Flug, mit dem Zug, mit dem Auto oder Bus anfahren; die g\u00fcnstigste und schnellste M\u00f6glichkeiten.\" \/>\n<meta name=\"robots\" content=\"index, follow, max-snippet:-1, max-image-preview:large, max-video-preview:-1\" \/>\n<link rel=\"canonical\" href=\"https:\/\/www.terravision.eu\/tedesco\/zum_london.html\" \/>\n<meta property=\"og:locale\" content=\"de_DE\" \/>\n<meta property=\"og:type\" content=\"article\" \/>\n<meta property=\"og:title\" content=\"London anfahren\" \/>\n<meta property=\"og:description\" content=\"London anfahren. Infos zum London mit dem Flug, mit dem Zug, mit dem Auto oder Bus anfahren; die g\u00fcnstigste und schnellste M\u00f6glichkeiten.\" \/>\n<meta property=\"og:url\" content=\"https:\/\/www.terravision.eu\/tedesco\/zum_london.html\" \/>\n<meta property=\"og:site_name\" content=\"Terravision Deutschland\" \/>\n<meta property=\"article:modified_time\" content=\"2020-04-01T05:36:53+00:00\" \/>\n<meta name=\"twitter:label1\" content=\"Gesch\u00e4tzte Lesezeit\" \/>\n\t<meta name=\"twitter:data1\" content=\"1 minute\" \/>\n<script type=\"application\/ld+json\" class=\"yoast-schema-graph\">{\"@context\":\"https:\/\/schema.org\",\"@graph\":[{\"@type\":\"WebPage\",\"@id\":\"https:\/\/www.terravision.eu\/tedesco\/zum_london.html\",\"url\":\"https:\/\/www.terravision.eu\/tedesco\/zum_london.html\",\"name\":\"London anfahren | Terravision\",\"isPartOf\":{\"@id\":\"https:\/\/www.terravision.eu\/tedesco\/#website\"},\"datePublished\":\"2012-08-09T13:08:02+00:00\",\"dateModified\":\"2020-04-01T05:36:53+00:00\",\"description\":\"London anfahren. Infos zum London mit dem Flug, mit dem Zug, mit dem Auto oder Bus anfahren; die g\u00fcnstigste und schnellste M\u00f6glichkeiten.\",\"breadcrumb\":{\"@id\":\"https:\/\/www.terravision.eu\/tedesco\/zum_london.html#breadcrumb\"},\"inLanguage\":\"de-DE\",\"potentialAction\":[{\"@type\":\"ReadAction\",\"target\":[\"https:\/\/www.terravision.eu\/tedesco\/zum_london.html\"]}]},{\"@type\":\"BreadcrumbList\",\"@id\":\"https:\/\/www.terravision.eu\/tedesco\/zum_london.html#breadcrumb\",\"itemListElement\":[{\"@type\":\"ListItem\",\"position\":1,\"name\":\"Home\",\"item\":\"https:\/\/www.terravision.eu\/tedesco\/\"},{\"@type\":\"ListItem\",\"position\":2,\"name\":\"London anfahren\"}]},{\"@type\":\"WebSite\",\"@id\":\"https:\/\/www.terravision.eu\/tedesco\/#website\",\"url\":\"https:\/\/www.terravision.eu\/tedesco\/\",\"name\":\"Terravision Deutschland\",\"description\":\"G\u00fcnstige Verbindungen von\/zu den wichtigsten Flugh\u00e4fen Europas\",\"potentialAction\":[{\"@type\":\"SearchAction\",\"target\":{\"@type\":\"EntryPoint\",\"urlTemplate\":\"https:\/\/www.terravision.eu\/tedesco\/?s={search_term_string}\"},\"query-input\":{\"@type\":\"PropertyValueSpecification\",\"valueRequired\":true,\"valueName\":\"search_term_string\"}}],\"inLanguage\":\"de-DE\"}]}<\/script>\n<!-- \/ Yoast SEO Premium plugin. -->","yoast_head_json":{"title":"London anfahren | Terravision","description":"London anfahren. Infos zum London mit dem Flug, mit dem Zug, mit dem Auto oder Bus anfahren; die g\u00fcnstigste und schnellste M\u00f6glichkeiten.","robots":{"index":"index","follow":"follow","max-snippet":"max-snippet:-1","max-image-preview":"max-image-preview:large","max-video-preview":"max-video-preview:-1"},"canonical":"https:\/\/www.terravision.eu\/tedesco\/zum_london.html","og_locale":"de_DE","og_type":"article","og_title":"London anfahren","og_description":"London anfahren. Infos zum London mit dem Flug, mit dem Zug, mit dem Auto oder Bus anfahren; die g\u00fcnstigste und schnellste M\u00f6glichkeiten.","og_url":"https:\/\/www.terravision.eu\/tedesco\/zum_london.html","og_site_name":"Terravision Deutschland","article_modified_time":"2020-04-01T05:36:53+00:00","twitter_misc":{"Gesch\u00e4tzte Lesezeit":"1 minute"},"schema":{"@context":"https:\/\/schema.org","@graph":[{"@type":"WebPage","@id":"https:\/\/www.terravision.eu\/tedesco\/zum_london.html","url":"https:\/\/www.terravision.eu\/tedesco\/zum_london.html","name":"London anfahren | Terravision","isPartOf":{"@id":"https:\/\/www.terravision.eu\/tedesco\/#website"},"datePublished":"2012-08-09T13:08:02+00:00","dateModified":"2020-04-01T05:36:53+00:00","description":"London anfahren. Infos zum London mit dem Flug, mit dem Zug, mit dem Auto oder Bus anfahren; die g\u00fcnstigste und schnellste M\u00f6glichkeiten.","breadcrumb":{"@id":"https:\/\/www.terravision.eu\/tedesco\/zum_london.html#breadcrumb"},"inLanguage":"de-DE","potentialAction":[{"@type":"ReadAction","target":["https:\/\/www.terravision.eu\/tedesco\/zum_london.html"]}]},{"@type":"BreadcrumbList","@id":"https:\/\/www.terravision.eu\/tedesco\/zum_london.html#breadcrumb","itemListElement":[{"@type":"ListItem","position":1,"name":"Home","item":"https:\/\/www.terravision.eu\/tedesco\/"},{"@type":"ListItem","position":2,"name":"London anfahren"}]},{"@type":"WebSite","@id":"https:\/\/www.terravision.eu\/tedesco\/#website","url":"https:\/\/www.terravision.eu\/tedesco\/","name":"Terravision Deutschland","description":"G\u00fcnstige Verbindungen von\/zu den wichtigsten Flugh\u00e4fen Europas","potentialAction":[{"@type":"SearchAction","target":{"@type":"EntryPoint","urlTemplate":"https:\/\/www.terravision.eu\/tedesco\/?s={search_term_string}"},"query-input":{"@type":"PropertyValueSpecification","valueRequired":true,"valueName":"search_term_string"}}],"inLanguage":"de-DE"}]}},"_links":{"self":[{"href":"https:\/\/www.terravision.eu\/tedesco\/wp-json\/wp\/v2\/pages\/159","targetHints":{"allow":["GET"]}}],"collection":[{"href":"https:\/\/www.terravision.eu\/tedesco\/wp-json\/wp\/v2\/pages"}],"about":[{"href":"https:\/\/www.terravision.eu\/tedesco\/wp-json\/wp\/v2\/types\/page"}],"author":[{"embeddable":true,"href":"https:\/\/www.terravision.eu\/tedesco\/wp-json\/wp\/v2\/users\/1"}],"replies":[{"embeddable":true,"href":"https:\/\/www.terravision.eu\/tedesco\/wp-json\/wp\/v2\/comments?post=159"}],"version-history":[{"count":2,"href":"https:\/\/www.terravision.eu\/tedesco\/wp-json\/wp\/v2\/pages\/159\/revisions"}],"predecessor-version":[{"id":13255,"href":"https:\/\/www.terravision.eu\/tedesco\/wp-json\/wp\/v2\/pages\/159\/revisions\/13255"}],"wp:attachment":[{"href":"https:\/\/www.terravision.eu\/tedesco\/wp-json\/wp\/v2\/media?parent=159"}],"curies":[{"name":"wp","href":"https:\/\/api.w.org\/{rel}","templated":true}]}}