{"id":174,"date":"2012-08-09T16:16:44","date_gmt":"2012-08-09T16:16:44","guid":{"rendered":"https:\/\/www.terravision.eu\/flights-for-florence-pisa\/"},"modified":"2019-01-08T10:20:34","modified_gmt":"2019-01-08T10:20:34","slug":"fluge_florenz","status":"publish","type":"page","link":"https:\/\/www.terravision.eu\/tedesco\/fluge_florenz.html","title":{"rendered":"Fl\u00fcge von\/nach Florenz &#038; Pisa"},"content":{"rendered":"<div id=\"article-single\">\n<div class=\"title\">Hinweise zu Lowcost &#8211; Fl\u00fcgen von\/zu den <span class=\"strong\">Dolomiten<\/span><\/div>\n<p>Suchen Sie nach Fl\u00fcgen von\/zu den Dolomiten? Die Flugh\u00e4fen Pisa und Florenz bieten eine gro\u00dfe Auswahl an Lowcost- und Linienfl\u00fcgen.<br \/>\nBuchen Sie jetzt Ihre Fl\u00fcge von\/nach Florenz zum g\u00fcnstigsten Preis! Im Folgenden finden Sie einige allgemeine Suchmaschinen f\u00fcr g\u00fcnstige Billigfl\u00fcge.<\/p>\n<p>Der Flugverkehr in der Toskana wird auf zwei Hauptflugh\u00e4fen verteilt: <strong>Flughafen Pisa <\/strong> und <strong>Flughafen Florenz<\/strong>. Auf den Flughafen von Florenz, der vorwiegend von Linienfluggesellschaften angeflogen wird und den Flughafen von Pisa, ein wichtiger Anflughafen f\u00fcr Lowcost-Fl\u00fcge und Anschluss-Flughafen von Ryanair f\u00fcr Transfers zwischen Flugh\u00e4fen Pisa und Florenz und dem Stadtzentrum Florenz finden Sie die besten Angebote von Terravision, dem europ\u00e4ischen Marktf\u00fchrer f\u00fcr kosteng\u00fcnstige Flughafentransfers.<\/p>\n<p>Buchen Sie Ihren Transfer online und entdecken Sie unsere Angebote und Reduzierungen.<\/p>\n<p>&nbsp;<\/p>\n<\/div>\n","protected":false},"excerpt":{"rendered":"<p>Hinweise zu Lowcost &#8211; Fl\u00fcgen von\/zu den Dolomiten Suchen Sie nach Fl\u00fcgen von\/zu den Dolomiten? Die Flugh\u00e4fen Pisa und Florenz bieten eine gro\u00dfe Auswahl an Lowcost- und Linienfl\u00fcgen. Buchen Sie jetzt Ihre Fl\u00fcge von\/nach Florenz zum g\u00fcnstigsten Preis! Im Folgenden finden Sie einige allgemeine Suchmaschinen f\u00fcr g\u00fcnstige Billigfl\u00fcge. Der Flugverkehr in der Toskana wird auf [&hellip;]<\/p>\n","protected":false},"author":1,"featured_media":0,"parent":0,"menu_order":0,"comment_status":"open","ping_status":"open","template":"","meta":{"footnotes":""},"class_list":["post-174","page","type-page","status-publish","hentry"],"yoast_head":"<!-- This site is optimized with the Yoast SEO Premium plugin v24.4 (Yoast SEO v24.4) - https:\/\/yoast.com\/wordpress\/plugins\/seo\/ -->\n<title>Fl\u00fcge nach Florenz | Terravision<\/title>\n<meta name=\"robots\" content=\"index, follow, max-snippet:-1, max-image-preview:large, max-video-preview:-1\" \/>\n<link rel=\"canonical\" href=\"https:\/\/www.terravision.eu\/tedesco\/fluge_florenz.html\" \/>\n<meta property=\"og:locale\" content=\"de_DE\" \/>\n<meta property=\"og:type\" content=\"article\" \/>\n<meta property=\"og:title\" content=\"Fl\u00fcge von\/nach Florenz &amp; Pisa\" \/>\n<meta property=\"og:description\" content=\"Hinweise zu Lowcost &#8211; Fl\u00fcgen von\/zu den Dolomiten Suchen Sie nach Fl\u00fcgen von\/zu den Dolomiten? Die Flugh\u00e4fen Pisa und Florenz bieten eine gro\u00dfe Auswahl an Lowcost- und Linienfl\u00fcgen. Buchen Sie jetzt Ihre Fl\u00fcge von\/nach Florenz zum g\u00fcnstigsten Preis! Im Folgenden finden Sie einige allgemeine Suchmaschinen f\u00fcr g\u00fcnstige Billigfl\u00fcge. Der Flugverkehr in der Toskana wird auf [&hellip;]\" \/>\n<meta property=\"og:url\" content=\"https:\/\/www.terravision.eu\/tedesco\/fluge_florenz.html\" \/>\n<meta property=\"og:site_name\" content=\"Terravision Deutschland\" \/>\n<meta property=\"article:modified_time\" content=\"2019-01-08T10:20:34+00:00\" \/>\n<meta name=\"twitter:label1\" content=\"Gesch\u00e4tzte Lesezeit\" \/>\n\t<meta name=\"twitter:data1\" content=\"1 minute\" \/>\n<script type=\"application\/ld+json\" class=\"yoast-schema-graph\">{\"@context\":\"https:\/\/schema.org\",\"@graph\":[{\"@type\":\"WebPage\",\"@id\":\"https:\/\/www.terravision.eu\/tedesco\/fluge_florenz.html\",\"url\":\"https:\/\/www.terravision.eu\/tedesco\/fluge_florenz.html\",\"name\":\"Fl\u00fcge nach Florenz | Terravision\",\"isPartOf\":{\"@id\":\"https:\/\/www.terravision.eu\/tedesco\/#website\"},\"datePublished\":\"2012-08-09T16:16:44+00:00\",\"dateModified\":\"2019-01-08T10:20:34+00:00\",\"breadcrumb\":{\"@id\":\"https:\/\/www.terravision.eu\/tedesco\/fluge_florenz.html#breadcrumb\"},\"inLanguage\":\"de-DE\",\"potentialAction\":[{\"@type\":\"ReadAction\",\"target\":[\"https:\/\/www.terravision.eu\/tedesco\/fluge_florenz.html\"]}]},{\"@type\":\"BreadcrumbList\",\"@id\":\"https:\/\/www.terravision.eu\/tedesco\/fluge_florenz.html#breadcrumb\",\"itemListElement\":[{\"@type\":\"ListItem\",\"position\":1,\"name\":\"Home\",\"item\":\"https:\/\/www.terravision.eu\/tedesco\/\"},{\"@type\":\"ListItem\",\"position\":2,\"name\":\"Fl\u00fcge von\/nach Florenz &#038; Pisa\"}]},{\"@type\":\"WebSite\",\"@id\":\"https:\/\/www.terravision.eu\/tedesco\/#website\",\"url\":\"https:\/\/www.terravision.eu\/tedesco\/\",\"name\":\"Terravision Deutschland\",\"description\":\"G\u00fcnstige Verbindungen von\/zu den wichtigsten Flugh\u00e4fen Europas\",\"potentialAction\":[{\"@type\":\"SearchAction\",\"target\":{\"@type\":\"EntryPoint\",\"urlTemplate\":\"https:\/\/www.terravision.eu\/tedesco\/?s={search_term_string}\"},\"query-input\":{\"@type\":\"PropertyValueSpecification\",\"valueRequired\":true,\"valueName\":\"search_term_string\"}}],\"inLanguage\":\"de-DE\"}]}<\/script>\n<!-- \/ Yoast SEO Premium plugin. -->","yoast_head_json":{"title":"Fl\u00fcge nach Florenz | Terravision","robots":{"index":"index","follow":"follow","max-snippet":"max-snippet:-1","max-image-preview":"max-image-preview:large","max-video-preview":"max-video-preview:-1"},"canonical":"https:\/\/www.terravision.eu\/tedesco\/fluge_florenz.html","og_locale":"de_DE","og_type":"article","og_title":"Fl\u00fcge von\/nach Florenz & Pisa","og_description":"Hinweise zu Lowcost &#8211; Fl\u00fcgen von\/zu den Dolomiten Suchen Sie nach Fl\u00fcgen von\/zu den Dolomiten? Die Flugh\u00e4fen Pisa und Florenz bieten eine gro\u00dfe Auswahl an Lowcost- und Linienfl\u00fcgen. Buchen Sie jetzt Ihre Fl\u00fcge von\/nach Florenz zum g\u00fcnstigsten Preis! Im Folgenden finden Sie einige allgemeine Suchmaschinen f\u00fcr g\u00fcnstige Billigfl\u00fcge. Der Flugverkehr in der Toskana wird auf [&hellip;]","og_url":"https:\/\/www.terravision.eu\/tedesco\/fluge_florenz.html","og_site_name":"Terravision Deutschland","article_modified_time":"2019-01-08T10:20:34+00:00","twitter_misc":{"Gesch\u00e4tzte Lesezeit":"1 minute"},"schema":{"@context":"https:\/\/schema.org","@graph":[{"@type":"WebPage","@id":"https:\/\/www.terravision.eu\/tedesco\/fluge_florenz.html","url":"https:\/\/www.terravision.eu\/tedesco\/fluge_florenz.html","name":"Fl\u00fcge nach Florenz | Terravision","isPartOf":{"@id":"https:\/\/www.terravision.eu\/tedesco\/#website"},"datePublished":"2012-08-09T16:16:44+00:00","dateModified":"2019-01-08T10:20:34+00:00","breadcrumb":{"@id":"https:\/\/www.terravision.eu\/tedesco\/fluge_florenz.html#breadcrumb"},"inLanguage":"de-DE","potentialAction":[{"@type":"ReadAction","target":["https:\/\/www.terravision.eu\/tedesco\/fluge_florenz.html"]}]},{"@type":"BreadcrumbList","@id":"https:\/\/www.terravision.eu\/tedesco\/fluge_florenz.html#breadcrumb","itemListElement":[{"@type":"ListItem","position":1,"name":"Home","item":"https:\/\/www.terravision.eu\/tedesco\/"},{"@type":"ListItem","position":2,"name":"Fl\u00fcge von\/nach Florenz &#038; Pisa"}]},{"@type":"WebSite","@id":"https:\/\/www.terravision.eu\/tedesco\/#website","url":"https:\/\/www.terravision.eu\/tedesco\/","name":"Terravision Deutschland","description":"G\u00fcnstige Verbindungen von\/zu den wichtigsten Flugh\u00e4fen Europas","potentialAction":[{"@type":"SearchAction","target":{"@type":"EntryPoint","urlTemplate":"https:\/\/www.terravision.eu\/tedesco\/?s={search_term_string}"},"query-input":{"@type":"PropertyValueSpecification","valueRequired":true,"valueName":"search_term_string"}}],"inLanguage":"de-DE"}]}},"_links":{"self":[{"href":"https:\/\/www.terravision.eu\/tedesco\/wp-json\/wp\/v2\/pages\/174","targetHints":{"allow":["GET"]}}],"collection":[{"href":"https:\/\/www.terravision.eu\/tedesco\/wp-json\/wp\/v2\/pages"}],"about":[{"href":"https:\/\/www.terravision.eu\/tedesco\/wp-json\/wp\/v2\/types\/page"}],"author":[{"embeddable":true,"href":"https:\/\/www.terravision.eu\/tedesco\/wp-json\/wp\/v2\/users\/1"}],"replies":[{"embeddable":true,"href":"https:\/\/www.terravision.eu\/tedesco\/wp-json\/wp\/v2\/comments?post=174"}],"version-history":[{"count":3,"href":"https:\/\/www.terravision.eu\/tedesco\/wp-json\/wp\/v2\/pages\/174\/revisions"}],"predecessor-version":[{"id":12849,"href":"https:\/\/www.terravision.eu\/tedesco\/wp-json\/wp\/v2\/pages\/174\/revisions\/12849"}],"wp:attachment":[{"href":"https:\/\/www.terravision.eu\/tedesco\/wp-json\/wp\/v2\/media?parent=174"}],"curies":[{"name":"wp","href":"https:\/\/api.w.org\/{rel}","templated":true}]}}