{"id":194,"date":"2012-08-10T15:00:58","date_gmt":"2012-08-10T15:00:58","guid":{"rendered":"https:\/\/www.terravision.eu\/palermo-travel-tips\/"},"modified":"2012-08-10T15:00:58","modified_gmt":"2012-08-10T15:00:58","slug":"reise_palermo","status":"publish","type":"page","link":"https:\/\/www.terravision.eu\/tedesco\/reise_palermo.html","title":{"rendered":"Reisef\u00fchrer Palermo"},"content":{"rendered":"<div id=\"article-single\">\n<div class=\"title\">Reise nach Palermo<\/div>\n<p>Die faszinierende Stadt <strong>Palermo<\/strong>, <strong>Hauptstadt von Sizilien<\/strong>, \u00fcber Jahrhunderte von verschiedenen Kulturen beeinflusst (Araber, Normannen, Franzosen, Spanier, Byzantiner und so weiter), die Palermo tief gepr\u00e4gt haben und eine einzigartige Stadt daraus machten, mit einer perfekten Mischung aus Barock und Gotik. Besuchen Sie Palermo und Sie w\u00e4hlen zwischen wunderbaren Denkm\u00e4lern, sch\u00f6nen Str\u00e4nden und nat\u00fcrlich dem leckeren Essen!   <\/p>\n<p><strong>Sehensw\u00fcrdigkeiten Palermo<\/strong><br \/>\n&#8211; Der normannische K\u00f6nigspalast<br \/>\n&#8211; Der Pretoria Brunnen<br \/>\n&#8211; Zisa und Cuba, der arabisch-normannische K\u00f6nigspalast<br \/>\n&#8211; Das Theater Maximum<br \/>\n&#8211; Der Vucciria Markt und andere Marktstra\u00dfen<br \/>\n&#8211; Der Botanische Garten<br \/>\n&#8211; Das  Arch\u00e4ologische Museum<br \/>\n&#8211; Der symbolische Kreuzung Quattro Canti in der alten Stadt La Martorana, die sch\u00f6ne Kirche mit byzantischen Mosaiken,<br \/>\n&#8211; Die Capuccini Katakombe<br \/>\n&#8211; Die Kirche Ges\u00f9 <\/p>\n<p><strong>Palermo Sondertipps &amp; Veranstaltungen<\/strong><br \/>\nFestino di Santa Rosalia, jedes Jahr im Juni das Festival von Morgana mit dem ber\u00fchmten Puppentheater jedes Jahr in November <\/div>\n","protected":false},"excerpt":{"rendered":"<p>Reise nach Palermo Die faszinierende Stadt Palermo, Hauptstadt von Sizilien, \u00fcber Jahrhunderte von verschiedenen Kulturen beeinflusst (Araber, Normannen, Franzosen, Spanier, Byzantiner und so weiter), die Palermo tief gepr\u00e4gt haben und eine einzigartige Stadt daraus machten, mit einer perfekten Mischung aus Barock und Gotik. Besuchen Sie Palermo und Sie w\u00e4hlen zwischen wunderbaren Denkm\u00e4lern, sch\u00f6nen Str\u00e4nden und [&hellip;]<\/p>\n","protected":false},"author":1,"featured_media":0,"parent":0,"menu_order":0,"comment_status":"open","ping_status":"open","template":"","meta":{"footnotes":""},"class_list":["post-194","page","type-page","status-publish","hentry"],"yoast_head":"<!-- This site is optimized with the Yoast SEO Premium plugin v24.4 (Yoast SEO v24.4) - https:\/\/yoast.com\/wordpress\/plugins\/seo\/ -->\n<title>Reisef\u00fchrer Palermo | Terravision<\/title>\n<meta name=\"description\" content=\"Reisef\u00fchrer Palermo. Reisef\u00fchrer von Palermo mit: Museen, Reisetipps und die besten Sehensw\u00fcrdigkeiten in Palermo .\" \/>\n<meta name=\"robots\" content=\"index, follow, max-snippet:-1, max-image-preview:large, max-video-preview:-1\" \/>\n<link rel=\"canonical\" href=\"https:\/\/www.terravision.eu\/tedesco\/reise_palermo.html\" \/>\n<meta property=\"og:locale\" content=\"de_DE\" \/>\n<meta property=\"og:type\" content=\"article\" \/>\n<meta property=\"og:title\" content=\"Reisef\u00fchrer Palermo\" \/>\n<meta property=\"og:description\" content=\"Reisef\u00fchrer Palermo. Reisef\u00fchrer von Palermo mit: Museen, Reisetipps und die besten Sehensw\u00fcrdigkeiten in Palermo .\" \/>\n<meta property=\"og:url\" content=\"https:\/\/www.terravision.eu\/tedesco\/reise_palermo.html\" \/>\n<meta property=\"og:site_name\" content=\"Terravision Deutschland\" \/>\n<meta name=\"twitter:label1\" content=\"Gesch\u00e4tzte Lesezeit\" \/>\n\t<meta name=\"twitter:data1\" content=\"1 minute\" \/>\n<script type=\"application\/ld+json\" class=\"yoast-schema-graph\">{\"@context\":\"https:\/\/schema.org\",\"@graph\":[{\"@type\":\"WebPage\",\"@id\":\"https:\/\/www.terravision.eu\/tedesco\/reise_palermo.html\",\"url\":\"https:\/\/www.terravision.eu\/tedesco\/reise_palermo.html\",\"name\":\"Reisef\u00fchrer Palermo | Terravision\",\"isPartOf\":{\"@id\":\"https:\/\/www.terravision.eu\/tedesco\/#website\"},\"datePublished\":\"2012-08-10T15:00:58+00:00\",\"description\":\"Reisef\u00fchrer Palermo. Reisef\u00fchrer von Palermo mit: Museen, Reisetipps und die besten Sehensw\u00fcrdigkeiten in Palermo .\",\"breadcrumb\":{\"@id\":\"https:\/\/www.terravision.eu\/tedesco\/reise_palermo.html#breadcrumb\"},\"inLanguage\":\"de-DE\",\"potentialAction\":[{\"@type\":\"ReadAction\",\"target\":[\"https:\/\/www.terravision.eu\/tedesco\/reise_palermo.html\"]}]},{\"@type\":\"BreadcrumbList\",\"@id\":\"https:\/\/www.terravision.eu\/tedesco\/reise_palermo.html#breadcrumb\",\"itemListElement\":[{\"@type\":\"ListItem\",\"position\":1,\"name\":\"Home\",\"item\":\"https:\/\/www.terravision.eu\/tedesco\/\"},{\"@type\":\"ListItem\",\"position\":2,\"name\":\"Reisef\u00fchrer Palermo\"}]},{\"@type\":\"WebSite\",\"@id\":\"https:\/\/www.terravision.eu\/tedesco\/#website\",\"url\":\"https:\/\/www.terravision.eu\/tedesco\/\",\"name\":\"Terravision Deutschland\",\"description\":\"G\u00fcnstige Verbindungen von\/zu den wichtigsten Flugh\u00e4fen Europas\",\"potentialAction\":[{\"@type\":\"SearchAction\",\"target\":{\"@type\":\"EntryPoint\",\"urlTemplate\":\"https:\/\/www.terravision.eu\/tedesco\/?s={search_term_string}\"},\"query-input\":{\"@type\":\"PropertyValueSpecification\",\"valueRequired\":true,\"valueName\":\"search_term_string\"}}],\"inLanguage\":\"de-DE\"}]}<\/script>\n<!-- \/ Yoast SEO Premium plugin. -->","yoast_head_json":{"title":"Reisef\u00fchrer Palermo | Terravision","description":"Reisef\u00fchrer Palermo. Reisef\u00fchrer von Palermo mit: Museen, Reisetipps und die besten Sehensw\u00fcrdigkeiten in Palermo .","robots":{"index":"index","follow":"follow","max-snippet":"max-snippet:-1","max-image-preview":"max-image-preview:large","max-video-preview":"max-video-preview:-1"},"canonical":"https:\/\/www.terravision.eu\/tedesco\/reise_palermo.html","og_locale":"de_DE","og_type":"article","og_title":"Reisef\u00fchrer Palermo","og_description":"Reisef\u00fchrer Palermo. Reisef\u00fchrer von Palermo mit: Museen, Reisetipps und die besten Sehensw\u00fcrdigkeiten in Palermo .","og_url":"https:\/\/www.terravision.eu\/tedesco\/reise_palermo.html","og_site_name":"Terravision Deutschland","twitter_misc":{"Gesch\u00e4tzte Lesezeit":"1 minute"},"schema":{"@context":"https:\/\/schema.org","@graph":[{"@type":"WebPage","@id":"https:\/\/www.terravision.eu\/tedesco\/reise_palermo.html","url":"https:\/\/www.terravision.eu\/tedesco\/reise_palermo.html","name":"Reisef\u00fchrer Palermo | Terravision","isPartOf":{"@id":"https:\/\/www.terravision.eu\/tedesco\/#website"},"datePublished":"2012-08-10T15:00:58+00:00","description":"Reisef\u00fchrer Palermo. Reisef\u00fchrer von Palermo mit: Museen, Reisetipps und die besten Sehensw\u00fcrdigkeiten in Palermo .","breadcrumb":{"@id":"https:\/\/www.terravision.eu\/tedesco\/reise_palermo.html#breadcrumb"},"inLanguage":"de-DE","potentialAction":[{"@type":"ReadAction","target":["https:\/\/www.terravision.eu\/tedesco\/reise_palermo.html"]}]},{"@type":"BreadcrumbList","@id":"https:\/\/www.terravision.eu\/tedesco\/reise_palermo.html#breadcrumb","itemListElement":[{"@type":"ListItem","position":1,"name":"Home","item":"https:\/\/www.terravision.eu\/tedesco\/"},{"@type":"ListItem","position":2,"name":"Reisef\u00fchrer Palermo"}]},{"@type":"WebSite","@id":"https:\/\/www.terravision.eu\/tedesco\/#website","url":"https:\/\/www.terravision.eu\/tedesco\/","name":"Terravision Deutschland","description":"G\u00fcnstige Verbindungen von\/zu den wichtigsten Flugh\u00e4fen Europas","potentialAction":[{"@type":"SearchAction","target":{"@type":"EntryPoint","urlTemplate":"https:\/\/www.terravision.eu\/tedesco\/?s={search_term_string}"},"query-input":{"@type":"PropertyValueSpecification","valueRequired":true,"valueName":"search_term_string"}}],"inLanguage":"de-DE"}]}},"_links":{"self":[{"href":"https:\/\/www.terravision.eu\/tedesco\/wp-json\/wp\/v2\/pages\/194","targetHints":{"allow":["GET"]}}],"collection":[{"href":"https:\/\/www.terravision.eu\/tedesco\/wp-json\/wp\/v2\/pages"}],"about":[{"href":"https:\/\/www.terravision.eu\/tedesco\/wp-json\/wp\/v2\/types\/page"}],"author":[{"embeddable":true,"href":"https:\/\/www.terravision.eu\/tedesco\/wp-json\/wp\/v2\/users\/1"}],"replies":[{"embeddable":true,"href":"https:\/\/www.terravision.eu\/tedesco\/wp-json\/wp\/v2\/comments?post=194"}],"version-history":[{"count":0,"href":"https:\/\/www.terravision.eu\/tedesco\/wp-json\/wp\/v2\/pages\/194\/revisions"}],"wp:attachment":[{"href":"https:\/\/www.terravision.eu\/tedesco\/wp-json\/wp\/v2\/media?parent=194"}],"curies":[{"name":"wp","href":"https:\/\/api.w.org\/{rel}","templated":true}]}}