{"id":197,"date":"2012-08-10T15:22:01","date_gmt":"2012-08-10T15:22:01","guid":{"rendered":"https:\/\/www.terravision.eu\/flights-to-trapanipalermo\/"},"modified":"2020-10-05T13:01:41","modified_gmt":"2020-10-05T13:01:41","slug":"fluge_palermo","status":"publish","type":"page","link":"https:\/\/www.terravision.eu\/tedesco\/fluge_palermo.html","title":{"rendered":"Fl\u00fcge Palermo"},"content":{"rendered":"<div id=\"article-single\">\n<div class=\"title\">Hinweise zu Lowcost &#8211; Fl\u00fcgen von\/nach <strong>Trapani und Palermo<\/strong><\/div>\n<p>Suchen Sie nach Fl\u00fcgen von\/nach Trapani und Palermo? Die <strong>Flugh\u00e4fen Trapani Birgi und Palermo<\/strong> bieten eine gro\u00dfe Auswahl an Lowcost- und Linienfl\u00fcgen.<\/p>\n<p>Buchen Sie jetzt Ihre <strong>Fl\u00fcge von\/nach Trapani<\/strong> und <strong>Palermo<\/strong> zum g\u00fcnstigsten Preis! Im Folgenden finden Sie einige allgemeine Suchmaschinen f\u00fcr g\u00fcnstige Billigfl\u00fcge. Der Flugverkehr von und nach Sizilien verteilt sich auf zwei Hauptflugh\u00e4fen: <strong>Den Flughafen Trapani Birgi<\/strong> und <strong>den Flughafen Palermo<\/strong>.<\/p>\n<p><strong>Palermo<\/strong> ist der gr\u00f6\u00dfte internationale Flughafen Siziliens und das Flugverkehrs-Zentrum f\u00fcr Linienfl\u00fcge. Der Flughafen <strong>Trapani Birgi <\/strong>wird von den meisten <strong>Lowcost-Fluggesellschaften<\/strong> bedient, unter anderen von Ryanair und Easyjet.<\/p>\n<p>F\u00fcr <strong>Transfers zwischen dem Flughafen Trapani Birgi und dem Stadtzentrum Palermo<\/strong> finden Sie die besten Angebote von Terravision, dem europ\u00e4ischen Marktf\u00fchrer f\u00fcr kosteng\u00fcnstige Flughafentransfers. <strong>Buchen Sie Ihren Transfer online<\/strong> und entdecken Sie unsere Angebote und Reduzierungen.<\/p>\n<p>var uri = &#8216;http:\/\/impde.tradedoubler.com\/imp?type(iframe)g(18136800)a(1737156)&#8217; + new String (Math.random()).substring (2, 11); document.write(&#8221;);<\/p>\n<\/div>\n","protected":false},"excerpt":{"rendered":"<p>Hinweise zu Lowcost &#8211; Fl\u00fcgen von\/nach Trapani und Palermo Suchen Sie nach Fl\u00fcgen von\/nach Trapani und Palermo? Die Flugh\u00e4fen Trapani Birgi und Palermo bieten eine gro\u00dfe Auswahl an Lowcost- und Linienfl\u00fcgen. Buchen Sie jetzt Ihre Fl\u00fcge von\/nach Trapani und Palermo zum g\u00fcnstigsten Preis! Im Folgenden finden Sie einige allgemeine Suchmaschinen f\u00fcr g\u00fcnstige Billigfl\u00fcge. Der Flugverkehr [&hellip;]<\/p>\n","protected":false},"author":1,"featured_media":0,"parent":0,"menu_order":0,"comment_status":"open","ping_status":"open","template":"","meta":{"footnotes":""},"class_list":["post-197","page","type-page","status-publish","hentry"],"yoast_head":"<!-- This site is optimized with the Yoast SEO Premium plugin v24.4 (Yoast SEO v24.4) - https:\/\/yoast.com\/wordpress\/plugins\/seo\/ -->\n<title>Fl\u00fcge Palermo | Terravision<\/title>\n<meta name=\"description\" content=\"Fl\u00fcge Palermo. Fl\u00fcge von\/zum Flughafen Trapani-Birgi, vergleichen Sie die besten Tarife und  buchen Sie online Ihren Flug nach Palermo.\" \/>\n<meta name=\"robots\" content=\"index, follow, max-snippet:-1, max-image-preview:large, max-video-preview:-1\" \/>\n<link rel=\"canonical\" href=\"https:\/\/www.terravision.eu\/tedesco\/fluge_palermo.html\" \/>\n<meta property=\"og:locale\" content=\"de_DE\" \/>\n<meta property=\"og:type\" content=\"article\" \/>\n<meta property=\"og:title\" content=\"Fl\u00fcge Palermo\" \/>\n<meta property=\"og:description\" content=\"Fl\u00fcge Palermo. Fl\u00fcge von\/zum Flughafen Trapani-Birgi, vergleichen Sie die besten Tarife und  buchen Sie online Ihren Flug nach Palermo.\" \/>\n<meta property=\"og:url\" content=\"https:\/\/www.terravision.eu\/tedesco\/fluge_palermo.html\" \/>\n<meta property=\"og:site_name\" content=\"Terravision Deutschland\" \/>\n<meta property=\"article:modified_time\" content=\"2020-10-05T13:01:41+00:00\" \/>\n<meta name=\"twitter:label1\" content=\"Gesch\u00e4tzte Lesezeit\" \/>\n\t<meta name=\"twitter:data1\" content=\"1 minute\" \/>\n<script type=\"application\/ld+json\" class=\"yoast-schema-graph\">{\"@context\":\"https:\/\/schema.org\",\"@graph\":[{\"@type\":\"WebPage\",\"@id\":\"https:\/\/www.terravision.eu\/tedesco\/fluge_palermo.html\",\"url\":\"https:\/\/www.terravision.eu\/tedesco\/fluge_palermo.html\",\"name\":\"Fl\u00fcge Palermo | Terravision\",\"isPartOf\":{\"@id\":\"https:\/\/www.terravision.eu\/tedesco\/#website\"},\"datePublished\":\"2012-08-10T15:22:01+00:00\",\"dateModified\":\"2020-10-05T13:01:41+00:00\",\"description\":\"Fl\u00fcge Palermo. Fl\u00fcge von\/zum Flughafen Trapani-Birgi, vergleichen Sie die besten Tarife und buchen Sie online Ihren Flug nach Palermo.\",\"breadcrumb\":{\"@id\":\"https:\/\/www.terravision.eu\/tedesco\/fluge_palermo.html#breadcrumb\"},\"inLanguage\":\"de-DE\",\"potentialAction\":[{\"@type\":\"ReadAction\",\"target\":[\"https:\/\/www.terravision.eu\/tedesco\/fluge_palermo.html\"]}]},{\"@type\":\"BreadcrumbList\",\"@id\":\"https:\/\/www.terravision.eu\/tedesco\/fluge_palermo.html#breadcrumb\",\"itemListElement\":[{\"@type\":\"ListItem\",\"position\":1,\"name\":\"Home\",\"item\":\"https:\/\/www.terravision.eu\/tedesco\/\"},{\"@type\":\"ListItem\",\"position\":2,\"name\":\"Fl\u00fcge Palermo\"}]},{\"@type\":\"WebSite\",\"@id\":\"https:\/\/www.terravision.eu\/tedesco\/#website\",\"url\":\"https:\/\/www.terravision.eu\/tedesco\/\",\"name\":\"Terravision Deutschland\",\"description\":\"G\u00fcnstige Verbindungen von\/zu den wichtigsten Flugh\u00e4fen Europas\",\"potentialAction\":[{\"@type\":\"SearchAction\",\"target\":{\"@type\":\"EntryPoint\",\"urlTemplate\":\"https:\/\/www.terravision.eu\/tedesco\/?s={search_term_string}\"},\"query-input\":{\"@type\":\"PropertyValueSpecification\",\"valueRequired\":true,\"valueName\":\"search_term_string\"}}],\"inLanguage\":\"de-DE\"}]}<\/script>\n<!-- \/ Yoast SEO Premium plugin. -->","yoast_head_json":{"title":"Fl\u00fcge Palermo | Terravision","description":"Fl\u00fcge Palermo. Fl\u00fcge von\/zum Flughafen Trapani-Birgi, vergleichen Sie die besten Tarife und  buchen Sie online Ihren Flug nach Palermo.","robots":{"index":"index","follow":"follow","max-snippet":"max-snippet:-1","max-image-preview":"max-image-preview:large","max-video-preview":"max-video-preview:-1"},"canonical":"https:\/\/www.terravision.eu\/tedesco\/fluge_palermo.html","og_locale":"de_DE","og_type":"article","og_title":"Fl\u00fcge Palermo","og_description":"Fl\u00fcge Palermo. Fl\u00fcge von\/zum Flughafen Trapani-Birgi, vergleichen Sie die besten Tarife und  buchen Sie online Ihren Flug nach Palermo.","og_url":"https:\/\/www.terravision.eu\/tedesco\/fluge_palermo.html","og_site_name":"Terravision Deutschland","article_modified_time":"2020-10-05T13:01:41+00:00","twitter_misc":{"Gesch\u00e4tzte Lesezeit":"1 minute"},"schema":{"@context":"https:\/\/schema.org","@graph":[{"@type":"WebPage","@id":"https:\/\/www.terravision.eu\/tedesco\/fluge_palermo.html","url":"https:\/\/www.terravision.eu\/tedesco\/fluge_palermo.html","name":"Fl\u00fcge Palermo | Terravision","isPartOf":{"@id":"https:\/\/www.terravision.eu\/tedesco\/#website"},"datePublished":"2012-08-10T15:22:01+00:00","dateModified":"2020-10-05T13:01:41+00:00","description":"Fl\u00fcge Palermo. Fl\u00fcge von\/zum Flughafen Trapani-Birgi, vergleichen Sie die besten Tarife und buchen Sie online Ihren Flug nach Palermo.","breadcrumb":{"@id":"https:\/\/www.terravision.eu\/tedesco\/fluge_palermo.html#breadcrumb"},"inLanguage":"de-DE","potentialAction":[{"@type":"ReadAction","target":["https:\/\/www.terravision.eu\/tedesco\/fluge_palermo.html"]}]},{"@type":"BreadcrumbList","@id":"https:\/\/www.terravision.eu\/tedesco\/fluge_palermo.html#breadcrumb","itemListElement":[{"@type":"ListItem","position":1,"name":"Home","item":"https:\/\/www.terravision.eu\/tedesco\/"},{"@type":"ListItem","position":2,"name":"Fl\u00fcge Palermo"}]},{"@type":"WebSite","@id":"https:\/\/www.terravision.eu\/tedesco\/#website","url":"https:\/\/www.terravision.eu\/tedesco\/","name":"Terravision Deutschland","description":"G\u00fcnstige Verbindungen von\/zu den wichtigsten Flugh\u00e4fen Europas","potentialAction":[{"@type":"SearchAction","target":{"@type":"EntryPoint","urlTemplate":"https:\/\/www.terravision.eu\/tedesco\/?s={search_term_string}"},"query-input":{"@type":"PropertyValueSpecification","valueRequired":true,"valueName":"search_term_string"}}],"inLanguage":"de-DE"}]}},"_links":{"self":[{"href":"https:\/\/www.terravision.eu\/tedesco\/wp-json\/wp\/v2\/pages\/197","targetHints":{"allow":["GET"]}}],"collection":[{"href":"https:\/\/www.terravision.eu\/tedesco\/wp-json\/wp\/v2\/pages"}],"about":[{"href":"https:\/\/www.terravision.eu\/tedesco\/wp-json\/wp\/v2\/types\/page"}],"author":[{"embeddable":true,"href":"https:\/\/www.terravision.eu\/tedesco\/wp-json\/wp\/v2\/users\/1"}],"replies":[{"embeddable":true,"href":"https:\/\/www.terravision.eu\/tedesco\/wp-json\/wp\/v2\/comments?post=197"}],"version-history":[{"count":1,"href":"https:\/\/www.terravision.eu\/tedesco\/wp-json\/wp\/v2\/pages\/197\/revisions"}],"predecessor-version":[{"id":13160,"href":"https:\/\/www.terravision.eu\/tedesco\/wp-json\/wp\/v2\/pages\/197\/revisions\/13160"}],"wp:attachment":[{"href":"https:\/\/www.terravision.eu\/tedesco\/wp-json\/wp\/v2\/media?parent=197"}],"curies":[{"name":"wp","href":"https:\/\/api.w.org\/{rel}","templated":true}]}}