{"id":20382,"date":"2025-03-19T08:40:31","date_gmt":"2025-03-19T08:40:31","guid":{"rendered":"https:\/\/www.terravision.eu\/tedesco\/?page_id=20382"},"modified":"2025-09-24T14:10:18","modified_gmt":"2025-09-24T14:10:18","slug":"treueprogramm-terravision","status":"publish","type":"page","link":"https:\/\/www.terravision.eu\/tedesco\/treueprogramm-terravision.html","title":{"rendered":"Treueprogramm"},"content":{"rendered":"<div class=\"d-grid main-point\">\n<div class=\"overflow-hidden elem-left\">\n<div class=\"separator-trv-n z-index-1 p-relative mb-10\"><\/div>\n<div class=\"d-flex\" style=\"gap: 23px; margin-bottom: 30px;\">\n<h3 class=\"h3-Barlow-36pt-3\" style=\"margin-bottom: 0;\">Wie funktioniert es?<\/h3>\n<\/div>\n<p class=\"text-standard\">Sammeln Sie Punkte f\u00fcr jeden Dienst, den Sie bei Terravision buchen und l\u00f6sen Sie diese f\u00fcr Ihren n\u00e4chsten Transfer oder Ihre n\u00e4chste Stadtrundfahrt ein!<br \/>\nWie funktioniert es?<br \/>\nJeder Inhaber eines Kontos auf der Terravision Website nimmt automatisch am Treueprogramm teil und sammelt Punkte beim jeden Einkauf..<\/p>\n<div class=\"row gap-30 grid-max-content mt-30\">\n<div class=\"p-0 border-radius single-card p-relative\">\n<div class=\"row\" style=\"height: 100%;\">\n<div class=\"col align-self-center pr-0 pl-m-0\">\n<div class=\"overflow-hidden\">\n<div class=\"d-flex justify-content-center\" style=\"gap: 23px;\">\n<h3 class=\"h1-Barlow-60pt-3\" style=\"margin-bottom: 0;\">1\u20ac = <span class=\"h1-Barlow-60pt-4\">1 Punkt <\/span><\/h3>\n<\/div>\n<\/div>\n<\/div>\n<\/div>\n<\/div>\n<\/div>\n<p><a class=\"btn btn-primary-trv z-index-1 position-relative mt-25\" href=\"https:\/\/www.terravision.eu\/tedesco\/files\/2025\/03\/TERRAVISION-LOYALTY-PROGRAM_updated-Terms-and-Conditions_nov22.pdf\">Vorschriften<\/a><\/p>\n<div class=\"separator-trv-n z-index-1 p-relative mb-10 mt-60\"><\/div>\n<div class=\"d-flex\" style=\"gap: 23px; margin-bottom: 30px;\">\n<h3 class=\"h3-Barlow-36pt-3\" style=\"margin-bottom: 0;\"><strong>Wie k\u00f6nnen Sie Ihre Punkte einl\u00f6sen?<\/strong><\/h3>\n<\/div>\n<p class=\"text-standard\">Sie k\u00f6nnen Ihre Punkte direkt in Ihrem Terravision-Konto \u00fcberpr\u00fcfen!<br \/>\nMelden Sie sich einfach in Ihrem pers\u00f6nlichen Bereich an und l\u00f6sen Sie die gesammelten Punkte ein: der System generiert automatisch einen Promo-Code, der 8 Monate g\u00fcltig ist.<\/p>\n<p>Wenn Sie Fragen haben, kontaktieren Sie uns bitte, indem Sie an <a href=\"mailto:loyaltyprogram@terravision.eu\">loyaltyprogram@terravision.eu<\/a> schreiben.<\/p>\n<p><span class=\"small-Barlow-14pt-8\"><br \/>\n*Bitte beachten Sie, dass das Programm an Kunden gerichtet ist, die ein Standardkonto auf der Terravision-Website besitzen. Die Benutzer, die im Besitz des Agenten- oder Partnerkontos sind, k\u00f6nnen dem Programm nicht beitreten..<br \/>\n<\/span><\/p>\n<\/div>\n<div class=\"overflow-hidden elem-right\">\n<div class=\"d-grid laterl-info\">\n<div class=\"row\">\n<div class=\"col-lg-12\">\n<div class=\"bg-light bradius-25 overflow-hidden cont-table\">\n<table class=\"table-bordered table-trv text-center table-trv-t\">\n<thead>\n<tr>\n<th class=\"pt-15 pb-15\" style=\"width: 50%;\"><span class=\"btn-Barlow-16pt p-l-r-t text-uppercase\"><strong>Ihre Punkte<\/strong><\/span><\/th>\n<th class=\"pt-15 pb-15\" style=\"width: 50%;\"><span class=\"btn-Barlow-16pt p-l-r-t text-uppercase\"><strong>deine Belohnung<\/strong><\/span><\/th>\n<\/tr>\n<\/thead>\n<tbody>\n<tr class=\"border-table\">\n<td class=\"pt-15 pb-15\"><span class=\"h5-Barlow-22pt-4\">25<\/span><\/p>\n<p class=\"small-Barlow-14pt-6\">Punkte<\/p>\n<\/td>\n<td class=\"pt-15 pb-15\"><span class=\"h5-Barlow-22pt-4\">5%<\/span><\/p>\n<p class=\"small-Barlow-14pt-6\">Rabatt<\/p>\n<\/td>\n<\/tr>\n<tr class=\"border-table\">\n<td class=\"pt-15 pb-15\"><span class=\"h5-Barlow-22pt-4\">50<\/span><\/p>\n<p class=\"small-Barlow-14pt-6\">Punkte<\/p>\n<\/td>\n<td class=\"pt-15 pb-15\"><span class=\"h5-Barlow-22pt-4\">10%<\/span><\/p>\n<p class=\"small-Barlow-14pt-6\">Rabatt<\/p>\n<\/td>\n<\/tr>\n<tr class=\"border-table\">\n<td class=\"pt-15 pb-15\"><span class=\"h5-Barlow-22pt-4\">80<\/span><\/p>\n<p class=\"small-Barlow-14pt-6\">Punkte<\/p>\n<\/td>\n<td class=\"pt-15 pb-15\"><span class=\"h5-Barlow-22pt-4\">15%<\/span><\/p>\n<p class=\"small-Barlow-14pt-6\">Rabatt<\/p>\n<\/td>\n<\/tr>\n<tr class=\"border-table\">\n<td class=\"pt-15 pb-15\"><span class=\"h5-Barlow-22pt-4\">100<\/span><\/p>\n<p class=\"small-Barlow-14pt-6\">Punkte<\/p>\n<\/td>\n<td class=\"pt-15 pb-15\"><span class=\"h5-Barlow-22pt-4\">25%<\/span><\/p>\n<p class=\"small-Barlow-14pt-6\">Rabatt<\/p>\n<\/td>\n<\/tr>\n<\/tbody>\n<\/table>\n<\/div>\n<\/div>\n<\/div>\n<\/div>\n<\/div>\n<\/div>\n","protected":false},"excerpt":{"rendered":"<p>Wie funktioniert es? Sammeln Sie Punkte f\u00fcr jeden Dienst, den Sie bei Terravision buchen und l\u00f6sen Sie diese f\u00fcr Ihren n\u00e4chsten Transfer oder Ihre n\u00e4chste Stadtrundfahrt ein! Wie funktioniert es? Jeder Inhaber eines Kontos auf der Terravision Website nimmt automatisch am Treueprogramm teil und sammelt Punkte beim jeden Einkauf.. 1\u20ac = 1 Punkt Vorschriften Wie [&hellip;]<\/p>\n","protected":false},"author":135,"featured_media":0,"parent":0,"menu_order":0,"comment_status":"closed","ping_status":"closed","template":"page-terravision-loyalty-program.php","meta":{"footnotes":""},"class_list":["post-20382","page","type-page","status-publish","hentry"],"yoast_head":"<!-- This site is optimized with the Yoast SEO Premium plugin v24.4 (Yoast SEO v24.4) - https:\/\/yoast.com\/wordpress\/plugins\/seo\/ -->\n<title>Treueprogramm | Terravision Deutschland<\/title>\n<meta name=\"robots\" content=\"index, follow, max-snippet:-1, max-image-preview:large, max-video-preview:-1\" \/>\n<link rel=\"canonical\" href=\"https:\/\/www.terravision.eu\/tedesco\/treueprogramm-terravision.html\" \/>\n<meta property=\"og:locale\" content=\"de_DE\" \/>\n<meta property=\"og:type\" content=\"article\" \/>\n<meta property=\"og:title\" content=\"Treueprogramm\" \/>\n<meta property=\"og:description\" content=\"Wie funktioniert es? Sammeln Sie Punkte f\u00fcr jeden Dienst, den Sie bei Terravision buchen und l\u00f6sen Sie diese f\u00fcr Ihren n\u00e4chsten Transfer oder Ihre n\u00e4chste Stadtrundfahrt ein! Wie funktioniert es? Jeder Inhaber eines Kontos auf der Terravision Website nimmt automatisch am Treueprogramm teil und sammelt Punkte beim jeden Einkauf.. 1\u20ac = 1 Punkt Vorschriften Wie [&hellip;]\" \/>\n<meta property=\"og:url\" content=\"https:\/\/www.terravision.eu\/tedesco\/treueprogramm-terravision.html\" \/>\n<meta property=\"og:site_name\" content=\"Terravision Deutschland\" \/>\n<meta property=\"article:modified_time\" content=\"2025-09-24T14:10:18+00:00\" \/>\n<meta name=\"twitter:label1\" content=\"Gesch\u00e4tzte Lesezeit\" \/>\n\t<meta name=\"twitter:data1\" content=\"1 minute\" \/>\n<script type=\"application\/ld+json\" class=\"yoast-schema-graph\">{\"@context\":\"https:\/\/schema.org\",\"@graph\":[{\"@type\":\"WebPage\",\"@id\":\"https:\/\/www.terravision.eu\/tedesco\/treueprogramm-terravision.html\",\"url\":\"https:\/\/www.terravision.eu\/tedesco\/treueprogramm-terravision.html\",\"name\":\"Treueprogramm | Terravision Deutschland\",\"isPartOf\":{\"@id\":\"https:\/\/www.terravision.eu\/tedesco\/#website\"},\"datePublished\":\"2025-03-19T08:40:31+00:00\",\"dateModified\":\"2025-09-24T14:10:18+00:00\",\"breadcrumb\":{\"@id\":\"https:\/\/www.terravision.eu\/tedesco\/treueprogramm-terravision.html#breadcrumb\"},\"inLanguage\":\"de-DE\",\"potentialAction\":[{\"@type\":\"ReadAction\",\"target\":[\"https:\/\/www.terravision.eu\/tedesco\/treueprogramm-terravision.html\"]}]},{\"@type\":\"BreadcrumbList\",\"@id\":\"https:\/\/www.terravision.eu\/tedesco\/treueprogramm-terravision.html#breadcrumb\",\"itemListElement\":[{\"@type\":\"ListItem\",\"position\":1,\"name\":\"Home\",\"item\":\"https:\/\/www.terravision.eu\/tedesco\/\"},{\"@type\":\"ListItem\",\"position\":2,\"name\":\"Treueprogramm\"}]},{\"@type\":\"WebSite\",\"@id\":\"https:\/\/www.terravision.eu\/tedesco\/#website\",\"url\":\"https:\/\/www.terravision.eu\/tedesco\/\",\"name\":\"Terravision Deutschland\",\"description\":\"G\u00fcnstige Verbindungen von\/zu den wichtigsten Flugh\u00e4fen Europas\",\"potentialAction\":[{\"@type\":\"SearchAction\",\"target\":{\"@type\":\"EntryPoint\",\"urlTemplate\":\"https:\/\/www.terravision.eu\/tedesco\/?s={search_term_string}\"},\"query-input\":{\"@type\":\"PropertyValueSpecification\",\"valueRequired\":true,\"valueName\":\"search_term_string\"}}],\"inLanguage\":\"de-DE\"}]}<\/script>\n<!-- \/ Yoast SEO Premium plugin. -->","yoast_head_json":{"title":"Treueprogramm | Terravision Deutschland","robots":{"index":"index","follow":"follow","max-snippet":"max-snippet:-1","max-image-preview":"max-image-preview:large","max-video-preview":"max-video-preview:-1"},"canonical":"https:\/\/www.terravision.eu\/tedesco\/treueprogramm-terravision.html","og_locale":"de_DE","og_type":"article","og_title":"Treueprogramm","og_description":"Wie funktioniert es? Sammeln Sie Punkte f\u00fcr jeden Dienst, den Sie bei Terravision buchen und l\u00f6sen Sie diese f\u00fcr Ihren n\u00e4chsten Transfer oder Ihre n\u00e4chste Stadtrundfahrt ein! Wie funktioniert es? Jeder Inhaber eines Kontos auf der Terravision Website nimmt automatisch am Treueprogramm teil und sammelt Punkte beim jeden Einkauf.. 1\u20ac = 1 Punkt Vorschriften Wie [&hellip;]","og_url":"https:\/\/www.terravision.eu\/tedesco\/treueprogramm-terravision.html","og_site_name":"Terravision Deutschland","article_modified_time":"2025-09-24T14:10:18+00:00","twitter_misc":{"Gesch\u00e4tzte Lesezeit":"1 minute"},"schema":{"@context":"https:\/\/schema.org","@graph":[{"@type":"WebPage","@id":"https:\/\/www.terravision.eu\/tedesco\/treueprogramm-terravision.html","url":"https:\/\/www.terravision.eu\/tedesco\/treueprogramm-terravision.html","name":"Treueprogramm | Terravision Deutschland","isPartOf":{"@id":"https:\/\/www.terravision.eu\/tedesco\/#website"},"datePublished":"2025-03-19T08:40:31+00:00","dateModified":"2025-09-24T14:10:18+00:00","breadcrumb":{"@id":"https:\/\/www.terravision.eu\/tedesco\/treueprogramm-terravision.html#breadcrumb"},"inLanguage":"de-DE","potentialAction":[{"@type":"ReadAction","target":["https:\/\/www.terravision.eu\/tedesco\/treueprogramm-terravision.html"]}]},{"@type":"BreadcrumbList","@id":"https:\/\/www.terravision.eu\/tedesco\/treueprogramm-terravision.html#breadcrumb","itemListElement":[{"@type":"ListItem","position":1,"name":"Home","item":"https:\/\/www.terravision.eu\/tedesco\/"},{"@type":"ListItem","position":2,"name":"Treueprogramm"}]},{"@type":"WebSite","@id":"https:\/\/www.terravision.eu\/tedesco\/#website","url":"https:\/\/www.terravision.eu\/tedesco\/","name":"Terravision Deutschland","description":"G\u00fcnstige Verbindungen von\/zu den wichtigsten Flugh\u00e4fen Europas","potentialAction":[{"@type":"SearchAction","target":{"@type":"EntryPoint","urlTemplate":"https:\/\/www.terravision.eu\/tedesco\/?s={search_term_string}"},"query-input":{"@type":"PropertyValueSpecification","valueRequired":true,"valueName":"search_term_string"}}],"inLanguage":"de-DE"}]}},"_links":{"self":[{"href":"https:\/\/www.terravision.eu\/tedesco\/wp-json\/wp\/v2\/pages\/20382","targetHints":{"allow":["GET"]}}],"collection":[{"href":"https:\/\/www.terravision.eu\/tedesco\/wp-json\/wp\/v2\/pages"}],"about":[{"href":"https:\/\/www.terravision.eu\/tedesco\/wp-json\/wp\/v2\/types\/page"}],"author":[{"embeddable":true,"href":"https:\/\/www.terravision.eu\/tedesco\/wp-json\/wp\/v2\/users\/135"}],"replies":[{"embeddable":true,"href":"https:\/\/www.terravision.eu\/tedesco\/wp-json\/wp\/v2\/comments?post=20382"}],"version-history":[{"count":13,"href":"https:\/\/www.terravision.eu\/tedesco\/wp-json\/wp\/v2\/pages\/20382\/revisions"}],"predecessor-version":[{"id":20389,"href":"https:\/\/www.terravision.eu\/tedesco\/wp-json\/wp\/v2\/pages\/20382\/revisions\/20389"}],"wp:attachment":[{"href":"https:\/\/www.terravision.eu\/tedesco\/wp-json\/wp\/v2\/media?parent=20382"}],"curies":[{"name":"wp","href":"https:\/\/api.w.org\/{rel}","templated":true}]}}