{"id":20413,"date":"2025-03-25T09:22:12","date_gmt":"2025-03-25T09:22:12","guid":{"rendered":"https:\/\/www.terravision.eu\/tedesco\/?page_id=20413"},"modified":"2025-08-19T12:26:56","modified_gmt":"2025-08-19T12:26:56","slug":"affiliate-programm","status":"publish","type":"page","link":"https:\/\/www.terravision.eu\/tedesco\/affiliate-programm.html","title":{"rendered":"Terravision Affiliate Programm"},"content":{"rendered":"<div class=\"bg-tertiary-trv p-trv-1\">\n<div class=\"container text-standard\">\n<div class=\"row\" style=\"height: 100%;\">\n<div class=\"col align-self-center pl-30 pr-0 pl-m-0\">\n<div class=\"overflow-hidden\">\n<div class=\"separator-trv-n z-index-1 p-relative mb-10\"><\/div>\n<div class=\"d-flex\" style=\"gap: 23px; margin-bottom: 30px;\">\n<h3 class=\"h3-Barlow-36pt-3\" style=\"margin-bottom: 0;\">Warum ein Terravision Partner werden?<\/h3>\n<\/div>\n<\/div>\n<\/div>\n<\/div>\n<div class=\"row\" style=\"height: 100%;\">\n<div class=\"col align-self-center pl-30 pr-0 pl-m-0\">\n<div class=\"overflow-hidden column-trv-2-1\">\n<div class=\"grid-list-icon\" style=\"gap: 23px; margin-bottom: 30px;\">\n<p><img decoding=\"async\" src=\"https:\/\/www.terravision.eu\/wp-content\/blogs.dir\/9\/files\/2025\/03\/icon-check-list.png\" \/><\/p>\n<p class=\"h5-Barlow-22pt\" style=\"margin-bottom: 0;\">Es ist kostenlos!<\/p>\n<\/div>\n<div class=\"grid-list-icon\" style=\"gap: 23px; margin-bottom: 30px;\">\n<p><img decoding=\"async\" src=\"https:\/\/www.terravision.eu\/wp-content\/blogs.dir\/9\/files\/2025\/03\/icon-check-list.png\" \/><\/p>\n<p class=\"h5-Barlow-22pt\" style=\"margin-bottom: 0;\">Wir bieten eine attraktive Provision: 8%<\/p>\n<\/div>\n<div class=\"grid-list-icon\" style=\"gap: 23px; margin-bottom: 30px;\">\n<p><img decoding=\"async\" src=\"https:\/\/www.terravision.eu\/wp-content\/blogs.dir\/9\/files\/2025\/03\/icon-check-list.png\" \/><\/p>\n<p class=\"h5-Barlow-22pt\" style=\"margin-bottom: 0;\">Unsere Plattform ist einfach zu bedienen<\/p>\n<\/div>\n<div class=\"grid-list-icon\" style=\"gap: 23px; margin-bottom: 30px;\">\n<p><img decoding=\"async\" src=\"https:\/\/www.terravision.eu\/wp-content\/blogs.dir\/9\/files\/2025\/03\/icon-check-list.png\" \/><\/p>\n<p class=\"h5-Barlow-22pt\" style=\"margin-bottom: 0;\">Zugang zu Online-Statistiken<\/p>\n<\/div>\n<div class=\"grid-list-icon\" style=\"gap: 23px; margin-bottom: 30px;\">\n<p><img decoding=\"async\" src=\"https:\/\/www.terravision.eu\/wp-content\/blogs.dir\/9\/files\/2025\/03\/icon-check-list.png\" \/><\/p>\n<p class=\"h5-Barlow-22pt\" style=\"margin-bottom: 0;\">Wir stellen Bilder, Texte, Textlinks, Widgets und andere Tools f\u00fcr die Einbindung in die Website zur Verf\u00fcgung. Alle Tools sind in Englisch, Deutsch, Franz\u00f6sisch, Italienisch, Spanisch und Polnisch verf\u00fcgbar.<\/p>\n<\/div>\n<div class=\"grid-list-icon\" style=\"gap: 23px; margin-bottom: 30px;\">\n<p><img decoding=\"async\" src=\"https:\/\/www.terravision.eu\/wp-content\/blogs.dir\/9\/files\/2025\/03\/icon-check-list.png\" \/><\/p>\n<p class=\"h5-Barlow-22pt\" style=\"margin-bottom: 0;\">T\u00e4gliche Unterst\u00fctzung durch unser Team<\/p>\n<\/div>\n<\/div>\n<\/div>\n<\/div>\n<\/div>\n<\/div>\n<div class=\"bg-light p-trv-1\">\n<div class=\"container text-standard\">\n<div class=\"row pb-60\" style=\"height: 100%;\">\n<div class=\"col align-self-center pl-30 pr-0 pl-m-0\">\n<div class=\"overflow-hidden\">\n<div class=\"separator-trv-n z-index-1 p-relative mb-10\"><\/div>\n<div class=\"d-flex\" style=\"gap: 23px; margin-bottom: 30px;\">\n<h3 class=\"h3-Barlow-36pt-3\" style=\"margin-bottom: 0;\">Wie funktioniert das?<\/h3>\n<\/div>\n<p class=\"text-standard\">Sobald Ihre Registrierung durchgef\u00fchrt und akzeptiert wurde, erhalten Sie von unserem System eine Best\u00e4tigungs-E-Mail mit den notwendigen Daten f\u00fcr den Login und den Zugang zur Terravision Affiliation Platform. Sie k\u00f6nnen nun auf Ihr Konto zugreifen und Banner-Codes und Textlinks herunterladen, die Sie auf Ihrer Website platzieren k\u00f6nnen. Verdienen Sie schnell und einfach Geld an den K\u00e4ufen, die Nutzer von Ihrer Website aus t\u00e4tigen! Wenn Sie Fragen haben, schreiben Sie uns bitte an <a href=\"\u201emailto=affiliation@terravision.eu\u201c\">affiliation@terravision.eu<\/a><\/p>\n<p><a class=\"btn btn-primary-trv z-index-1 position-relative mt-25\" href=\"https:\/\/book-api-u48n3w6.terravision.eu\/de\/partner-registration\/affiliate\">Registrieren Sie sich als Partner<\/a><\/p>\n<p>&nbsp;<\/p>\n<\/div>\n<\/div>\n<\/div>\n<div class=\"row gap-30\">\n<div class=\"col p-0 text-center\">\n<p><img decoding=\"async\" src=\"https:\/\/www.terravision.eu\/wp-content\/blogs.dir\/9\/files\/2025\/03\/icon-portal.png\" \/><\/p>\n<h5 class=\"text-uppercase h5-Barlow-22pt-5\">Werben Sie auf Ihrer Website f\u00fcr terravision services<\/h5>\n<\/div>\n<div class=\"col p-0 text-center\">\n<p><img decoding=\"async\" src=\"https:\/\/www.terravision.eu\/wp-content\/blogs.dir\/9\/files\/2025\/03\/icon-portal-click.png\" \/><\/p>\n<h5 class=\"text-uppercase h5-Barlow-22pt-5\">Nutzer klicken auf Ihr Banner und kaufen terravision Dienste<\/h5>\n<\/div>\n<div class=\"col p-0 text-center\">\n<p><img decoding=\"async\" src=\"https:\/\/www.terravision.eu\/wp-content\/blogs.dir\/9\/files\/2025\/03\/icon-percentage.png\" \/><\/p>\n<h5 class=\"text-uppercase h5-Barlow-22pt-5\">Verdienen Sie 8 % auf Verk\u00e4ufe<\/h5>\n<\/div>\n<\/div>\n<\/div>\n<\/div>\n","protected":false},"excerpt":{"rendered":"<p>Warum ein Terravision Partner werden? Es ist kostenlos! Wir bieten eine attraktive Provision: 8% Unsere Plattform ist einfach zu bedienen Zugang zu Online-Statistiken Wir stellen Bilder, Texte, Textlinks, Widgets und andere Tools f\u00fcr die Einbindung in die Website zur Verf\u00fcgung. Alle Tools sind in Englisch, Deutsch, Franz\u00f6sisch, Italienisch, Spanisch und Polnisch verf\u00fcgbar. T\u00e4gliche Unterst\u00fctzung durch [&hellip;]<\/p>\n","protected":false},"author":131,"featured_media":0,"parent":0,"menu_order":0,"comment_status":"closed","ping_status":"closed","template":"page-terravision-affiliates.php","meta":{"footnotes":""},"class_list":["post-20413","page","type-page","status-publish","hentry"],"yoast_head":"<!-- This site is optimized with the Yoast SEO Premium plugin v24.4 (Yoast SEO v24.4) - https:\/\/yoast.com\/wordpress\/plugins\/seo\/ -->\n<title>Terravision Affiliate Programm | Terravision Deutschland<\/title>\n<meta name=\"robots\" content=\"index, follow, max-snippet:-1, max-image-preview:large, max-video-preview:-1\" \/>\n<link rel=\"canonical\" href=\"https:\/\/www.terravision.eu\/tedesco\/affiliate-programm.html\" \/>\n<meta property=\"og:locale\" content=\"de_DE\" \/>\n<meta property=\"og:type\" content=\"article\" \/>\n<meta property=\"og:title\" content=\"Terravision Affiliate Programm\" \/>\n<meta property=\"og:description\" content=\"Warum ein Terravision Partner werden? Es ist kostenlos! Wir bieten eine attraktive Provision: 8% Unsere Plattform ist einfach zu bedienen Zugang zu Online-Statistiken Wir stellen Bilder, Texte, Textlinks, Widgets und andere Tools f\u00fcr die Einbindung in die Website zur Verf\u00fcgung. Alle Tools sind in Englisch, Deutsch, Franz\u00f6sisch, Italienisch, Spanisch und Polnisch verf\u00fcgbar. T\u00e4gliche Unterst\u00fctzung durch [&hellip;]\" \/>\n<meta property=\"og:url\" content=\"https:\/\/www.terravision.eu\/tedesco\/affiliate-programm.html\" \/>\n<meta property=\"og:site_name\" content=\"Terravision Deutschland\" \/>\n<meta property=\"article:modified_time\" content=\"2025-08-19T12:26:56+00:00\" \/>\n<meta property=\"og:image\" content=\"https:\/\/www.terravision.eu\/wp-content\/blogs.dir\/9\/files\/2025\/03\/icon-check-list.png\" \/>\n<meta name=\"twitter:label1\" content=\"Gesch\u00e4tzte Lesezeit\" \/>\n\t<meta name=\"twitter:data1\" content=\"3 minutes\" \/>\n<script type=\"application\/ld+json\" class=\"yoast-schema-graph\">{\"@context\":\"https:\/\/schema.org\",\"@graph\":[{\"@type\":\"WebPage\",\"@id\":\"https:\/\/www.terravision.eu\/tedesco\/affiliate-programm.html\",\"url\":\"https:\/\/www.terravision.eu\/tedesco\/affiliate-programm.html\",\"name\":\"Terravision Affiliate Programm | Terravision Deutschland\",\"isPartOf\":{\"@id\":\"https:\/\/www.terravision.eu\/tedesco\/#website\"},\"primaryImageOfPage\":{\"@id\":\"https:\/\/www.terravision.eu\/tedesco\/affiliate-programm.html#primaryimage\"},\"image\":{\"@id\":\"https:\/\/www.terravision.eu\/tedesco\/affiliate-programm.html#primaryimage\"},\"thumbnailUrl\":\"https:\/\/www.terravision.eu\/wp-content\/blogs.dir\/9\/files\/2025\/03\/icon-check-list.png\",\"datePublished\":\"2025-03-25T09:22:12+00:00\",\"dateModified\":\"2025-08-19T12:26:56+00:00\",\"breadcrumb\":{\"@id\":\"https:\/\/www.terravision.eu\/tedesco\/affiliate-programm.html#breadcrumb\"},\"inLanguage\":\"de-DE\",\"potentialAction\":[{\"@type\":\"ReadAction\",\"target\":[\"https:\/\/www.terravision.eu\/tedesco\/affiliate-programm.html\"]}]},{\"@type\":\"ImageObject\",\"inLanguage\":\"de-DE\",\"@id\":\"https:\/\/www.terravision.eu\/tedesco\/affiliate-programm.html#primaryimage\",\"url\":\"https:\/\/www.terravision.eu\/wp-content\/blogs.dir\/9\/files\/2025\/03\/icon-check-list.png\",\"contentUrl\":\"https:\/\/www.terravision.eu\/wp-content\/blogs.dir\/9\/files\/2025\/03\/icon-check-list.png\"},{\"@type\":\"BreadcrumbList\",\"@id\":\"https:\/\/www.terravision.eu\/tedesco\/affiliate-programm.html#breadcrumb\",\"itemListElement\":[{\"@type\":\"ListItem\",\"position\":1,\"name\":\"Home\",\"item\":\"https:\/\/www.terravision.eu\/tedesco\/\"},{\"@type\":\"ListItem\",\"position\":2,\"name\":\"Terravision Affiliate Programm\"}]},{\"@type\":\"WebSite\",\"@id\":\"https:\/\/www.terravision.eu\/tedesco\/#website\",\"url\":\"https:\/\/www.terravision.eu\/tedesco\/\",\"name\":\"Terravision Deutschland\",\"description\":\"G\u00fcnstige Verbindungen von\/zu den wichtigsten Flugh\u00e4fen Europas\",\"potentialAction\":[{\"@type\":\"SearchAction\",\"target\":{\"@type\":\"EntryPoint\",\"urlTemplate\":\"https:\/\/www.terravision.eu\/tedesco\/?s={search_term_string}\"},\"query-input\":{\"@type\":\"PropertyValueSpecification\",\"valueRequired\":true,\"valueName\":\"search_term_string\"}}],\"inLanguage\":\"de-DE\"}]}<\/script>\n<!-- \/ Yoast SEO Premium plugin. -->","yoast_head_json":{"title":"Terravision Affiliate Programm | Terravision Deutschland","robots":{"index":"index","follow":"follow","max-snippet":"max-snippet:-1","max-image-preview":"max-image-preview:large","max-video-preview":"max-video-preview:-1"},"canonical":"https:\/\/www.terravision.eu\/tedesco\/affiliate-programm.html","og_locale":"de_DE","og_type":"article","og_title":"Terravision Affiliate Programm","og_description":"Warum ein Terravision Partner werden? Es ist kostenlos! Wir bieten eine attraktive Provision: 8% Unsere Plattform ist einfach zu bedienen Zugang zu Online-Statistiken Wir stellen Bilder, Texte, Textlinks, Widgets und andere Tools f\u00fcr die Einbindung in die Website zur Verf\u00fcgung. Alle Tools sind in Englisch, Deutsch, Franz\u00f6sisch, Italienisch, Spanisch und Polnisch verf\u00fcgbar. T\u00e4gliche Unterst\u00fctzung durch [&hellip;]","og_url":"https:\/\/www.terravision.eu\/tedesco\/affiliate-programm.html","og_site_name":"Terravision Deutschland","article_modified_time":"2025-08-19T12:26:56+00:00","og_image":[{"url":"https:\/\/www.terravision.eu\/wp-content\/blogs.dir\/9\/files\/2025\/03\/icon-check-list.png","type":"","width":"","height":""}],"twitter_misc":{"Gesch\u00e4tzte Lesezeit":"3 minutes"},"schema":{"@context":"https:\/\/schema.org","@graph":[{"@type":"WebPage","@id":"https:\/\/www.terravision.eu\/tedesco\/affiliate-programm.html","url":"https:\/\/www.terravision.eu\/tedesco\/affiliate-programm.html","name":"Terravision Affiliate Programm | Terravision Deutschland","isPartOf":{"@id":"https:\/\/www.terravision.eu\/tedesco\/#website"},"primaryImageOfPage":{"@id":"https:\/\/www.terravision.eu\/tedesco\/affiliate-programm.html#primaryimage"},"image":{"@id":"https:\/\/www.terravision.eu\/tedesco\/affiliate-programm.html#primaryimage"},"thumbnailUrl":"https:\/\/www.terravision.eu\/wp-content\/blogs.dir\/9\/files\/2025\/03\/icon-check-list.png","datePublished":"2025-03-25T09:22:12+00:00","dateModified":"2025-08-19T12:26:56+00:00","breadcrumb":{"@id":"https:\/\/www.terravision.eu\/tedesco\/affiliate-programm.html#breadcrumb"},"inLanguage":"de-DE","potentialAction":[{"@type":"ReadAction","target":["https:\/\/www.terravision.eu\/tedesco\/affiliate-programm.html"]}]},{"@type":"ImageObject","inLanguage":"de-DE","@id":"https:\/\/www.terravision.eu\/tedesco\/affiliate-programm.html#primaryimage","url":"https:\/\/www.terravision.eu\/wp-content\/blogs.dir\/9\/files\/2025\/03\/icon-check-list.png","contentUrl":"https:\/\/www.terravision.eu\/wp-content\/blogs.dir\/9\/files\/2025\/03\/icon-check-list.png"},{"@type":"BreadcrumbList","@id":"https:\/\/www.terravision.eu\/tedesco\/affiliate-programm.html#breadcrumb","itemListElement":[{"@type":"ListItem","position":1,"name":"Home","item":"https:\/\/www.terravision.eu\/tedesco\/"},{"@type":"ListItem","position":2,"name":"Terravision Affiliate Programm"}]},{"@type":"WebSite","@id":"https:\/\/www.terravision.eu\/tedesco\/#website","url":"https:\/\/www.terravision.eu\/tedesco\/","name":"Terravision Deutschland","description":"G\u00fcnstige Verbindungen von\/zu den wichtigsten Flugh\u00e4fen Europas","potentialAction":[{"@type":"SearchAction","target":{"@type":"EntryPoint","urlTemplate":"https:\/\/www.terravision.eu\/tedesco\/?s={search_term_string}"},"query-input":{"@type":"PropertyValueSpecification","valueRequired":true,"valueName":"search_term_string"}}],"inLanguage":"de-DE"}]}},"_links":{"self":[{"href":"https:\/\/www.terravision.eu\/tedesco\/wp-json\/wp\/v2\/pages\/20413","targetHints":{"allow":["GET"]}}],"collection":[{"href":"https:\/\/www.terravision.eu\/tedesco\/wp-json\/wp\/v2\/pages"}],"about":[{"href":"https:\/\/www.terravision.eu\/tedesco\/wp-json\/wp\/v2\/types\/page"}],"author":[{"embeddable":true,"href":"https:\/\/www.terravision.eu\/tedesco\/wp-json\/wp\/v2\/users\/131"}],"replies":[{"embeddable":true,"href":"https:\/\/www.terravision.eu\/tedesco\/wp-json\/wp\/v2\/comments?post=20413"}],"version-history":[{"count":9,"href":"https:\/\/www.terravision.eu\/tedesco\/wp-json\/wp\/v2\/pages\/20413\/revisions"}],"predecessor-version":[{"id":20842,"href":"https:\/\/www.terravision.eu\/tedesco\/wp-json\/wp\/v2\/pages\/20413\/revisions\/20842"}],"wp:attachment":[{"href":"https:\/\/www.terravision.eu\/tedesco\/wp-json\/wp\/v2\/media?parent=20413"}],"curies":[{"name":"wp","href":"https:\/\/api.w.org\/{rel}","templated":true}]}}