{"id":20421,"date":"2025-03-25T10:24:30","date_gmt":"2025-03-25T10:24:30","guid":{"rendered":"https:\/\/www.terravision.eu\/tedesco\/?page_id=20421"},"modified":"2025-08-19T12:33:06","modified_gmt":"2025-08-19T12:33:06","slug":"terravision-agent-programm","status":"publish","type":"page","link":"https:\/\/www.terravision.eu\/tedesco\/terravision-agent-programm.html","title":{"rendered":"Terravision Agent Programm"},"content":{"rendered":"<div class=\"bg-tertiary-trv p-trv-1\">\n<div class=\"container text-standard\">\n<div class=\"row\" style=\"height: 100%;\">\n<div class=\"col align-self-center pl-30 pr-0 pl-m-0\">\n<div class=\"overflow-hidden\">\n<div class=\"separator-trv-n z-index-1 p-relative mb-10\"><\/div>\n<div class=\"d-flex\" style=\"gap: 23px; margin-bottom: 30px;\">\n<h3 class=\"h3-Barlow-36pt-3\" style=\"margin-bottom: 0;\">Warum ein Terravision Agent werden?<\/h3>\n<\/div>\n<\/div>\n<\/div>\n<\/div>\n<div class=\"row\" style=\"height: 100%;\">\n<div class=\"col align-self-center pl-30 pr-0 pl-m-0\">\n<div class=\"overflow-hidden column-trv-2-1\">\n<div class=\"grid-list-icon\" style=\"gap: 23px; margin-bottom: 30px;\">\n<p><img decoding=\"async\" src=\"https:\/\/www.terravision.eu\/wp-content\/blogs.dir\/9\/files\/2025\/03\/icon-check-list.png\" \/><\/p>\n<p class=\"h5-Barlow-22pt\" style=\"margin-bottom: 0;\">Es ist kostenlos!<\/p>\n<\/div>\n<div class=\"grid-list-icon\" style=\"gap: 23px; margin-bottom: 30px;\">\n<p><img decoding=\"async\" src=\"https:\/\/www.terravision.eu\/wp-content\/blogs.dir\/9\/files\/2025\/03\/icon-check-list.png\" \/><\/p>\n<p class=\"h5-Barlow-22pt\" style=\"margin-bottom: 0;\">Wir bieten eine attraktive Provision: 5%<\/p>\n<\/div>\n<div class=\"grid-list-icon\" style=\"gap: 23px; margin-bottom: 30px;\">\n<p><img decoding=\"async\" src=\"https:\/\/www.terravision.eu\/wp-content\/blogs.dir\/9\/files\/2025\/03\/icon-check-list.png\" \/><\/p>\n<p class=\"h5-Barlow-22pt\" style=\"margin-bottom: 0;\">Unsere Plattform ist einfach zu bedienen<\/p>\n<\/div>\n<div class=\"grid-list-icon\" style=\"gap: 23px; margin-bottom: 30px;\">\n<p><img decoding=\"async\" src=\"https:\/\/www.terravision.eu\/wp-content\/blogs.dir\/9\/files\/2025\/03\/icon-check-list.png\" \/><\/p>\n<p class=\"h5-Barlow-22pt\" style=\"margin-bottom: 0;\">Auf der angezeigten Seite k\u00f6nnen Sie Ihre Kaufhistorie \u00fcberpr\u00fcfen, Ihre Daten bearbeiten und den Status Ihrer Anfragen einsehen.<\/p>\n<\/div>\n<div class=\"grid-list-icon\" style=\"gap: 23px; margin-bottom: 30px;\">\n<p><img decoding=\"async\" src=\"https:\/\/www.terravision.eu\/wp-content\/blogs.dir\/9\/files\/2025\/03\/icon-check-list.png\" \/><\/p>\n<p class=\"h5-Barlow-22pt\" style=\"margin-bottom: 0;\">Zugang zu Online-Statistiken<\/p>\n<\/div>\n<div class=\"grid-list-icon\" style=\"gap: 23px; margin-bottom: 30px;\">\n<p><img decoding=\"async\" src=\"https:\/\/www.terravision.eu\/wp-content\/blogs.dir\/9\/files\/2025\/03\/icon-check-list.png\" \/><\/p>\n<p class=\"h5-Barlow-22pt\" style=\"margin-bottom: 0;\">T\u00e4gliche Unterst\u00fctzung durch unser Team<\/p>\n<\/div>\n<\/div>\n<\/div>\n<\/div>\n<\/div>\n<\/div>\n<div class=\"bg-light p-trv-1\">\n<div class=\"container text-standard\">\n<div class=\"row pb-60\" style=\"height: 100%;\">\n<div class=\"col align-self-center pl-30 pr-0 pl-m-0\">\n<div class=\"overflow-hidden\">\n<div class=\"separator-trv-n z-index-1 p-relative mb-10\"><\/div>\n<div class=\"d-flex\" style=\"gap: 23px; margin-bottom: 30px;\">\n<h3 class=\"h3-Barlow-36pt-3\" style=\"margin-bottom: 0;\">Wie funktioniert das?<\/h3>\n<\/div>\n<p class=\"text-standard\">Sobald Ihre Anmeldung erfolgt und akzeptiert wurde, erhalten Sie von unserem System eine Best\u00e4tigungsmail mit den notwendigen Daten, um sich einzuloggen und Zugang zur Terravision Affiliate Plattform zu erhalten.<br \/>\nJetzt k\u00f6nnen Sie Tickets mit einem Rabatt von 5% buchen! Wenn Sie Fragen haben, schreiben Sie uns bitte an a <a href=\"mailto=affiliation@terravision.eu\">affiliation@terravision.eu<\/a><\/p>\n<p><a class=\"btn btn-primary-trv z-index-1 position-relative mt-25\" href=\"https:\/\/book-api-u48n3w6.terravision.eu\/de\/partner-registration\/agent\">Registrierung als Agent<\/a><\/p>\n<\/div>\n<\/div>\n<\/div>\n<div class=\"row gap-30\">\n<div class=\"col p-0 text-center\">\n<p><img decoding=\"async\" src=\"https:\/\/www.terravision.eu\/wp-content\/blogs.dir\/9\/files\/2025\/03\/icon-bus-plus.png\" \/><\/p>\n<h5 class=\"text-uppercase h5-Barlow-22pt-5\">Bieten Sie Ihren Kunden terravision Dienste an<\/h5>\n<\/div>\n<div class=\"col p-0 text-center\">\n<p><img decoding=\"async\" src=\"https:\/\/www.terravision.eu\/wp-content\/blogs.dir\/9\/files\/2025\/03\/icon-percentage.png\" \/><\/p>\n<h5 class=\"text-uppercase h5-Barlow-22pt-5\">Dienstleistungen kaufen unter www.terravision.eu<\/h5>\n<\/div>\n<div class=\"col p-0 text-center\">\n<p><img decoding=\"async\" src=\"https:\/\/www.terravision.eu\/wp-content\/blogs.dir\/9\/files\/2025\/03\/icon-ticket.png\" \/><\/p>\n<h5 class=\"text-uppercase h5-Barlow-22pt-5\">Sie erhalten eine Provision von 5 % auf verkaufte Tickets<\/h5>\n<\/div>\n<\/div>\n<\/div>\n<\/div>\n","protected":false},"excerpt":{"rendered":"<p>Warum ein Terravision Agent werden? Es ist kostenlos! Wir bieten eine attraktive Provision: 5% Unsere Plattform ist einfach zu bedienen Auf der angezeigten Seite k\u00f6nnen Sie Ihre Kaufhistorie \u00fcberpr\u00fcfen, Ihre Daten bearbeiten und den Status Ihrer Anfragen einsehen. Zugang zu Online-Statistiken T\u00e4gliche Unterst\u00fctzung durch unser Team Wie funktioniert das? Sobald Ihre Anmeldung erfolgt und akzeptiert [&hellip;]<\/p>\n","protected":false},"author":131,"featured_media":0,"parent":0,"menu_order":0,"comment_status":"closed","ping_status":"closed","template":"page-terravision-agents-program.php","meta":{"footnotes":""},"class_list":["post-20421","page","type-page","status-publish","hentry"],"yoast_head":"<!-- This site is optimized with the Yoast SEO Premium plugin v24.4 (Yoast SEO v24.4) - https:\/\/yoast.com\/wordpress\/plugins\/seo\/ -->\n<title>Terravision Agent Programm | Terravision Deutschland<\/title>\n<meta name=\"robots\" content=\"index, follow, max-snippet:-1, max-image-preview:large, max-video-preview:-1\" \/>\n<link rel=\"canonical\" href=\"https:\/\/www.terravision.eu\/tedesco\/terravision-agent-programm.html\" \/>\n<meta property=\"og:locale\" content=\"de_DE\" \/>\n<meta property=\"og:type\" content=\"article\" \/>\n<meta property=\"og:title\" content=\"Terravision Agent Programm\" \/>\n<meta property=\"og:description\" content=\"Warum ein Terravision Agent werden? Es ist kostenlos! Wir bieten eine attraktive Provision: 5% Unsere Plattform ist einfach zu bedienen Auf der angezeigten Seite k\u00f6nnen Sie Ihre Kaufhistorie \u00fcberpr\u00fcfen, Ihre Daten bearbeiten und den Status Ihrer Anfragen einsehen. Zugang zu Online-Statistiken T\u00e4gliche Unterst\u00fctzung durch unser Team Wie funktioniert das? Sobald Ihre Anmeldung erfolgt und akzeptiert [&hellip;]\" \/>\n<meta property=\"og:url\" content=\"https:\/\/www.terravision.eu\/tedesco\/terravision-agent-programm.html\" \/>\n<meta property=\"og:site_name\" content=\"Terravision Deutschland\" \/>\n<meta property=\"article:modified_time\" content=\"2025-08-19T12:33:06+00:00\" \/>\n<meta property=\"og:image\" content=\"https:\/\/www.terravision.eu\/wp-content\/blogs.dir\/9\/files\/2025\/03\/icon-check-list.png\" \/>\n<meta name=\"twitter:label1\" content=\"Gesch\u00e4tzte Lesezeit\" \/>\n\t<meta name=\"twitter:data1\" content=\"3 minutes\" \/>\n<script type=\"application\/ld+json\" class=\"yoast-schema-graph\">{\"@context\":\"https:\/\/schema.org\",\"@graph\":[{\"@type\":\"WebPage\",\"@id\":\"https:\/\/www.terravision.eu\/tedesco\/terravision-agent-programm.html\",\"url\":\"https:\/\/www.terravision.eu\/tedesco\/terravision-agent-programm.html\",\"name\":\"Terravision Agent Programm | Terravision Deutschland\",\"isPartOf\":{\"@id\":\"https:\/\/www.terravision.eu\/tedesco\/#website\"},\"primaryImageOfPage\":{\"@id\":\"https:\/\/www.terravision.eu\/tedesco\/terravision-agent-programm.html#primaryimage\"},\"image\":{\"@id\":\"https:\/\/www.terravision.eu\/tedesco\/terravision-agent-programm.html#primaryimage\"},\"thumbnailUrl\":\"https:\/\/www.terravision.eu\/wp-content\/blogs.dir\/9\/files\/2025\/03\/icon-check-list.png\",\"datePublished\":\"2025-03-25T10:24:30+00:00\",\"dateModified\":\"2025-08-19T12:33:06+00:00\",\"breadcrumb\":{\"@id\":\"https:\/\/www.terravision.eu\/tedesco\/terravision-agent-programm.html#breadcrumb\"},\"inLanguage\":\"de-DE\",\"potentialAction\":[{\"@type\":\"ReadAction\",\"target\":[\"https:\/\/www.terravision.eu\/tedesco\/terravision-agent-programm.html\"]}]},{\"@type\":\"ImageObject\",\"inLanguage\":\"de-DE\",\"@id\":\"https:\/\/www.terravision.eu\/tedesco\/terravision-agent-programm.html#primaryimage\",\"url\":\"https:\/\/www.terravision.eu\/wp-content\/blogs.dir\/9\/files\/2025\/03\/icon-check-list.png\",\"contentUrl\":\"https:\/\/www.terravision.eu\/wp-content\/blogs.dir\/9\/files\/2025\/03\/icon-check-list.png\"},{\"@type\":\"BreadcrumbList\",\"@id\":\"https:\/\/www.terravision.eu\/tedesco\/terravision-agent-programm.html#breadcrumb\",\"itemListElement\":[{\"@type\":\"ListItem\",\"position\":1,\"name\":\"Home\",\"item\":\"https:\/\/www.terravision.eu\/tedesco\/\"},{\"@type\":\"ListItem\",\"position\":2,\"name\":\"Terravision Agent Programm\"}]},{\"@type\":\"WebSite\",\"@id\":\"https:\/\/www.terravision.eu\/tedesco\/#website\",\"url\":\"https:\/\/www.terravision.eu\/tedesco\/\",\"name\":\"Terravision Deutschland\",\"description\":\"G\u00fcnstige Verbindungen von\/zu den wichtigsten Flugh\u00e4fen Europas\",\"potentialAction\":[{\"@type\":\"SearchAction\",\"target\":{\"@type\":\"EntryPoint\",\"urlTemplate\":\"https:\/\/www.terravision.eu\/tedesco\/?s={search_term_string}\"},\"query-input\":{\"@type\":\"PropertyValueSpecification\",\"valueRequired\":true,\"valueName\":\"search_term_string\"}}],\"inLanguage\":\"de-DE\"}]}<\/script>\n<!-- \/ Yoast SEO Premium plugin. -->","yoast_head_json":{"title":"Terravision Agent Programm | Terravision Deutschland","robots":{"index":"index","follow":"follow","max-snippet":"max-snippet:-1","max-image-preview":"max-image-preview:large","max-video-preview":"max-video-preview:-1"},"canonical":"https:\/\/www.terravision.eu\/tedesco\/terravision-agent-programm.html","og_locale":"de_DE","og_type":"article","og_title":"Terravision Agent Programm","og_description":"Warum ein Terravision Agent werden? Es ist kostenlos! Wir bieten eine attraktive Provision: 5% Unsere Plattform ist einfach zu bedienen Auf der angezeigten Seite k\u00f6nnen Sie Ihre Kaufhistorie \u00fcberpr\u00fcfen, Ihre Daten bearbeiten und den Status Ihrer Anfragen einsehen. Zugang zu Online-Statistiken T\u00e4gliche Unterst\u00fctzung durch unser Team Wie funktioniert das? Sobald Ihre Anmeldung erfolgt und akzeptiert [&hellip;]","og_url":"https:\/\/www.terravision.eu\/tedesco\/terravision-agent-programm.html","og_site_name":"Terravision Deutschland","article_modified_time":"2025-08-19T12:33:06+00:00","og_image":[{"url":"https:\/\/www.terravision.eu\/wp-content\/blogs.dir\/9\/files\/2025\/03\/icon-check-list.png","type":"","width":"","height":""}],"twitter_misc":{"Gesch\u00e4tzte Lesezeit":"3 minutes"},"schema":{"@context":"https:\/\/schema.org","@graph":[{"@type":"WebPage","@id":"https:\/\/www.terravision.eu\/tedesco\/terravision-agent-programm.html","url":"https:\/\/www.terravision.eu\/tedesco\/terravision-agent-programm.html","name":"Terravision Agent Programm | Terravision Deutschland","isPartOf":{"@id":"https:\/\/www.terravision.eu\/tedesco\/#website"},"primaryImageOfPage":{"@id":"https:\/\/www.terravision.eu\/tedesco\/terravision-agent-programm.html#primaryimage"},"image":{"@id":"https:\/\/www.terravision.eu\/tedesco\/terravision-agent-programm.html#primaryimage"},"thumbnailUrl":"https:\/\/www.terravision.eu\/wp-content\/blogs.dir\/9\/files\/2025\/03\/icon-check-list.png","datePublished":"2025-03-25T10:24:30+00:00","dateModified":"2025-08-19T12:33:06+00:00","breadcrumb":{"@id":"https:\/\/www.terravision.eu\/tedesco\/terravision-agent-programm.html#breadcrumb"},"inLanguage":"de-DE","potentialAction":[{"@type":"ReadAction","target":["https:\/\/www.terravision.eu\/tedesco\/terravision-agent-programm.html"]}]},{"@type":"ImageObject","inLanguage":"de-DE","@id":"https:\/\/www.terravision.eu\/tedesco\/terravision-agent-programm.html#primaryimage","url":"https:\/\/www.terravision.eu\/wp-content\/blogs.dir\/9\/files\/2025\/03\/icon-check-list.png","contentUrl":"https:\/\/www.terravision.eu\/wp-content\/blogs.dir\/9\/files\/2025\/03\/icon-check-list.png"},{"@type":"BreadcrumbList","@id":"https:\/\/www.terravision.eu\/tedesco\/terravision-agent-programm.html#breadcrumb","itemListElement":[{"@type":"ListItem","position":1,"name":"Home","item":"https:\/\/www.terravision.eu\/tedesco\/"},{"@type":"ListItem","position":2,"name":"Terravision Agent Programm"}]},{"@type":"WebSite","@id":"https:\/\/www.terravision.eu\/tedesco\/#website","url":"https:\/\/www.terravision.eu\/tedesco\/","name":"Terravision Deutschland","description":"G\u00fcnstige Verbindungen von\/zu den wichtigsten Flugh\u00e4fen Europas","potentialAction":[{"@type":"SearchAction","target":{"@type":"EntryPoint","urlTemplate":"https:\/\/www.terravision.eu\/tedesco\/?s={search_term_string}"},"query-input":{"@type":"PropertyValueSpecification","valueRequired":true,"valueName":"search_term_string"}}],"inLanguage":"de-DE"}]}},"_links":{"self":[{"href":"https:\/\/www.terravision.eu\/tedesco\/wp-json\/wp\/v2\/pages\/20421","targetHints":{"allow":["GET"]}}],"collection":[{"href":"https:\/\/www.terravision.eu\/tedesco\/wp-json\/wp\/v2\/pages"}],"about":[{"href":"https:\/\/www.terravision.eu\/tedesco\/wp-json\/wp\/v2\/types\/page"}],"author":[{"embeddable":true,"href":"https:\/\/www.terravision.eu\/tedesco\/wp-json\/wp\/v2\/users\/131"}],"replies":[{"embeddable":true,"href":"https:\/\/www.terravision.eu\/tedesco\/wp-json\/wp\/v2\/comments?post=20421"}],"version-history":[{"count":3,"href":"https:\/\/www.terravision.eu\/tedesco\/wp-json\/wp\/v2\/pages\/20421\/revisions"}],"predecessor-version":[{"id":20841,"href":"https:\/\/www.terravision.eu\/tedesco\/wp-json\/wp\/v2\/pages\/20421\/revisions\/20841"}],"wp:attachment":[{"href":"https:\/\/www.terravision.eu\/tedesco\/wp-json\/wp\/v2\/media?parent=20421"}],"curies":[{"name":"wp","href":"https:\/\/api.w.org\/{rel}","templated":true}]}}