{"id":228,"date":"2012-08-13T15:46:01","date_gmt":"2012-08-13T15:46:01","guid":{"rendered":"https:\/\/www.terravision.eu\/flights-malta\/"},"modified":"2020-03-06T14:38:59","modified_gmt":"2020-03-06T14:38:59","slug":"fluge_malta","status":"publish","type":"page","link":"https:\/\/www.terravision.eu\/tedesco\/fluge_malta.html","title":{"rendered":"Fl\u00fcge von\/nach Malta"},"content":{"rendered":"<div id=\"article-single\">\n<div class=\"title\">Hinweise zu Lowcost &#8211; Fl\u00fcgen von\/nach <span class=\"strong\"><strong>Malta<\/strong><\/span><\/div>\n<p><strong>Suchen Sie nach Fl\u00fcgen von\/nach Malta? <\/strong><br \/>\nDer Flughafen Malta bietet eine gro\u00dfe Auswahl an Lowcost- und Linienfl\u00fcgen.<br \/>\nDer <strong>Staat Malta<\/strong> ist im Besitz der <strong>Fluggesellschaft Air Malta<\/strong>, <a title=\"Airmalta\" href=\"http:\/\/www.airmalta.com\" target=\"_blank\" rel=\"noopener\">www.airmalta.com<\/a>, die in regelm\u00e4\u00dfigen Abst\u00e4nden die wichtigsten Flugh\u00e4fen Europas, Nordafrikas und der europ\u00e4ischen Oststaaten anfliegt.<\/p>\n<p>F\u00fcr Transfers zwischen dem <strong>Flughafen Malta <\/strong>und die s<strong>ch\u00f6nsten Str\u00e4nde<\/strong> finden Sie die besten Angebote von Terravision, den <strong>europ\u00e4ischen Marktf\u00fchrer f\u00fcr kosteng\u00fcnstige Flughafentransfers.<\/strong> Buchen Sie Ihren Transfer online und entdecken Sie unsere Angebote und Reduzierungen.<\/p>\n<p>Buchen Sie jetzt Ihre Fl\u00fcge von\/nach Malta zum g\u00fcnstigsten Preis! Im Folgenden finden Sie einige allgemeine Suchmaschinen f\u00fcr g\u00fcnstige Billigfl\u00fcge.<\/p>\n<p>var uri = &#8216;http:\/\/impde.tradedoubler.com\/imp?type(iframe)g(18136800)a(1737156)&#8217; + new String (Math.random()).substring (2, 11); document.write(&#8221;);<\/p>\n<\/div>\n","protected":false},"excerpt":{"rendered":"<p>Hinweise zu Lowcost &#8211; Fl\u00fcgen von\/nach Malta Suchen Sie nach Fl\u00fcgen von\/nach Malta? Der Flughafen Malta bietet eine gro\u00dfe Auswahl an Lowcost- und Linienfl\u00fcgen. Der Staat Malta ist im Besitz der Fluggesellschaft Air Malta, www.airmalta.com, die in regelm\u00e4\u00dfigen Abst\u00e4nden die wichtigsten Flugh\u00e4fen Europas, Nordafrikas und der europ\u00e4ischen Oststaaten anfliegt. F\u00fcr Transfers zwischen dem Flughafen Malta [&hellip;]<\/p>\n","protected":false},"author":1,"featured_media":0,"parent":0,"menu_order":0,"comment_status":"open","ping_status":"open","template":"","meta":{"footnotes":""},"class_list":["post-228","page","type-page","status-publish","hentry"],"yoast_head":"<!-- This site is optimized with the Yoast SEO Premium plugin v24.4 (Yoast SEO v24.4) - https:\/\/yoast.com\/wordpress\/plugins\/seo\/ -->\n<title>Fl\u00fcge nach Malta | Terravision<\/title>\n<meta name=\"robots\" content=\"index, follow, max-snippet:-1, max-image-preview:large, max-video-preview:-1\" \/>\n<link rel=\"canonical\" href=\"https:\/\/www.terravision.eu\/tedesco\/fluge_malta.html\" \/>\n<meta property=\"og:locale\" content=\"de_DE\" \/>\n<meta property=\"og:type\" content=\"article\" \/>\n<meta property=\"og:title\" content=\"Fl\u00fcge von\/nach Malta\" \/>\n<meta property=\"og:description\" content=\"Hinweise zu Lowcost &#8211; Fl\u00fcgen von\/nach Malta Suchen Sie nach Fl\u00fcgen von\/nach Malta? Der Flughafen Malta bietet eine gro\u00dfe Auswahl an Lowcost- und Linienfl\u00fcgen. Der Staat Malta ist im Besitz der Fluggesellschaft Air Malta, www.airmalta.com, die in regelm\u00e4\u00dfigen Abst\u00e4nden die wichtigsten Flugh\u00e4fen Europas, Nordafrikas und der europ\u00e4ischen Oststaaten anfliegt. F\u00fcr Transfers zwischen dem Flughafen Malta [&hellip;]\" \/>\n<meta property=\"og:url\" content=\"https:\/\/www.terravision.eu\/tedesco\/fluge_malta.html\" \/>\n<meta property=\"og:site_name\" content=\"Terravision Deutschland\" \/>\n<meta property=\"article:modified_time\" content=\"2020-03-06T14:38:59+00:00\" \/>\n<meta name=\"twitter:label1\" content=\"Est. reading time\" \/>\n\t<meta name=\"twitter:data1\" content=\"1 minute\" \/>\n<script type=\"application\/ld+json\" class=\"yoast-schema-graph\">{\"@context\":\"https:\/\/schema.org\",\"@graph\":[{\"@type\":\"WebPage\",\"@id\":\"https:\/\/www.terravision.eu\/tedesco\/fluge_malta.html\",\"url\":\"https:\/\/www.terravision.eu\/tedesco\/fluge_malta.html\",\"name\":\"Fl\u00fcge nach Malta | Terravision\",\"isPartOf\":{\"@id\":\"https:\/\/www.terravision.eu\/tedesco\/#website\"},\"datePublished\":\"2012-08-13T15:46:01+00:00\",\"dateModified\":\"2020-03-06T14:38:59+00:00\",\"breadcrumb\":{\"@id\":\"https:\/\/www.terravision.eu\/tedesco\/fluge_malta.html#breadcrumb\"},\"inLanguage\":\"de-DE\",\"potentialAction\":[{\"@type\":\"ReadAction\",\"target\":[\"https:\/\/www.terravision.eu\/tedesco\/fluge_malta.html\"]}]},{\"@type\":\"BreadcrumbList\",\"@id\":\"https:\/\/www.terravision.eu\/tedesco\/fluge_malta.html#breadcrumb\",\"itemListElement\":[{\"@type\":\"ListItem\",\"position\":1,\"name\":\"Home\",\"item\":\"https:\/\/www.terravision.eu\/tedesco\/\"},{\"@type\":\"ListItem\",\"position\":2,\"name\":\"Fl\u00fcge von\/nach Malta\"}]},{\"@type\":\"WebSite\",\"@id\":\"https:\/\/www.terravision.eu\/tedesco\/#website\",\"url\":\"https:\/\/www.terravision.eu\/tedesco\/\",\"name\":\"Terravision Deutschland\",\"description\":\"G\u00fcnstige Verbindungen von\/zu den wichtigsten Flugh\u00e4fen Europas\",\"potentialAction\":[{\"@type\":\"SearchAction\",\"target\":{\"@type\":\"EntryPoint\",\"urlTemplate\":\"https:\/\/www.terravision.eu\/tedesco\/?s={search_term_string}\"},\"query-input\":{\"@type\":\"PropertyValueSpecification\",\"valueRequired\":true,\"valueName\":\"search_term_string\"}}],\"inLanguage\":\"de-DE\"}]}<\/script>\n<!-- \/ Yoast SEO Premium plugin. -->","yoast_head_json":{"title":"Fl\u00fcge nach Malta | Terravision","robots":{"index":"index","follow":"follow","max-snippet":"max-snippet:-1","max-image-preview":"max-image-preview:large","max-video-preview":"max-video-preview:-1"},"canonical":"https:\/\/www.terravision.eu\/tedesco\/fluge_malta.html","og_locale":"de_DE","og_type":"article","og_title":"Fl\u00fcge von\/nach Malta","og_description":"Hinweise zu Lowcost &#8211; Fl\u00fcgen von\/nach Malta Suchen Sie nach Fl\u00fcgen von\/nach Malta? Der Flughafen Malta bietet eine gro\u00dfe Auswahl an Lowcost- und Linienfl\u00fcgen. Der Staat Malta ist im Besitz der Fluggesellschaft Air Malta, www.airmalta.com, die in regelm\u00e4\u00dfigen Abst\u00e4nden die wichtigsten Flugh\u00e4fen Europas, Nordafrikas und der europ\u00e4ischen Oststaaten anfliegt. F\u00fcr Transfers zwischen dem Flughafen Malta [&hellip;]","og_url":"https:\/\/www.terravision.eu\/tedesco\/fluge_malta.html","og_site_name":"Terravision Deutschland","article_modified_time":"2020-03-06T14:38:59+00:00","twitter_misc":{"Est. reading time":"1 minute"},"schema":{"@context":"https:\/\/schema.org","@graph":[{"@type":"WebPage","@id":"https:\/\/www.terravision.eu\/tedesco\/fluge_malta.html","url":"https:\/\/www.terravision.eu\/tedesco\/fluge_malta.html","name":"Fl\u00fcge nach Malta | Terravision","isPartOf":{"@id":"https:\/\/www.terravision.eu\/tedesco\/#website"},"datePublished":"2012-08-13T15:46:01+00:00","dateModified":"2020-03-06T14:38:59+00:00","breadcrumb":{"@id":"https:\/\/www.terravision.eu\/tedesco\/fluge_malta.html#breadcrumb"},"inLanguage":"de-DE","potentialAction":[{"@type":"ReadAction","target":["https:\/\/www.terravision.eu\/tedesco\/fluge_malta.html"]}]},{"@type":"BreadcrumbList","@id":"https:\/\/www.terravision.eu\/tedesco\/fluge_malta.html#breadcrumb","itemListElement":[{"@type":"ListItem","position":1,"name":"Home","item":"https:\/\/www.terravision.eu\/tedesco\/"},{"@type":"ListItem","position":2,"name":"Fl\u00fcge von\/nach Malta"}]},{"@type":"WebSite","@id":"https:\/\/www.terravision.eu\/tedesco\/#website","url":"https:\/\/www.terravision.eu\/tedesco\/","name":"Terravision Deutschland","description":"G\u00fcnstige Verbindungen von\/zu den wichtigsten Flugh\u00e4fen Europas","potentialAction":[{"@type":"SearchAction","target":{"@type":"EntryPoint","urlTemplate":"https:\/\/www.terravision.eu\/tedesco\/?s={search_term_string}"},"query-input":{"@type":"PropertyValueSpecification","valueRequired":true,"valueName":"search_term_string"}}],"inLanguage":"de-DE"}]}},"_links":{"self":[{"href":"https:\/\/www.terravision.eu\/tedesco\/wp-json\/wp\/v2\/pages\/228","targetHints":{"allow":["GET"]}}],"collection":[{"href":"https:\/\/www.terravision.eu\/tedesco\/wp-json\/wp\/v2\/pages"}],"about":[{"href":"https:\/\/www.terravision.eu\/tedesco\/wp-json\/wp\/v2\/types\/page"}],"author":[{"embeddable":true,"href":"https:\/\/www.terravision.eu\/tedesco\/wp-json\/wp\/v2\/users\/1"}],"replies":[{"embeddable":true,"href":"https:\/\/www.terravision.eu\/tedesco\/wp-json\/wp\/v2\/comments?post=228"}],"version-history":[{"count":1,"href":"https:\/\/www.terravision.eu\/tedesco\/wp-json\/wp\/v2\/pages\/228\/revisions"}],"predecessor-version":[{"id":12747,"href":"https:\/\/www.terravision.eu\/tedesco\/wp-json\/wp\/v2\/pages\/228\/revisions\/12747"}],"wp:attachment":[{"href":"https:\/\/www.terravision.eu\/tedesco\/wp-json\/wp\/v2\/media?parent=228"}],"curies":[{"name":"wp","href":"https:\/\/api.w.org\/{rel}","templated":true}]}}