{"id":252,"date":"2012-08-14T15:38:05","date_gmt":"2012-08-14T15:38:05","guid":{"rendered":"https:\/\/www.terravision.eu\/porto-travel-tips\/"},"modified":"2020-03-09T09:16:25","modified_gmt":"2020-03-09T09:16:25","slug":"reise_porto","status":"publish","type":"page","link":"https:\/\/www.terravision.eu\/tedesco\/reise_porto.html","title":{"rendered":"Reisef\u00fchrer Porto"},"content":{"rendered":"<div id=\"article-single\">\n<div class=\"title\">Reise nach Porto<\/div>\n<p><strong>Porto<\/strong> ist Portugals zweitgr\u00f6\u00dfte Stadt nach Lissabon und ist ein sehr <strong>trendiges Reseziel Europas<\/strong>. Im Jahre 1996 wurde das Stadtzentrum Porto dank seinem Charisma und seiner au\u00dfergew\u00f6hnlichen Denkm\u00e4ler zum <strong>UNESCO-Weltkulturerbe<\/strong>. Die Stadt hat viel Interessantes zu bieten f\u00fcr das Wochenende, eine ganze Woche oder auch f\u00fcr eine Gesch\u00e4ftsreise! Das <strong>historische Zentrum von Porto<\/strong> hat eine einzigartige Stimmung und befand sich lange unter r\u00f6mischer Herrschaft, sp\u00e4ter wurden die Mauern der britischen Herrschaft erbaut &#8211; erw\u00e4hnenswert ist der Weinkeller Cais de Gaias, in der ganzen Welt ber\u00fchmt!<\/p>\n<p><strong>Sehensw\u00fcrdigkeiten Porto<\/strong><br \/>\n&#8211; Der Cais de Gaias Port-Weinkeller,<br \/>\n&#8211; Die Sao Louren\u00e7o Kirche,<br \/>\n&#8211; Das Ribeira Viertel,<br \/>\n&#8211; Der Turm der Cl\u00e9rigos,<br \/>\n&#8211; Der Bahnhof Sao Bento,<br \/>\n&#8211; Die Dom Luis Br\u00fccke 120 Jahre alt!), ein Kunstwerk im Fliesen-Stil,<br \/>\n&#8211; Die Buchhandlung Lello<\/p>\n<p><strong>Porto Hinweise &amp; Veranstaltungen<\/strong><br \/>\nPorto ist eine dynamische Stadt, wo Weltklasse\u2013Veranstaltungen (im Serralves-Museum) und Musikauff\u00fchrungen (in der Casa da Musica) stattfinden, neben anderen Veranstaltungen und aufregenden Events.<\/p>\n<\/div>\n","protected":false},"excerpt":{"rendered":"<p>Reise nach Porto Porto ist Portugals zweitgr\u00f6\u00dfte Stadt nach Lissabon und ist ein sehr trendiges Reseziel Europas. Im Jahre 1996 wurde das Stadtzentrum Porto dank seinem Charisma und seiner au\u00dfergew\u00f6hnlichen Denkm\u00e4ler zum UNESCO-Weltkulturerbe. Die Stadt hat viel Interessantes zu bieten f\u00fcr das Wochenende, eine ganze Woche oder auch f\u00fcr eine Gesch\u00e4ftsreise! Das historische Zentrum von [&hellip;]<\/p>\n","protected":false},"author":1,"featured_media":0,"parent":0,"menu_order":0,"comment_status":"open","ping_status":"open","template":"","meta":{"footnotes":""},"class_list":["post-252","page","type-page","status-publish","hentry"],"yoast_head":"<!-- This site is optimized with the Yoast SEO Premium plugin v24.4 (Yoast SEO v24.4) - https:\/\/yoast.com\/wordpress\/plugins\/seo\/ -->\n<title>Reisef\u00fchrer Porto | Terravision<\/title>\n<meta name=\"description\" content=\"Reisef\u00fchrer Porto. Reisef\u00fchrer von Porto mit: Museen, Reisetipps und die besten Sehensw\u00fcrdigkeiten in Porto.\" \/>\n<meta name=\"robots\" content=\"index, follow, max-snippet:-1, max-image-preview:large, max-video-preview:-1\" \/>\n<link rel=\"canonical\" href=\"https:\/\/www.terravision.eu\/tedesco\/reise_porto.html\" \/>\n<meta property=\"og:locale\" content=\"de_DE\" \/>\n<meta property=\"og:type\" content=\"article\" \/>\n<meta property=\"og:title\" content=\"Reisef\u00fchrer Porto\" \/>\n<meta property=\"og:description\" content=\"Reisef\u00fchrer Porto. Reisef\u00fchrer von Porto mit: Museen, Reisetipps und die besten Sehensw\u00fcrdigkeiten in Porto.\" \/>\n<meta property=\"og:url\" content=\"https:\/\/www.terravision.eu\/tedesco\/reise_porto.html\" \/>\n<meta property=\"og:site_name\" content=\"Terravision Deutschland\" \/>\n<meta property=\"article:modified_time\" content=\"2020-03-09T09:16:25+00:00\" \/>\n<meta name=\"twitter:label1\" content=\"Gesch\u00e4tzte Lesezeit\" \/>\n\t<meta name=\"twitter:data1\" content=\"1 minute\" \/>\n<script type=\"application\/ld+json\" class=\"yoast-schema-graph\">{\"@context\":\"https:\/\/schema.org\",\"@graph\":[{\"@type\":\"WebPage\",\"@id\":\"https:\/\/www.terravision.eu\/tedesco\/reise_porto.html\",\"url\":\"https:\/\/www.terravision.eu\/tedesco\/reise_porto.html\",\"name\":\"Reisef\u00fchrer Porto | Terravision\",\"isPartOf\":{\"@id\":\"https:\/\/www.terravision.eu\/tedesco\/#website\"},\"datePublished\":\"2012-08-14T15:38:05+00:00\",\"dateModified\":\"2020-03-09T09:16:25+00:00\",\"description\":\"Reisef\u00fchrer Porto. Reisef\u00fchrer von Porto mit: Museen, Reisetipps und die besten Sehensw\u00fcrdigkeiten in Porto.\",\"breadcrumb\":{\"@id\":\"https:\/\/www.terravision.eu\/tedesco\/reise_porto.html#breadcrumb\"},\"inLanguage\":\"de-DE\",\"potentialAction\":[{\"@type\":\"ReadAction\",\"target\":[\"https:\/\/www.terravision.eu\/tedesco\/reise_porto.html\"]}]},{\"@type\":\"BreadcrumbList\",\"@id\":\"https:\/\/www.terravision.eu\/tedesco\/reise_porto.html#breadcrumb\",\"itemListElement\":[{\"@type\":\"ListItem\",\"position\":1,\"name\":\"Home\",\"item\":\"https:\/\/www.terravision.eu\/tedesco\/\"},{\"@type\":\"ListItem\",\"position\":2,\"name\":\"Reisef\u00fchrer Porto\"}]},{\"@type\":\"WebSite\",\"@id\":\"https:\/\/www.terravision.eu\/tedesco\/#website\",\"url\":\"https:\/\/www.terravision.eu\/tedesco\/\",\"name\":\"Terravision Deutschland\",\"description\":\"G\u00fcnstige Verbindungen von\/zu den wichtigsten Flugh\u00e4fen Europas\",\"potentialAction\":[{\"@type\":\"SearchAction\",\"target\":{\"@type\":\"EntryPoint\",\"urlTemplate\":\"https:\/\/www.terravision.eu\/tedesco\/?s={search_term_string}\"},\"query-input\":{\"@type\":\"PropertyValueSpecification\",\"valueRequired\":true,\"valueName\":\"search_term_string\"}}],\"inLanguage\":\"de-DE\"}]}<\/script>\n<!-- \/ Yoast SEO Premium plugin. -->","yoast_head_json":{"title":"Reisef\u00fchrer Porto | Terravision","description":"Reisef\u00fchrer Porto. Reisef\u00fchrer von Porto mit: Museen, Reisetipps und die besten Sehensw\u00fcrdigkeiten in Porto.","robots":{"index":"index","follow":"follow","max-snippet":"max-snippet:-1","max-image-preview":"max-image-preview:large","max-video-preview":"max-video-preview:-1"},"canonical":"https:\/\/www.terravision.eu\/tedesco\/reise_porto.html","og_locale":"de_DE","og_type":"article","og_title":"Reisef\u00fchrer Porto","og_description":"Reisef\u00fchrer Porto. Reisef\u00fchrer von Porto mit: Museen, Reisetipps und die besten Sehensw\u00fcrdigkeiten in Porto.","og_url":"https:\/\/www.terravision.eu\/tedesco\/reise_porto.html","og_site_name":"Terravision Deutschland","article_modified_time":"2020-03-09T09:16:25+00:00","twitter_misc":{"Gesch\u00e4tzte Lesezeit":"1 minute"},"schema":{"@context":"https:\/\/schema.org","@graph":[{"@type":"WebPage","@id":"https:\/\/www.terravision.eu\/tedesco\/reise_porto.html","url":"https:\/\/www.terravision.eu\/tedesco\/reise_porto.html","name":"Reisef\u00fchrer Porto | Terravision","isPartOf":{"@id":"https:\/\/www.terravision.eu\/tedesco\/#website"},"datePublished":"2012-08-14T15:38:05+00:00","dateModified":"2020-03-09T09:16:25+00:00","description":"Reisef\u00fchrer Porto. Reisef\u00fchrer von Porto mit: Museen, Reisetipps und die besten Sehensw\u00fcrdigkeiten in Porto.","breadcrumb":{"@id":"https:\/\/www.terravision.eu\/tedesco\/reise_porto.html#breadcrumb"},"inLanguage":"de-DE","potentialAction":[{"@type":"ReadAction","target":["https:\/\/www.terravision.eu\/tedesco\/reise_porto.html"]}]},{"@type":"BreadcrumbList","@id":"https:\/\/www.terravision.eu\/tedesco\/reise_porto.html#breadcrumb","itemListElement":[{"@type":"ListItem","position":1,"name":"Home","item":"https:\/\/www.terravision.eu\/tedesco\/"},{"@type":"ListItem","position":2,"name":"Reisef\u00fchrer Porto"}]},{"@type":"WebSite","@id":"https:\/\/www.terravision.eu\/tedesco\/#website","url":"https:\/\/www.terravision.eu\/tedesco\/","name":"Terravision Deutschland","description":"G\u00fcnstige Verbindungen von\/zu den wichtigsten Flugh\u00e4fen Europas","potentialAction":[{"@type":"SearchAction","target":{"@type":"EntryPoint","urlTemplate":"https:\/\/www.terravision.eu\/tedesco\/?s={search_term_string}"},"query-input":{"@type":"PropertyValueSpecification","valueRequired":true,"valueName":"search_term_string"}}],"inLanguage":"de-DE"}]}},"_links":{"self":[{"href":"https:\/\/www.terravision.eu\/tedesco\/wp-json\/wp\/v2\/pages\/252","targetHints":{"allow":["GET"]}}],"collection":[{"href":"https:\/\/www.terravision.eu\/tedesco\/wp-json\/wp\/v2\/pages"}],"about":[{"href":"https:\/\/www.terravision.eu\/tedesco\/wp-json\/wp\/v2\/types\/page"}],"author":[{"embeddable":true,"href":"https:\/\/www.terravision.eu\/tedesco\/wp-json\/wp\/v2\/users\/1"}],"replies":[{"embeddable":true,"href":"https:\/\/www.terravision.eu\/tedesco\/wp-json\/wp\/v2\/comments?post=252"}],"version-history":[{"count":1,"href":"https:\/\/www.terravision.eu\/tedesco\/wp-json\/wp\/v2\/pages\/252\/revisions"}],"predecessor-version":[{"id":12746,"href":"https:\/\/www.terravision.eu\/tedesco\/wp-json\/wp\/v2\/pages\/252\/revisions\/12746"}],"wp:attachment":[{"href":"https:\/\/www.terravision.eu\/tedesco\/wp-json\/wp\/v2\/media?parent=252"}],"curies":[{"name":"wp","href":"https:\/\/api.w.org\/{rel}","templated":true}]}}