{"id":257,"date":"2012-08-14T16:12:03","date_gmt":"2012-08-14T16:12:03","guid":{"rendered":"https:\/\/www.terravision.eu\/how-to-get-to-porto\/"},"modified":"2020-03-09T09:07:29","modified_gmt":"2020-03-09T09:07:29","slug":"zum_porto","status":"publish","type":"page","link":"https:\/\/www.terravision.eu\/tedesco\/zum_porto.html","title":{"rendered":"Porto anfahren"},"content":{"rendered":"<p><strong>Mit dem Flugzeug<\/strong><br \/>\nPorto ist mit ganz Europa und den Hauptst\u00e4dten der Welt verbunden, dank des internationalen <strong>Flughafens Francisco S\u00e1 Carneiro<\/strong> (OPO).<\/p>\n<p><strong>Mit dem Auto<\/strong><br \/>\nHauptautobahn von Porto:<br \/>\n&#8211; A1, nach Lissabon<br \/>\n&#8211; A3, nach Minho A4, nach Tr\u00e1s-os-Montes<br \/>\n&#8211; IC1\/A28, nach Valen\u00e7a (geb\u00fchrenfrei)<\/p>\n<p><strong>Mit dem Zug<\/strong><br \/>\nEs gibt zwei Hauptbahnh\u00f6fe in Porto:<br \/>\n&#8211; Esta\u00e7\u00e3o de Campanh\u00e3 verbindet internationale Zielorte, Lissabon, Douro<br \/>\n&#8211; Minho Esta\u00e7\u00e3o de S. Bento, Verbindungen mit Galizien, Douro, Minho, Aveiro und Coimbra<\/p>\n","protected":false},"excerpt":{"rendered":"<p>Mit dem Flugzeug Porto ist mit ganz Europa und den Hauptst\u00e4dten der Welt verbunden, dank des internationalen Flughafens Francisco S\u00e1 Carneiro (OPO). Mit dem Auto Hauptautobahn von Porto: &#8211; A1, nach Lissabon &#8211; A3, nach Minho A4, nach Tr\u00e1s-os-Montes &#8211; IC1\/A28, nach Valen\u00e7a (geb\u00fchrenfrei) Mit dem Zug Es gibt zwei Hauptbahnh\u00f6fe in Porto: &#8211; Esta\u00e7\u00e3o [&hellip;]<\/p>\n","protected":false},"author":1,"featured_media":0,"parent":0,"menu_order":0,"comment_status":"open","ping_status":"open","template":"","meta":{"footnotes":""},"class_list":["post-257","page","type-page","status-publish","hentry"],"yoast_head":"<!-- This site is optimized with the Yoast SEO Premium plugin v24.4 (Yoast SEO v24.4) - https:\/\/yoast.com\/wordpress\/plugins\/seo\/ -->\n<title>Porto anfahren | Terravision<\/title>\n<meta name=\"description\" content=\"Porto anfahren. Infos zum Porto mit dem Flug, mit dem Zug, mit dem Auto oder Bus anfahren; die g\u00fcnstigste und schnellste M\u00f6glichkeiten.\" \/>\n<meta name=\"robots\" content=\"index, follow, max-snippet:-1, max-image-preview:large, max-video-preview:-1\" \/>\n<link rel=\"canonical\" href=\"https:\/\/www.terravision.eu\/tedesco\/zum_porto.html\" \/>\n<meta property=\"og:locale\" content=\"de_DE\" \/>\n<meta property=\"og:type\" content=\"article\" \/>\n<meta property=\"og:title\" content=\"Porto anfahren\" \/>\n<meta property=\"og:description\" content=\"Porto anfahren. Infos zum Porto mit dem Flug, mit dem Zug, mit dem Auto oder Bus anfahren; die g\u00fcnstigste und schnellste M\u00f6glichkeiten.\" \/>\n<meta property=\"og:url\" content=\"https:\/\/www.terravision.eu\/tedesco\/zum_porto.html\" \/>\n<meta property=\"og:site_name\" content=\"Terravision Deutschland\" \/>\n<meta property=\"article:modified_time\" content=\"2020-03-09T09:07:29+00:00\" \/>\n<script type=\"application\/ld+json\" class=\"yoast-schema-graph\">{\"@context\":\"https:\/\/schema.org\",\"@graph\":[{\"@type\":\"WebPage\",\"@id\":\"https:\/\/www.terravision.eu\/tedesco\/zum_porto.html\",\"url\":\"https:\/\/www.terravision.eu\/tedesco\/zum_porto.html\",\"name\":\"Porto anfahren | Terravision\",\"isPartOf\":{\"@id\":\"https:\/\/www.terravision.eu\/tedesco\/#website\"},\"datePublished\":\"2012-08-14T16:12:03+00:00\",\"dateModified\":\"2020-03-09T09:07:29+00:00\",\"description\":\"Porto anfahren. Infos zum Porto mit dem Flug, mit dem Zug, mit dem Auto oder Bus anfahren; die g\u00fcnstigste und schnellste M\u00f6glichkeiten.\",\"breadcrumb\":{\"@id\":\"https:\/\/www.terravision.eu\/tedesco\/zum_porto.html#breadcrumb\"},\"inLanguage\":\"de-DE\",\"potentialAction\":[{\"@type\":\"ReadAction\",\"target\":[\"https:\/\/www.terravision.eu\/tedesco\/zum_porto.html\"]}]},{\"@type\":\"BreadcrumbList\",\"@id\":\"https:\/\/www.terravision.eu\/tedesco\/zum_porto.html#breadcrumb\",\"itemListElement\":[{\"@type\":\"ListItem\",\"position\":1,\"name\":\"Home\",\"item\":\"https:\/\/www.terravision.eu\/tedesco\/\"},{\"@type\":\"ListItem\",\"position\":2,\"name\":\"Porto anfahren\"}]},{\"@type\":\"WebSite\",\"@id\":\"https:\/\/www.terravision.eu\/tedesco\/#website\",\"url\":\"https:\/\/www.terravision.eu\/tedesco\/\",\"name\":\"Terravision Deutschland\",\"description\":\"G\u00fcnstige Verbindungen von\/zu den wichtigsten Flugh\u00e4fen Europas\",\"potentialAction\":[{\"@type\":\"SearchAction\",\"target\":{\"@type\":\"EntryPoint\",\"urlTemplate\":\"https:\/\/www.terravision.eu\/tedesco\/?s={search_term_string}\"},\"query-input\":{\"@type\":\"PropertyValueSpecification\",\"valueRequired\":true,\"valueName\":\"search_term_string\"}}],\"inLanguage\":\"de-DE\"}]}<\/script>\n<!-- \/ Yoast SEO Premium plugin. -->","yoast_head_json":{"title":"Porto anfahren | Terravision","description":"Porto anfahren. Infos zum Porto mit dem Flug, mit dem Zug, mit dem Auto oder Bus anfahren; die g\u00fcnstigste und schnellste M\u00f6glichkeiten.","robots":{"index":"index","follow":"follow","max-snippet":"max-snippet:-1","max-image-preview":"max-image-preview:large","max-video-preview":"max-video-preview:-1"},"canonical":"https:\/\/www.terravision.eu\/tedesco\/zum_porto.html","og_locale":"de_DE","og_type":"article","og_title":"Porto anfahren","og_description":"Porto anfahren. Infos zum Porto mit dem Flug, mit dem Zug, mit dem Auto oder Bus anfahren; die g\u00fcnstigste und schnellste M\u00f6glichkeiten.","og_url":"https:\/\/www.terravision.eu\/tedesco\/zum_porto.html","og_site_name":"Terravision Deutschland","article_modified_time":"2020-03-09T09:07:29+00:00","schema":{"@context":"https:\/\/schema.org","@graph":[{"@type":"WebPage","@id":"https:\/\/www.terravision.eu\/tedesco\/zum_porto.html","url":"https:\/\/www.terravision.eu\/tedesco\/zum_porto.html","name":"Porto anfahren | Terravision","isPartOf":{"@id":"https:\/\/www.terravision.eu\/tedesco\/#website"},"datePublished":"2012-08-14T16:12:03+00:00","dateModified":"2020-03-09T09:07:29+00:00","description":"Porto anfahren. Infos zum Porto mit dem Flug, mit dem Zug, mit dem Auto oder Bus anfahren; die g\u00fcnstigste und schnellste M\u00f6glichkeiten.","breadcrumb":{"@id":"https:\/\/www.terravision.eu\/tedesco\/zum_porto.html#breadcrumb"},"inLanguage":"de-DE","potentialAction":[{"@type":"ReadAction","target":["https:\/\/www.terravision.eu\/tedesco\/zum_porto.html"]}]},{"@type":"BreadcrumbList","@id":"https:\/\/www.terravision.eu\/tedesco\/zum_porto.html#breadcrumb","itemListElement":[{"@type":"ListItem","position":1,"name":"Home","item":"https:\/\/www.terravision.eu\/tedesco\/"},{"@type":"ListItem","position":2,"name":"Porto anfahren"}]},{"@type":"WebSite","@id":"https:\/\/www.terravision.eu\/tedesco\/#website","url":"https:\/\/www.terravision.eu\/tedesco\/","name":"Terravision Deutschland","description":"G\u00fcnstige Verbindungen von\/zu den wichtigsten Flugh\u00e4fen Europas","potentialAction":[{"@type":"SearchAction","target":{"@type":"EntryPoint","urlTemplate":"https:\/\/www.terravision.eu\/tedesco\/?s={search_term_string}"},"query-input":{"@type":"PropertyValueSpecification","valueRequired":true,"valueName":"search_term_string"}}],"inLanguage":"de-DE"}]}},"_links":{"self":[{"href":"https:\/\/www.terravision.eu\/tedesco\/wp-json\/wp\/v2\/pages\/257","targetHints":{"allow":["GET"]}}],"collection":[{"href":"https:\/\/www.terravision.eu\/tedesco\/wp-json\/wp\/v2\/pages"}],"about":[{"href":"https:\/\/www.terravision.eu\/tedesco\/wp-json\/wp\/v2\/types\/page"}],"author":[{"embeddable":true,"href":"https:\/\/www.terravision.eu\/tedesco\/wp-json\/wp\/v2\/users\/1"}],"replies":[{"embeddable":true,"href":"https:\/\/www.terravision.eu\/tedesco\/wp-json\/wp\/v2\/comments?post=257"}],"version-history":[{"count":1,"href":"https:\/\/www.terravision.eu\/tedesco\/wp-json\/wp\/v2\/pages\/257\/revisions"}],"predecessor-version":[{"id":12745,"href":"https:\/\/www.terravision.eu\/tedesco\/wp-json\/wp\/v2\/pages\/257\/revisions\/12745"}],"wp:attachment":[{"href":"https:\/\/www.terravision.eu\/tedesco\/wp-json\/wp\/v2\/media?parent=257"}],"curies":[{"name":"wp","href":"https:\/\/api.w.org\/{rel}","templated":true}]}}