{"id":285,"date":"2012-08-16T15:47:38","date_gmt":"2012-08-16T15:47:38","guid":{"rendered":"https:\/\/www.terravision.eu\/about-us-terravision\/"},"modified":"2025-04-24T12:51:30","modified_gmt":"2025-04-24T12:51:30","slug":"about","status":"publish","type":"page","link":"https:\/\/www.terravision.eu\/tedesco\/about.html","title":{"rendered":"\u00dcber uns &#8211; Terravision Transfer"},"content":{"rendered":"<div class=\"bg-tertiary p-trv-1\">\n<div class=\"container\">\n<div class=\"row pb-60\" style=\"height: 100%;\">\n<div class=\"col align-self-center pr-0 pl-m-0\">\n<div class=\"overflow-hidden\">\n<div class=\"separator-trv-n z-index-1 p-relative mb-10\"><\/div>\n<div class=\"d-flex\" style=\"gap: 23px; margin-bottom: 30px;\">\n<h3 class=\"h3-Barlow-36pt-3\" style=\"margin-bottom: 0;\">\u00dcber uns &#8211; Terravision Transfer<\/h3>\n<\/div>\n<p class=\"text-standard\"><strong>Terravision Transfer<\/strong> ist seit 2002 f\u00fchrend im Bereich des touristischen Verkehrs in Europa. Mit <strong>\u00fcber 70 Millionen<\/strong> bef\u00f6rderten Passagieren, mehr als <strong>50 Dienstleistungen<\/strong> in <strong>15 europ\u00e4ischen L\u00e4ndern<\/strong> und einer Website, die in \u00fcber 5 Sprachen verf\u00fcgbar ist, ist Terravision seit Jahren ein zuverl\u00e4ssiger Bezugspunkt f\u00fcr Reisende der wichtigsten europ\u00e4ischen Fluggesellschaften.<\/p>\n<p class=\"text-standard\">Neben den Flughafentransfers sind wir auch im Tourismussektor t\u00e4tig und <strong>bieten kosteng\u00fcnstige<\/strong> Parkl\u00f6sungen an Flugh\u00e4fen.<\/p>\n<p class=\"text-standard\">Unser Ziel ist es, <strong>komfortable, erschwingliche und preiswerte<\/strong> Transferdienste anzubieten, mit einer starken Pr\u00e4senz in ganz Europa.<\/p>\n<\/div>\n<\/div>\n<\/div>\n<p>&nbsp;<\/p>\n<div class=\"row gap-30 grid-3-1\">\n<div class=\"p-0 border-radius double-card p-relative\">\n<div class=\"row\" style=\"height: 100%;\">\n<div class=\"col align-self-end pl-30 pr-0 pl-m-0\">\n<div class=\"overflow-hidden\">\n<div class=\"d-flex justify-content-center align-items-center\" style=\"gap: 23px; margin-bottom: 30px; text-align: center;\">\n<h3 class=\"h3-Barlow-36pt-3 card-trv-3\" style=\"margin-bottom: 0;\">15<\/h3>\n<\/div>\n<h4 class=\"h5-Barlow-22pt-5\" style=\"text-align: center;\">europ\u00e4ische L\u00e4nder bedient<\/h4>\n<\/div>\n<\/div>\n<\/div>\n<\/div>\n<div class=\"p-0 border-radius double-card p-relative\">\n<div class=\"row\" style=\"height: 100%;\">\n<div class=\"col align-self-center pl-30 pr-0 pl-m-0\">\n<div class=\"overflow-hidden\">\n<div class=\"d-flex justify-content-center align-items-center\" style=\"gap: 23px; margin-bottom: 30px; text-align: center;\">\n<h3 class=\"h3-Barlow-36pt-3 card-trv-3\" style=\"margin-bottom: 0;\">50+<\/h3>\n<\/div>\n<h4 class=\"h5-Barlow-22pt-5\" style=\"text-align: center;\">Dienstleistungen<\/h4>\n<\/div>\n<\/div>\n<\/div>\n<\/div>\n<div class=\"p-0 border-radius double-card p-relative\">\n<div class=\"row\" style=\"height: 100%;\">\n<div class=\"col align-self-center pl-30 pr-0 pl-m-0\">\n<div class=\"overflow-hidden\">\n<div class=\"d-flex justify-content-center align-items-center\" style=\"gap: 23px; margin-bottom: 30px; text-align: center;\">\n<h3 class=\"h3-Barlow-36pt-3 card-trv-3\" style=\"margin-bottom: 0;\">70 Millionen<\/h3>\n<\/div>\n<h4 class=\"h5-Barlow-22pt-5\" style=\"text-align: center;\">bef\u00f6rderte Passagiere<\/h4>\n<\/div>\n<\/div>\n<\/div>\n<\/div>\n<\/div>\n<\/div>\n<\/div>\n","protected":false},"excerpt":{"rendered":"<p>\u00dcber uns &#8211; Terravision Transfer Terravision Transfer ist seit 2002 f\u00fchrend im Bereich des touristischen Verkehrs in Europa. Mit \u00fcber 70 Millionen bef\u00f6rderten Passagieren, mehr als 50 Dienstleistungen in 15 europ\u00e4ischen L\u00e4ndern und einer Website, die in \u00fcber 5 Sprachen verf\u00fcgbar ist, ist Terravision seit Jahren ein zuverl\u00e4ssiger Bezugspunkt f\u00fcr Reisende der wichtigsten europ\u00e4ischen Fluggesellschaften. [&hellip;]<\/p>\n","protected":false},"author":1,"featured_media":0,"parent":0,"menu_order":0,"comment_status":"open","ping_status":"open","template":"page-about.php","meta":{"footnotes":""},"class_list":["post-285","page","type-page","status-publish","hentry"],"yoast_head":"<!-- This site is optimized with the Yoast SEO Premium plugin v24.4 (Yoast SEO v24.4) - https:\/\/yoast.com\/wordpress\/plugins\/seo\/ -->\n<title>\u00dcber uns - Terravision Transfer | Terravision Deutschland<\/title>\n<meta name=\"robots\" content=\"index, follow, max-snippet:-1, max-image-preview:large, max-video-preview:-1\" \/>\n<link rel=\"canonical\" href=\"https:\/\/www.terravision.eu\/tedesco\/about.html\" \/>\n<meta property=\"og:locale\" content=\"de_DE\" \/>\n<meta property=\"og:type\" content=\"article\" \/>\n<meta property=\"og:title\" content=\"\u00dcber uns - Terravision Transfer\" \/>\n<meta property=\"og:description\" content=\"\u00dcber uns &#8211; Terravision Transfer Terravision Transfer ist seit 2002 f\u00fchrend im Bereich des touristischen Verkehrs in Europa. Mit \u00fcber 70 Millionen bef\u00f6rderten Passagieren, mehr als 50 Dienstleistungen in 15 europ\u00e4ischen L\u00e4ndern und einer Website, die in \u00fcber 5 Sprachen verf\u00fcgbar ist, ist Terravision seit Jahren ein zuverl\u00e4ssiger Bezugspunkt f\u00fcr Reisende der wichtigsten europ\u00e4ischen Fluggesellschaften. [&hellip;]\" \/>\n<meta property=\"og:url\" content=\"https:\/\/www.terravision.eu\/tedesco\/about.html\" \/>\n<meta property=\"og:site_name\" content=\"Terravision Deutschland\" \/>\n<meta property=\"article:modified_time\" content=\"2025-04-24T12:51:30+00:00\" \/>\n<meta name=\"twitter:label1\" content=\"Gesch\u00e4tzte Lesezeit\" \/>\n\t<meta name=\"twitter:data1\" content=\"1 minute\" \/>\n<script type=\"application\/ld+json\" class=\"yoast-schema-graph\">{\"@context\":\"https:\/\/schema.org\",\"@graph\":[{\"@type\":\"WebPage\",\"@id\":\"https:\/\/www.terravision.eu\/tedesco\/about.html\",\"url\":\"https:\/\/www.terravision.eu\/tedesco\/about.html\",\"name\":\"\u00dcber uns - Terravision Transfer | Terravision Deutschland\",\"isPartOf\":{\"@id\":\"https:\/\/www.terravision.eu\/tedesco\/#website\"},\"datePublished\":\"2012-08-16T15:47:38+00:00\",\"dateModified\":\"2025-04-24T12:51:30+00:00\",\"breadcrumb\":{\"@id\":\"https:\/\/www.terravision.eu\/tedesco\/about.html#breadcrumb\"},\"inLanguage\":\"de-DE\",\"potentialAction\":[{\"@type\":\"ReadAction\",\"target\":[\"https:\/\/www.terravision.eu\/tedesco\/about.html\"]}]},{\"@type\":\"BreadcrumbList\",\"@id\":\"https:\/\/www.terravision.eu\/tedesco\/about.html#breadcrumb\",\"itemListElement\":[{\"@type\":\"ListItem\",\"position\":1,\"name\":\"Home\",\"item\":\"https:\/\/www.terravision.eu\/tedesco\/\"},{\"@type\":\"ListItem\",\"position\":2,\"name\":\"\u00dcber uns &#8211; Terravision Transfer\"}]},{\"@type\":\"WebSite\",\"@id\":\"https:\/\/www.terravision.eu\/tedesco\/#website\",\"url\":\"https:\/\/www.terravision.eu\/tedesco\/\",\"name\":\"Terravision Deutschland\",\"description\":\"G\u00fcnstige Verbindungen von\/zu den wichtigsten Flugh\u00e4fen Europas\",\"potentialAction\":[{\"@type\":\"SearchAction\",\"target\":{\"@type\":\"EntryPoint\",\"urlTemplate\":\"https:\/\/www.terravision.eu\/tedesco\/?s={search_term_string}\"},\"query-input\":{\"@type\":\"PropertyValueSpecification\",\"valueRequired\":true,\"valueName\":\"search_term_string\"}}],\"inLanguage\":\"de-DE\"}]}<\/script>\n<!-- \/ Yoast SEO Premium plugin. -->","yoast_head_json":{"title":"\u00dcber uns - Terravision Transfer | Terravision Deutschland","robots":{"index":"index","follow":"follow","max-snippet":"max-snippet:-1","max-image-preview":"max-image-preview:large","max-video-preview":"max-video-preview:-1"},"canonical":"https:\/\/www.terravision.eu\/tedesco\/about.html","og_locale":"de_DE","og_type":"article","og_title":"\u00dcber uns - Terravision Transfer","og_description":"\u00dcber uns &#8211; Terravision Transfer Terravision Transfer ist seit 2002 f\u00fchrend im Bereich des touristischen Verkehrs in Europa. Mit \u00fcber 70 Millionen bef\u00f6rderten Passagieren, mehr als 50 Dienstleistungen in 15 europ\u00e4ischen L\u00e4ndern und einer Website, die in \u00fcber 5 Sprachen verf\u00fcgbar ist, ist Terravision seit Jahren ein zuverl\u00e4ssiger Bezugspunkt f\u00fcr Reisende der wichtigsten europ\u00e4ischen Fluggesellschaften. [&hellip;]","og_url":"https:\/\/www.terravision.eu\/tedesco\/about.html","og_site_name":"Terravision Deutschland","article_modified_time":"2025-04-24T12:51:30+00:00","twitter_misc":{"Gesch\u00e4tzte Lesezeit":"1 minute"},"schema":{"@context":"https:\/\/schema.org","@graph":[{"@type":"WebPage","@id":"https:\/\/www.terravision.eu\/tedesco\/about.html","url":"https:\/\/www.terravision.eu\/tedesco\/about.html","name":"\u00dcber uns - Terravision Transfer | Terravision Deutschland","isPartOf":{"@id":"https:\/\/www.terravision.eu\/tedesco\/#website"},"datePublished":"2012-08-16T15:47:38+00:00","dateModified":"2025-04-24T12:51:30+00:00","breadcrumb":{"@id":"https:\/\/www.terravision.eu\/tedesco\/about.html#breadcrumb"},"inLanguage":"de-DE","potentialAction":[{"@type":"ReadAction","target":["https:\/\/www.terravision.eu\/tedesco\/about.html"]}]},{"@type":"BreadcrumbList","@id":"https:\/\/www.terravision.eu\/tedesco\/about.html#breadcrumb","itemListElement":[{"@type":"ListItem","position":1,"name":"Home","item":"https:\/\/www.terravision.eu\/tedesco\/"},{"@type":"ListItem","position":2,"name":"\u00dcber uns &#8211; Terravision Transfer"}]},{"@type":"WebSite","@id":"https:\/\/www.terravision.eu\/tedesco\/#website","url":"https:\/\/www.terravision.eu\/tedesco\/","name":"Terravision Deutschland","description":"G\u00fcnstige Verbindungen von\/zu den wichtigsten Flugh\u00e4fen Europas","potentialAction":[{"@type":"SearchAction","target":{"@type":"EntryPoint","urlTemplate":"https:\/\/www.terravision.eu\/tedesco\/?s={search_term_string}"},"query-input":{"@type":"PropertyValueSpecification","valueRequired":true,"valueName":"search_term_string"}}],"inLanguage":"de-DE"}]}},"_links":{"self":[{"href":"https:\/\/www.terravision.eu\/tedesco\/wp-json\/wp\/v2\/pages\/285","targetHints":{"allow":["GET"]}}],"collection":[{"href":"https:\/\/www.terravision.eu\/tedesco\/wp-json\/wp\/v2\/pages"}],"about":[{"href":"https:\/\/www.terravision.eu\/tedesco\/wp-json\/wp\/v2\/types\/page"}],"author":[{"embeddable":true,"href":"https:\/\/www.terravision.eu\/tedesco\/wp-json\/wp\/v2\/users\/1"}],"replies":[{"embeddable":true,"href":"https:\/\/www.terravision.eu\/tedesco\/wp-json\/wp\/v2\/comments?post=285"}],"version-history":[{"count":18,"href":"https:\/\/www.terravision.eu\/tedesco\/wp-json\/wp\/v2\/pages\/285\/revisions"}],"predecessor-version":[{"id":20448,"href":"https:\/\/www.terravision.eu\/tedesco\/wp-json\/wp\/v2\/pages\/285\/revisions\/20448"}],"wp:attachment":[{"href":"https:\/\/www.terravision.eu\/tedesco\/wp-json\/wp\/v2\/media?parent=285"}],"curies":[{"name":"wp","href":"https:\/\/api.w.org\/{rel}","templated":true}]}}