{"id":286,"date":"2012-08-16T15:55:31","date_gmt":"2012-08-16T15:55:31","guid":{"rendered":"https:\/\/www.terravision.eu\/airport-services-terravision\/"},"modified":"2025-08-26T15:17:04","modified_gmt":"2025-08-26T15:17:04","slug":"flughafen_dienste","status":"publish","type":"page","link":"https:\/\/www.terravision.eu\/tedesco\/flughafen_dienste.html","title":{"rendered":"Flughafentransfers"},"content":{"rendered":"<h2>Flughafentransfers in ganz Europa.<\/h2>\n<p>Vermeiden Sie den Stress, der durch das Anstehen am Flughafen entsteht, indem Sie Ihren kosteng\u00fcnstigen Flughafentransfer im Voraus buchen. Wir bieten sowohl &#8220;Punkt-zu-Punkt&#8221; &#8211; als auch &#8220;T\u00fcr-zu-T\u00fcr&#8221; -Verbindungen zu den wichtigsten europ\u00e4ischen Drehkreuzen. Unser Flughafentransfer ist g\u00fcnstig, einfach zu buchen und wir erlauben \u00c4nderungen von Datum und Uhrzeit. Im Falle von Flugversp\u00e4tungen gestatten wir unseren Kunden, an Bord vorheriger \/ nachfolgender Fahrten zu sein, und bieten einen freundlichen und reaktionsschnellen Kundenservice.<\/p>\n","protected":false},"excerpt":{"rendered":"<p>Flughafentransfers in ganz Europa. Vermeiden Sie den Stress, der durch das Anstehen am Flughafen entsteht, indem Sie Ihren kosteng\u00fcnstigen Flughafentransfer im Voraus buchen. Wir bieten sowohl &#8220;Punkt-zu-Punkt&#8221; &#8211; als auch &#8220;T\u00fcr-zu-T\u00fcr&#8221; -Verbindungen zu den wichtigsten europ\u00e4ischen Drehkreuzen. Unser Flughafentransfer ist g\u00fcnstig, einfach zu buchen und wir erlauben \u00c4nderungen von Datum und Uhrzeit. Im Falle von [&hellip;]<\/p>\n","protected":false},"author":1,"featured_media":11463,"parent":0,"menu_order":0,"comment_status":"open","ping_status":"open","template":"page-airport_services.php","meta":{"footnotes":""},"class_list":["post-286","page","type-page","status-publish","has-post-thumbnail","hentry"],"yoast_head":"<!-- This site is optimized with the Yoast SEO Premium plugin v24.4 (Yoast SEO v24.4) - https:\/\/yoast.com\/wordpress\/plugins\/seo\/ -->\n<title>Von\/zu den wichtigsten Flugh\u00e4fen: Unsere Services entdecken<\/title>\n<meta name=\"description\" content=\"G\u00fcnstige Transfers von\/zu den wichtigsten europ\u00e4ischen Flugh\u00e4fen \u2708\ufe0f. \u00dcber 55 Ziele, niedrige Preise \ud83d\udcb0 , zuverl\u00e4ssiger Service!\" \/>\n<meta name=\"robots\" content=\"index, follow, max-snippet:-1, max-image-preview:large, max-video-preview:-1\" \/>\n<link rel=\"canonical\" href=\"https:\/\/www.terravision.eu\/tedesco\/flughafen_dienste.html\" \/>\n<meta property=\"og:locale\" content=\"de_DE\" \/>\n<meta property=\"og:type\" content=\"article\" \/>\n<meta property=\"og:title\" content=\"Flughafentransfers\" \/>\n<meta property=\"og:description\" content=\"G\u00fcnstige Transfers von\/zu den wichtigsten europ\u00e4ischen Flugh\u00e4fen \u2708\ufe0f. \u00dcber 55 Ziele, niedrige Preise \ud83d\udcb0 , zuverl\u00e4ssiger Service!\" \/>\n<meta property=\"og:url\" content=\"https:\/\/www.terravision.eu\/tedesco\/flughafen_dienste.html\" \/>\n<meta property=\"og:site_name\" content=\"Terravision Deutschland\" \/>\n<meta property=\"article:modified_time\" content=\"2025-08-26T15:17:04+00:00\" \/>\n<meta property=\"og:image\" content=\"https:\/\/www.terravision.eu\/tedesco\/files\/2012\/08\/transfer.jpg\" \/>\n\t<meta property=\"og:image:width\" content=\"2880\" \/>\n\t<meta property=\"og:image:height\" content=\"1620\" \/>\n\t<meta property=\"og:image:type\" content=\"image\/jpeg\" \/>\n<meta name=\"twitter:label1\" content=\"Gesch\u00e4tzte Lesezeit\" \/>\n\t<meta name=\"twitter:data1\" content=\"1 minute\" \/>\n<script type=\"application\/ld+json\" class=\"yoast-schema-graph\">{\"@context\":\"https:\/\/schema.org\",\"@graph\":[{\"@type\":\"WebPage\",\"@id\":\"https:\/\/www.terravision.eu\/tedesco\/flughafen_dienste.html\",\"url\":\"https:\/\/www.terravision.eu\/tedesco\/flughafen_dienste.html\",\"name\":\"Von\/zu den wichtigsten Flugh\u00e4fen: Unsere Services entdecken\",\"isPartOf\":{\"@id\":\"https:\/\/www.terravision.eu\/tedesco\/#website\"},\"primaryImageOfPage\":{\"@id\":\"https:\/\/www.terravision.eu\/tedesco\/flughafen_dienste.html#primaryimage\"},\"image\":{\"@id\":\"https:\/\/www.terravision.eu\/tedesco\/flughafen_dienste.html#primaryimage\"},\"thumbnailUrl\":\"https:\/\/www.terravision.eu\/tedesco\/files\/2012\/08\/transfer.jpg\",\"datePublished\":\"2012-08-16T15:55:31+00:00\",\"dateModified\":\"2025-08-26T15:17:04+00:00\",\"description\":\"G\u00fcnstige Transfers von\/zu den wichtigsten europ\u00e4ischen Flugh\u00e4fen \u2708\ufe0f. \u00dcber 55 Ziele, niedrige Preise \ud83d\udcb0 , zuverl\u00e4ssiger Service!\",\"breadcrumb\":{\"@id\":\"https:\/\/www.terravision.eu\/tedesco\/flughafen_dienste.html#breadcrumb\"},\"inLanguage\":\"de-DE\",\"potentialAction\":[{\"@type\":\"ReadAction\",\"target\":[\"https:\/\/www.terravision.eu\/tedesco\/flughafen_dienste.html\"]}]},{\"@type\":\"ImageObject\",\"inLanguage\":\"de-DE\",\"@id\":\"https:\/\/www.terravision.eu\/tedesco\/flughafen_dienste.html#primaryimage\",\"url\":\"https:\/\/www.terravision.eu\/tedesco\/files\/2012\/08\/transfer.jpg\",\"contentUrl\":\"https:\/\/www.terravision.eu\/tedesco\/files\/2012\/08\/transfer.jpg\",\"width\":2880,\"height\":1620},{\"@type\":\"BreadcrumbList\",\"@id\":\"https:\/\/www.terravision.eu\/tedesco\/flughafen_dienste.html#breadcrumb\",\"itemListElement\":[{\"@type\":\"ListItem\",\"position\":1,\"name\":\"Home\",\"item\":\"https:\/\/www.terravision.eu\/tedesco\/\"},{\"@type\":\"ListItem\",\"position\":2,\"name\":\"Flughafentransfers\"}]},{\"@type\":\"WebSite\",\"@id\":\"https:\/\/www.terravision.eu\/tedesco\/#website\",\"url\":\"https:\/\/www.terravision.eu\/tedesco\/\",\"name\":\"Terravision Deutschland\",\"description\":\"G\u00fcnstige Verbindungen von\/zu den wichtigsten Flugh\u00e4fen Europas\",\"potentialAction\":[{\"@type\":\"SearchAction\",\"target\":{\"@type\":\"EntryPoint\",\"urlTemplate\":\"https:\/\/www.terravision.eu\/tedesco\/?s={search_term_string}\"},\"query-input\":{\"@type\":\"PropertyValueSpecification\",\"valueRequired\":true,\"valueName\":\"search_term_string\"}}],\"inLanguage\":\"de-DE\"}]}<\/script>\n<!-- \/ Yoast SEO Premium plugin. -->","yoast_head_json":{"title":"Von\/zu den wichtigsten Flugh\u00e4fen: Unsere Services entdecken","description":"G\u00fcnstige Transfers von\/zu den wichtigsten europ\u00e4ischen Flugh\u00e4fen \u2708\ufe0f. \u00dcber 55 Ziele, niedrige Preise \ud83d\udcb0 , zuverl\u00e4ssiger Service!","robots":{"index":"index","follow":"follow","max-snippet":"max-snippet:-1","max-image-preview":"max-image-preview:large","max-video-preview":"max-video-preview:-1"},"canonical":"https:\/\/www.terravision.eu\/tedesco\/flughafen_dienste.html","og_locale":"de_DE","og_type":"article","og_title":"Flughafentransfers","og_description":"G\u00fcnstige Transfers von\/zu den wichtigsten europ\u00e4ischen Flugh\u00e4fen \u2708\ufe0f. \u00dcber 55 Ziele, niedrige Preise \ud83d\udcb0 , zuverl\u00e4ssiger Service!","og_url":"https:\/\/www.terravision.eu\/tedesco\/flughafen_dienste.html","og_site_name":"Terravision Deutschland","article_modified_time":"2025-08-26T15:17:04+00:00","og_image":[{"width":2880,"height":1620,"url":"https:\/\/www.terravision.eu\/tedesco\/files\/2012\/08\/transfer.jpg","type":"image\/jpeg"}],"twitter_misc":{"Gesch\u00e4tzte Lesezeit":"1 minute"},"schema":{"@context":"https:\/\/schema.org","@graph":[{"@type":"WebPage","@id":"https:\/\/www.terravision.eu\/tedesco\/flughafen_dienste.html","url":"https:\/\/www.terravision.eu\/tedesco\/flughafen_dienste.html","name":"Von\/zu den wichtigsten Flugh\u00e4fen: Unsere Services entdecken","isPartOf":{"@id":"https:\/\/www.terravision.eu\/tedesco\/#website"},"primaryImageOfPage":{"@id":"https:\/\/www.terravision.eu\/tedesco\/flughafen_dienste.html#primaryimage"},"image":{"@id":"https:\/\/www.terravision.eu\/tedesco\/flughafen_dienste.html#primaryimage"},"thumbnailUrl":"https:\/\/www.terravision.eu\/tedesco\/files\/2012\/08\/transfer.jpg","datePublished":"2012-08-16T15:55:31+00:00","dateModified":"2025-08-26T15:17:04+00:00","description":"G\u00fcnstige Transfers von\/zu den wichtigsten europ\u00e4ischen Flugh\u00e4fen \u2708\ufe0f. \u00dcber 55 Ziele, niedrige Preise \ud83d\udcb0 , zuverl\u00e4ssiger Service!","breadcrumb":{"@id":"https:\/\/www.terravision.eu\/tedesco\/flughafen_dienste.html#breadcrumb"},"inLanguage":"de-DE","potentialAction":[{"@type":"ReadAction","target":["https:\/\/www.terravision.eu\/tedesco\/flughafen_dienste.html"]}]},{"@type":"ImageObject","inLanguage":"de-DE","@id":"https:\/\/www.terravision.eu\/tedesco\/flughafen_dienste.html#primaryimage","url":"https:\/\/www.terravision.eu\/tedesco\/files\/2012\/08\/transfer.jpg","contentUrl":"https:\/\/www.terravision.eu\/tedesco\/files\/2012\/08\/transfer.jpg","width":2880,"height":1620},{"@type":"BreadcrumbList","@id":"https:\/\/www.terravision.eu\/tedesco\/flughafen_dienste.html#breadcrumb","itemListElement":[{"@type":"ListItem","position":1,"name":"Home","item":"https:\/\/www.terravision.eu\/tedesco\/"},{"@type":"ListItem","position":2,"name":"Flughafentransfers"}]},{"@type":"WebSite","@id":"https:\/\/www.terravision.eu\/tedesco\/#website","url":"https:\/\/www.terravision.eu\/tedesco\/","name":"Terravision Deutschland","description":"G\u00fcnstige Verbindungen von\/zu den wichtigsten Flugh\u00e4fen Europas","potentialAction":[{"@type":"SearchAction","target":{"@type":"EntryPoint","urlTemplate":"https:\/\/www.terravision.eu\/tedesco\/?s={search_term_string}"},"query-input":{"@type":"PropertyValueSpecification","valueRequired":true,"valueName":"search_term_string"}}],"inLanguage":"de-DE"}]}},"_links":{"self":[{"href":"https:\/\/www.terravision.eu\/tedesco\/wp-json\/wp\/v2\/pages\/286","targetHints":{"allow":["GET"]}}],"collection":[{"href":"https:\/\/www.terravision.eu\/tedesco\/wp-json\/wp\/v2\/pages"}],"about":[{"href":"https:\/\/www.terravision.eu\/tedesco\/wp-json\/wp\/v2\/types\/page"}],"author":[{"embeddable":true,"href":"https:\/\/www.terravision.eu\/tedesco\/wp-json\/wp\/v2\/users\/1"}],"replies":[{"embeddable":true,"href":"https:\/\/www.terravision.eu\/tedesco\/wp-json\/wp\/v2\/comments?post=286"}],"version-history":[{"count":6,"href":"https:\/\/www.terravision.eu\/tedesco\/wp-json\/wp\/v2\/pages\/286\/revisions"}],"predecessor-version":[{"id":13258,"href":"https:\/\/www.terravision.eu\/tedesco\/wp-json\/wp\/v2\/pages\/286\/revisions\/13258"}],"wp:featuredmedia":[{"embeddable":true,"href":"https:\/\/www.terravision.eu\/tedesco\/wp-json\/wp\/v2\/media\/11463"}],"wp:attachment":[{"href":"https:\/\/www.terravision.eu\/tedesco\/wp-json\/wp\/v2\/media?parent=286"}],"curies":[{"name":"wp","href":"https:\/\/api.w.org\/{rel}","templated":true}]}}