{"id":295,"date":"2012-08-16T16:32:49","date_gmt":"2012-08-16T16:32:49","guid":{"rendered":"https:\/\/www.terravision.eu\/franchising-terravision\/"},"modified":"2025-06-19T13:24:36","modified_gmt":"2025-06-19T13:24:36","slug":"franchising-2","status":"publish","type":"page","link":"https:\/\/www.terravision.eu\/tedesco\/franchising-2.html","title":{"rendered":"Franchising"},"content":{"rendered":"<p>Werden Sie Mitglied der Terravision Gruppe und entdecken Sie die Franchise-M\u00f6glichkeiten mit Terravision!<\/p>\n<p><strong>Terravision Franchising<\/strong><\/p>\n<p><strong>Terravision ist auf der Suche nach europ\u00e4ischen Partnern, die als Franchisenehmer Shuttlebusdienste vom Flughafen in die Stadtzentren in ganz Europa anbieten.<\/strong><\/p>\n<p>Eine Zusammenarbeit mit unserem Unternehmen bedeutet:<br \/>\n<strong>1)<\/strong> Schlie\u00dfen Sie sich einer Partnerstruktur der gro\u00dfen Billigfluggesellschaften an.<br \/>\n<strong>2)<\/strong> Online-Sichtbarkeit auf www.terravision.eu, das \u00fcber 800.000 monatliche Besucher hat.<br \/>\n<strong>3)<\/strong>\u00a0Profitieren Sie von einem effizienten Online-Verkaufsservice, der in ein Netz von Partnerschaften mit Branchen-Websites und Portalen in der ganzen Welt eingebunden ist.<br \/>\n<strong>4)<\/strong>\u00a0Genie\u00dfen Sie die Vorteile der Marke Terravision, die sich als Ma\u00dfstab f\u00fcr Flughafenverbindungen in Europa etabliert hat.<\/p>\n<p>Wenn Sie interessiert sind und weitere Informationen w\u00fcnschen, senden Sie bitte eine E-Mail an <a href=\"mailto:marketing@terravision.eu\">\u00a0marketing@terravision.eu.<\/a><\/p>\n<p>&nbsp;<\/p>\n<p style=\"text-align: left;\" align=\"center\">\n","protected":false},"excerpt":{"rendered":"<p>Werden Sie Mitglied der Terravision Gruppe und entdecken Sie die Franchise-M\u00f6glichkeiten mit Terravision! Terravision Franchising Terravision ist auf der Suche nach europ\u00e4ischen Partnern, die als Franchisenehmer Shuttlebusdienste vom Flughafen in die Stadtzentren in ganz Europa anbieten. Eine Zusammenarbeit mit unserem Unternehmen bedeutet: 1) Schlie\u00dfen Sie sich einer Partnerstruktur der gro\u00dfen Billigfluggesellschaften an. 2) Online-Sichtbarkeit auf [&hellip;]<\/p>\n","protected":false},"author":1,"featured_media":0,"parent":0,"menu_order":0,"comment_status":"open","ping_status":"open","template":"","meta":{"footnotes":""},"class_list":["post-295","page","type-page","status-publish","hentry"],"yoast_head":"<!-- This site is optimized with the Yoast SEO Premium plugin v24.4 (Yoast SEO v24.4) - https:\/\/yoast.com\/wordpress\/plugins\/seo\/ -->\n<title>Franchising | Terravision Deutschland<\/title>\n<meta name=\"robots\" content=\"index, follow, max-snippet:-1, max-image-preview:large, max-video-preview:-1\" \/>\n<link rel=\"canonical\" href=\"https:\/\/www.terravision.eu\/tedesco\/franchising-2.html\" \/>\n<meta property=\"og:locale\" content=\"de_DE\" \/>\n<meta property=\"og:type\" content=\"article\" \/>\n<meta property=\"og:title\" content=\"Franchising\" \/>\n<meta property=\"og:description\" content=\"Werden Sie Mitglied der Terravision Gruppe und entdecken Sie die Franchise-M\u00f6glichkeiten mit Terravision! Terravision Franchising Terravision ist auf der Suche nach europ\u00e4ischen Partnern, die als Franchisenehmer Shuttlebusdienste vom Flughafen in die Stadtzentren in ganz Europa anbieten. Eine Zusammenarbeit mit unserem Unternehmen bedeutet: 1) Schlie\u00dfen Sie sich einer Partnerstruktur der gro\u00dfen Billigfluggesellschaften an. 2) Online-Sichtbarkeit auf [&hellip;]\" \/>\n<meta property=\"og:url\" content=\"https:\/\/www.terravision.eu\/tedesco\/franchising-2.html\" \/>\n<meta property=\"og:site_name\" content=\"Terravision Deutschland\" \/>\n<meta property=\"article:modified_time\" content=\"2025-06-19T13:24:36+00:00\" \/>\n<meta name=\"twitter:label1\" content=\"Gesch\u00e4tzte Lesezeit\" \/>\n\t<meta name=\"twitter:data1\" content=\"1 minute\" \/>\n<script type=\"application\/ld+json\" class=\"yoast-schema-graph\">{\"@context\":\"https:\/\/schema.org\",\"@graph\":[{\"@type\":\"WebPage\",\"@id\":\"https:\/\/www.terravision.eu\/tedesco\/franchising-2.html\",\"url\":\"https:\/\/www.terravision.eu\/tedesco\/franchising-2.html\",\"name\":\"Franchising | Terravision Deutschland\",\"isPartOf\":{\"@id\":\"https:\/\/www.terravision.eu\/tedesco\/#website\"},\"datePublished\":\"2012-08-16T16:32:49+00:00\",\"dateModified\":\"2025-06-19T13:24:36+00:00\",\"breadcrumb\":{\"@id\":\"https:\/\/www.terravision.eu\/tedesco\/franchising-2.html#breadcrumb\"},\"inLanguage\":\"de-DE\",\"potentialAction\":[{\"@type\":\"ReadAction\",\"target\":[\"https:\/\/www.terravision.eu\/tedesco\/franchising-2.html\"]}]},{\"@type\":\"BreadcrumbList\",\"@id\":\"https:\/\/www.terravision.eu\/tedesco\/franchising-2.html#breadcrumb\",\"itemListElement\":[{\"@type\":\"ListItem\",\"position\":1,\"name\":\"Home\",\"item\":\"https:\/\/www.terravision.eu\/tedesco\/\"},{\"@type\":\"ListItem\",\"position\":2,\"name\":\"Franchising\"}]},{\"@type\":\"WebSite\",\"@id\":\"https:\/\/www.terravision.eu\/tedesco\/#website\",\"url\":\"https:\/\/www.terravision.eu\/tedesco\/\",\"name\":\"Terravision Deutschland\",\"description\":\"G\u00fcnstige Verbindungen von\/zu den wichtigsten Flugh\u00e4fen Europas\",\"potentialAction\":[{\"@type\":\"SearchAction\",\"target\":{\"@type\":\"EntryPoint\",\"urlTemplate\":\"https:\/\/www.terravision.eu\/tedesco\/?s={search_term_string}\"},\"query-input\":{\"@type\":\"PropertyValueSpecification\",\"valueRequired\":true,\"valueName\":\"search_term_string\"}}],\"inLanguage\":\"de-DE\"}]}<\/script>\n<!-- \/ Yoast SEO Premium plugin. -->","yoast_head_json":{"title":"Franchising | Terravision Deutschland","robots":{"index":"index","follow":"follow","max-snippet":"max-snippet:-1","max-image-preview":"max-image-preview:large","max-video-preview":"max-video-preview:-1"},"canonical":"https:\/\/www.terravision.eu\/tedesco\/franchising-2.html","og_locale":"de_DE","og_type":"article","og_title":"Franchising","og_description":"Werden Sie Mitglied der Terravision Gruppe und entdecken Sie die Franchise-M\u00f6glichkeiten mit Terravision! Terravision Franchising Terravision ist auf der Suche nach europ\u00e4ischen Partnern, die als Franchisenehmer Shuttlebusdienste vom Flughafen in die Stadtzentren in ganz Europa anbieten. Eine Zusammenarbeit mit unserem Unternehmen bedeutet: 1) Schlie\u00dfen Sie sich einer Partnerstruktur der gro\u00dfen Billigfluggesellschaften an. 2) Online-Sichtbarkeit auf [&hellip;]","og_url":"https:\/\/www.terravision.eu\/tedesco\/franchising-2.html","og_site_name":"Terravision Deutschland","article_modified_time":"2025-06-19T13:24:36+00:00","twitter_misc":{"Gesch\u00e4tzte Lesezeit":"1 minute"},"schema":{"@context":"https:\/\/schema.org","@graph":[{"@type":"WebPage","@id":"https:\/\/www.terravision.eu\/tedesco\/franchising-2.html","url":"https:\/\/www.terravision.eu\/tedesco\/franchising-2.html","name":"Franchising | Terravision Deutschland","isPartOf":{"@id":"https:\/\/www.terravision.eu\/tedesco\/#website"},"datePublished":"2012-08-16T16:32:49+00:00","dateModified":"2025-06-19T13:24:36+00:00","breadcrumb":{"@id":"https:\/\/www.terravision.eu\/tedesco\/franchising-2.html#breadcrumb"},"inLanguage":"de-DE","potentialAction":[{"@type":"ReadAction","target":["https:\/\/www.terravision.eu\/tedesco\/franchising-2.html"]}]},{"@type":"BreadcrumbList","@id":"https:\/\/www.terravision.eu\/tedesco\/franchising-2.html#breadcrumb","itemListElement":[{"@type":"ListItem","position":1,"name":"Home","item":"https:\/\/www.terravision.eu\/tedesco\/"},{"@type":"ListItem","position":2,"name":"Franchising"}]},{"@type":"WebSite","@id":"https:\/\/www.terravision.eu\/tedesco\/#website","url":"https:\/\/www.terravision.eu\/tedesco\/","name":"Terravision Deutschland","description":"G\u00fcnstige Verbindungen von\/zu den wichtigsten Flugh\u00e4fen Europas","potentialAction":[{"@type":"SearchAction","target":{"@type":"EntryPoint","urlTemplate":"https:\/\/www.terravision.eu\/tedesco\/?s={search_term_string}"},"query-input":{"@type":"PropertyValueSpecification","valueRequired":true,"valueName":"search_term_string"}}],"inLanguage":"de-DE"}]}},"_links":{"self":[{"href":"https:\/\/www.terravision.eu\/tedesco\/wp-json\/wp\/v2\/pages\/295","targetHints":{"allow":["GET"]}}],"collection":[{"href":"https:\/\/www.terravision.eu\/tedesco\/wp-json\/wp\/v2\/pages"}],"about":[{"href":"https:\/\/www.terravision.eu\/tedesco\/wp-json\/wp\/v2\/types\/page"}],"author":[{"embeddable":true,"href":"https:\/\/www.terravision.eu\/tedesco\/wp-json\/wp\/v2\/users\/1"}],"replies":[{"embeddable":true,"href":"https:\/\/www.terravision.eu\/tedesco\/wp-json\/wp\/v2\/comments?post=295"}],"version-history":[{"count":6,"href":"https:\/\/www.terravision.eu\/tedesco\/wp-json\/wp\/v2\/pages\/295\/revisions"}],"predecessor-version":[{"id":20425,"href":"https:\/\/www.terravision.eu\/tedesco\/wp-json\/wp\/v2\/pages\/295\/revisions\/20425"}],"wp:attachment":[{"href":"https:\/\/www.terravision.eu\/tedesco\/wp-json\/wp\/v2\/media?parent=295"}],"curies":[{"name":"wp","href":"https:\/\/api.w.org\/{rel}","templated":true}]}}