{"id":297,"date":"2017-08-16T16:38:48","date_gmt":"2017-08-16T16:38:48","guid":{"rendered":"https:\/\/www.terravision.eu\/group-transfers-terravision\/"},"modified":"2025-11-18T09:50:25","modified_gmt":"2025-11-18T09:50:25","slug":"group_transfer","status":"publish","type":"page","link":"https:\/\/www.terravision.eu\/tedesco\/group_transfer.html","title":{"rendered":"Transfer f\u00fcr Gruppen"},"content":{"rendered":"<p>&nbsp;<\/p>\n<div class=\"row\">\n<div class=\"col mb-30\">\n<div class=\"overflow-hidden\">\n<div class=\"separator-trv-n z-index-1 p-relative mb-10\"><\/div>\n<h3 class=\"h3-Barlow-36pt-3\" style=\"margin-bottom: 15px;\">Reisen Sie in einer Gruppe? Wir bieten einen ma\u00dfgeschneiderten Transfer f\u00fcr Sie!<\/h3>\n<p class=\"text-standard\">Wir bieten Ihnen die M\u00f6glichkeit, einen privaten, komfortablen und schnellen Transfer zu buchen, der Sie direkt zu Ihrem gew\u00fcnschten Zielort bringt. Wir verf\u00fcgen \u00fcber eine gro\u00dfe Auswahl an neuen und komfortablen Fahrzeugen, um Ihnen eine Reise mit maximalem Komfort und Sicherheit zu garantieren.<\/p>\n<\/div>\n<\/div>\n<\/div>\n<div class=\"row gap-30 grid-2-1\">\n<div class=\"p-0 border-radius double-card p-relative\">\n<div class=\"row\" style=\"height: 100%;\">\n<div class=\"col align-self-center pl-30 pr-0 pl-m-0\">\n<div class=\"overflow-hidden\">\n<div class=\"separator-trv-n z-index-1 p-relative mb-10\"><\/div>\n<div class=\"d-flex\" style=\"gap: 23px; margin-bottom: 30px;\">\n<h3 class=\"h3-Barlow-36pt-3\" style=\"margin-bottom: 0;\">Ihr Gruppentransfer<\/h3>\n<\/div>\n<p>Reisen Sie mit einer Gruppe von 5 oder mehr Personen? Buchen Sie Ihren Transfer zum Hotel bei uns. W\u00e4hlen Sie aus unseren beliebtesten Transfers:<\/p>\n<ul>\n<li>\n<h4>Flugh\u00e4fen Fiumicino\/Ciampino \u2013 Rom<\/h4>\n<\/li>\n<li>\n<h4>Flugh\u00e4fen Fiumicino\/Ciampino &#8211; Civitavecchia<\/h4>\n<\/li>\n<li>\n<h4>Flughafen Treviso \u2013 Ziel Ihrer Wahl<\/h4>\n<\/li>\n<li>\n<h4>Flughafen Venedig \u2013 Ziel Ihrer Wahl<\/h4>\n<\/li>\n<li>\n<h4>Flughafen Beauvais\/Charles De Gaulle\/Orly \u2013 Paris (Zielort nach Wahl)<\/h4>\n<\/li>\n<\/ul>\n<p>Um Ihre Anfrage einzureichen, f\u00fcllen Sie bitte das untenstehende Formular aus. Unsere Mitarbeiter werden Ihnen so schnell wie m\u00f6glich mit weiteren Informationen antworten!<\/p>\n<\/div>\n<\/div>\n<\/div>\n<\/div>\n<div class=\"p-0 border-radius double-card p-relative\">\n<div class=\"row\" style=\"height: 100%;\">\n<div class=\"col align-self-center pl-30 pr-0 pl-m-0\">\n<div class=\"overflow-hidden\">\n<div class=\"separator-trv-n z-index-1 p-relative mb-10\"><\/div>\n<div class=\"d-flex\" style=\"gap: 23px; margin-bottom: 30px;\">\n<h3 class=\"h3-Barlow-36pt-3\" style=\"margin-bottom: 0;\">Sonderw\u00fcnsche<\/h3>\n<\/div>\n<p class=\"text-standard\">Haben Sie besondere W\u00fcnsche f\u00fcr Ihren Transfer (ben\u00f6tigen Sie einen Bus mit Rampe, zus\u00e4tzlichen Platz f\u00fcr Gep\u00e4ck\/zus\u00e4tzliche Ausr\u00fcstung usw.)?<br \/>\nLassen Sie es uns im Abschnitt \u201eReiseziel\u201c wissen! F\u00fcr Notf\u00e4lle finden Sie uns auch auf unseren Social-Media-Kan\u00e4len Facebook und Instagram.<\/p>\n<ul>\n<li class=\"list-inline-item text-color-dark me-md-4 mb-0\"><a class=\"social-top\" href=\"https:\/\/www.facebook.com\/terravision.eu\" target=\"_blank\" rel=\"noopener\"><img decoding=\"async\" class=\"icon-facebook_white\" src=\"https:\/\/www.terravision.eu\/italiano\/files\/2025\/03\/icon-facebook_chi_siamo.png\" \/><\/a><\/li>\n<li class=\"list-inline-item text-color-dark me-md-4 mb-0\"><a class=\"social-top\" href=\"https:\/\/www.instagram.com\/terravision.eu\/\" target=\"_blank\" rel=\"noopener\"><img decoding=\"async\" class=\"icon-facebook_white\" src=\"https:\/\/www.terravision.eu\/italiano\/files\/2025\/03\/icon-instagram_chi_siamo.png\" \/><\/a><\/li>\n<\/ul>\n<\/div>\n<\/div>\n<\/div>\n<\/div>\n<\/div>\n","protected":false},"excerpt":{"rendered":"<p>&nbsp; Reisen Sie in einer Gruppe? Wir bieten einen ma\u00dfgeschneiderten Transfer f\u00fcr Sie! Wir bieten Ihnen die M\u00f6glichkeit, einen privaten, komfortablen und schnellen Transfer zu buchen, der Sie direkt zu Ihrem gew\u00fcnschten Zielort bringt. Wir verf\u00fcgen \u00fcber eine gro\u00dfe Auswahl an neuen und komfortablen Fahrzeugen, um Ihnen eine Reise mit maximalem Komfort und Sicherheit zu [&hellip;]<\/p>\n","protected":false},"author":1,"featured_media":12464,"parent":0,"menu_order":0,"comment_status":"open","ping_status":"closed","template":"","meta":{"footnotes":""},"class_list":["post-297","page","type-page","status-publish","has-post-thumbnail","hentry","cities-roma"],"yoast_head":"<!-- This site is optimized with the Yoast SEO Premium plugin v24.4 (Yoast SEO v24.4) - https:\/\/yoast.com\/wordpress\/plugins\/seo\/ -->\n<title>Transfer f\u00fcr Gruppen | Terravision<\/title>\n<meta name=\"description\" content=\"Gruppentransfer mit Bus oder Minivan von und bis zu die Flugh\u00e4fen Fiumicino oder Ciampino, zu der Hafen von Civitavecchia und Rom Stadtzentrum. Buche jetzt!\" \/>\n<meta name=\"robots\" content=\"index, follow, max-snippet:-1, max-image-preview:large, max-video-preview:-1\" \/>\n<link rel=\"canonical\" href=\"https:\/\/www.terravision.eu\/tedesco\/group_transfer.html\" \/>\n<meta property=\"og:locale\" content=\"de_DE\" \/>\n<meta property=\"og:type\" content=\"article\" \/>\n<meta property=\"og:title\" content=\"Transfer f\u00fcr Gruppen\" \/>\n<meta property=\"og:description\" content=\"Gruppentransfer mit Bus oder Minivan von und bis zu die Flugh\u00e4fen Fiumicino oder Ciampino, zu der Hafen von Civitavecchia und Rom Stadtzentrum. Buche jetzt!\" \/>\n<meta property=\"og:url\" content=\"https:\/\/www.terravision.eu\/tedesco\/group_transfer.html\" \/>\n<meta property=\"og:site_name\" content=\"Terravision Deutschland\" \/>\n<meta property=\"article:modified_time\" content=\"2025-11-18T09:50:25+00:00\" \/>\n<meta property=\"og:image\" content=\"https:\/\/www.terravision.eu\/tedesco\/files\/2012\/08\/gruppi.jpg\" \/>\n\t<meta property=\"og:image:width\" content=\"2880\" \/>\n\t<meta property=\"og:image:height\" content=\"1620\" \/>\n\t<meta property=\"og:image:type\" content=\"image\/jpeg\" \/>\n<meta name=\"twitter:label1\" content=\"Gesch\u00e4tzte Lesezeit\" \/>\n\t<meta name=\"twitter:data1\" content=\"2 minutes\" \/>\n<script type=\"application\/ld+json\" class=\"yoast-schema-graph\">{\"@context\":\"https:\/\/schema.org\",\"@graph\":[{\"@type\":\"WebPage\",\"@id\":\"https:\/\/www.terravision.eu\/tedesco\/group_transfer.html\",\"url\":\"https:\/\/www.terravision.eu\/tedesco\/group_transfer.html\",\"name\":\"Transfer f\u00fcr Gruppen | Terravision\",\"isPartOf\":{\"@id\":\"https:\/\/www.terravision.eu\/tedesco\/#website\"},\"primaryImageOfPage\":{\"@id\":\"https:\/\/www.terravision.eu\/tedesco\/group_transfer.html#primaryimage\"},\"image\":{\"@id\":\"https:\/\/www.terravision.eu\/tedesco\/group_transfer.html#primaryimage\"},\"thumbnailUrl\":\"https:\/\/www.terravision.eu\/tedesco\/files\/2012\/08\/gruppi.jpg\",\"datePublished\":\"2017-08-16T16:38:48+00:00\",\"dateModified\":\"2025-11-18T09:50:25+00:00\",\"description\":\"Gruppentransfer mit Bus oder Minivan von und bis zu die Flugh\u00e4fen Fiumicino oder Ciampino, zu der Hafen von Civitavecchia und Rom Stadtzentrum. Buche jetzt!\",\"breadcrumb\":{\"@id\":\"https:\/\/www.terravision.eu\/tedesco\/group_transfer.html#breadcrumb\"},\"inLanguage\":\"de-DE\",\"potentialAction\":[{\"@type\":\"ReadAction\",\"target\":[\"https:\/\/www.terravision.eu\/tedesco\/group_transfer.html\"]}]},{\"@type\":\"ImageObject\",\"inLanguage\":\"de-DE\",\"@id\":\"https:\/\/www.terravision.eu\/tedesco\/group_transfer.html#primaryimage\",\"url\":\"https:\/\/www.terravision.eu\/tedesco\/files\/2012\/08\/gruppi.jpg\",\"contentUrl\":\"https:\/\/www.terravision.eu\/tedesco\/files\/2012\/08\/gruppi.jpg\",\"width\":2880,\"height\":1620},{\"@type\":\"BreadcrumbList\",\"@id\":\"https:\/\/www.terravision.eu\/tedesco\/group_transfer.html#breadcrumb\",\"itemListElement\":[{\"@type\":\"ListItem\",\"position\":1,\"name\":\"Home\",\"item\":\"https:\/\/www.terravision.eu\/tedesco\/\"},{\"@type\":\"ListItem\",\"position\":2,\"name\":\"Transfer f\u00fcr Gruppen\"}]},{\"@type\":\"WebSite\",\"@id\":\"https:\/\/www.terravision.eu\/tedesco\/#website\",\"url\":\"https:\/\/www.terravision.eu\/tedesco\/\",\"name\":\"Terravision Deutschland\",\"description\":\"G\u00fcnstige Verbindungen von\/zu den wichtigsten Flugh\u00e4fen Europas\",\"potentialAction\":[{\"@type\":\"SearchAction\",\"target\":{\"@type\":\"EntryPoint\",\"urlTemplate\":\"https:\/\/www.terravision.eu\/tedesco\/?s={search_term_string}\"},\"query-input\":{\"@type\":\"PropertyValueSpecification\",\"valueRequired\":true,\"valueName\":\"search_term_string\"}}],\"inLanguage\":\"de-DE\"}]}<\/script>\n<!-- \/ Yoast SEO Premium plugin. -->","yoast_head_json":{"title":"Transfer f\u00fcr Gruppen | Terravision","description":"Gruppentransfer mit Bus oder Minivan von und bis zu die Flugh\u00e4fen Fiumicino oder Ciampino, zu der Hafen von Civitavecchia und Rom Stadtzentrum. Buche jetzt!","robots":{"index":"index","follow":"follow","max-snippet":"max-snippet:-1","max-image-preview":"max-image-preview:large","max-video-preview":"max-video-preview:-1"},"canonical":"https:\/\/www.terravision.eu\/tedesco\/group_transfer.html","og_locale":"de_DE","og_type":"article","og_title":"Transfer f\u00fcr Gruppen","og_description":"Gruppentransfer mit Bus oder Minivan von und bis zu die Flugh\u00e4fen Fiumicino oder Ciampino, zu der Hafen von Civitavecchia und Rom Stadtzentrum. Buche jetzt!","og_url":"https:\/\/www.terravision.eu\/tedesco\/group_transfer.html","og_site_name":"Terravision Deutschland","article_modified_time":"2025-11-18T09:50:25+00:00","og_image":[{"width":2880,"height":1620,"url":"https:\/\/www.terravision.eu\/tedesco\/files\/2012\/08\/gruppi.jpg","type":"image\/jpeg"}],"twitter_misc":{"Gesch\u00e4tzte Lesezeit":"2 minutes"},"schema":{"@context":"https:\/\/schema.org","@graph":[{"@type":"WebPage","@id":"https:\/\/www.terravision.eu\/tedesco\/group_transfer.html","url":"https:\/\/www.terravision.eu\/tedesco\/group_transfer.html","name":"Transfer f\u00fcr Gruppen | Terravision","isPartOf":{"@id":"https:\/\/www.terravision.eu\/tedesco\/#website"},"primaryImageOfPage":{"@id":"https:\/\/www.terravision.eu\/tedesco\/group_transfer.html#primaryimage"},"image":{"@id":"https:\/\/www.terravision.eu\/tedesco\/group_transfer.html#primaryimage"},"thumbnailUrl":"https:\/\/www.terravision.eu\/tedesco\/files\/2012\/08\/gruppi.jpg","datePublished":"2017-08-16T16:38:48+00:00","dateModified":"2025-11-18T09:50:25+00:00","description":"Gruppentransfer mit Bus oder Minivan von und bis zu die Flugh\u00e4fen Fiumicino oder Ciampino, zu der Hafen von Civitavecchia und Rom Stadtzentrum. Buche jetzt!","breadcrumb":{"@id":"https:\/\/www.terravision.eu\/tedesco\/group_transfer.html#breadcrumb"},"inLanguage":"de-DE","potentialAction":[{"@type":"ReadAction","target":["https:\/\/www.terravision.eu\/tedesco\/group_transfer.html"]}]},{"@type":"ImageObject","inLanguage":"de-DE","@id":"https:\/\/www.terravision.eu\/tedesco\/group_transfer.html#primaryimage","url":"https:\/\/www.terravision.eu\/tedesco\/files\/2012\/08\/gruppi.jpg","contentUrl":"https:\/\/www.terravision.eu\/tedesco\/files\/2012\/08\/gruppi.jpg","width":2880,"height":1620},{"@type":"BreadcrumbList","@id":"https:\/\/www.terravision.eu\/tedesco\/group_transfer.html#breadcrumb","itemListElement":[{"@type":"ListItem","position":1,"name":"Home","item":"https:\/\/www.terravision.eu\/tedesco\/"},{"@type":"ListItem","position":2,"name":"Transfer f\u00fcr Gruppen"}]},{"@type":"WebSite","@id":"https:\/\/www.terravision.eu\/tedesco\/#website","url":"https:\/\/www.terravision.eu\/tedesco\/","name":"Terravision Deutschland","description":"G\u00fcnstige Verbindungen von\/zu den wichtigsten Flugh\u00e4fen Europas","potentialAction":[{"@type":"SearchAction","target":{"@type":"EntryPoint","urlTemplate":"https:\/\/www.terravision.eu\/tedesco\/?s={search_term_string}"},"query-input":{"@type":"PropertyValueSpecification","valueRequired":true,"valueName":"search_term_string"}}],"inLanguage":"de-DE"}]}},"_links":{"self":[{"href":"https:\/\/www.terravision.eu\/tedesco\/wp-json\/wp\/v2\/pages\/297","targetHints":{"allow":["GET"]}}],"collection":[{"href":"https:\/\/www.terravision.eu\/tedesco\/wp-json\/wp\/v2\/pages"}],"about":[{"href":"https:\/\/www.terravision.eu\/tedesco\/wp-json\/wp\/v2\/types\/page"}],"author":[{"embeddable":true,"href":"https:\/\/www.terravision.eu\/tedesco\/wp-json\/wp\/v2\/users\/1"}],"replies":[{"embeddable":true,"href":"https:\/\/www.terravision.eu\/tedesco\/wp-json\/wp\/v2\/comments?post=297"}],"version-history":[{"count":16,"href":"https:\/\/www.terravision.eu\/tedesco\/wp-json\/wp\/v2\/pages\/297\/revisions"}],"predecessor-version":[{"id":20928,"href":"https:\/\/www.terravision.eu\/tedesco\/wp-json\/wp\/v2\/pages\/297\/revisions\/20928"}],"wp:featuredmedia":[{"embeddable":true,"href":"https:\/\/www.terravision.eu\/tedesco\/wp-json\/wp\/v2\/media\/12464"}],"wp:attachment":[{"href":"https:\/\/www.terravision.eu\/tedesco\/wp-json\/wp\/v2\/media?parent=297"}],"curies":[{"name":"wp","href":"https:\/\/api.w.org\/{rel}","templated":true}]}}